{"id":13948,"date":"2021-07-22T10:29:55","date_gmt":"2021-07-22T09:29:55","guid":{"rendered":"https:\/\/minesup.gov.cm\/?page_id=13948"},"modified":"2024-08-06T09:00:26","modified_gmt":"2024-08-06T08:00:26","slug":"inspection-generale-des-services-igs","status":"publish","type":"page","link":"https:\/\/www.minesup.gov.cm\/index.php\/inspection-generale-des-services-igs\/","title":{"rendered":"Inspection G\u00e9n\u00e9rale des Services (IGS)"},"content":{"rendered":"\n<figure class=\"wp-block-table\"><table><tbody><tr><td class=\"has-text-align-center\" data-align=\"center\"><img loading=\"lazy\" width=\"612\" height=\"718\" class=\"wp-image-14519\" style=\"width: 150px;\" src=\"http:\/\/www.minesup.gov.cm\/wp-content\/uploads\/2022\/04\/DAJ.jpeg\" alt=\"\" srcset=\"https:\/\/www.minesup.gov.cm\/wp-content\/uploads\/2022\/04\/DAJ.jpeg 612w, https:\/\/www.minesup.gov.cm\/wp-content\/uploads\/2022\/04\/DAJ-256x300.jpeg 256w\" sizes=\"(max-width: 612px) 100vw, 612px\" \/><br><strong>Pr <strong>ABANE ENGOLO Edgard\u00a0 Patrick<\/strong><br><\/strong><em>Inspecteur G\u00e9n\u00e9ral des Services<\/em><\/td><\/tr><\/tbody><\/table><\/figure>\n\n\n<p style=\"text-align: center;\"><strong>TITRE V : &#8211; DE L&rsquo;INSPECTION G\u00c9N\u00c9RALE DES SERVICES<\/strong><\/p>\n<p style=\"text-align: justify;\"><span style=\"text-decoration: underline;\">Article 5.<\/span>&#8211; Plac\u00e9e sous l&rsquo;autorit\u00e9 d&rsquo;un Inspecteur G\u00e9n\u00e9ral, l&rsquo;Inspection G\u00e9n\u00e9rale des Services est charg\u00e9e :<br>&#8211; du contr\u00f4le interne et de l&rsquo;\u00e9valuation du fonctionnement des services centraux, des institutions et des \u00e9tablissements universitaires, ainsi que des organismes, des projets et des programmes rattach\u00e9s ;<br>&#8211; de l&rsquo;\u00e9valuation des performances des services par rapport aux objectifs fix\u00e9s, en liaison avec le Secr\u00e9taire G\u00e9n\u00e9ral ;<br>&#8211; de l&rsquo;information du Ministre en mati\u00e8re de renforcement des capacit\u00e9s institutionnelles des services ;<br>&#8211; du suivi de la mise en \u0153uvre et de l&rsquo;\u00e9valuation r\u00e9guli\u00e8re de l&rsquo;application par les services du d\u00e9partement, des techniques d&rsquo;organisation et m\u00e9thodes, ainsi que de la simplification du travail administratif, en liaison avec les services comp\u00e9tents du Minist\u00e8re en charge de la Fonction Publique et de la R\u00e9forme Administrative ;<br>&#8211; de la mise en \u0153uvre de la strat\u00e9gie de lutte contre la corruption au sein du Minist\u00e8re, en liaison avec la Cellule Minist\u00e9rielle de Lutte contre la Corruption pour la promotion de l&rsquo;\u00e9thique dans l&rsquo;enseignement sup\u00e9rieur.<\/p>\n<p style=\"text-align: justify;\"><span style=\"text-decoration: underline;\">Article 6<\/span>.- <strong>(1)<\/strong> Dans l&rsquo;accomplissement de leurs missions de contr\u00f4le et d&rsquo;\u00e9valuation, l&rsquo;Inspecteur G\u00e9n\u00e9ral et les Inspecteurs ont acc\u00e8s \u00e0 tous les documents des services contr\u00f4l\u00e9s.<br>A ce titre, ils peuvent :<br>&#8211; demander par \u00e9crit des informations, explications ou documents aux responsables des services contr\u00f4l\u00e9s qui sont tenus de r\u00e9pondre dans les d\u00e9lais impartis ;<br>&#8211; disposer, \u00e0 titre ponctuel, du personnel n\u00e9cessaire relevant d&rsquo;autres services du Minist\u00e8re ;<br>&#8211; requ\u00e9rir la force publique, en cas de n\u00e9cessit\u00e9, apr\u00e8s avis conforme du Ministre et, conform\u00e9ment \u00e0 la loi, en vue de lui pr\u00eater assistance dans la constatation des dysfonctionnements et des atteintes \u00e0 la fortune publique.<br><strong>(2)<\/strong> Chaque mission d&rsquo;inspection ou de contr\u00f4le donne lieu \u00e0 la r\u00e9daction d\u2019un rapport adress\u00e9 au Ministre avec copie au Secr\u00e9taire G\u00e9n\u00e9ral. Le Ministre adresse copie du rapport au Ministre charg\u00e9 de la fonction publique et de la r\u00e9forme administrative et au Ministre charg\u00e9 du contr\u00f4le sup\u00e9rieur de l\u2019Etat. <br><strong>(3)<\/strong> Le Ministre adresse trimestriellement un rapport de contr\u00f4le, ainsi que le rapport annuel d&rsquo;activit\u00e9s de l&rsquo;Inspection G\u00e9n\u00e9rale des Services au Premier Ministre, Chef du Gouvernement. <br><strong>(4)<\/strong> L&rsquo;Inspection G\u00e9n\u00e9rale des Services comprend, outre l&rsquo;Inspecteur G\u00e9n\u00e9ral, trois (03) Inspecteurs des Services.<\/p>\n\n\n<figure class=\"wp-block-table\"><table class=\"has-fixed-layout\"><tbody><tr><td class=\"has-text-align-center\" data-align=\"center\"><img loading=\"lazy\" width=\"766\" height=\"1024\" class=\"wp-image-18822\" style=\"width: 150px;\" src=\"http:\/\/www.minesup.gov.cm\/wp-content\/uploads\/2024\/08\/WhatsApp-Image-2023-09-26-at-19.05.48.jpeg\" alt=\"\" srcset=\"https:\/\/www.minesup.gov.cm\/wp-content\/uploads\/2024\/08\/WhatsApp-Image-2023-09-26-at-19.05.48.jpeg 766w, https:\/\/www.minesup.gov.cm\/wp-content\/uploads\/2024\/08\/WhatsApp-Image-2023-09-26-at-19.05.48-224x300.jpeg 224w\" sizes=\"(max-width: 766px) 100vw, 766px\" \/><br><strong>Pr YANPELDA Virginie <\/strong> <br><em>Inspecteur des Services N\u00b01<\/em><\/td><td class=\"has-text-align-center\" data-align=\"center\"><br><strong>Pr VUKENKENG Andrew WUJUNG <\/strong><br><em>Inspecteur des Services N\u00b02<\/em><\/td><td class=\"has-text-align-center\" data-align=\"center\"><img loading=\"lazy\" width=\"625\" height=\"731\" class=\"wp-image-17757\" style=\"width: 150px;\" src=\"https:\/\/minesup.gov.cm\/wp-content\/uploads\/2023\/09\/WhatsApp-Image-2023-09-27-at-10.18.54-e1695807522165.jpeg\" alt=\"\" srcset=\"https:\/\/www.minesup.gov.cm\/wp-content\/uploads\/2023\/09\/WhatsApp-Image-2023-09-27-at-10.18.54-e1695807522165.jpeg 625w, https:\/\/www.minesup.gov.cm\/wp-content\/uploads\/2023\/09\/WhatsApp-Image-2023-09-27-at-10.18.54-e1695807522165-256x300.jpeg 256w\" sizes=\"(max-width: 625px) 100vw, 625px\" \/><br><br><strong>Mme AKAMBA Nna Lucie Patricia \u00e9pse EBANG MVE<\/strong><br><em>Inspecteur des Services N\u00b03<\/em><\/td><\/tr><\/tbody><\/table><\/figure>\n","protected":false},"excerpt":{"rendered":"<p>&#46;&#46;&#46;<\/p>\n","protected":false},"author":2,"featured_media":0,"parent":0,"menu_order":0,"comment_status":"closed","ping_status":"closed","template":"","meta":[],"_links":{"self":[{"href":"https:\/\/www.minesup.gov.cm\/index.php\/wp-json\/wp\/v2\/pages\/13948"}],"collection":[{"href":"https:\/\/www.minesup.gov.cm\/index.php\/wp-json\/wp\/v2\/pages"}],"about":[{"href":"https:\/\/www.minesup.gov.cm\/index.php\/wp-json\/wp\/v2\/types\/page"}],"author":[{"embeddable":true,"href":"https:\/\/www.minesup.gov.cm\/index.php\/wp-json\/wp\/v2\/users\/2"}],"replies":[{"embeddable":true,"href":"https:\/\/www.minesup.gov.cm\/index.php\/wp-json\/wp\/v2\/comments?post=13948"}],"version-history":[{"count":13,"href":"https:\/\/www.minesup.gov.cm\/index.php\/wp-json\/wp\/v2\/pages\/13948\/revisions"}],"predecessor-version":[{"id":18823,"href":"https:\/\/www.minesup.gov.cm\/index.php\/wp-json\/wp\/v2\/pages\/13948\/revisions\/18823"}],"wp:attachment":[{"href":"https:\/\/www.minesup.gov.cm\/index.php\/wp-json\/wp\/v2\/media?parent=13948"}],"curies":[{"name":"wp","href":"https:\/\/api.w.org\/{rel}","templated":true}]}}