{"id":13955,"date":"2021-07-22T11:22:19","date_gmt":"2021-07-22T10:22:19","guid":{"rendered":"https:\/\/minesup.gov.cm\/?page_id=13955"},"modified":"2022-04-23T12:10:34","modified_gmt":"2022-04-23T11:10:34","slug":"cv-du-ministre","status":"publish","type":"page","link":"https:\/\/www.minesup.gov.cm\/index.php\/cv-du-ministre\/","title":{"rendered":"Ministre d&rsquo;Etat"},"content":{"rendered":"<div id=\"attachment_13957\" style=\"width: 258px\" class=\"wp-caption alignleft\"><img aria-describedby=\"caption-attachment-13957\" loading=\"lazy\" class=\"wp-image-13957 \" src=\"https:\/\/minesup.gov.cm\/wp-content\/uploads\/2021\/07\/JFN-2020-300x225.jpg\" alt=\"Pr. Jacques FAME NDONGO\" width=\"248\" height=\"186\" srcset=\"https:\/\/www.minesup.gov.cm\/wp-content\/uploads\/2021\/07\/JFN-2020-300x225.jpg 300w, https:\/\/www.minesup.gov.cm\/wp-content\/uploads\/2021\/07\/JFN-2020-1024x768.jpg 1024w, https:\/\/www.minesup.gov.cm\/wp-content\/uploads\/2021\/07\/JFN-2020-768x576.jpg 768w, https:\/\/www.minesup.gov.cm\/wp-content\/uploads\/2021\/07\/JFN-2020.jpg 1080w\" sizes=\"(max-width: 248px) 100vw, 248px\" \/><p id=\"caption-attachment-13957\" class=\"wp-caption-text\">Pr. Jacques FAME NDONGO<\/p><\/div>\n<p style=\"text-align: justify;\">N\u00e9 le 14 novembre 1950 \u00e0 Nkolandom (pr\u00e8s d\u2019Ebolowa)<br \/>\nP\u00e8re : feu Alexis Ndongo Fame (fonctionnaire du minist\u00e8re de l\u2019agriculture)<br \/>\nM\u00e8re : feue Esther Mfoumou Ngbwa (ma\u00eetresse d\u2019\u00e9cole primaire, form\u00e9e \u00e0 Elat, cycle primaire et cours compl\u00e9mentaire)<\/p>\n<ul style=\"text-align: justify;\">\n<li><strong>\u00c9TABLISSEMENTS SCOLAIRES ET UNIVERSITAIRES<\/strong><\/li>\n<\/ul>\n<p style=\"text-align: justify;\"><strong>\u00c9tudes primaires<\/strong><br \/>\n\u2013 Ma\u2019amezam (\u00e9cole principale : 1955 -1956)<br \/>\n\u2013 Mfou (\u00e9cole principale : 1956 \u2013 1957)<br \/>\n\u2013 Yingui (\u00e9cole principale : 1957 \u2013 1959)<br \/>\n\u2013 Bipindi (\u00e9cole principale : 1959 \u2013 1960)<br \/>\n\u2013 Mvengue (\u00e9cole principale : 1960).<br \/>\n\u2013Lolodorf (\u00e9cole principale : 1960 \u2013 1961)<\/p>\n<p style=\"text-align: justify;\"><strong>\u00c9tudes secondaires<\/strong><br \/>\n\u2013 Coll\u00e8ge Vogt (1961 \u2013 1967).<br \/>\n\u2013 Coll\u00e8ge de la Retraite (1967 \u2013 1969).<\/p>\n<p style=\"text-align: justify;\"><strong>Dipl\u00f4mes<\/strong><br \/>\n-CEPE, juin 1961. Centre de Lolodorf<br \/>\n-BEPC, Juin 1965, Yaound\u00e9 (Cameroun)<br \/>\n-Probatoire A, Juin 1968, Major du Centre de Yaound\u00e9 (Cameroun)<br \/>\n&#8211; Bac philo-lettres (A4), Juin 1969, Major du Centre de Yaound\u00e9, Mention Bien, Yaound\u00e9 (Cameroun)<br \/>\n-Concours d\u2019entr\u00e9e dans les \u00e9coles fran\u00e7aises de journalisme, ao\u00fbt 1969, Major d\u2019Afrique, Paris (France)<br \/>\n-Dipl\u00f4me de l\u2019Ecole Sup\u00e9rieure de Journalisme de Lille, 1972, Mention Tr\u00e8s Bien, Universit\u00e9 Catholique de Lille (France)<br \/>\n-Licence \u00e8s lettres modernes d\u2019expression fran\u00e7aise, 1972, Major. Mention Bien, Universit\u00e9 de Yaound\u00e9 (Cameroun)<br \/>\n-D.E.S. (Ma\u00eetrise) \u00e8s lettres, 1973, Mention Tr\u00e8s Bien, Universit\u00e9 de Yaound\u00e9, Cameroun)<br \/>\n-DEA \u00e8s lettres, 1975, Mention Tr\u00e8s Bien, Universit\u00e9 de Lille III (France)<br \/>\n-Doctorat de 3\u00e8 cycle \u00e8s lettres et sciences humaines, 1978, Mention Tr\u00e8s Bien, Universit\u00e9 de Lille III (France)<br \/>\n-Doctorat d\u2019Etat \u00e8s lettres et sciences humaines (s\u00e9miologie), 12 f\u00e9vrier 1984 ; Mention Tr\u00e8s Honorable, Universit\u00e9 de Paris 7 Jussieu (France)<\/p>\n<ul style=\"text-align: justify;\">\n<li><strong>GRADES UNIVERSITAIRES<\/strong><\/li>\n<\/ul>\n<p style=\"text-align: justify;\">-Assistant \u00e0 l\u2019Universit\u00e9 de Yaound\u00e9 (Lettres et communication), 1978<br \/>\n-Charg\u00e9 de cours (Lettres modernes), 1980<br \/>\n-Ma\u00eetre de conf\u00e9rences (Lettres\/s\u00e9miologie), 1988<br \/>\n-Professeur titulaire des universit\u00e9s camerounaises (Lettres\/s\u00e9miologie), 1992<\/p>\n<ul style=\"text-align: justify;\">\n<li><strong>CARRI\u00c8RE ADMINISTRATIVE<\/strong><\/li>\n<\/ul>\n<p style=\"text-align: justify;\">-R\u00e9dacteur en chef de l\u2019Effort camerounais (juillet \u2013 septembre 1972)<br \/>\n&#8211; Chef de la rubrique nationale \u00e0 l\u2019agence camerounaise de presse. Yaound\u00e9. 1972 \u20131974<br \/>\n-R\u00e9dacteur en chef ex\u00e9cutif de Cameroon Tribune, 1974 \u2013 1978<br \/>\n-Directeur de l\u2019Ecole Sup\u00e9rieure des Sciences et Techniques de l\u2019Information et de la -Communication (ESIJY, ESSTI puis ESSTIC), du 23 juillet 1981 au 9 mars 1993.<br \/>\n-Charg\u00e9 de mission (responsable de la communication du Pr\u00e9sident Paul BIYA) au Cabinet Civil, cumulativement avec ses fonctions de Directeur de l\u2019ESSTI, puis ESSTIC, du 31 juillet 1984 au 30 octobre 1998.<br \/>\n-Recteur de l\u2019Universit\u00e9 de Yaound\u00e9 1, du 30 octobre 1998 au 18 mars 2000<br \/>\n-Ministre de la Communication, du 18 mars 2000 au 08 d\u00e9cembre 2004<br \/>\n-Ministre de l\u2019Enseignement Sup\u00e9rieur, du 08 d\u00e9cembre 2004 au 4 janvier 2019<br \/>\n-Ministre d\u2019Etat, Ministre de l\u2019Enseignement sup\u00e9rieur depuis le 4 janvier 2019.<br \/>\n-PCA du Centre Hospitalier et Universitaire de Yaound\u00e9, depuis le 23 mai 1999<br \/>\n-PCA de la Cameroon Radio and Television, de Mars 2000 \u00e0 mai 2005<br \/>\n-Chef du d\u00e9partement de la communication africaine \u00e0 l\u2019ESSTIC, d\u2019octobre 1993 \u00e0 novembre 2005.<\/p>\n<ul style=\"text-align: justify;\">\n<li><strong>FONCTIONS TRADITIONNELLES<\/strong><\/li>\n<\/ul>\n<p style=\"text-align: justify;\">-Chef traditionnel de 3\u00e8 degr\u00e9 de Nkolandom depuis 1999<\/p>\n<ul style=\"text-align: justify;\">\n<li><strong>FONCTIONS POLITIQUES<\/strong><\/li>\n<\/ul>\n<p style=\"text-align: justify;\">-Secr\u00e9taire \u00e0 la communication au Comit\u00e9 Central du Rassemblement D\u00e9mocratique du Peuple Camerounais (RDPC) depuis le 4 avril 2007<br \/>\n-Membre titulaire du Comit\u00e9 Central du RDPC (depuis 1996)<br \/>\n-Membre du Bureau Politique du RDPC (depuis le 17 septembre 2011)<br \/>\n-Chef de la d\u00e9l\u00e9gation permanente r\u00e9gionale du Comit\u00e9 Central du RDPC depuis 2017<\/p>\n<ul style=\"text-align: justify;\">\n<li><strong>DISTINCTIONS HONORIFIQUES<\/strong><\/li>\n<\/ul>\n<p style=\"text-align: justify;\">-Chevalier de l\u2019ordre du m\u00e9rite (1977)<br \/>\n-Chevalier de l\u2019ordre de la valeur (1996)<br \/>\n-Officier de l\u2019ordre de la valeur (2009)<br \/>\n-Commandeur de l\u2019ordre de la valeur : 15 mai 2019<br \/>\n-Commandeur des Palmes Acad\u00e9miques (CAMES)<br \/>\n-Officier des Palmes Acad\u00e9miques (Organisation Internationale de la Francophonie)<br \/>\n-De nombreuses distinctions honorifiques \u00e9trang\u00e8res.<\/p>\n","protected":false},"excerpt":{"rendered":"<p>&#46;&#46;&#46;<\/p>\n","protected":false},"author":2,"featured_media":0,"parent":0,"menu_order":0,"comment_status":"closed","ping_status":"closed","template":"","meta":[],"_links":{"self":[{"href":"https:\/\/www.minesup.gov.cm\/index.php\/wp-json\/wp\/v2\/pages\/13955"}],"collection":[{"href":"https:\/\/www.minesup.gov.cm\/index.php\/wp-json\/wp\/v2\/pages"}],"about":[{"href":"https:\/\/www.minesup.gov.cm\/index.php\/wp-json\/wp\/v2\/types\/page"}],"author":[{"embeddable":true,"href":"https:\/\/www.minesup.gov.cm\/index.php\/wp-json\/wp\/v2\/users\/2"}],"replies":[{"embeddable":true,"href":"https:\/\/www.minesup.gov.cm\/index.php\/wp-json\/wp\/v2\/comments?post=13955"}],"version-history":[{"count":0,"href":"https:\/\/www.minesup.gov.cm\/index.php\/wp-json\/wp\/v2\/pages\/13955\/revisions"}],"wp:attachment":[{"href":"https:\/\/www.minesup.gov.cm\/index.php\/wp-json\/wp\/v2\/media?parent=13955"}],"curies":[{"name":"wp","href":"https:\/\/api.w.org\/{rel}","templated":true}]}}