{"id":13999,"date":"2021-07-23T13:28:23","date_gmt":"2021-07-23T12:28:23","guid":{"rendered":"https:\/\/minesup.gov.cm\/?page_id=13999"},"modified":"2024-08-05T10:39:50","modified_gmt":"2024-08-05T09:39:50","slug":"division-des-affaires-juridiques","status":"publish","type":"page","link":"https:\/\/www.minesup.gov.cm\/index.php\/secretariat-general\/division-des-affaires-juridiques\/","title":{"rendered":"Division des Affaires Juridiques (DAJ)"},"content":{"rendered":"\n<div class=\"wp-block-image aligncenter size-large is-resized\"><figure class=\"aligncenter size-large is-resized\"><img src=\"https:\/\/minesup.gov.cm\/wp-content\/uploads\/2023\/07\/DAJ-1-edited-scaled.jpg\" alt=\"\" class=\"wp-image-16890\" width=\"219\" srcset=\"https:\/\/www.minesup.gov.cm\/wp-content\/uploads\/2023\/07\/DAJ-1-edited-scaled.jpg 2558w, https:\/\/www.minesup.gov.cm\/wp-content\/uploads\/2023\/07\/DAJ-1-edited-300x300.jpg 300w, https:\/\/www.minesup.gov.cm\/wp-content\/uploads\/2023\/07\/DAJ-1-edited-1024x1024.jpg 1024w, https:\/\/www.minesup.gov.cm\/wp-content\/uploads\/2023\/07\/DAJ-1-edited-150x150.jpg 150w, https:\/\/www.minesup.gov.cm\/wp-content\/uploads\/2023\/07\/DAJ-1-edited-768x769.jpg 768w, https:\/\/www.minesup.gov.cm\/wp-content\/uploads\/2023\/07\/DAJ-1-edited-1536x1536.jpg 1536w, https:\/\/www.minesup.gov.cm\/wp-content\/uploads\/2023\/07\/DAJ-1-edited-80x80.jpg 80w, https:\/\/www.minesup.gov.cm\/wp-content\/uploads\/2023\/07\/DAJ-1-edited-320x320.jpg 320w\" sizes=\"(max-width: 2558px) 100vw, 2558px\" \/><figcaption><strong>Pr NGOLUMA MALONGUE Th\u00e9r\u00e8se Epse ATANGANA AMOUGOU<\/strong><br>Chef de Division<\/figcaption><\/figure><\/div>\n\n\n<p style=\"text-align: justify;\"><span style=\"text-decoration: underline;\">Article 12.<\/span>&#8211; <strong>(1)<\/strong> Plac\u00e9e sous l&rsquo;autorit\u00e9 d&rsquo;un Chef de Division, la Division des. Affaires Juridiques est charg\u00e9e : <br>&#8211; du respect de la l\u00e9galit\u00e9 et de la r\u00e9gularit\u00e9 juridique des actes engageant le Minist\u00e8re ; <br>&#8211; des avis juridiques sur les questions relevant du Minist\u00e8re ; <br>&#8211; de l&rsquo;instruction des recours administratifs et contentieux, en liaison avec les directions techniques ; <br>&#8211; de l&rsquo;\u00e9tude et du traitement des aspects contentieux des contrats ; <br>&#8211; de la d\u00e9fense des int\u00e9r\u00eats de l&rsquo;Etat en justice chaque fois que le Minist\u00e8re est impliqu\u00e9 dans une affaire, en liaison avec le Minist\u00e8re de la Justice ; <br>&#8211; de la pr\u00e9paration et de la mise en forme des projets de textes \u00e0 caract\u00e8re l\u00e9gislatif et r\u00e9glementaire initi\u00e9s par le Minist\u00e8re ou soumis \u00e0 la signature du Ministre ; <br>&#8211; de la codification des textes l\u00e9gislatifs, r\u00e9glementaires et conventionnels relatifs aux activit\u00e9s du Minist\u00e8re ; <br>&#8211; de la promotion et de la vulgarisation de la culture juridique au sein du Minist\u00e8re ; <br>&#8211; de l&rsquo;\u00e9tude, de la mise en forme des conventions et accords conclus avec les partenaires \u00e9trangers, les organisations internationales et les personnes morales de droit public ou priv\u00e9, en relation avec le Minist\u00e8re en charge des relations ext\u00e9rieures ; <br>&#8211; du suivi du contentieux relatif au fonctionnement des institutions publiques d&rsquo;enseignement sup\u00e9rieur ; <br>&#8211; du suivi des dispositions juridiques et mesures concernant les brevets d&rsquo;invention et de la protection de la propri\u00e9t\u00e9 intellectuelle, en liaison avec les administrations concern\u00e9es; <br>&#8211; de l&rsquo;\u00e9tude et de l&rsquo;instruction des requ\u00eates int\u00e9ressant le Minist\u00e8re en mati\u00e8re de lutte contre la corruption en liaison avec les structures et Administrations concern\u00e9es. <br><strong>(2)<\/strong> Elle comprend : <br>&#8211; la Cellule de la R\u00e9glementation ; <br>&#8211; la Cellule du Contentieux.<\/p>\n<p style=\"text-align: justify;\"><strong>Paragraphe 1 &#8211; De la Cellule de la R\u00e9glementation<\/strong> <br><span style=\"text-decoration: underline;\">Article 13<\/span>.- <strong>(1)<\/strong> Plac\u00e9e sous l&rsquo;autorit\u00e9 d&rsquo;un Chef de Cellule, la Cellule de la R\u00e9glementation est charg\u00e9e : <br>&#8211; du respect de la l\u00e9galit\u00e9 et de la r\u00e9gularit\u00e9 juridique des actes engageant le Minist\u00e8re; <br>&#8211; des \u00e9tudes et avis juridiques sur les questions int\u00e9ressant le Minist\u00e8re; <br>&#8211; de la pr\u00e9paration et de la mise en forme des projets de textes \u00e0 caract\u00e8re l\u00e9gislatif et r\u00e9glementaire initi\u00e9s par le Minist\u00e8re ou soumis \u00e0 la signature du Ministre; <br>&#8211; de la codification des textes l\u00e9gislatifs, r\u00e9glementaires et conventionnels du Minist\u00e8re; <br>&#8211; de l&rsquo;\u00e9tude, de la mise en forme des conventions et accords conclus entre le Minist\u00e8re et les partenaires \u00e9trangers, les organisations internationales et les personnes morales de droit public ou priv\u00e9; <br>&#8211; de l&rsquo;\u00e9laboration des supports de promotion et de vulgarisation de la culture juridique au sein du Minist\u00e8re. <br><strong>(2)<\/strong> Elle comprend, outre le Chef de Cellule, deux (02) Charg\u00e9s d&rsquo;Etudes Assistants.<\/p>\n<p style=\"text-align: justify;\"><strong>Paragraphe 2 &#8211; De la Cellule du Contentieux<\/strong> <br><span style=\"text-decoration: underline;\">Article 14.<\/span>&#8211; <strong>(1)<\/strong> Plac\u00e9e sous l&rsquo;autorit\u00e9 d&rsquo;un Chef de Cellule, la Cellule du Contentieux est charg\u00e9e: <br>&#8211; de l&rsquo;instruction des recours administratifs et contentieux; <br>&#8211; de l&rsquo;\u00e9tude et du traitement des aspects contentieux des contrats; <br>&#8211; de la d\u00e9fense des int\u00e9r\u00eats de l&rsquo;Etat en justice chaque fois que le Minist\u00e8re est impliqu\u00e9; <br>&#8211; de l&rsquo;\u00e9tude et de l&rsquo;instruction des requ\u00eates en mati\u00e8re de lutte contre la corruption pour la promotion de 5 <br>&#8211; de l&rsquo;\u00e9tude et des avis sur le fonctionnement du contentieux dans les Universit\u00e9s d&rsquo;Etat. <br><strong>(2)<\/strong> Elle comprend outre le Chef de Cellule, deux (02) Charg\u00e9s d&rsquo;Etudes Assistants.<\/p>\n\n\n<figure class=\"wp-block-table\"><table class=\"has-fixed-layout\"><tbody><tr><td class=\"has-text-align-center\" data-align=\"center\"><br><img loading=\"lazy\" width=\"809\" height=\"1080\" class=\"wp-image-17738\" style=\"width: 150px;\" src=\"https:\/\/minesup.gov.cm\/wp-content\/uploads\/2023\/09\/WhatsApp-Image-2023-09-26-at-16.34.56.jpeg\" alt=\"\" srcset=\"https:\/\/www.minesup.gov.cm\/wp-content\/uploads\/2023\/09\/WhatsApp-Image-2023-09-26-at-16.34.56.jpeg 809w, https:\/\/www.minesup.gov.cm\/wp-content\/uploads\/2023\/09\/WhatsApp-Image-2023-09-26-at-16.34.56-225x300.jpeg 225w, https:\/\/www.minesup.gov.cm\/wp-content\/uploads\/2023\/09\/WhatsApp-Image-2023-09-26-at-16.34.56-767x1024.jpeg 767w, https:\/\/www.minesup.gov.cm\/wp-content\/uploads\/2023\/09\/WhatsApp-Image-2023-09-26-at-16.34.56-768x1025.jpeg 768w\" sizes=\"(max-width: 809px) 100vw, 809px\" \/><br><strong>Dr Jean Marcel ESSI BIDJA<\/strong><br>Chef de Cellule de la R\u00e9glementation<\/td><td class=\"has-text-align-center\" data-align=\"center\"><img loading=\"lazy\" width=\"790\" height=\"1080\" class=\"wp-image-17709\" style=\"width: 150px;\" src=\"https:\/\/minesup.gov.cm\/wp-content\/uploads\/2023\/09\/WhatsApp-Image-2023-09-26-at-14.48.48.jpeg\" alt=\"\" srcset=\"https:\/\/www.minesup.gov.cm\/wp-content\/uploads\/2023\/09\/WhatsApp-Image-2023-09-26-at-14.48.48.jpeg 790w, https:\/\/www.minesup.gov.cm\/wp-content\/uploads\/2023\/09\/WhatsApp-Image-2023-09-26-at-14.48.48-219x300.jpeg 219w, https:\/\/www.minesup.gov.cm\/wp-content\/uploads\/2023\/09\/WhatsApp-Image-2023-09-26-at-14.48.48-749x1024.jpeg 749w, https:\/\/www.minesup.gov.cm\/wp-content\/uploads\/2023\/09\/WhatsApp-Image-2023-09-26-at-14.48.48-768x1050.jpeg 768w\" sizes=\"(max-width: 790px) 100vw, 790px\" \/><br><strong>Dr St\u00e9phanie NGO MBEM Epse KONEBA<\/strong><br>Chef de Cellule du Contentieux<\/td><\/tr><\/tbody><\/table><\/figure>\n","protected":false},"excerpt":{"rendered":"<p>&#46;&#46;&#46;<\/p>\n","protected":false},"author":2,"featured_media":0,"parent":13986,"menu_order":0,"comment_status":"closed","ping_status":"closed","template":"","meta":[],"_links":{"self":[{"href":"https:\/\/www.minesup.gov.cm\/index.php\/wp-json\/wp\/v2\/pages\/13999"}],"collection":[{"href":"https:\/\/www.minesup.gov.cm\/index.php\/wp-json\/wp\/v2\/pages"}],"about":[{"href":"https:\/\/www.minesup.gov.cm\/index.php\/wp-json\/wp\/v2\/types\/page"}],"author":[{"embeddable":true,"href":"https:\/\/www.minesup.gov.cm\/index.php\/wp-json\/wp\/v2\/users\/2"}],"replies":[{"embeddable":true,"href":"https:\/\/www.minesup.gov.cm\/index.php\/wp-json\/wp\/v2\/comments?post=13999"}],"version-history":[{"count":10,"href":"https:\/\/www.minesup.gov.cm\/index.php\/wp-json\/wp\/v2\/pages\/13999\/revisions"}],"predecessor-version":[{"id":18793,"href":"https:\/\/www.minesup.gov.cm\/index.php\/wp-json\/wp\/v2\/pages\/13999\/revisions\/18793"}],"up":[{"embeddable":true,"href":"https:\/\/www.minesup.gov.cm\/index.php\/wp-json\/wp\/v2\/pages\/13986"}],"wp:attachment":[{"href":"https:\/\/www.minesup.gov.cm\/index.php\/wp-json\/wp\/v2\/media?parent=13999"}],"curies":[{"name":"wp","href":"https:\/\/api.w.org\/{rel}","templated":true}]}}