{"id":14230,"date":"2022-04-23T12:12:39","date_gmt":"2022-04-23T11:12:39","guid":{"rendered":"https:\/\/minesup.gov.cm\/?page_id=14230"},"modified":"2022-04-25T15:51:53","modified_gmt":"2022-04-25T14:51:53","slug":"cellule-du-suivi-cs","status":"publish","type":"page","link":"https:\/\/www.minesup.gov.cm\/index.php\/secretariat-general\/cellule-du-suivi-cs\/","title":{"rendered":"Cellule du Suivi (CELSU)"},"content":{"rendered":"\n<div class=\"wp-block-image is-style-rounded\"><figure class=\"aligncenter size-large is-resized\"><img loading=\"lazy\" src=\"https:\/\/minesup.gov.cm\/wp-content\/uploads\/2022\/04\/Ngue-CELSUI-scaled-e1650897302230-890x1024.jpg\" alt=\"\" class=\"wp-image-14377\" width=\"210\" height=\"241\" srcset=\"https:\/\/www.minesup.gov.cm\/wp-content\/uploads\/2022\/04\/Ngue-CELSUI-scaled-e1650897302230-890x1024.jpg 890w, https:\/\/www.minesup.gov.cm\/wp-content\/uploads\/2022\/04\/Ngue-CELSUI-scaled-e1650897302230-261x300.jpg 261w, https:\/\/www.minesup.gov.cm\/wp-content\/uploads\/2022\/04\/Ngue-CELSUI-scaled-e1650897302230-768x883.jpg 768w, https:\/\/www.minesup.gov.cm\/wp-content\/uploads\/2022\/04\/Ngue-CELSUI-scaled-e1650897302230-1336x1536.jpg 1336w, https:\/\/www.minesup.gov.cm\/wp-content\/uploads\/2022\/04\/Ngue-CELSUI-scaled-e1650897302230.jpg 1580w\" sizes=\"(max-width: 210px) 100vw, 210px\" \/><figcaption><strong>NGUE NGUE Paul Henri<\/strong>, <em>Chef de Cellule<\/em><\/figcaption><\/figure><\/div>\n\n\n<p style=\"text-align: center;\"><span style=\"color: #000080;\"><strong>Section 3 &#8211; De la Cellule de Suivi <\/strong><\/span><\/p>\n<p style=\"text-align: justify;\">Article 18.- (1) Plac\u00e9e sous l\u2019autorit\u00e9 d\u2019un Chef de Cellule, la Cellule de Suivi est charg\u00e9e :<br \/>&#8211; du suivi des activit\u00e9s des services du Minist\u00e8re ;<br \/>&#8211; de la pr\u00e9paration des r\u00e9unions de coordination, de la r\u00e9daction des rapports, ainsi que du suivi de la mise en \u0153uvre des recommandations ;<br \/>&#8211; de la synth\u00e8se des programmes d\u2019actions, des notes de conjoncture et des rapports d\u2019activit\u00e9s des services du Minist\u00e8re ;<br \/>&#8211; du secr\u00e9tariat des r\u00e9unions de coordination et de Cabinet.<br \/>(2) Elle m\u00e8ne en outre, toute autre mission que lui confie le Secr\u00e9taire G\u00e9n\u00e9ral.<br \/>(3) Elle comprend, outre le Chef de Cellule, trois (03) Charg\u00e9s d\u2019Etudes Assistants.<\/p>","protected":false},"excerpt":{"rendered":"<p>&#46;&#46;&#46;<\/p>\n","protected":false},"author":2,"featured_media":0,"parent":13986,"menu_order":0,"comment_status":"closed","ping_status":"closed","template":"","meta":[],"_links":{"self":[{"href":"https:\/\/www.minesup.gov.cm\/index.php\/wp-json\/wp\/v2\/pages\/14230"}],"collection":[{"href":"https:\/\/www.minesup.gov.cm\/index.php\/wp-json\/wp\/v2\/pages"}],"about":[{"href":"https:\/\/www.minesup.gov.cm\/index.php\/wp-json\/wp\/v2\/types\/page"}],"author":[{"embeddable":true,"href":"https:\/\/www.minesup.gov.cm\/index.php\/wp-json\/wp\/v2\/users\/2"}],"replies":[{"embeddable":true,"href":"https:\/\/www.minesup.gov.cm\/index.php\/wp-json\/wp\/v2\/comments?post=14230"}],"version-history":[{"count":0,"href":"https:\/\/www.minesup.gov.cm\/index.php\/wp-json\/wp\/v2\/pages\/14230\/revisions"}],"up":[{"embeddable":true,"href":"https:\/\/www.minesup.gov.cm\/index.php\/wp-json\/wp\/v2\/pages\/13986"}],"wp:attachment":[{"href":"https:\/\/www.minesup.gov.cm\/index.php\/wp-json\/wp\/v2\/media?parent=14230"}],"curies":[{"name":"wp","href":"https:\/\/api.w.org\/{rel}","templated":true}]}}