{"id":14231,"date":"2022-04-23T12:13:03","date_gmt":"2022-04-23T11:13:03","guid":{"rendered":"https:\/\/minesup.gov.cm\/?page_id=14231"},"modified":"2025-03-03T17:51:32","modified_gmt":"2025-03-03T16:51:32","slug":"cellule-de-la-communication-celcom","status":"publish","type":"page","link":"https:\/\/www.minesup.gov.cm\/index.php\/secretariat-general\/cellule-de-la-communication-celcom\/","title":{"rendered":"Cellule de la Communication (CELCOM)"},"content":{"rendered":"\n<figure class=\"wp-block-table aligncenter\"><table><tbody><tr><td class=\"has-text-align-center\" data-align=\"center\"><img loading=\"lazy\" width=\"612\" height=\"612\" class=\"wp-image-19494\" style=\"width: 150px;\" src=\"https:\/\/www.minesup.gov.cm\/wp-content\/uploads\/2025\/03\/WhatsApp-Image-2025-03-03-at-17.50.03.jpeg\" alt=\"\" srcset=\"https:\/\/www.minesup.gov.cm\/wp-content\/uploads\/2025\/03\/WhatsApp-Image-2025-03-03-at-17.50.03.jpeg 612w, https:\/\/www.minesup.gov.cm\/wp-content\/uploads\/2025\/03\/WhatsApp-Image-2025-03-03-at-17.50.03-300x300.jpeg 300w, https:\/\/www.minesup.gov.cm\/wp-content\/uploads\/2025\/03\/WhatsApp-Image-2025-03-03-at-17.50.03-150x150.jpeg 150w, https:\/\/www.minesup.gov.cm\/wp-content\/uploads\/2025\/03\/WhatsApp-Image-2025-03-03-at-17.50.03-80x80.jpeg 80w, https:\/\/www.minesup.gov.cm\/wp-content\/uploads\/2025\/03\/WhatsApp-Image-2025-03-03-at-17.50.03-320x320.jpeg 320w\" sizes=\"(max-width: 612px) 100vw, 612px\" \/><br><strong>NYA NOUATCHA Gerard Willy<\/strong><br><em>Chef de Cellule<\/em><\/td><\/tr><\/tbody><\/table><\/figure>\n\n\n<p style=\"text-align: center;\"><span style=\"color: #000080;\"><strong>Section 4 &#8211; De la Cellule de Communication <\/strong><\/span><\/p>\n<p style=\"text-align: justify;\">Article 19.- (1) Plac\u00e9e sous l&rsquo;autorit\u00e9 d&rsquo;un Chef de Cellule, la Cellule de communication est charg\u00e9e:<br>&#8211; de la promotion permanente de l&rsquo;image du Minist\u00e8re;<br>&#8211; de la mise en \u0153uvre de la strat\u00e9gie de communication gouvernementale au sein du Minist\u00e8re;<br>&#8211; de la r\u00e9daction et de la publication du bulletin d&rsquo;information et de toute autre publication int\u00e9ressant le Minist\u00e8re ;<br>&#8211; de la r\u00e9daction et de la publication du bulletin d&rsquo;information et de toute autre publication int\u00e9ressant le Minist\u00e8re ;<br>&#8211; de la r\u00e9alisation des \u00e9missions sp\u00e9cialis\u00e9es du Minist\u00e8re dans les m\u00e9dias; de l&rsquo;organisation des conf\u00e9rences de presse et autres actions de communication du Ministre;<br>&#8211; du protocole et de l&rsquo;organisation des c\u00e9r\u00e9monies auxquelles participe le Ministre;<br>&#8211; de l&rsquo;exploitation des articles concernant le Minist\u00e8re publi\u00e9s dans la presse nationale et internationale;<br>&#8211; de la collecte, de l&rsquo;analyse et de la conservation de la documentation journalistique et audiovisuelle du Minist\u00e8re.<br>(2) Elle comprend, outre le Chef de Cellule, deux (02) Charg\u00e9s d&rsquo;Etudes Assistants<\/p>","protected":false},"excerpt":{"rendered":"<p>&#46;&#46;&#46;<\/p>\n","protected":false},"author":2,"featured_media":0,"parent":13986,"menu_order":0,"comment_status":"closed","ping_status":"closed","template":"","meta":[],"_links":{"self":[{"href":"https:\/\/www.minesup.gov.cm\/index.php\/wp-json\/wp\/v2\/pages\/14231"}],"collection":[{"href":"https:\/\/www.minesup.gov.cm\/index.php\/wp-json\/wp\/v2\/pages"}],"about":[{"href":"https:\/\/www.minesup.gov.cm\/index.php\/wp-json\/wp\/v2\/types\/page"}],"author":[{"embeddable":true,"href":"https:\/\/www.minesup.gov.cm\/index.php\/wp-json\/wp\/v2\/users\/2"}],"replies":[{"embeddable":true,"href":"https:\/\/www.minesup.gov.cm\/index.php\/wp-json\/wp\/v2\/comments?post=14231"}],"version-history":[{"count":3,"href":"https:\/\/www.minesup.gov.cm\/index.php\/wp-json\/wp\/v2\/pages\/14231\/revisions"}],"predecessor-version":[{"id":19495,"href":"https:\/\/www.minesup.gov.cm\/index.php\/wp-json\/wp\/v2\/pages\/14231\/revisions\/19495"}],"up":[{"embeddable":true,"href":"https:\/\/www.minesup.gov.cm\/index.php\/wp-json\/wp\/v2\/pages\/13986"}],"wp:attachment":[{"href":"https:\/\/www.minesup.gov.cm\/index.php\/wp-json\/wp\/v2\/media?parent=14231"}],"curies":[{"name":"wp","href":"https:\/\/api.w.org\/{rel}","templated":true}]}}