{"id":14232,"date":"2022-04-23T12:13:34","date_gmt":"2022-04-23T11:13:34","guid":{"rendered":"https:\/\/minesup.gov.cm\/?page_id=14232"},"modified":"2022-04-25T16:15:17","modified_gmt":"2022-04-25T15:15:17","slug":"cellule-de-ta-traduction-celtrad","status":"publish","type":"page","link":"https:\/\/www.minesup.gov.cm\/index.php\/secretariat-general\/cellule-de-ta-traduction-celtrad\/","title":{"rendered":"Cellule de ta Traduction (CELTRAD)"},"content":{"rendered":"\n<div class=\"wp-block-image is-style-rounded\"><figure class=\"aligncenter size-full is-resized\"><img loading=\"lazy\" src=\"https:\/\/minesup.gov.cm\/wp-content\/uploads\/2022\/04\/CELTRAD.jpg\" alt=\"\" class=\"wp-image-14544\" width=\"190\" height=\"199\" srcset=\"https:\/\/www.minesup.gov.cm\/wp-content\/uploads\/2022\/04\/CELTRAD.jpg 768w, https:\/\/www.minesup.gov.cm\/wp-content\/uploads\/2022\/04\/CELTRAD-287x300.jpg 287w\" sizes=\"(max-width: 190px) 100vw, 190px\" \/><figcaption><strong>M. GONONDO NDOUMAI Marcel<\/strong>, <em>Chef de Cellule<\/em><\/figcaption><\/figure><\/div>\n\n\n<p style=\"text-align: center;\"><span style=\"color: #000080;\"><strong>Section 5 &#8211; De la Cellule de Traduction <\/strong><\/span><\/p>\n<p style=\"text-align: justify;\">Article 20.- (1) Plac\u00e9e sous l&rsquo;autorit\u00e9 d&rsquo;un Chef de Cellule, la Cellule de Traduction est charg\u00e9e:<br>\n&#8211; de la traduction courante des documents ;<br>\n&#8211; du contr\u00f4le de la qualit\u00e9 de la traduction ;<br>\n&#8211; de la constitution et la mise \u00e0 disposition d&rsquo;une banque de donn\u00e9es terminologiques relatives \u00e0 l&rsquo;enseignement sup\u00e9rieur.<br>\n(2) Elle comprend, outre le Chef de Cellule, quatre (04) Charg\u00e9s d&rsquo;Etudes Assistants, charg\u00e9s respectivement de la traduction en langue fran\u00e7aise et de la traduction en langue anglaise.<\/p>","protected":false},"excerpt":{"rendered":"<p>&#46;&#46;&#46;<\/p>\n","protected":false},"author":2,"featured_media":0,"parent":13986,"menu_order":0,"comment_status":"closed","ping_status":"closed","template":"","meta":[],"_links":{"self":[{"href":"https:\/\/www.minesup.gov.cm\/index.php\/wp-json\/wp\/v2\/pages\/14232"}],"collection":[{"href":"https:\/\/www.minesup.gov.cm\/index.php\/wp-json\/wp\/v2\/pages"}],"about":[{"href":"https:\/\/www.minesup.gov.cm\/index.php\/wp-json\/wp\/v2\/types\/page"}],"author":[{"embeddable":true,"href":"https:\/\/www.minesup.gov.cm\/index.php\/wp-json\/wp\/v2\/users\/2"}],"replies":[{"embeddable":true,"href":"https:\/\/www.minesup.gov.cm\/index.php\/wp-json\/wp\/v2\/comments?post=14232"}],"version-history":[{"count":0,"href":"https:\/\/www.minesup.gov.cm\/index.php\/wp-json\/wp\/v2\/pages\/14232\/revisions"}],"up":[{"embeddable":true,"href":"https:\/\/www.minesup.gov.cm\/index.php\/wp-json\/wp\/v2\/pages\/13986"}],"wp:attachment":[{"href":"https:\/\/www.minesup.gov.cm\/index.php\/wp-json\/wp\/v2\/media?parent=14232"}],"curies":[{"name":"wp","href":"https:\/\/api.w.org\/{rel}","templated":true}]}}