{"id":14233,"date":"2022-04-23T12:13:56","date_gmt":"2022-04-23T11:13:56","guid":{"rendered":"https:\/\/minesup.gov.cm\/?page_id=14233"},"modified":"2023-10-16T15:37:22","modified_gmt":"2023-10-16T14:37:22","slug":"sous-direction-de-laccueil-du-courrier-et-de-liaison-sdacl","status":"publish","type":"page","link":"https:\/\/www.minesup.gov.cm\/index.php\/secretariat-general\/sous-direction-de-laccueil-du-courrier-et-de-liaison-sdacl\/","title":{"rendered":"Sous-Direction de l\u2019Accueil, du Courrier et de Liaison (SDACL)"},"content":{"rendered":"<p style=\"text-align: center;\"><img loading=\"lazy\" class=\"alignnone  wp-image-17992\" src=\"https:\/\/minesup.gov.cm\/wp-content\/uploads\/2023\/10\/WhatsApp-Image-2023-10-13-at-17.24.52-e1697466965988-277x300.jpeg\" alt=\"\" width=\"167\" height=\"181\" srcset=\"https:\/\/www.minesup.gov.cm\/wp-content\/uploads\/2023\/10\/WhatsApp-Image-2023-10-13-at-17.24.52-e1697466965988-277x300.jpeg 277w, https:\/\/www.minesup.gov.cm\/wp-content\/uploads\/2023\/10\/WhatsApp-Image-2023-10-13-at-17.24.52-e1697466965988.jpeg 739w\" sizes=\"(max-width: 167px) 100vw, 167px\" \/> <br \/><strong>M. NSOA Jean C\u00e9dric<\/strong><\/p>\n<p style=\"text-align: center;\"><span style=\"color: #000080;\"><strong>Section 6 &#8211; De la Sous-Direction de l&rsquo;Accueil, du Courrier et de Liaison<\/strong><\/span><\/p>\n<p>Article 21.- (1) Plac\u00e9e sous l&rsquo;autorit\u00e9 d&rsquo;un Sous &#8211; Directeur, la Sous &#8211; Direction de l&rsquo;Accueil, du Courrier et de Liaison est charg\u00e9e:<br \/>&#8211; de l&rsquo;accueil, de l&rsquo;information et de l&rsquo;orientation des usagers;<br \/>de la r\u00e9ception, du traitement et de la ventilation du courrier;<br \/>&#8211; de la reproduction, de la notification et de la ventilation des actes individuels ;<br \/>&#8211; du classement et de la conservation des actes sign\u00e9s;<br \/>&#8211; de la publication et de la ventilation des actes r\u00e9glementaires, ainsi que de tout autre document de service;<br \/>&#8211; de la relance des services pour le traitement des dossiers.<br \/>(2) Elle comprend:<br \/>&#8211; le Service de l&rsquo;Accueil et de l&rsquo;Orientation des Usagers ;<br \/>&#8211; le Service du Courrier et de Liaison;<br \/>&#8211; le Service de la Relance.<br \/>Article 22.- (1) Plac\u00e9 sous l&rsquo;autorit\u00e9 d&rsquo;un Chef de Service, le Service de l&rsquo;Accueil et de l&rsquo;Orientation des Usagers est charg\u00e9:<br \/>&#8211; de l&rsquo;accueil, de l&rsquo;information et de l&rsquo;orientation des usagers;<br \/>&#8211; de la r\u00e9ception du courrier;<br \/>&#8211; du contr\u00f4le de la conformit\u00e9 des dossiers.<br \/>(2) Il comprend:<br \/>&#8211; le Bureau de l&rsquo;Accueil et de l&rsquo;Information;<br \/>&#8211; le Bureau du Contr\u00f4le de Conformit\u00e9.<br \/>Article 23.- (1) Plac\u00e9 sous l&rsquo;autorit\u00e9 d&rsquo;un Chef de Service, le Service du Courrier et de Liaison est charg\u00e9:<br \/>&#8211; de l&rsquo;enregistrement et de la codification des dossiers physiques; de la cr\u00e9ation des dossiers \u00e9lectroniques;<br \/>&#8211; de la ventilation du courrier;<br \/>&#8211; de la reproduction des actes individuels et de tous autres documents de service;<br \/>&#8211; du classement et de la conservation des actes sign\u00e9s;<br \/>&#8211; de la notification des actes sign\u00e9s.<br \/>(2) Il comprend:<br \/>&#8211; le Bureau du Courrier Arriv\u00e9e;<br \/>&#8211; le Bureau du Courrier D\u00e9part ;<br \/>&#8211; le Bureau de la Reprographie.<br \/>Article 24.- Plac\u00e9 sous l&rsquo;autorit\u00e9 d&rsquo;un Chef de Service, le Service de la Relance est charg\u00e9:<br \/>&#8211; du suivi des requ\u00eates des usagers;<br \/>&#8211; de la relance automatique des services en cas de non respect des d\u00e9lais normatifs pour le traitement des dossiers;<br \/>&#8211; de l&rsquo;initiation de la relance des autres Administrations.<\/p>\n","protected":false},"excerpt":{"rendered":"<p>&#46;&#46;&#46;<\/p>\n","protected":false},"author":2,"featured_media":0,"parent":13986,"menu_order":0,"comment_status":"closed","ping_status":"closed","template":"","meta":[],"_links":{"self":[{"href":"https:\/\/www.minesup.gov.cm\/index.php\/wp-json\/wp\/v2\/pages\/14233"}],"collection":[{"href":"https:\/\/www.minesup.gov.cm\/index.php\/wp-json\/wp\/v2\/pages"}],"about":[{"href":"https:\/\/www.minesup.gov.cm\/index.php\/wp-json\/wp\/v2\/types\/page"}],"author":[{"embeddable":true,"href":"https:\/\/www.minesup.gov.cm\/index.php\/wp-json\/wp\/v2\/users\/2"}],"replies":[{"embeddable":true,"href":"https:\/\/www.minesup.gov.cm\/index.php\/wp-json\/wp\/v2\/comments?post=14233"}],"version-history":[{"count":2,"href":"https:\/\/www.minesup.gov.cm\/index.php\/wp-json\/wp\/v2\/pages\/14233\/revisions"}],"predecessor-version":[{"id":17993,"href":"https:\/\/www.minesup.gov.cm\/index.php\/wp-json\/wp\/v2\/pages\/14233\/revisions\/17993"}],"up":[{"embeddable":true,"href":"https:\/\/www.minesup.gov.cm\/index.php\/wp-json\/wp\/v2\/pages\/13986"}],"wp:attachment":[{"href":"https:\/\/www.minesup.gov.cm\/index.php\/wp-json\/wp\/v2\/media?parent=14233"}],"curies":[{"name":"wp","href":"https:\/\/api.w.org\/{rel}","templated":true}]}}