{"id":14234,"date":"2022-04-23T12:14:26","date_gmt":"2022-04-23T11:14:26","guid":{"rendered":"https:\/\/minesup.gov.cm\/?page_id=14234"},"modified":"2023-10-05T13:31:10","modified_gmt":"2023-10-05T12:31:10","slug":"sous-direction-de-la-documentation-et-des-archives-sddar","status":"publish","type":"page","link":"https:\/\/www.minesup.gov.cm\/index.php\/secretariat-general\/sous-direction-de-la-documentation-et-des-archives-sddar\/","title":{"rendered":"Sous-Direction de la Documentation et des Archives (SDDAR)"},"content":{"rendered":"\n<figure class=\"wp-block-table aligncenter\"><table><tbody><tr><td>          <img loading=\"lazy\" width=\"745\" height=\"877\" class=\"wp-image-17856\" style=\"width: 150px;\" src=\"https:\/\/minesup.gov.cm\/wp-content\/uploads\/2023\/10\/WhatsApp-Image-2023-10-05-at-12.34.05-e1696508993309.jpeg\" alt=\"\" srcset=\"https:\/\/www.minesup.gov.cm\/wp-content\/uploads\/2023\/10\/WhatsApp-Image-2023-10-05-at-12.34.05-e1696508993309.jpeg 745w, https:\/\/www.minesup.gov.cm\/wp-content\/uploads\/2023\/10\/WhatsApp-Image-2023-10-05-at-12.34.05-e1696508993309-255x300.jpeg 255w\" sizes=\"(max-width: 745px) 100vw, 745px\" \/><br><strong>Dr EDIMA Salom\u00e9 Michelle Rose<\/strong><br>               Sous-Directeur <\/td><\/tr><\/tbody><\/table><\/figure>\n\n\n<p style=\"text-align: center;\"><span style=\"color: #000080;\"><strong>Section 7 &#8211; De la Sous-Direction de la Documentation et des Archives <\/strong><\/span><\/p>\n<p style=\"text-align: justify;\">Article 25.- (1) Plac\u00e9e sous l&rsquo;autorit\u00e9 d&rsquo;un Sous &#8211; Directeur, la Sous &#8211; Direction de la Documentation et des Archives est charg\u00e9e:&nbsp;<br>&#8211; de la collecte, de la centralisation, de la diffusion, de la conservation des rapports d&rsquo;\u00e9tude, des actes et des documents de toute autre nature int\u00e9ressant le Minist\u00e8re;<br>&#8211; de la conception et de la mise en place d&rsquo;un syst\u00e8me de classement de la documentation administrative et technique du Minist\u00e8re;<br>&#8211; de la conception et de la mise en place d&rsquo;un syst\u00e8me d&rsquo;archivage physique et \u00e9lectronique de la documentation du Minist\u00e8re;<br>&#8211; de la conservation des archives du Minist\u00e8re;<br>&#8211; de l&rsquo;abonnement aux publications int\u00e9ressant le Minist\u00e8re;<br>&#8211; de la mise sur pied d&rsquo;une veille documentaire et de l&rsquo;animation des pages incorpor\u00e9es dans le site web du Minist\u00e8re, en liaison avec la Cellule de la Communication;<br>&#8211; des relations avec les Archives Nationales et d&rsquo;autres sources documentaires nationales et internationales.<br>(2) Elle comprend:<br>&#8211; le Service de la Documentation ;<br>&#8211; le Service des Archives.<br>Article 26.- (1) Plac\u00e9 sous l&rsquo;autorit\u00e9 d&rsquo;un Chef de Service, le Service de la Documentation est charg\u00e9 de :<br>&#8211; la conception et la mise en place d&rsquo;un syst\u00e8me de classement de la documentation du Minist\u00e8re;<br>&#8211; la coordination technique et la mise en r\u00e9seau des services de documentation des organismes rattach\u00e9s du Minist\u00e8re;<br>&#8211; l&rsquo;\u00e9laboration et la gestion d&rsquo;un r\u00e9pertoire des \u00e9tudes;<br>&#8211; la collecte, la centralisation, la conservation et la multiplication des \u00e9tudes, rapports et documents de toute nature int\u00e9ressant l&rsquo;enseignement sup\u00e9rieur;<br>&#8211; l&rsquo;abonnement aux diff\u00e9rentes publications int\u00e9ressant le Minist\u00e8re ;<br>&#8211; la centralisation, de la documentation et de la diffusion \u00e9crite en mati\u00e8re d&rsquo;enseignement sup\u00e9rieur;<br>&#8211; la mise sur pied d&rsquo;une veille documentaire et de l&rsquo;animation des pages incorpor\u00e9es dans le site web du Minist\u00e8re, en liaison avec la Division des Syst\u00e8mes d&rsquo;Information.<br>(2) Il comprend:<br>&#8211; le Bureau de la Cotation et des R\u00e9f\u00e9rences;<br>&#8211; le Bureau de la Diffusion.<br>Article 27.- (1) Plac\u00e9 sous l&rsquo;autorit\u00e9 d&rsquo;un Chef de Service, le Service des Archives est charg\u00e9:<br>&#8211; de la conception et de la mise en place d&rsquo;un syst\u00e8me d&rsquo;archivage physique et virtuel;<br>&#8211; de la gestion des archives;<br>&#8211; des relations avec les Archives Nationales.<br>(2) Il comprend:<br>&#8211; le Bureau du Classement;<br>&#8211; le Bureau de la Gestion des R\u00e9pertoires.<\/p>","protected":false},"excerpt":{"rendered":"<p>&#46;&#46;&#46;<\/p>\n","protected":false},"author":2,"featured_media":0,"parent":13986,"menu_order":0,"comment_status":"closed","ping_status":"closed","template":"","meta":[],"_links":{"self":[{"href":"https:\/\/www.minesup.gov.cm\/index.php\/wp-json\/wp\/v2\/pages\/14234"}],"collection":[{"href":"https:\/\/www.minesup.gov.cm\/index.php\/wp-json\/wp\/v2\/pages"}],"about":[{"href":"https:\/\/www.minesup.gov.cm\/index.php\/wp-json\/wp\/v2\/types\/page"}],"author":[{"embeddable":true,"href":"https:\/\/www.minesup.gov.cm\/index.php\/wp-json\/wp\/v2\/users\/2"}],"replies":[{"embeddable":true,"href":"https:\/\/www.minesup.gov.cm\/index.php\/wp-json\/wp\/v2\/comments?post=14234"}],"version-history":[{"count":5,"href":"https:\/\/www.minesup.gov.cm\/index.php\/wp-json\/wp\/v2\/pages\/14234\/revisions"}],"predecessor-version":[{"id":17858,"href":"https:\/\/www.minesup.gov.cm\/index.php\/wp-json\/wp\/v2\/pages\/14234\/revisions\/17858"}],"up":[{"embeddable":true,"href":"https:\/\/www.minesup.gov.cm\/index.php\/wp-json\/wp\/v2\/pages\/13986"}],"wp:attachment":[{"href":"https:\/\/www.minesup.gov.cm\/index.php\/wp-json\/wp\/v2\/media?parent=14234"}],"curies":[{"name":"wp","href":"https:\/\/api.w.org\/{rel}","templated":true}]}}