{"id":14255,"date":"2022-04-23T12:36:46","date_gmt":"2022-04-23T11:36:46","guid":{"rendered":"https:\/\/minesup.gov.cm\/?page_id=14255"},"modified":"2025-03-05T14:49:23","modified_gmt":"2025-03-05T13:49:23","slug":"direction-des-accreditations-universitaires-et-de-la-qualite-dauq","status":"publish","type":"page","link":"https:\/\/www.minesup.gov.cm\/index.php\/direction-des-accreditations-universitaires-et-de-la-qualite-dauq\/","title":{"rendered":"Direction des Accr\u00e9ditations Universitaires et de la Qualit\u00e9 (DAUQ)"},"content":{"rendered":"\n<figure class=\"wp-block-table\"><table><tbody><tr><td class=\"has-text-align-center\" data-align=\"center\"><img loading=\"lazy\" width=\"1707\" height=\"2560\" class=\"wp-image-15248\" style=\"width: 150px;\" src=\"http:\/\/www.minesup.gov.cm\/wp-content\/uploads\/2022\/08\/DAJ-1-scaled.jpg\" alt=\"\" srcset=\"https:\/\/www.minesup.gov.cm\/wp-content\/uploads\/2022\/08\/DAJ-1-scaled.jpg 1707w, https:\/\/www.minesup.gov.cm\/wp-content\/uploads\/2022\/08\/DAJ-1-200x300.jpg 200w, https:\/\/www.minesup.gov.cm\/wp-content\/uploads\/2022\/08\/DAJ-1-683x1024.jpg 683w, https:\/\/www.minesup.gov.cm\/wp-content\/uploads\/2022\/08\/DAJ-1-768x1152.jpg 768w, https:\/\/www.minesup.gov.cm\/wp-content\/uploads\/2022\/08\/DAJ-1-1024x1536.jpg 1024w, https:\/\/www.minesup.gov.cm\/wp-content\/uploads\/2022\/08\/DAJ-1-1365x2048.jpg 1365w\" sizes=\"(max-width: 1707px) 100vw, 1707px\" \/><br><strong>Pr NCHOUWAT AMADOU<br><\/strong><em>Directeur<\/em><\/td><\/tr><\/tbody><\/table><\/figure>\n\n\n<p style=\"text-align: center;\"><span style=\"color: #000080;\"><span style=\"color: #000080;\"><b>Chapitre 4 &#8211; DE LA DIRECTION DES ACCR\u00c9DITATIONS&nbsp;UNIVERSITAIRES ET DE LA&nbsp;<\/b><\/span><\/span><span style=\"color: #000080;\"><b>QUALIT\u00c9<\/b><\/span><\/p>\n<p style=\"text-align: justify;\">Article 45.- (1) Plac\u00e9e sous l&rsquo;autorit\u00e9 d&rsquo;un Directeur, la Direction des Accr\u00e9ditations Universitaires et de la Qualit\u00e9 est charg\u00e9e de : <br>&#8211; la politique g\u00e9n\u00e9rale du Minist\u00e8re en mati\u00e8re d&rsquo;accr\u00e9ditation et d&rsquo;assurance qualit\u00e9, en liaison avec l&rsquo;Agence Nationale des Normes; <br>&#8211; la production des normes en mati\u00e8re d&rsquo;enseignement et de recherche; <br>&#8211; la d\u00e9finition des r\u00e8gles et principes d&rsquo;\u00e9laboration des programmes d&rsquo;enseignement, de cr\u00e9ation et d&rsquo;ouverture des institutions de formation, des \u00e9tablissements, des programmes d&rsquo;enseignement, des fili\u00e8res et cycles de formation ; <br>&#8211; la production des standards d&rsquo;\u00e9valuation et de certification des institutions de formation, des \u00e9tablissements, des programmes d&rsquo;enseignement, des fili\u00e8res et cycles de formation ; <br>&#8211; la d\u00e9finition des crit\u00e8res d&rsquo;\u00e9valuation des enseignants, des enseignements et des institutions de formation; <br>&#8211; la participation \u00e0 la production des standards en mati\u00e8re d&rsquo;infrastructures acad\u00e9miques et sociales ainsi que des \u00e9quipements didactiques; <br>&#8211; la d\u00e9finition des directives en mati\u00e8re de gouvernance et d&rsquo;\u00e9thique; <br>&#8211; la production des r\u00e9f\u00e9rentiels de valorisation des acquis de l&rsquo;exp\u00e9rience et de la recherche ; <br>&#8211; la normalisation des \u00e9valuations acad\u00e9miques; <br>&#8211; l&rsquo;\u00e9laboration des indicateurs de performance des institutions universitaires et de comparabilit\u00e9 des syst\u00e8mes universitaires; <br>&#8211; la conservation et l&rsquo;analyse des rapports d&rsquo;\u00e9valuation des institutions d&rsquo;enseignement sup\u00e9rieur r\u00e9dig\u00e9s par des organismes accr\u00e9dit\u00e9s sp\u00e9cialis\u00e9s ; <br>&#8211; l&rsquo;\u00e9valuation et la validation des certificats \u00e9trangers de formation et de perfectionnement. <br>(2) Elle comprend: <br>&#8211; la Sous-Direction de l&rsquo;Assurance-Qualit\u00e9; <br>&#8211; la Sous-Direction des Evaluations Acad\u00e9miques et des Certifications ; <br>&#8211; la Cellule des Syst\u00e8mes Universitaires Compar\u00e9s.<\/p>\n<p style=\"text-align: justify;\"><strong><span style=\"color: #000080;\">Section 1 &#8211; De la Sous-Direction de l&rsquo;Assurance-Qualit\u00e9 <\/span><\/strong><br>Article 46.- (1) Plac\u00e9e sous l&rsquo;autorit\u00e9 d&rsquo;un Sous-Directeur, la Sous-Direction de l&rsquo;Assurance-Qualit\u00e9 est charg\u00e9e de : <br>&#8211; l&rsquo;\u00e9laboration des normes des programmes d&rsquo;enseignement; <br>&#8211; l&rsquo;\u00e9laboration des proc\u00e9dures d&rsquo;homologation, de validation et d&rsquo;accr\u00e9ditation des formations et instituts de formation ; <br>&#8211; la normalisation des proc\u00e9dures relatives \u00e0 l&rsquo;organisation des examens et concours; <br>&#8211; l&rsquo;\u00e9laboration des normes des infrastructures acad\u00e9miques et sociales et des \u00e9quipements didactiques; <br>&#8211; la construction des indicateurs d&rsquo;\u00e9valuation des performances et de comparabilit\u00e9 nationale et internationale des instituts universitaires; <br>&#8211; l&rsquo;\u00e9laboration des r\u00e9f\u00e9rentiels d&rsquo;accr\u00e9ditation des formations et des instituts universitaires; <br>&#8211; la participation \u00e0 l&rsquo;\u00e9laboration des crit\u00e8res de cr\u00e9ation et de management des laboratoires et centres de recherche; <br>&#8211; l&rsquo;\u00e9laboration des normes sur la cr\u00e9ation des \u00e9quipes de recherche et de leur classement; <br>&#8211; la production des crit\u00e8res de classement des supports de publication scientifiques ; <br>&#8211; la d\u00e9finition des r\u00e9f\u00e9rentiels de valorisation des acquis de l&rsquo;exp\u00e9rience; <br>&#8211; la production des normes relatives \u00e0 la mobilit\u00e9 des enseignants et des \u00e9tudiants; <br>&#8211; la d\u00e9finition des normes relatives \u00e0 la mise en place des conventions de coop\u00e9ration acad\u00e9miques et professionnelles, de financement et de cogestion des fili\u00e8res de formation, des programmes et projets de recherche; <br>&#8211; la d\u00e9finition des normes relatives \u00e0 l&rsquo;organisation des stages professionnels. <br>(2) Elle comprend : <br>&#8211; le Service des Accr\u00e9ditations Acad\u00e9miques, de la Recherche et du Partenariat; <br>&#8211; le Service de la Qualit\u00e9. <br>Article 47.- Plac\u00e9 sous l&rsquo;autorit\u00e9 d&rsquo;un Chef de Service, le Service des Accr\u00e9ditations Acad\u00e9miques, de la Recherche et du Partenariat est charg\u00e9 de : <br>&#8211; la d\u00e9finition des normes acad\u00e9miques; <br>&#8211; la production des crit\u00e8res d&rsquo;\u00e9laboration et de pr\u00e9sentation des programmes de formation ; <br>&#8211; l&rsquo;\u00e9laboration des normes sur les qualifications dans l&rsquo;enseignement sup\u00e9rieur; <br>&#8211; l&rsquo;\u00e9laboration des normes sur l&rsquo;\u00e9valuation des apprentissages et des acquis; <br>&#8211; la d\u00e9finition des conditions harmonis\u00e9es facilitant la mobilit\u00e9 des enseignants et des \u00e9tudiants; <br>&#8211; l&rsquo;\u00e9laboration des normes des infrastructures acad\u00e9miques et sociales et des \u00e9quipements didactiques; <br>&#8211; la d\u00e9finition des normes sur la cr\u00e9ation et le management des \u00e9quipes, des laboratoires et centres de recherche; <br>&#8211; la d\u00e9finition des normes en mati\u00e8re de coop\u00e9ration ; <br>&#8211; la d\u00e9finition des r\u00e9f\u00e9rentiels de valorisation des acquis de l&rsquo;exp\u00e9rience. <br>Article 48.- Plac\u00e9 sous l&rsquo;autorit\u00e9 d&rsquo;un Chef de Service, le Service de la Qualit\u00e9 est charg\u00e9 de: <br>&#8211; la d\u00e9finition des normes en mati\u00e8re de r\u00e9daction et de pr\u00e9sentation des th\u00e8ses et m\u00e9moires de recherche; <br>&#8211; la d\u00e9finition des normes en mati\u00e8re d&rsquo;\u00e9valuation et de promotion des enseignants; <br>&#8211; la d\u00e9finition des normes en mati\u00e8re d&rsquo;\u00e9valuation des fili\u00e8res et programmes d&rsquo;enseignement; <br>&#8211; l&rsquo;\u00e9laboration des normes sur le r\u00e9gime des \u00e9tudes et le passage d&rsquo;un cycle \u00e0 un autre et au sein d&rsquo;un m\u00eame cycle; <br>&#8211; l&rsquo;\u00e9laboration des proc\u00e9dures d&rsquo;organisation des examens universitaires et nationaux; <br>&#8211; l&rsquo;\u00e9laboration des proc\u00e9dures relatives \u00e0 l&rsquo;obtention et \u00e0 la d\u00e9livrance des dipl\u00f4mes; <br>&#8211; la normalisation des r\u00e9gimes des \u00e9tudes et de passage d&rsquo;un cycle \u00e0 un autre, ainsi que la codification de l&rsquo;organisation des concours d&rsquo;entr\u00e9e dans les Grandes Ecoles ; <br>&#8211; l&rsquo;\u00e9laboration et la vulgarisation des indicateurs de performance des institutions de formation universitaires et de comparabilit\u00e9 nationale et internationale; <br>&#8211; l&rsquo;\u00e9laboration des proc\u00e9dures de cr\u00e9ation, d&rsquo;ouverture, d&rsquo;homologation et de validation des fili\u00e8res, des \u00e9tablissements, des cycles de formation et institutions ; <br>&#8211; la production des normes des supports des publications scientifiques; <br>&#8211; la d\u00e9finition des exigences minimales relatives \u00e0 la construction, au management et au financement des projets et programmes de formation et\/ou de recherche.<\/p>\n<p style=\"text-align: justify;\"><strong><span style=\"color: #000080;\">Section 2 &#8211; De la Sous-Direction des Evaluations Acad\u00e9miques et des Certifications<\/span><\/strong> <br>Article 49.- (1) Plac\u00e9e sous l&rsquo;autorit\u00e9 d&rsquo;un Sous-Directeur, la Sous-Direction des Evaluations Acad\u00e9miques et des Certifications est charg\u00e9e: <br>&#8211; de la pr\u00e9paration et du suivi des examens et concours de l&rsquo;enseignement sup\u00e9rieur; <br>&#8211; de l&rsquo;\u00e9laboration des textes relatifs \u00e0 l&rsquo;ouverture des examens et concours nationaux organis\u00e9s par le Minist\u00e8re; <br>&#8211; de la codification et programmation du calendrier des examens et concours nationaux, ainsi que des \u00e9preuves; <br>&#8211; de la constitution et de la gestion de la banque des \u00e9preuves ; <br>&#8211; de la confection et de la diffusion des annales des \u00e9preuves; <br>&#8211; du secr\u00e9tariat et de l&rsquo;application des r\u00e9solutions de la Commission Nationale des Examens et Concours. <br>(2) Elle comprend: <br>&#8211; le Service des Evaluations; <br>&#8211; le Service de la Logistique. <br>Article 50.- (1) Plac\u00e9 sous l&rsquo;autorit\u00e9 d&rsquo;un Chef de Service, le Service des Evaluations est charg\u00e9: <br>&#8211; de l\u2019initiation des textes r\u00e9gissant l\u2019organisation des examens et concours des \u00e9tablissements publics relevant de la tutelle du Minist\u00e8re de l\u2019Enseignement sup\u00e9rieur ; <br>&#8211; de la codification et de la programmation des \u00e9preuves ; <br>&#8211; de l&rsquo;instruction des dossiers des candidats aux examens nationaux; <br>&#8211; de la commande et de la collecte des sujets des examens nationaux; <br>&#8211; de la reprographie des \u00e9preuves des examens nationaux; <br>&#8211; de l&rsquo;impression et du conditionnement des \u00e9preuves des examens nationaux; <br>&#8211; de la confection et de la diffusion des annales des \u00e9preuves; <br>&#8211; du suivi des op\u00e9rations relatives au d\u00e9roulement des examens, en liaison avec la Commission Nationale des Examens Nationaux et Concours; <br>&#8211; de la r\u00e9daction du rapport final des examens nationaux; <br>&#8211; du secr\u00e9tariat des jurys des examens nationaux. <br>(2) Il comprend: <br>&#8211; le Bureau de l&rsquo;Inscription et de la Programmation; <br>&#8211; le Bureau de la Reprographie; <br>&#8211; le Bureau du Suivi des Examens et Concours. <br>Article 51.- Plac\u00e9 sous l&rsquo;autorit\u00e9 d&rsquo;un Chef de Service, le Service de la Logistique est charg\u00e9 de : <br>&#8211; l&rsquo;\u00e9valuation des co\u00fbts des divers examens; <br>&#8211; l&rsquo;approvisionnement en mat\u00e9riel ; <br>&#8211; l&rsquo;acheminement du mat\u00e9riel ; <br>&#8211; l&rsquo;entretien et de la maintenance des \u00e9quipements.<\/p>\n<p style=\"text-align: justify;\"><span style=\"color: #000080;\"><strong>Section 3 &#8211; De La Cellule Des Syst\u00e8mes Universitaires Compar\u00e9s <\/strong><\/span><br>Article 52.- (1) Plac\u00e9e sous l&rsquo;autorit\u00e9 d&rsquo;un Chef de Cellule, la Cellule des Syst\u00e8mes Universitaires Compar\u00e9s est charg\u00e9e de : <br>&#8211; l&rsquo;\u00e9tude et l&rsquo;analyse de la dynamique des syst\u00e8mes universitaires \u00e9trangers; <br>&#8211; la comparaison des syst\u00e8mes universitaires nationaux et \u00e9trangers; <br>&#8211; la construction des indicateurs d&rsquo;\u00e9valuation des performances et de comparabilit\u00e9 nationale et internationale des institutions universitaires&rsquo;, en liaison avec la Direction des Accr\u00e9ditations Universitaires et de la Qualit\u00e9 <br>&#8211; l&rsquo;\u00e9valuation et de la validation des certificats \u00e9trangers de formation et de perfectionnement; <br>&#8211; la mise \u00e0 jour du fichier des \u00e9quivalences des titres, dipl\u00f4mes et grades accord\u00e9s par les institutions universitaires des divers espaces en mati\u00e8re de recherche, d&rsquo;enseignement et des contenus des programmes d&rsquo;enseignement; <br>&#8211; la confection d&rsquo;un recueil de textes r\u00e9gissant les formations universitaires \u00e0 l&rsquo;\u00e9tranger et les listes des \u00e9coles avec reconnaissance de corps de m\u00e9tiers. <br>(2) Elle comprend, outre le Chef de Cellule, trois (03) Charg\u00e9s d&rsquo;Etudes Assistants commis respectivement \u00e0 l&rsquo;analyse des syst\u00e8mes Am\u00e9rique-Europe, Asie et Afrique.<\/p>\n\n\n<figure class=\"wp-block-table\"><table class=\"has-fixed-layout\"><tbody><tr><td class=\"has-text-align-center\" data-align=\"center\"><img loading=\"lazy\" width=\"739\" height=\"826\" class=\"wp-image-17701\" style=\"width: 160px;\" src=\"https:\/\/minesup.gov.cm\/wp-content\/uploads\/2023\/09\/WhatsApp-Image-2023-09-26-at-14.29.12-e1695735041799.jpeg\" alt=\"\" srcset=\"https:\/\/www.minesup.gov.cm\/wp-content\/uploads\/2023\/09\/WhatsApp-Image-2023-09-26-at-14.29.12-e1695735041799.jpeg 739w, https:\/\/www.minesup.gov.cm\/wp-content\/uploads\/2023\/09\/WhatsApp-Image-2023-09-26-at-14.29.12-e1695735041799-268x300.jpeg 268w\" sizes=\"(max-width: 739px) 100vw, 739px\" \/><img loading=\"lazy\" width=\"845\" height=\"1028\" class=\"wp-image-19500\" style=\"width: 150px;\" src=\"https:\/\/www.minesup.gov.cm\/wp-content\/uploads\/2025\/03\/WhatsApp-Image-2025-03-05-at-14.12.13-e1741182548479.jpeg\" alt=\"\" srcset=\"https:\/\/www.minesup.gov.cm\/wp-content\/uploads\/2025\/03\/WhatsApp-Image-2025-03-05-at-14.12.13-e1741182548479.jpeg 845w, https:\/\/www.minesup.gov.cm\/wp-content\/uploads\/2025\/03\/WhatsApp-Image-2025-03-05-at-14.12.13-e1741182548479-247x300.jpeg 247w, https:\/\/www.minesup.gov.cm\/wp-content\/uploads\/2025\/03\/WhatsApp-Image-2025-03-05-at-14.12.13-e1741182548479-842x1024.jpeg 842w, https:\/\/www.minesup.gov.cm\/wp-content\/uploads\/2025\/03\/WhatsApp-Image-2025-03-05-at-14.12.13-e1741182548479-768x934.jpeg 768w\" sizes=\"(max-width: 845px) 100vw, 845px\" \/><br><strong>Pr Akono Ntonga Patrick, <\/strong><br><em>Sous-Directeur de l&rsquo;Assurance-Qualit\u00e9<\/em><\/td><td class=\"has-text-align-center\" data-align=\"center\"><img loading=\"lazy\" width=\"739\" height=\"1024\" class=\"wp-image-14455\" style=\"width: 140px;\" src=\"https:\/\/minesup.gov.cm\/wp-content\/uploads\/2022\/04\/bekoo.jpg\" alt=\"\" srcset=\"https:\/\/www.minesup.gov.cm\/wp-content\/uploads\/2022\/04\/bekoo.jpg 739w, https:\/\/www.minesup.gov.cm\/wp-content\/uploads\/2022\/04\/bekoo-217x300.jpg 217w\" sizes=\"(max-width: 739px) 100vw, 739px\" \/><br><strong>Dr BEKO\u2019O ABONDO n\u00e9e SII Marie Pascale<\/strong><br><em>Sous-Directeur des Evaluations Acad\u00e9miques et des Certifications<\/em><\/td><td class=\"has-text-align-center\" data-align=\"center\"><img loading=\"lazy\" width=\"830\" height=\"1080\" class=\"wp-image-19501\" style=\"width: 150px;\" src=\"https:\/\/www.minesup.gov.cm\/wp-content\/uploads\/2025\/03\/WhatsApp-Image-2025-03-05-at-14.15.41.jpeg\" alt=\"\" srcset=\"https:\/\/www.minesup.gov.cm\/wp-content\/uploads\/2025\/03\/WhatsApp-Image-2025-03-05-at-14.15.41.jpeg 830w, https:\/\/www.minesup.gov.cm\/wp-content\/uploads\/2025\/03\/WhatsApp-Image-2025-03-05-at-14.15.41-231x300.jpeg 231w, https:\/\/www.minesup.gov.cm\/wp-content\/uploads\/2025\/03\/WhatsApp-Image-2025-03-05-at-14.15.41-787x1024.jpeg 787w, https:\/\/www.minesup.gov.cm\/wp-content\/uploads\/2025\/03\/WhatsApp-Image-2025-03-05-at-14.15.41-768x999.jpeg 768w\" sizes=\"(max-width: 830px) 100vw, 830px\" \/><img loading=\"lazy\" width=\"686\" height=\"715\" class=\"wp-image-17963\" style=\"width: 150px;\" src=\"https:\/\/minesup.gov.cm\/wp-content\/uploads\/2023\/10\/WhatsApp-Image-2023-10-13-at-15.02.44-e1697206634223.jpeg\" alt=\"\" srcset=\"https:\/\/www.minesup.gov.cm\/wp-content\/uploads\/2023\/10\/WhatsApp-Image-2023-10-13-at-15.02.44-e1697206634223.jpeg 686w, https:\/\/www.minesup.gov.cm\/wp-content\/uploads\/2023\/10\/WhatsApp-Image-2023-10-13-at-15.02.44-e1697206634223-288x300.jpeg 288w\" sizes=\"(max-width: 686px) 100vw, 686px\" \/><br><strong>Pr Dalhatou Sadou <br><\/strong><em>Chef de la Cellule des Syst\u00e8mes Universitaires Compar\u00e9s<\/em><\/td><\/tr><\/tbody><\/table><\/figure>\n","protected":false},"excerpt":{"rendered":"<p>&#46;&#46;&#46;<\/p>\n","protected":false},"author":2,"featured_media":0,"parent":0,"menu_order":0,"comment_status":"closed","ping_status":"closed","template":"","meta":[],"_links":{"self":[{"href":"https:\/\/www.minesup.gov.cm\/index.php\/wp-json\/wp\/v2\/pages\/14255"}],"collection":[{"href":"https:\/\/www.minesup.gov.cm\/index.php\/wp-json\/wp\/v2\/pages"}],"about":[{"href":"https:\/\/www.minesup.gov.cm\/index.php\/wp-json\/wp\/v2\/types\/page"}],"author":[{"embeddable":true,"href":"https:\/\/www.minesup.gov.cm\/index.php\/wp-json\/wp\/v2\/users\/2"}],"replies":[{"embeddable":true,"href":"https:\/\/www.minesup.gov.cm\/index.php\/wp-json\/wp\/v2\/comments?post=14255"}],"version-history":[{"count":10,"href":"https:\/\/www.minesup.gov.cm\/index.php\/wp-json\/wp\/v2\/pages\/14255\/revisions"}],"predecessor-version":[{"id":19502,"href":"https:\/\/www.minesup.gov.cm\/index.php\/wp-json\/wp\/v2\/pages\/14255\/revisions\/19502"}],"wp:attachment":[{"href":"https:\/\/www.minesup.gov.cm\/index.php\/wp-json\/wp\/v2\/media?parent=14255"}],"curies":[{"name":"wp","href":"https:\/\/api.w.org\/{rel}","templated":true}]}}