{"id":14256,"date":"2022-04-23T12:37:00","date_gmt":"2022-04-23T11:37:00","guid":{"rendered":"https:\/\/minesup.gov.cm\/?page_id=14256"},"modified":"2025-04-08T17:56:16","modified_gmt":"2025-04-08T16:56:16","slug":"direction-de-lassistance-et-des-oeuvres-universitaires-daou","status":"publish","type":"page","link":"https:\/\/www.minesup.gov.cm\/index.php\/direction-de-lassistance-et-des-oeuvres-universitaires-daou\/","title":{"rendered":"Direction de l&rsquo;Assistance et des \u0152uvres Universitaires (DAOU)"},"content":{"rendered":"\n<figure class=\"wp-block-table\"><table><tbody><tr><td class=\"has-text-align-center\" data-align=\"center\"><img loading=\"lazy\" width=\"1708\" height=\"2348\" class=\"wp-image-14370\" style=\"width: 175px;\" src=\"https:\/\/minesup.gov.cm\/wp-content\/uploads\/2022\/04\/DAOU-scaled-e1650876050110.jpg\" alt=\"\" srcset=\"https:\/\/www.minesup.gov.cm\/wp-content\/uploads\/2022\/04\/DAOU-scaled-e1650876050110.jpg 1708w, https:\/\/www.minesup.gov.cm\/wp-content\/uploads\/2022\/04\/DAOU-scaled-e1650876050110-218x300.jpg 218w, https:\/\/www.minesup.gov.cm\/wp-content\/uploads\/2022\/04\/DAOU-scaled-e1650876050110-745x1024.jpg 745w, https:\/\/www.minesup.gov.cm\/wp-content\/uploads\/2022\/04\/DAOU-scaled-e1650876050110-768x1056.jpg 768w, https:\/\/www.minesup.gov.cm\/wp-content\/uploads\/2022\/04\/DAOU-scaled-e1650876050110-1117x1536.jpg 1117w, https:\/\/www.minesup.gov.cm\/wp-content\/uploads\/2022\/04\/DAOU-scaled-e1650876050110-1490x2048.jpg 1490w\" sizes=\"(max-width: 1708px) 100vw, 1708px\" \/><br><strong>Mme WANAH LITUMBE Theresia NDOKO<\/strong><br><em><strong>Directeur<\/strong><\/em><\/td><\/tr><\/tbody><\/table><\/figure>\n\n\n<p style=\"text-align: center;\"><span style=\"color: #000080;\"><strong>CHAPITRE 5 &#8211; DE LA DIRECTION DE L&rsquo;ASSISTANCE ET DES OEUVRES UNIVERSITAIRES<\/strong><\/span><\/p>\n<p style=\"text-align: justify;\">Article 53.- (1) Plac\u00e9e sous l&rsquo;autorit\u00e9 d&rsquo;un Directeur, la Direction de l&rsquo;Assistance et des \u0152uvres Universitaires est charg\u00e9e: <br>&#8211; de l&rsquo;instruction des dossiers relatifs aux m\u00e9canismes de financement des activit\u00e9s estudiantines; <br>&#8211; de la coordination et du suivi de la gestion des \u0153uvres universitaires au plan national ; <br>&#8211; de la coordination et du suivi des activit\u00e9s sportives en milieu universitaire; <br>&#8211; de la coordination et du suivi de la politique de sant\u00e9 en milieu universitaire; <br>&#8211; de la coordination et du suivi de l&rsquo;assistance sociale aux \u00e9tudiants en liaison avec les administrations concern\u00e9es; <br>&#8211; du suivi des activit\u00e9s associatives et socioculturelles en milieu universitaire; <br>&#8211; de l&rsquo;instruction des dossiers relatifs \u00e0 l&rsquo;attribution des bourses, allocations d&rsquo;\u00e9tudes et autres formes d&rsquo;assistance aux \u00e9tudiants, en liaison avec les structures et organismes concern\u00e9es; <br>&#8211; de l&rsquo;exploitation des offres de bourses d&rsquo;\u00e9tudes universitaires des partenaires nationaux et internationaux; <br>&#8211; du suivi des \u00e9tudiants camerounais \u00e0 l&rsquo;\u00e9tranger, en liaison avec les services comp\u00e9tents des missions diplomatiques et consulaires; <br>&#8211; de la collecte et de la diffusion de l&rsquo;information relative \u00e0 l&rsquo;insertion professionnelle des dipl\u00f4m\u00e9s; <br>&#8211; de la diffusion de l&rsquo;information relative aux offres de formation et des besoins des comp\u00e9tences exprim\u00e9es par le march\u00e9 du travail ; <br>&#8211; de l&rsquo;\u00e9laboration et du suivi de la mise en \u0153uvre des accords et conventions ; <br>&#8211; du suivi des questions relatives au respect de la d\u00e9ontologie par les \u00e9tudiants, en liaison avec les Administrations concern\u00e9es; <br>&#8211; de la coordination des mesures visant l&rsquo;adaptation de l&rsquo;\u00e9panouissement des \u00e9tudiants; <br>&#8211; des \u00e9tudes relatives \u00e0 l&rsquo;\u00e9volution du march\u00e9 de l&#8217;emploi et au suivi de l&rsquo;insertion des dipl\u00f4m\u00e9s de l&rsquo;enseignement sup\u00e9rieur, en liaison avec les administrations et les organismes concern\u00e9s. <br>(2) Elle comprend: <br>&#8211; la Sous-Direction de l&rsquo;Assistance aux Etudiants; <br>&#8211; la Sous-Direction de l&rsquo;Orientation Acad\u00e9mique et Professionnelle; <br>&#8211; la Sous-Direction de la Sant\u00e9, des Sports Universitaires, des Activit\u00e9s Socioculturelles et des Loisirs.<\/p>\n<p style=\"text-align: justify;\"><span style=\"color: #000080;\"><strong>Section 1 &#8211; De la Sous-Direction de l&rsquo;Assistance aux Etudiants<\/strong><\/span> <br>Article 54.- (1) Plac\u00e9e sous l&rsquo;autorit\u00e9 d&rsquo;un Sous-Directeur, la Sous-Direction de l&rsquo;Assistance aux Etudiants est charg\u00e9e: <br>&#8211; de l&rsquo;exploitation des offres de bourses au gouvernement camerounais ; <br>&#8211; de l&rsquo;instruction des dossiers d&rsquo;attribution des bourses, des allocations d&rsquo;\u00e9tudes et autres assistance aux \u00e9tudiants; <br>&#8211; de la gestion des bourses, aides et autres allocations aux \u00e9tudiants; <br>&#8211; du suivi des \u00e9tudiants boursiers \u00e0 l&rsquo;\u00e9tranger, en liaison avec les services comp\u00e9tents des missions diplomatiques et consulaires; <br>&#8211; de la prospection des partenariats pour l&rsquo;appui et l&rsquo;assistance aux \u00e9tudiants; de l&rsquo;ex\u00e9cution des mesures d&rsquo;assistance aux \u00e9tudiants au niveau national et \u00e0 l&rsquo;\u00e9tranger. <br>(2) Elle comprend: <br>&#8211; le Service des Bourses et Allocations ; <br>&#8211; le Service du Suivi des \u0152uvres Universitaires. <br>Article 55.- (1) Plac\u00e9 sous l&rsquo;autorit\u00e9 d&rsquo;un Chef de Service, le Service des Bourses et Allocations est charg\u00e9: <br>&#8211; de l&rsquo;exploitation des offres de bourses et allocations aux \u00e9tudiants; <br>&#8211; de l&rsquo;instruction des dossiers d&rsquo;attribution des bourses, d&rsquo;allocations et de la prime d&rsquo;excellence; <br>&#8211; du suivi des \u00e9tudiants boursiers, en liaison avec les services comp\u00e9tents des missions diplomatiques et consulaires; <br>&#8211; de la tenue du fichier des \u00e9tudiants \u00e0 l&rsquo;\u00e9tranger; <br>&#8211; du paiement des bourses, des aides et allocations, ainsi que de la prime d&rsquo;excellence; <br>&#8211; de la mise en route et du retour des \u00e9tudiants boursiers ou b\u00e9n\u00e9ficiaires d&rsquo;appuis financiers du gouvernement; <br>&#8211; du suivi et de l&rsquo;appui aux associations d&rsquo;\u00e9tudiants des \u00e9tablissements et institutions universitaires. <br>(2) Il comprend: <br>&#8211; le Bureau des Bourses et Allocations; <br>&#8211; le Bureau du Suivi des Etudiants \u00e0 l&rsquo;Etranger. <br>Article 56.- (1) Plac\u00e9 sous l&rsquo;autorit\u00e9 d&rsquo;un Chef de Service, le Service du Suivi des \u0152uvres Universitaires est charg\u00e9: <br>&#8211; du suivi de la gestion des \u0153uvres universitaires; <br>&#8211; de l&rsquo;organisation des programmes \u00e9tudes-emplois, des stages de vacances ou d&rsquo;enracinement. <br>(2) Il comprend: <br>&#8211; le Bureau du Suivi des \u0152uvres Universitaires; <br>&#8211; le Bureau des Stages.<\/p>\n<p style=\"text-align: justify;\"><strong><span style=\"color: #000080;\">Section 2 &#8211; De la Sous-Direction de l\u2019Orientation Acad\u00e9mique et Professionnelle<\/span><\/strong> <br>Article 57.- (1) Plac\u00e9e sous l&rsquo;autorit\u00e9 d&rsquo;un Sous-Directeur, la Sous-Direction de l\u2019Orientation Acad\u00e9mique et Professionnelle est charg\u00e9e: <br>&#8211; de la mise en \u0153uvre de la politique gouvernementale en mati\u00e8re d&rsquo;orientation universitaire des \u00e9tudiants; <br>&#8211; de la centralisation et de la diffusion des informations destin\u00e9es \u00e0 l&rsquo;orientation des \u00e9l\u00e8ves et \u00e9tudiants; <br>&#8211; de la coordination et du suivi des activit\u00e9s d&rsquo;orientation men\u00e9es dans les institutions universitaires; <br>&#8211; de l&rsquo;\u00e9laboration et du suivi des m\u00e9canismes d&rsquo;appui de l&rsquo;Etat pour l&rsquo;insertion socioprofessionnelle des \u00e9tudiants et des dipl\u00f4m\u00e9s de l&rsquo;enseignement sup\u00e9rieur, en liaison avec les Administrations concern\u00e9es. <br>(2) Elle comprend: <br>&#8211; le Service de l&rsquo;Information et de l&rsquo;Orientation Universitaire; <br>&#8211; le Service de l&rsquo;Emploi et de l&rsquo;Insertion Socioprofessionnelle des Dipl\u00f4m\u00e9s. <br>Article 58.- Plac\u00e9 sous l&rsquo;autorit\u00e9 d&rsquo;un Chef de Service, le Service de l&rsquo;Information et de l&rsquo;Orientation Universitaire est charg\u00e9 de : <br>&#8211; l&rsquo;\u00e9laboration et de la diffusion des supports d&rsquo;information et d&rsquo;orientation destin\u00e9s aux \u00e9l\u00e8ves et \u00e9tudiants sur les \u00e9tudes universitaires au niveau national et \u00e0 l&rsquo;\u00e9tranger; <br>&#8211; l&rsquo;organisation des activit\u00e9s. et campagnes d&rsquo;information du public sur l&rsquo;enseignement sup\u00e9rieur; <br>&#8211; la coordination et du suivi des campagnes, des activit\u00e9s d&rsquo;accueil, d&rsquo;information des \u00e9tudiants organis\u00e9s au sein des institutions universitaires publiques; <br>&#8211; la coordination des activit\u00e9s li\u00e9es \u00e0 l&rsquo;orientation acad\u00e9mique des dipl\u00f4m\u00e9s de l&rsquo;enseignement secondaire et des \u00e9tudiants vers les \u00e9tablissements de l&rsquo;enseignement sup\u00e9rieur; <br>&#8211; la coordination et du suivi des activit\u00e9s d&rsquo;orientation conduites dans les Universit\u00e9s; <br>&#8211; l&rsquo;organisation et de la participation aux salons et foras relatifs \u00e0 l&rsquo;insertion professionnelle des \u00e9tudiants et dipl\u00f4m\u00e9s. <br>(2) Il comprend: <br>&#8211; le Bureau de l&rsquo;Information des Etudiants; <br>&#8211; le Bureau de l&rsquo;Orientation Universitaire. <br>Article 59.- (1) Plac\u00e9 sous l&rsquo;autorit\u00e9 d&rsquo;un Chef de Service, le Service de l&rsquo;Emploi et de l&rsquo;Insertion Socioprofessionnelle des Dipl\u00f4m\u00e9s est charg\u00e9 de : <br>&#8211; la tenue du fichier des dipl\u00f4m\u00e9s du syst\u00e8me universitaire national; <br>&#8211; la tenue du fichier des dipl\u00f4m\u00e9s de la diaspora, en liaison avec les r:nissions diplomatiques et consulaires; <br>&#8211; la collecte, de l&rsquo;exploitation et de la diffusion des donn\u00e9es relatives aux besoins des comp\u00e9tences exprim\u00e9es par le march\u00e9 de l&#8217;emploi; <br>&#8211; la tenue et de la diffusion de la carte des formations dispens\u00e9es par le syst\u00e8me universitaire national; <br>&#8211; la conduite de toutes autres actions visant \u00e0 am\u00e9liorer l&#8217;employabilit\u00e9 des dipl\u00f4m\u00e9s de l&rsquo;enseignement sup\u00e9rieur, en liaison avec les administrations et les organismes concern\u00e9s.<\/p>\n<p style=\"text-align: justify;\"><span style=\"color: #000080;\"><strong>Section 3 &#8211; De la la Sous-Direction de la Sant\u00e9, des Sports Universitaires, des Activit\u00e9s Socioculturelles et des Loisirs<\/strong><\/span> <br>Article 60.- (1) Plac\u00e9e sous l&rsquo;autorit\u00e9 d&rsquo;un Sous-Directeur, la Sous-Direction de la Sant\u00e9, des Sports Universitaires, des Activit\u00e9s Socioculturelles et des Loisirs est charg\u00e9e: <br>&#8211; de la promotion et du suivi des activit\u00e9s de sant\u00e9, de sport, de culture et des loisirs en milieu universitaire; <br>&#8211; de la coordination des activit\u00e9s des centres m\u00e9dico-sociaux des institutions universitaires ; <br>&#8211; du suivi des relations avec les administrations et les organismes partenaires en charge du sport, de la culture, de la sant\u00e9 et des loisirs; <br>&#8211; du suivi de l&rsquo;organisation des Jeux Universitaires, en liaison avec les institutions universitaires, Administrations et organismes concern\u00e9s; <br>&#8211; du suivi de l&rsquo;organisation du Festival National des Arts et de la Culture; <br>&#8211; de l&rsquo;appui \u00e0 l&rsquo;organisation des manifestations sportives et culturelles. <br>(2) Elle comprend: <br>&#8211; le Service de la Sant\u00e9 Universitaire; <br>&#8211; le Service des Sports Universitaires et de l&rsquo;Education Physique; <br>&#8211; le Service de la Promotion des Activit\u00e9s Socioculturelles et des Loisirs. <br>Article 61.- Plac\u00e9 sous l&rsquo;autorit\u00e9 d&rsquo;un Chef de Service, le Service de la Sant\u00e9 universitaire est charg\u00e9: <br>&#8211; du suivi des questions relatives \u00e0 la sant\u00e9 des \u00e9tudiants; <br>&#8211; de la promotion de l&rsquo;hygi\u00e8ne en milieu universitaire; <br>&#8211; de l&rsquo;information sur les risques sanitaires et soci\u00e9taux en milieu universitaire; <br>&#8211; du suivi de l&rsquo;application du plan sectoriel de lutte contre le VIH\/SIDA, les MST et autres grandes end\u00e9mies dans l&rsquo;enseignement sup\u00e9rieur et des autres programmes nationaux de sant\u00e9; <br>&#8211; de la participation \u00e0 la gestion de toutes les situations d&rsquo;une urgence av\u00e9r\u00e9e concernant les \u00e9tudiants. <br>Article 62 : Plac\u00e9 sous l&rsquo;autorit\u00e9 d&rsquo;un Chef de Service, le Service des Sports Universitaires et de l&rsquo;Education Physique est charg\u00e9: <br>&#8211; de la promotion et de la vulgarisation des activit\u00e9s sportives et de l&rsquo;\u00e9ducation physique en milieu universitaire, en liaison avec les administrations concern\u00e9es; <br>&#8211; de l&rsquo;appui \u00e0 l&rsquo;organisation des manifestations sportives et \u00e0 la promotion de l&rsquo;excellence sportive; <br>&#8211; du contr\u00f4le du respect des normes de r\u00e9f\u00e9rence dans la r\u00e9alisation des infrastructures et autres \u00e9quipements sportifs dans les institutions universitaires; <br>&#8211; de la formulation de propositions d&rsquo;appui concernant le d\u00e9veloppement du patrimoine sportif des institutions universitaires, en liaison avec les Administrations concern\u00e9es; <br>&#8211; des relations entre le Minist\u00e8re et les organisations nationales ou internationales charg\u00e9es de la jeunesse, du sport et de l&rsquo;\u00e9ducation physique. <br>Article 63.- Plac\u00e9 sous l&rsquo;autorit\u00e9 d&rsquo;un Chef de Service, le Service de la Promotion des Activit\u00e9s Associatives et Socioculturelles et des loisirs est charg\u00e9: <br>&#8211; de l&rsquo;initiation des actes r\u00e9glementaires en mati\u00e8re d&rsquo;associations en liaison avec les services comp\u00e9tents; <br>&#8211; du suivi des activit\u00e9s associatives, socio culturelles et ludiques dans le sous-secteur de l&rsquo;enseignement sup\u00e9rieur; <br>&#8211; de l&rsquo;initiation des actions de d\u00e9veloppement des loisirs, en liaison avec services comp\u00e9tents ; <br>&#8211; des relations avec les Minist\u00e8res et les structures charg\u00e9s des activit\u00e9s et regroupements associatifs; <br>&#8211; de la promotion des activit\u00e9s d&rsquo;animation sociale et de promotion de l&rsquo;int\u00e9gration nationale dans le sous-secteur de l&rsquo;enseignement sup\u00e9rieur, en liaison avec le Minist\u00e8re charg\u00e9 de l&rsquo;\u00e9ducation civique.<\/p>\n\n\n<figure class=\"wp-block-table\"><table><tbody><tr><td class=\"has-text-align-center\" data-align=\"center\"><img loading=\"lazy\" width=\"1772\" height=\"1440\" class=\"wp-image-17847\" style=\"width: 150px;\" src=\"https:\/\/minesup.gov.cm\/wp-content\/uploads\/2023\/10\/WhatsApp-Image-2023-10-05-at-11.26.14-e1696501696823.jpeg\" alt=\"\" srcset=\"https:\/\/www.minesup.gov.cm\/wp-content\/uploads\/2023\/10\/WhatsApp-Image-2023-10-05-at-11.26.14-e1696501696823.jpeg 1772w, https:\/\/www.minesup.gov.cm\/wp-content\/uploads\/2023\/10\/WhatsApp-Image-2023-10-05-at-11.26.14-e1696501696823-300x244.jpeg 300w, https:\/\/www.minesup.gov.cm\/wp-content\/uploads\/2023\/10\/WhatsApp-Image-2023-10-05-at-11.26.14-e1696501696823-1024x832.jpeg 1024w, https:\/\/www.minesup.gov.cm\/wp-content\/uploads\/2023\/10\/WhatsApp-Image-2023-10-05-at-11.26.14-e1696501696823-768x624.jpeg 768w, https:\/\/www.minesup.gov.cm\/wp-content\/uploads\/2023\/10\/WhatsApp-Image-2023-10-05-at-11.26.14-e1696501696823-1536x1248.jpeg 1536w\" sizes=\"(max-width: 1772px) 100vw, 1772px\" \/><br><strong>Dr ENYEGUE MINKADA<\/strong><br><strong> Epse BALLA MARTHE SOLANGE<\/strong><br>Sous-Directeur de l&rsquo;Assistance aux Etudiants<\/td><td class=\"has-text-align-center\" data-align=\"center\"><img loading=\"lazy\" width=\"591\" height=\"799\" class=\"wp-image-18040\" style=\"width: 150px;\" src=\"https:\/\/minesup.gov.cm\/wp-content\/uploads\/2023\/10\/WhatsApp-Image-2023-10-21-at-14.22.03-e1698235945746.jpeg\" alt=\"\" srcset=\"https:\/\/www.minesup.gov.cm\/wp-content\/uploads\/2023\/10\/WhatsApp-Image-2023-10-21-at-14.22.03-e1698235945746.jpeg 591w, https:\/\/www.minesup.gov.cm\/wp-content\/uploads\/2023\/10\/WhatsApp-Image-2023-10-21-at-14.22.03-e1698235945746-222x300.jpeg 222w\" sizes=\"(max-width: 591px) 100vw, 591px\" \/><br><strong>Pr Patience  SOSSO<\/strong><br>Sous-Directeur de <br>l\u2019Orientation Acad\u00e9mique<br>et Professionnelle<\/td><td class=\"has-text-align-center\" data-align=\"center\"><br><br><strong>M. BELLA NSONO Bruno Beau-Paul<\/strong><br>Sous-Directeur de la Sant\u00e9, des <br>Sports Universitaires, des Activit\u00e9s <br>Socioculturelles et des Loisirs<\/td><\/tr><\/tbody><\/table><\/figure>\n","protected":false},"excerpt":{"rendered":"<p>&#46;&#46;&#46;<\/p>\n","protected":false},"author":2,"featured_media":0,"parent":0,"menu_order":0,"comment_status":"closed","ping_status":"closed","template":"","meta":[],"_links":{"self":[{"href":"https:\/\/www.minesup.gov.cm\/index.php\/wp-json\/wp\/v2\/pages\/14256"}],"collection":[{"href":"https:\/\/www.minesup.gov.cm\/index.php\/wp-json\/wp\/v2\/pages"}],"about":[{"href":"https:\/\/www.minesup.gov.cm\/index.php\/wp-json\/wp\/v2\/types\/page"}],"author":[{"embeddable":true,"href":"https:\/\/www.minesup.gov.cm\/index.php\/wp-json\/wp\/v2\/users\/2"}],"replies":[{"embeddable":true,"href":"https:\/\/www.minesup.gov.cm\/index.php\/wp-json\/wp\/v2\/comments?post=14256"}],"version-history":[{"count":6,"href":"https:\/\/www.minesup.gov.cm\/index.php\/wp-json\/wp\/v2\/pages\/14256\/revisions"}],"predecessor-version":[{"id":19529,"href":"https:\/\/www.minesup.gov.cm\/index.php\/wp-json\/wp\/v2\/pages\/14256\/revisions\/19529"}],"wp:attachment":[{"href":"https:\/\/www.minesup.gov.cm\/index.php\/wp-json\/wp\/v2\/media?parent=14256"}],"curies":[{"name":"wp","href":"https:\/\/api.w.org\/{rel}","templated":true}]}}