{"id":14257,"date":"2022-04-23T12:37:26","date_gmt":"2022-04-23T11:37:26","guid":{"rendered":"https:\/\/minesup.gov.cm\/?page_id=14257"},"modified":"2025-03-03T18:11:27","modified_gmt":"2025-03-03T17:11:27","slug":"division-de-la-recherche-et-de-la-cooperation-universitaires-drcu","status":"publish","type":"page","link":"https:\/\/www.minesup.gov.cm\/index.php\/division-de-la-recherche-et-de-la-cooperation-universitaires-drcu\/","title":{"rendered":"Division de la Recherche et de la Coop\u00e9ration Universitaires (DRCU)"},"content":{"rendered":"\n<figure class=\"wp-block-table\"><table><tbody><tr><td class=\"has-text-align-center\" data-align=\"center\"><img loading=\"lazy\" width=\"1376\" height=\"1516\" class=\"wp-image-14381\" style=\"width: 150px;\" src=\"http:\/\/www.minesup.gov.cm\/wp-content\/uploads\/2022\/04\/Pr-Meyolo-CELCOM-scaled-e1650898394683.jpg\" alt=\"\" srcset=\"https:\/\/www.minesup.gov.cm\/wp-content\/uploads\/2022\/04\/Pr-Meyolo-CELCOM-scaled-e1650898394683.jpg 1376w, https:\/\/www.minesup.gov.cm\/wp-content\/uploads\/2022\/04\/Pr-Meyolo-CELCOM-scaled-e1650898394683-272x300.jpg 272w, https:\/\/www.minesup.gov.cm\/wp-content\/uploads\/2022\/04\/Pr-Meyolo-CELCOM-scaled-e1650898394683-929x1024.jpg 929w, https:\/\/www.minesup.gov.cm\/wp-content\/uploads\/2022\/04\/Pr-Meyolo-CELCOM-scaled-e1650898394683-768x846.jpg 768w\" sizes=\"(max-width: 1376px) 100vw, 1376px\" \/><br><strong>Pr MEYOLO Jo\u00ebl Narcisse<br><\/strong><em>Chef de Division<\/em><\/td><\/tr><\/tbody><\/table><\/figure>\n\n\n<p style=\"text-align: center;\"><strong><span style=\"color: #000080;\">Chapitre 6 &#8211; DE LA DIVISION DE LA RECHERCHE ET DE LA COOP\u00c9RATION UNIVERSITAIRES <\/span><\/strong><\/p>\n<p style=\"text-align: justify;\">Article 64.- (1) Plac\u00e9e sous l&rsquo;autorit\u00e9 d&rsquo;un Chef de Division, la Division de la Recherche et de la Coop\u00e9ration Universitaires est charg\u00e9e: <br>&#8211; de l&rsquo;\u00e9laboration du Plan directeur de la recherche universitaire, en liaison avec les Administrations concern\u00e9es; <br>&#8211; de l&rsquo;\u00e9laboration et de la mise en \u0153uvre des strat\u00e9gies de coop\u00e9ration dans le domaine, en liaison avec les Administrations concern\u00e9es; <br>&#8211; de l&rsquo;\u00e9laboration et du suivi de la mise en application des textes relatifs \u00e0 la promotion des activit\u00e9s g\u00e9n\u00e9ratrices de revenus en milieu universitaire et de la valorisation des actifs de la recherche universitaire; <br>&#8211; de l&rsquo;initiation des projets de protocole d&rsquo;accord et conventions de coop\u00e9ration en mati\u00e8re de recherches universitaires; <br>&#8211; du suivi de la mise en \u0153uvre de la politique de financement, de la modernisation de la recherche universitaire par l&rsquo;Etat; <br>&#8211; de l&rsquo;\u00e9laboration et la mise en \u0153uvre du projet fichier national des th\u00e8ses et des m\u00e9moires, en liaison avec la Division des Syst\u00e8mes d&rsquo;Information; <br>&#8211; de la collecte, de la centralisation et de la diffusion de l&rsquo;information relative aux activit\u00e9s de recherche dans l&rsquo;enseignement sup\u00e9rieur; <br>&#8211; de la promotion de la recherche dans les institutions universitaires, les Instituts Priv\u00e9s d&rsquo;Enseignement Sup\u00e9rieur et les \u00e9tablissements \u00e0 caract\u00e8re particulier; <br>&#8211; de la coh\u00e9rence de la recherche universitaire avec la politique nationale en la mati\u00e8re, en liaison avec le Minist\u00e8re de la Recherche Scientifique et de l\u2019Innovation ; <br>&#8211; de la recherche des financements pour les projets d&rsquo;investissement du Minist\u00e8re, en rapport avec les services et Administrations comp\u00e9tents; <br>&#8211; de la mise en \u0153uvre de la politique gouvernementale de recherche et de la coop\u00e9ration universitaire, en rapport avec les orientations du Conseil de l&rsquo;Enseignement Sup\u00e9rieur et de la Recherche Scientifique et Technique; <br>&#8211; du suivi de l&rsquo;application des textes r\u00e9gissant l&rsquo;enseignement sup\u00e9rieur dans les domaines de la recherche, de la coop\u00e9ration et du partenariat; <br>&#8211; de la tenue du fichier des centres de recherche, des laboratoires, des \u00e9quipes de recherche et des revues scientifiques du sous-secteur de l&rsquo;enseignement sup\u00e9rieur; <br>&#8211; de l&rsquo;organisation des Journ\u00e9es Universitaires des Sciences et Techniques; <br>&#8211; de la repr\u00e9sentation du minist\u00e8re dans les instances de coop\u00e9ration; <br>&#8211; du suivi de la mise en \u0153uvre des normes en mati\u00e8re de recherche universitaire, en liaison avec la Direction des Accr\u00e9ditations Universitaires et de la Qualit\u00e9; <br>&#8211; du suivi des contributions et participation du Minist\u00e8re aux instances bilat\u00e9rales et multinationales de coop\u00e9ration universitaire, en liaison avec les administrations comp\u00e9tentes. <br>(2) Elle comprend: <br>&#8211; la Cellule de la Recherche Universitaire; <br>&#8211; la Cellule de la Coop\u00e9ration Universitaire.<\/p>\n<p style=\"text-align: justify;\"><span style=\"color: #000080;\"><strong>Section I &#8211; De la Cellule de la Recherche Universitaire <\/strong><\/span><br>Article 65.- (1) Plac\u00e9e sous l&rsquo;autorit\u00e9 d&rsquo;un Chef de Cellule, la Cellule de la Recherche Universitaire est charg\u00e9e: <br>&#8211; de la coordination des programmes nationaux de recherche universitaire; de l&rsquo;\u00e9laboration et l&rsquo;actualisation du r\u00e9pertoire des laboratoires, centres et \u00e9quipes de recherche; <br>&#8211; de l&rsquo;\u00e9laboration des mesures et dispositions visant la valorisation des r\u00e9sultats de la recherche universitaire en rapport avec les partenaires socio\u00e9conomiques; <br>&#8211; de la mobilisation des appuis de l&rsquo;Etat et des partenaires pour la recherche universitaire; <br>&#8211; du suivi des activit\u00e9s de recherche des institutions de l&rsquo;enseignement sup\u00e9rieur; <br>&#8211; de la synth\u00e8se des donn\u00e9es sur la recherche universitaire; <br>&#8211; de l&rsquo;\u00e9laboration des notes de conjoncture sur la recherche universitaire; <br>&#8211; de l&rsquo;appui logistique aux programmes et projets de recherche des institutions d&rsquo;enseignement sup\u00e9rieur; <br>&#8211; de l&rsquo;appui au renforcement des capacit\u00e9s en mati\u00e8re de recherche dans les institutions de l&rsquo;enseignement sup\u00e9rieur; <br>&#8211; de la vulgarisation et de la valorisation des r\u00e9sultats de la recherche scientifique et technologique, en liaison avec le Minist\u00e8re charg\u00e9 de la recherche scientifique et l&rsquo;innovation. <br>(2) Elle comprend, outre le Chef de Cellule, deux (02) Charg\u00e9s d&rsquo;Etudes Assistants<\/p>\n<p style=\"text-align: justify;\"><span style=\"color: #000080;\"><strong>Section 2 &#8211; De la Cellule de la Coop\u00e9ration Universitaire <\/strong><\/span><br>Article 66.- (1) Plac\u00e9e sous l&rsquo;autorit\u00e9 d&rsquo;un Chef de Cellule, la Cellule de la Coop\u00e9ration Universitaire est charg\u00e9e: <br>&#8211; de l&rsquo;\u00e9laboration et de la mise en \u0153uvre des strat\u00e9gies de coop\u00e9ration en mati\u00e8re d&rsquo;enseignement sup\u00e9rieur; <br>&#8211; du suivi des accords de coop\u00e9ration relatifs \u00e0 l&rsquo;enseignement sup\u00e9rieur, en liaison avec les Administrations concern\u00e9es; <br>&#8211; de la promotion des synergies entre les universit\u00e9s nationales; de la publication des notes de conjoncture sur la coop\u00e9ration; <br>&#8211; du suivi des participations et contributions du Minist\u00e8re aux organismes de coop\u00e9ration universitaire nationaux et internationaux. <br>(2) Elle comprend, outre le Chef de Cellule, deux (02) Charg\u00e9s d&rsquo;Etudes Assistants.<\/p>\n\n\n<figure class=\"wp-block-table\"><table class=\"has-fixed-layout\"><tbody><tr><td class=\"has-text-align-center\" data-align=\"center\"><br><br><br><em>Chef de la Cellule de la Recherche Universitaire<\/em><\/td><td class=\"has-text-align-center\" data-align=\"center\"><img loading=\"lazy\" width=\"768\" height=\"933\" class=\"wp-image-14440\" style=\"width: 150px;\" src=\"https:\/\/minesup.gov.cm\/wp-content\/uploads\/2022\/04\/CC.jpg\" alt=\"\" srcset=\"https:\/\/www.minesup.gov.cm\/wp-content\/uploads\/2022\/04\/CC.jpg 768w, https:\/\/www.minesup.gov.cm\/wp-content\/uploads\/2022\/04\/CC-247x300.jpg 247w\" sizes=\"(max-width: 768px) 100vw, 768px\" \/><br><strong>M. Henry NKOTO EDJO<\/strong><br><em>Chef de la Cellule de la Coop\u00e9ration Universitaire<\/em><\/td><\/tr><\/tbody><\/table><\/figure>\n","protected":false},"excerpt":{"rendered":"<p>&#46;&#46;&#46;<\/p>\n","protected":false},"author":2,"featured_media":0,"parent":0,"menu_order":0,"comment_status":"closed","ping_status":"closed","template":"","meta":[],"_links":{"self":[{"href":"https:\/\/www.minesup.gov.cm\/index.php\/wp-json\/wp\/v2\/pages\/14257"}],"collection":[{"href":"https:\/\/www.minesup.gov.cm\/index.php\/wp-json\/wp\/v2\/pages"}],"about":[{"href":"https:\/\/www.minesup.gov.cm\/index.php\/wp-json\/wp\/v2\/types\/page"}],"author":[{"embeddable":true,"href":"https:\/\/www.minesup.gov.cm\/index.php\/wp-json\/wp\/v2\/users\/2"}],"replies":[{"embeddable":true,"href":"https:\/\/www.minesup.gov.cm\/index.php\/wp-json\/wp\/v2\/comments?post=14257"}],"version-history":[{"count":5,"href":"https:\/\/www.minesup.gov.cm\/index.php\/wp-json\/wp\/v2\/pages\/14257\/revisions"}],"predecessor-version":[{"id":19497,"href":"https:\/\/www.minesup.gov.cm\/index.php\/wp-json\/wp\/v2\/pages\/14257\/revisions\/19497"}],"wp:attachment":[{"href":"https:\/\/www.minesup.gov.cm\/index.php\/wp-json\/wp\/v2\/media?parent=14257"}],"curies":[{"name":"wp","href":"https:\/\/api.w.org\/{rel}","templated":true}]}}