{"id":14263,"date":"2022-04-23T12:37:53","date_gmt":"2022-04-23T11:37:53","guid":{"rendered":"https:\/\/minesup.gov.cm\/?page_id=14263"},"modified":"2023-10-12T12:03:46","modified_gmt":"2023-10-12T11:03:46","slug":"division-de-la-promotion-du-dialogue-et-de-la-solidarite-universitaires-dpdsu","status":"publish","type":"page","link":"https:\/\/www.minesup.gov.cm\/index.php\/division-de-la-promotion-du-dialogue-et-de-la-solidarite-universitaires-dpdsu\/","title":{"rendered":"Division de la Promotion du Dialogue et de la Solidarit\u00e9 Universitaire (DPDSU)"},"content":{"rendered":"\n<figure class=\"wp-block-table\"><table><tbody><tr><td class=\"has-text-align-center\" data-align=\"center\"><br><strong>Pr MTOPI FOTSO Blaise Eug\u00e8ne<br><\/strong><em>Chef de Division<\/em><\/td><\/tr><\/tbody><\/table><\/figure>\n\n\n<p style=\"text-align: center;\"><strong><span style=\"color: #000080;\">Chapitre 7 &#8211; DE LA DIVISION DE LA PROMOTION DU DIALOGUE ET DE LA SOLIDARIT\u00c9 UNIVERSITAIRE<\/span><\/strong><\/p>\n<p style=\"text-align: justify;\">Article 67.- (1) Plac\u00e9e sous l&rsquo;autorit\u00e9 d&rsquo;un Chef de Division, la Division de la Promotion du Dialogue et de la Solidarit\u00e9 Universitaires est charg\u00e9e : <br>&#8211; du suivi des questions relatives aux rapports professionnels et aux conditions de vie et de travail des personnels enseignants et d&rsquo;appui des institutions d&rsquo;enseignement sup\u00e9rieur; <br>&#8211; du suivi des activit\u00e9s des organisations professionnelles des personnels enseignants et d&rsquo;appui des institutions d&rsquo;enseignement sup\u00e9rieur, en liaison avec les Administrations concern\u00e9es; <br>&#8211; de l&rsquo;\u00e9laboration et du suivi des activit\u00e9s li\u00e9es \u00e0 la promotion de la paix sociale et du dialogue social avec et entre les membres de la communaut\u00e9 universitaire ; <br>&#8211; de la promotion de la mutualit\u00e9 et de la solidarit\u00e9 dans l&rsquo;enseignement sup\u00e9rieur; <br>&#8211; de la promotion des activit\u00e9s associatives et regroupements divers concernant les diff\u00e9rentes composantes de la communaut\u00e9 universitaire nationale; <br>&#8211; du suivi de la condition de l&rsquo;enseignant, ainsi que des activit\u00e9s de promotion du dialogue social les concernant; <br>&#8211; de l&rsquo;appui \u00e0 la vie associative et culturelle ; <br>&#8211; du suivi des activit\u00e9s de promotion du dialogue social concernant les \u00e9tudiants; <br>&#8211; du suivi des activit\u00e9s relatives \u00e0 la promotion du dialogue social et \u00e0 l&rsquo;am\u00e9lioration de la condition des personnels au sein du Minist\u00e8re. <br>(2) Elle comprend: <br>&#8211; la Cellule de Suivi du Dialogue Social; <br>&#8211; la Cellule de la Promotion de la Solidarit\u00e9 Universitaire; <br>&#8211; la Cellule de Suivi de la Condition des Personnels et des Etudiants.<\/p>\n<p style=\"text-align: justify;\"><span style=\"color: #000080;\"><strong>Section 1 &#8211; De La Cellule de Suivi du Dialogue Social<\/strong><\/span> <br>Article 68.- (1) Plac\u00e9e sous l&rsquo;autorit\u00e9 d&rsquo;un Chef de Cellule, la Cellule de Suivi du Dialogue Social est charg\u00e9e: <br>&#8211; de l&rsquo;\u00e9laboration et du suivi de la mise en \u0152uvre des strat\u00e9gies de promotion de la paix et du dialogue social au sein des institutions d&rsquo;enseignement sup\u00e9rieur; <br>&#8211; du suivi des questions relatives aux rapports professionnels et de travail des personnels enseignants et d&rsquo;appui des institutions d&rsquo;enseignement sup\u00e9rieur; <br>&#8211; du suivi des activit\u00e9s des organisations professionnelles des personnels enseignants et d&rsquo;appui des institutions d&rsquo;enseignement sup\u00e9rieur, en liaison avec les Administrations concern\u00e9es; <br>&#8211; de l&rsquo;\u00e9laboration et du suivi des activit\u00e9s li\u00e9es au maintien de la promotion de la paix sociale et du dialogue social avec et entre les membres de la communaut\u00e9 universitaire; <br>&#8211; du secr\u00e9tariat et du suivi des r\u00e9solutions des organes consultatifs et statutaires de dialogue dans l&rsquo;enseignement sup\u00e9rieur. <br>(2) Elle comprend, outre le Chef de Cellule, deux (02) Charg\u00e9s d&rsquo;Etudes Assistants.<\/p>\n<p style=\"text-align: justify;\"><span style=\"color: #000080;\"><strong>Section 2 &#8211; De la Cellule de la Promotion de la Solidarit\u00e9 Universitaire<\/strong><\/span> <br>Article 69.- (1) Plac\u00e9e sous l&rsquo;autorit\u00e9 d&rsquo;un Chef de Cellule, la Cellule de la Promotion de la Solidarit\u00e9 Universitaire est charg\u00e9e de : <br>&#8211; la promotion, du suivi de la mise en place et du d\u00e9veloppement des mutuelles et des structures de solidarit\u00e9 dans l&rsquo;enseignement sup\u00e9rieur; <br>&#8211; l&rsquo;\u00e9laboration et du suivi de la strat\u00e9gie de couverture assurance des membres de la communaut\u00e9 universitaire; <br>&#8211; la promotion des activit\u00e9s de formation \u00e0 la gestion des mutuelles ; <br>&#8211; l&rsquo;accompagnement des mutuelles par un appui multiforme \u00e0 l&rsquo;organisation et \u00e0 la r\u00e9alisation de leurs activit\u00e9s. <br>(2) Elle comprend, outre le Chef de Cellule, deux (02) Charg\u00e9s d&rsquo;Etudes Assistants. 21<\/p>\n<p style=\"text-align: justify;\"><strong><span style=\"color: #000080;\">Section 3 &#8211; De La Cellule de Suivi de la Condition des Personnels et des \u00c9tudiants<\/span><\/strong> <br>Article 70.- (1) Plac\u00e9e sous l&rsquo;autorit\u00e9 d&rsquo;un Chef de Cellule, la Cellule de Suivi de la Condition des Personnels et des Etudiants est charg\u00e9e : <br>&#8211; de l&rsquo;\u00e9laboration et du suivi de la mise en \u0153uvre des strat\u00e9gies d&rsquo;am\u00e9lioration de la condition de vie et de travail de l&rsquo;enseignant et des personnels d&rsquo;appui des institutions d&rsquo;enseignement sup\u00e9rieur; <br>&#8211; du suivi des questions relatives \u00e0 l&rsquo;\u00e9thique professionnelle par les enseignants, en liaison avec les administrations concern\u00e9es. <br>(2) Elle comprend, outre le Chef de Cellule, deux (02) Charg\u00e9s d&rsquo;Etudes Assistants.<\/p>\n\n\n<figure class=\"wp-block-table\"><table class=\"has-fixed-layout\"><tbody><tr><td class=\"has-text-align-center\" data-align=\"center\"><br><strong>WIRNDZEM&nbsp; Adriana YENAWUNI<\/strong><br>Chef de l<em>a Cellule de Suivi du Dialogue Social<\/em><\/td><td class=\"has-text-align-center\" data-align=\"center\"><img loading=\"lazy\" width=\"642\" height=\"761\" class=\"wp-image-17640\" style=\"width: 150px;\" src=\"https:\/\/minesup.gov.cm\/wp-content\/uploads\/2023\/09\/WhatsApp-Image-2023-09-25-at-12.13.31-e1695641120362.jpeg\" alt=\"\" srcset=\"https:\/\/www.minesup.gov.cm\/wp-content\/uploads\/2023\/09\/WhatsApp-Image-2023-09-25-at-12.13.31-e1695641120362.jpeg 642w, https:\/\/www.minesup.gov.cm\/wp-content\/uploads\/2023\/09\/WhatsApp-Image-2023-09-25-at-12.13.31-e1695641120362-253x300.jpeg 253w\" sizes=\"(max-width: 642px) 100vw, 642px\" \/><br><strong>M. Mebo&rsquo;o Jean marie<\/strong><br>Chef de <em>la Cellule de la Promotion de la Solidarit\u00e9 Universitaire<\/em><\/td><td class=\"has-text-align-center\" data-align=\"center\"><img loading=\"lazy\" width=\"550\" height=\"647\" class=\"wp-image-17637\" style=\"width: 150px;\" src=\"https:\/\/minesup.gov.cm\/wp-content\/uploads\/2023\/09\/WhatsApp-Image-2023-09-25-at-12.03.45-e1695640589323.jpeg\" alt=\"\" srcset=\"https:\/\/www.minesup.gov.cm\/wp-content\/uploads\/2023\/09\/WhatsApp-Image-2023-09-25-at-12.03.45-e1695640589323.jpeg 550w, https:\/\/www.minesup.gov.cm\/wp-content\/uploads\/2023\/09\/WhatsApp-Image-2023-09-25-at-12.03.45-e1695640589323-255x300.jpeg 255w\" sizes=\"(max-width: 550px) 100vw, 550px\" \/><br><strong>Mme EDJIMBI Marie Mich\u00e8le<\/strong><br>Chef de <em>la Cellule de Suivi de la Condition des Personnels et des Etudiants<\/em><\/td><\/tr><\/tbody><\/table><\/figure>\n","protected":false},"excerpt":{"rendered":"<p>&#46;&#46;&#46;<\/p>\n","protected":false},"author":2,"featured_media":0,"parent":0,"menu_order":0,"comment_status":"closed","ping_status":"closed","template":"","meta":[],"_links":{"self":[{"href":"https:\/\/www.minesup.gov.cm\/index.php\/wp-json\/wp\/v2\/pages\/14263"}],"collection":[{"href":"https:\/\/www.minesup.gov.cm\/index.php\/wp-json\/wp\/v2\/pages"}],"about":[{"href":"https:\/\/www.minesup.gov.cm\/index.php\/wp-json\/wp\/v2\/types\/page"}],"author":[{"embeddable":true,"href":"https:\/\/www.minesup.gov.cm\/index.php\/wp-json\/wp\/v2\/users\/2"}],"replies":[{"embeddable":true,"href":"https:\/\/www.minesup.gov.cm\/index.php\/wp-json\/wp\/v2\/comments?post=14263"}],"version-history":[{"count":2,"href":"https:\/\/www.minesup.gov.cm\/index.php\/wp-json\/wp\/v2\/pages\/14263\/revisions"}],"predecessor-version":[{"id":17951,"href":"https:\/\/www.minesup.gov.cm\/index.php\/wp-json\/wp\/v2\/pages\/14263\/revisions\/17951"}],"wp:attachment":[{"href":"https:\/\/www.minesup.gov.cm\/index.php\/wp-json\/wp\/v2\/media?parent=14263"}],"curies":[{"name":"wp","href":"https:\/\/api.w.org\/{rel}","templated":true}]}}