{"id":14264,"date":"2022-04-23T12:38:04","date_gmt":"2022-04-23T11:38:04","guid":{"rendered":"https:\/\/minesup.gov.cm\/?page_id=14264"},"modified":"2025-04-08T17:50:21","modified_gmt":"2025-04-08T16:50:21","slug":"division-des-etudes-de-la-prospective-et-des-statistiques-deps","status":"publish","type":"page","link":"https:\/\/www.minesup.gov.cm\/index.php\/division-des-etudes-de-la-prospective-et-des-statistiques-deps\/","title":{"rendered":"Division des \u00c9tudes, de la Prospective et des Statistiques (DEPS)"},"content":{"rendered":"\n<figure class=\"wp-block-table\"><table class=\"has-fixed-layout\"><tbody><tr><td class=\"has-text-align-center\" data-align=\"center\"><img loading=\"lazy\" width=\"1555\" height=\"1900\" class=\"wp-image-14413\" style=\"width: 150px;\" src=\"https:\/\/minesup.gov.cm\/wp-content\/uploads\/2022\/04\/DEPS-scaled-e1650885774679.jpg\" alt=\"\" srcset=\"https:\/\/www.minesup.gov.cm\/wp-content\/uploads\/2022\/04\/DEPS-scaled-e1650885774679.jpg 1555w, https:\/\/www.minesup.gov.cm\/wp-content\/uploads\/2022\/04\/DEPS-scaled-e1650885774679-246x300.jpg 246w, https:\/\/www.minesup.gov.cm\/wp-content\/uploads\/2022\/04\/DEPS-scaled-e1650885774679-838x1024.jpg 838w, https:\/\/www.minesup.gov.cm\/wp-content\/uploads\/2022\/04\/DEPS-scaled-e1650885774679-768x938.jpg 768w, https:\/\/www.minesup.gov.cm\/wp-content\/uploads\/2022\/04\/DEPS-scaled-e1650885774679-1257x1536.jpg 1257w\" sizes=\"(max-width: 1555px) 100vw, 1555px\" \/><br><strong>Pr MOHAMADOU GUIDADO<br><\/strong><em>Chef de Division<\/em><\/td><\/tr><\/tbody><\/table><\/figure>\n\n\n<p style=\"text-align: center;\"><span style=\"color: #000080;\"><strong>Chapitre 8 &#8211; DE LA DIVISION DES \u00c9TUDES, DE LA PROSPECTIVE ET DES STATISTIQUES<\/strong><\/span><\/p>\n<p style=\"text-align: justify;\">Article 71.- (1) Plac\u00e9e sous l&rsquo;autorit\u00e9 d&rsquo;un Chef de Division, la Division des Etudes, de la Prospective et des Statistiques est charg\u00e9e: <br>&#8211; de l&rsquo;\u00e9laboration des plans et des strat\u00e9gies de d\u00e9veloppement de l&rsquo;enseignement sup\u00e9rieur, en liaison avec les administrations concern\u00e9es ; <br>&#8211; des \u00e9tudes d&rsquo;impact sur l&rsquo;environnement \u00e9conomique national de l&rsquo;enseignement sup\u00e9rieur, en liaison avec les administrations concern\u00e9es; <br>&#8211; de l&rsquo;\u00e9laboration des Termes de R\u00e9f\u00e9rences des \u00e9tudes relatives \u00e0 l&rsquo;enseignement sup\u00e9rieur; <br>&#8211; de la r\u00e9alisation des \u00e9tudes, programmes et projets, en liaison avec les structures techniques et les partenaires concern\u00e9s; <br>&#8211; de la mise en place des outils d&rsquo;analyse, de planification, de programmation et modification des programmes; <br>&#8211; de la centralisation et du traitement des donn\u00e9es statistiques de l&rsquo;enseignement sup\u00e9rieur; <br>&#8211; du suivi de la mise \u00e0 jour permanente de la carte universitaire; <br>&#8211; de la gestion des syst\u00e8mes d&rsquo;information de l&rsquo;enseignement sup\u00e9rieur; <br>&#8211; de l&rsquo;\u00e9laboration, de la publication et de la diffusion de la note de conjoncture et des \u00e9tudes r\u00e9alis\u00e9es. <br>(2) Elle comprend: <br>&#8211; la Cellule des Etudes de la Prospective; <br>&#8211; la Cellule des Statistiques.<\/p>\n<p style=\"text-align: justify;\"><span style=\"color: #000080;\"><strong>Section I &#8211; De la Cellule des \u00c9tudes et de la Prospective<\/strong><\/span> <br>Article 72.- (1) Plac\u00e9e sous l&rsquo;autorit\u00e9 d&rsquo;un Chef de Cellule, la Cellule des Etudes et de la Prospective est charg\u00e9e : <br>&#8211; de l&rsquo;\u00e9laboration des plans, des strat\u00e9gies et programmes du secteur \u00e9ducatif et du sous-secteur de l&rsquo;enseignement sup\u00e9rieur, en liaison avec les administrations concern\u00e9es; <br>&#8211; de l&rsquo;\u00e9laboration des notes de conjoncture du sous-secteur de l&rsquo;enseignement sup\u00e9rieur; <br>&#8211; de l&rsquo;\u00e9laboration et de la mise \u00e0 jour permanente de la carte universitaire; <br>&#8211; de la collecte, de la centralisation et de la mise \u00e0 jour des \u00e9tudes r\u00e9alis\u00e9es dans le sous-secteur de l&rsquo;enseignement sup\u00e9rieur, en liaison avec les structures techniques concern\u00e9es; <br>&#8211; des \u00e9tudes sur les co\u00fbts et le financement de la formation dans l&rsquo;enseignement sup\u00e9rieur. <br>(2) Elle comprend, outre le Chef de Cellule, quatre (04) Charg\u00e9s d&rsquo;Etudes Assistants.<\/p>\n<p style=\"text-align: justify;\"><span style=\"color: #000080;\"><strong>Section 2 &#8211; De la Cellule des Statistiques<\/strong><\/span> <br>Article 73.- (1) Plac\u00e9e sous l&rsquo;autorit\u00e9 d&rsquo;un Chef de Cellule, la Cellule des Statistiques est charg\u00e9e de : <br>&#8211; la production, de la diffusion et de la conservation des donn\u00e9es statistiques concernant l&rsquo;enseignement sup\u00e9rieur; <br>&#8211; la d\u00e9finition et de la diffusion des normes de collecte et de traitement des donn\u00e9es statistiques du Minist\u00e8re; <br>&#8211; l&rsquo;\u00e9laboration et de la publication des annuaires statistiques de l&rsquo;enseignement sup\u00e9rieur; <br>&#8211; la gestion des syst\u00e8mes d&rsquo;information de l&rsquo;enseignement sup\u00e9rieur. <br>(2) Elle comprend, outre le Chef de Cellule, deux (02) Charg\u00e9s d&rsquo;Etudes Assistants.<\/p>\n\n\n<figure class=\"wp-block-table\"><table class=\"has-fixed-layout\"><tbody><tr><td class=\"has-text-align-center\" data-align=\"center\"><strong>Dr NDAM<br><\/strong><em>Chef<\/em><strong><em> <\/em><\/strong><em>de la Cellule des Etudes de la Prospective<\/em><\/td><td class=\"has-text-align-center\" data-align=\"center\"><br><strong>Pr NKOUE NDONDO Gustave Raoul<\/strong><br><em>Chef de la Cellule des Statistiques<\/em><\/td><\/tr><\/tbody><\/table><\/figure>\n","protected":false},"excerpt":{"rendered":"<p>&#46;&#46;&#46;<\/p>\n","protected":false},"author":2,"featured_media":0,"parent":0,"menu_order":0,"comment_status":"closed","ping_status":"closed","template":"","meta":[],"_links":{"self":[{"href":"https:\/\/www.minesup.gov.cm\/index.php\/wp-json\/wp\/v2\/pages\/14264"}],"collection":[{"href":"https:\/\/www.minesup.gov.cm\/index.php\/wp-json\/wp\/v2\/pages"}],"about":[{"href":"https:\/\/www.minesup.gov.cm\/index.php\/wp-json\/wp\/v2\/types\/page"}],"author":[{"embeddable":true,"href":"https:\/\/www.minesup.gov.cm\/index.php\/wp-json\/wp\/v2\/users\/2"}],"replies":[{"embeddable":true,"href":"https:\/\/www.minesup.gov.cm\/index.php\/wp-json\/wp\/v2\/comments?post=14264"}],"version-history":[{"count":6,"href":"https:\/\/www.minesup.gov.cm\/index.php\/wp-json\/wp\/v2\/pages\/14264\/revisions"}],"predecessor-version":[{"id":19527,"href":"https:\/\/www.minesup.gov.cm\/index.php\/wp-json\/wp\/v2\/pages\/14264\/revisions\/19527"}],"wp:attachment":[{"href":"https:\/\/www.minesup.gov.cm\/index.php\/wp-json\/wp\/v2\/media?parent=14264"}],"curies":[{"name":"wp","href":"https:\/\/api.w.org\/{rel}","templated":true}]}}