{"id":14265,"date":"2022-04-23T12:38:15","date_gmt":"2022-04-23T11:38:15","guid":{"rendered":"https:\/\/minesup.gov.cm\/?page_id=14265"},"modified":"2025-04-08T18:21:59","modified_gmt":"2025-04-08T17:21:59","slug":"direction-des-affaires-generales-dag","status":"publish","type":"page","link":"https:\/\/www.minesup.gov.cm\/index.php\/direction-des-affaires-generales-dag\/","title":{"rendered":"Direction des Affaires G\u00e9n\u00e9rales (DAG)"},"content":{"rendered":"\n<figure class=\"wp-block-table\"><table><tbody><tr><td class=\"has-text-align-center\" data-align=\"center\"><br><strong>M ATANGANA Edmond Jules Roch<\/strong><br><em>Directeur<\/em><\/td><\/tr><\/tbody><\/table><\/figure>\n\n\n<p style=\"text-align: center;\"><strong><span style=\"color: #000080;\">CHAPITRE 9 &#8211; DE LA DIRECTION DES AFFAIRES G\u00c9N\u00c9RALES<\/span><\/strong><\/p>\n<p style=\"text-align: justify;\">Article 74.- (1) Plac\u00e9e sous l&rsquo;autorit\u00e9 d&rsquo;un Directeur, la Direction des Affaires G\u00e9n\u00e9rales est charg\u00e9e : <br>&#8211; de la mise en \u0153uvre de la politique de gestion des ressources humaines du Minist\u00e8re; <br>&#8211; du recrutement des personnels d\u00e9cisionnaires; <br>&#8211; de la coordination de l&rsquo;\u00e9laboration du plan de formation des personnels internes; <br>&#8211; du suivi de l&rsquo;am\u00e9lioration des conditions de travail ; <br>&#8211; de la pr\u00e9paration des actes administratifs de gestion du personnel interne; <br>&#8211; de la pr\u00e9paration des mesures d&rsquo;affectation des personnels au sein du d\u00e9partement; <br>&#8211; de l&rsquo;instruction des dossiers disciplinaires des personnels internes; <br>&#8211; de l&rsquo;application des textes l\u00e9gislatifs et r\u00e9glementaires relatifs aux d\u00e9penses des personnels du Minist\u00e8re; <br>&#8211; de la pr\u00e9paration des \u00e9l\u00e9ments de solde et accessoires de solde des personnels en service au Minist\u00e8re; <br>&#8211; de la saisie et de la validation solde de la prise en charge des actes de recrutement, de promotion, de nomination, d&rsquo;avancement de cadre et de grade ; <br>&#8211; de la saisie et de la validation solde des indemnit\u00e9s et primes diverses; <br>&#8211; de la saisie et de la validation solde des prestations familiales; <br>&#8211; de la mise \u00e0 jour du fichier solde; <br>&#8211; de l&rsquo;\u00e9laboration et la liquidation des actes de concession des droits de pension et rente viag\u00e8res; <br>&#8211; de l&rsquo;\u00e9laboration et la liquidation des actes conc\u00e9dant les rentes d&rsquo;accidents de travail et de maladies professionnelles; <br>&#8211; de la mise \u00e0 jour du fichier des personnels internes; <br>&#8211; de l&rsquo;\u00e9laboration, de l&rsquo;ex\u00e9cution et du contr\u00f4le du budget du Minist\u00e8re; <br>&#8211; de la pr\u00e9paration des Dossiers d&rsquo;Appels d&rsquo;Offres et du suivi de l&rsquo;ex\u00e9cution des march\u00e9s publics aupr\u00e8s du Minist\u00e8re; <br>&#8211; du contr\u00f4le du respect des proc\u00e9dures de passation de march\u00e9s; de la tenue du fichier et des statistiques sur les march\u00e9s publics; du suivi et de l&rsquo;ex\u00e9cution des prestations de services; <br>&#8211; de la gestion et de la maintenance des biens meubles et immeubles du Minist\u00e8re. <br>(2) Elle comprend: <br>&#8211; la Cellule de Gestion du Projet SIGIPES ; <br>&#8211; la Sous-Direction des Personnels de la Solde et des Pensions; <br>&#8211; la Sous-Direction du Budget et du Mat\u00e9riel.<\/p>\n<p style=\"text-align: justify;\"><span style=\"color: #000080;\"><strong>Section I &#8211; De la Cellule De Gestion du Projet SIGIPES<\/strong><\/span> <br>Article 75.- (1) Plac\u00e9e sous l&rsquo;autorit\u00e9 d&rsquo;un Chef de Cellule, la Cellule de Gestion du Projet SIGIPES <br>(Syst\u00e8me Informatique de Gestion Int\u00e9gr\u00e9e des Personnels de l&rsquo;Etat et de la Solde) est charg\u00e9e de : <br>&#8211; la centralisation et de la mise \u00e0 jour permanente des fichiers \u00e9lectroniques du personnel et de la solde du Minist\u00e8re; <br>&#8211; l&rsquo;\u00e9dition des documents de la solde; <br>&#8211; l&rsquo;exploitation et de la maintenance des applications informatiques de la Sous-Direction des personnels, de la Solde et des Pensions. <br>(2) Elle comprend, outre le Chef de Cellule, deux (02) Charg\u00e9s d&rsquo;Etudes Assistants.<\/p>\n<p style=\"text-align: justify;\"><span style=\"color: #000080;\"><strong>Section 2 &#8211; De la Sous-Direction des Personnels, de la Solde et des Pensions<\/strong><\/span> <br>Article 76.- (1) Plac\u00e9e sous l&rsquo;autorit\u00e9 d&rsquo;un Sous-Directeur, la Sous-Direction des Personnels, de la Solde et des Pensions est charg\u00e9e: <br>&#8211; de la centralisation et de la mise \u00e0 jour permanente des fichiers physiques du personnel de la solde du Minist\u00e8re; <br>&#8211; de la pr\u00e9paration des mesures d&rsquo;affectation des personnels au sein du Minist\u00e8re, conform\u00e9ment au cadre organique; <br>&#8211; du suivi de la carri\u00e8re des personnels; <br>&#8211; de l&rsquo;\u00e9laboration du plan sectoriel de formation des personnels du Minist\u00e8re; <br>&#8211; de la pr\u00e9paration des actes de gestion des personnels; <br>&#8211; de l&rsquo;instruction des dossiers disciplinaires des personnels; <br>&#8211; de l&rsquo;assistance sociale aux personnels et de l&rsquo;appui \u00e0 la vie associative et culturelle; <br>&#8211; de l&rsquo;exploitation des applications informatiques de gestion int\u00e9gr\u00e9e des Personnels de l&rsquo;Etat et de la Solde; <br>&#8211; de la pr\u00e9paration des \u00e9l\u00e9ments de solde et accessoires de solde; <br>&#8211; de la saisie et de la validation solde de la prise en charge des actes de recrutement, de promotion, de nomination, d&rsquo;avancement de cadre et de grade; <br>&#8211; de la saisie et de la validation solde des indemnit\u00e9s et primes diverses; <br>&#8211; de la saisie et de la validation solde des prestations familiales ; <br>&#8211; de la mise \u00e0 jour du fichier solde; <br>&#8211; de l&rsquo;\u00e9laboration et la liquidation des actes de concession des droits de pension et rente viag\u00e8res; <br>&#8211; de l&rsquo;\u00e9laboration et de la liquidation des actes conc\u00e9dant les rentes d&rsquo;accidents de travail et de maladies professionnelles. <br>(2) Elle comprend: <br>&#8211; le Service des Personnels; <br>&#8211; le Service de la Solde et des Pensions; <br>&#8211; le Service de la Gestion Pr\u00e9visionnelle, de la Formation et des Stages; <br>&#8211; le Service de l&rsquo;Action Sociale. <br>Article 77.- (1) Plac\u00e9 sous l&rsquo;autorit\u00e9 d&rsquo;un Chef de Service, le Service des Personnels est charg\u00e9: <br>&#8211; de l&rsquo;instruction des actes de gestion des personnels Enseignants; <br>&#8211; de l&rsquo;instruction des actes de gestion des personnels du Minist\u00e8re; <br>&#8211; de la tenue du fichier des dossiers individuels des personnels relevant du Minist\u00e8re; <br>&#8211; de la pr\u00e9paration, de la tenue et du suivi des commissions paritaires d&rsquo;avancement des personnels; <br>&#8211; de la gestion des postes de travail ; <br>&#8211; de l&rsquo;instruction des dossiers disciplinaires des personnels non enseignants; <br>&#8211; des r\u00e9compenses et des distinctions honorifiques; <br>&#8211; du contr\u00f4le des effectifs des personnels ; <br>&#8211; du respect de la d\u00e9ontologie administrative; <br>&#8211; du suivi de l&rsquo;\u00e9valuation des personnels non-enseignants. <br>(2) Il comprend: <br>&#8211; le Bureau des personnels fonctionnaires; <br>&#8211; le Bureau des Personnels non fonctionnaires; <br>&#8211; le Bureau du fichier des personnels. <br>Article 78.- (1) Plac\u00e9 sous l&rsquo;autorit\u00e9 d&rsquo;un Chef de Service, le Service de la Solde et des Pensions est charg\u00e9: <br>&#8211; de la pr\u00e9paration de la solde et des actes de paiement; <br>&#8211; du traitement des dossiers des prestations familiales; <br>&#8211; de la pr\u00e9paration des actes relatifs aux accessoires de solde ; <br>&#8211; de la saisie et de la validation solde de la prise en charge des actes de recrutement, de promotion, de nomination, d&rsquo;avancement de cadre et de grade; <br>&#8211; de la saisie et de la validation solde des indemnit\u00e9s et primes diverses; <br>&#8211; de la saisie et de la validation solde des prestations familiales; <br>&#8211; de la mise \u00e0 jour du fichier solde; <br>&#8211; de la pr\u00e9paration des actes de concession des droits \u00e0 pension et rentes viag\u00e8res; <br>&#8211; de la pr\u00e9paration des actes conc\u00e9dant les rentes d&rsquo;accidents de travail et de maladies professionnelles; <br>&#8211; du traitement financier des dossiers des maladies et des risques professionnels; <br>&#8211; de la documentation et des archives relatives \u00e0 la solde; <br>&#8211; de la pr\u00e9paration des actes de pensions; <br>&#8211; de la pr\u00e9paration de l&rsquo;\u00e9tablissement des listings de pensions; <br>&#8211; de la gestion du contentieux solde, en liaison avec les services comp\u00e9tents du Minist\u00e8re charg\u00e9 des Finances. <br>(2) Il comprend : <br>&#8211; le Bureau de la Solde et des Prestations Diverses; <br>&#8211; le Bureau des Requ\u00eates. 24 <br>Article 79.- (1) Plac\u00e9 sous l&rsquo;autorit\u00e9 d&rsquo;un Chef de Service, le Service de la Gestion Pr\u00e9visionnelle, de la Formation et des Stages est charg\u00e9: <br>&#8211; de la centralisation et de la gestion pr\u00e9visionnelle des besoins de formation; <br>&#8211; de l&rsquo;\u00e9laboration et de la mise en \u0153uvre du plan sous sectoriel de la formation du personnel du Minist\u00e8re; <br>&#8211; de la formulation des propositions relatives \u00e0 la d\u00e9finition de la politique de formation des personnels; <br>&#8211; du respect et de la mise en application des proc\u00e9dures de formation continue des personnels ; <br>&#8211; de l&rsquo;\u00e9valuation des besoins et de la programmation des activit\u00e9s de formation et de perfectionnement des personnels, en liaison avec les administrations et organismes concern\u00e9s; <br>&#8211; de la recherche et de l&rsquo;exploitation des offres de bourses de formation pour les personnels ; <br>&#8211; de l&rsquo;organisation et du suivi des stages et s\u00e9minaires pour les personnels. <br>(2) Il comprend : <br>&#8211; le Bureau de la Gestion Pr\u00e9visionnelle; <br>&#8211; le Bureau de la Formation et des Stages. <br>Article 80.- Plac\u00e9 sous l&rsquo;autorit\u00e9 d&rsquo;un Chef de Service, le Service de l&rsquo;Action Sociale est charg\u00e9: <br>&#8211; de l&rsquo;information du personnel sur les proc\u00e9dures d&rsquo;assistance relatives aux maladies et aux accidents professionnels de travail et \u00e0 la prise en charge m\u00e9dicale, en liaison avec les Minist\u00e8res en charge des Finances et de la Sant\u00e9; <br>&#8211; du suivi de l&rsquo;am\u00e9lioration des conditions de travail dans les services; <br>&#8211; de l&rsquo;appui \u00e0 la vie associative et culturelle des personnels.<\/p>\n<p style=\"text-align: justify;\"><span style=\"color: #000080;\"><strong>Section 3 &#8211; De la Sous-Direction Du Budget, du Mat\u00e9riel et de la Maintenance<\/strong><\/span> <br>Article 81.- (1) Plac\u00e9e sous l&rsquo;autorit\u00e9 d&rsquo;un Sous-Directeur, la Sous-Direction du Budget, du Mat\u00e9riel et de la Maintenance est charg\u00e9e: <br>&#8211; de l&rsquo;\u00e9laboration, de l&rsquo;ex\u00e9cution et du suivi de l&rsquo;ex\u00e9cution du budget du Minist\u00e8re et des organes rattach\u00e9s et sous-tutelle; <br>&#8211; de la gestion des approvisionnements g\u00e9n\u00e9raux; <br>&#8211; de la pr\u00e9paration et du suivi de l&rsquo;ex\u00e9cution des march\u00e9s du Minist\u00e8re; <br>&#8211; de l&rsquo;acquisition, de l&rsquo;entretien et de la maintenance du mat\u00e9riel et des \u00e9quipements du Minist\u00e8re; <br>&#8211; du suivi de l&rsquo;ex\u00e9cution des projets d&rsquo;investissement du Minist\u00e8re et des institutions universitaires publiques; <br>&#8211; de la tenue du fichier et de la consolidation du patrimoine des institutions universitaires publiques; <br>&#8211; de la pr\u00e9paration des dossiers relatifs aux projets d&rsquo;investissement du Minist\u00e8re et des institutions universitaires publiques, en relation avec les services techniques comp\u00e9tents; <br>&#8211; de l&rsquo;instruction des dossiers relatifs \u00e0 la passation des march\u00e9s; <br>&#8211; du suivi de l&rsquo;ex\u00e9cution des march\u00e9s; <br>&#8211; du suivi des \u00e9tudes relatives aux diff\u00e9rents projets du Minist\u00e8re. <br>(2) Elle comprend: <br>&#8211; le Service du Budget; <br>&#8211; le Service des March\u00e9s Publics; <br>&#8211; le Service du Mat\u00e9riel et de la Maintenance. <br>Article 82.- (1) Plac\u00e9 sous l&rsquo;autorit\u00e9 d&rsquo;un Chef de Service, le Service du Budget est charg\u00e9: <br>&#8211; de l&rsquo;\u00e9laboration, de l&rsquo;ex\u00e9cution et du suivi de l&rsquo;ex\u00e9cution du budget du Minist\u00e8re et des organes rattach\u00e9s et sous-tutelle; <br>&#8211; de l&rsquo;\u00e9laboration des instruments d&rsquo;ex\u00e9cution du budget; <br>&#8211; du suivi des engagements financiers des services centraux, en liaison avec les administrations concern\u00e9es. <br>(2) Il comprend: <br>&#8211; le Bureau du Budget; <br>&#8211; le Bureau des Approvisionnements. <br>Article 83.- (1) Plac\u00e9 sous l&rsquo;autorit\u00e9 d&rsquo;un Chef de Service, le Service des March\u00e9s Publics est charg\u00e9: <br>&#8211; de la pr\u00e9paration des Dossiers d&rsquo;Appel d&rsquo;Offres ou Consultation; &#8211; du respect et du suivi des proc\u00e9dures de passation et de contr\u00f4le de l&rsquo;ex\u00e9cution des march\u00e9s publics, en liaison avec le Minist\u00e8re en charge des march\u00e9s publics; <br>&#8211; de la tenue du fichier et des statistiques sur les march\u00e9s publics du Minist\u00e8re; <br>&#8211; du suivi du contentieux en mati\u00e8re des march\u00e9s publics, en liaison avec la Division des Affaires Juridiques; <br>&#8211; de la conservation des documents des march\u00e9s publics du Minist\u00e8re; <br>&#8211; de la transmission de tous les documents relatifs \u00e0 la commande publique au Minist\u00e8re en charge des march\u00e9s publics. <br>(2) Il comprend: <br>&#8211; le Bureau des Appels d&rsquo;Offres ; <br>&#8211; le Bureau du Suivi et du Contr\u00f4le de l&rsquo;ex\u00e9cution des march\u00e9s. <br>Article 84.- (1) Plac\u00e9 sous l&rsquo;autorit\u00e9 d&rsquo;un Chef de Service, le Service du Mat\u00e9riel et de la Maintenance est charg\u00e9: <br>&#8211; de la mise au point des sp\u00e9cifications techniques des \u00e9quipements; <br>&#8211; de la propret\u00e9 des locaux et de leurs abords; <br>&#8211; du suivi de l&rsquo;ex\u00e9cution des contrats d&rsquo;entretien des b\u00e2timents et de la maintenance des mat\u00e9riels et \u00e9quipements; <br>&#8211; du conseil et de l&rsquo;assistance en mati\u00e8re d&rsquo;acquisition du mat\u00e9riel; <br>&#8211; de l&rsquo;inventaire des mat\u00e9riels et \u00e9quipements du Minist\u00e8re; <br>&#8211; de l&rsquo;\u00e9laboration et du suivi de l&rsquo;\u00e9tat des besoins en mat\u00e9riels et \u00e9quipements du Minist\u00e8re. <br>(2) Il comprend: <br>&#8211; le Bureau de la Maintenance; <br>&#8211; le Bureau de la Propret\u00e9.<\/p>\n\n\n<figure class=\"wp-block-table\"><table class=\"has-fixed-layout\"><tbody><tr><td class=\"has-text-align-center\" data-align=\"center\"><strong>SAMEN Georges Labro<\/strong><br><em>Chef de la Cellule de Gestion du Projet SIGIPES<\/em><\/td><td class=\"has-text-align-center\" data-align=\"center\"><img loading=\"lazy\" width=\"768\" height=\"777\" class=\"wp-image-14485\" style=\"width: 150px;\" src=\"https:\/\/minesup.gov.cm\/wp-content\/uploads\/2022\/04\/sd-personnel.jpg\" alt=\"\" srcset=\"https:\/\/www.minesup.gov.cm\/wp-content\/uploads\/2022\/04\/sd-personnel.jpg 768w, https:\/\/www.minesup.gov.cm\/wp-content\/uploads\/2022\/04\/sd-personnel-297x300.jpg 297w, https:\/\/www.minesup.gov.cm\/wp-content\/uploads\/2022\/04\/sd-personnel-80x80.jpg 80w\" sizes=\"(max-width: 768px) 100vw, 768px\" \/><br><strong><mark style=\"background-color:rgba(0, 0, 0, 0);color:#000000\" class=\"has-inline-color\">ONDIGUI MEKONGO Luc<\/mark><\/strong><br><em>Sous-Directeur des Personnels de la Solde et des Pensions<\/em><\/td><td class=\"has-text-align-center\" data-align=\"center\"><img loading=\"lazy\" width=\"575\" height=\"655\" class=\"wp-image-14484\" style=\"width: 150px;\" src=\"https:\/\/minesup.gov.cm\/wp-content\/uploads\/2022\/04\/sd-budget.jpg\" alt=\"\" srcset=\"https:\/\/www.minesup.gov.cm\/wp-content\/uploads\/2022\/04\/sd-budget.jpg 575w, https:\/\/www.minesup.gov.cm\/wp-content\/uploads\/2022\/04\/sd-budget-263x300.jpg 263w\" sizes=\"(max-width: 575px) 100vw, 575px\" \/><br><strong>ASSAM Francis Blaise<\/strong><br><em>Sous-Directeur du Budget et du Mat\u00e9riel<\/em><\/td><\/tr><\/tbody><\/table><\/figure>\n","protected":false},"excerpt":{"rendered":"<p>&#46;&#46;&#46;<\/p>\n","protected":false},"author":2,"featured_media":0,"parent":0,"menu_order":0,"comment_status":"closed","ping_status":"closed","template":"","meta":[],"_links":{"self":[{"href":"https:\/\/www.minesup.gov.cm\/index.php\/wp-json\/wp\/v2\/pages\/14265"}],"collection":[{"href":"https:\/\/www.minesup.gov.cm\/index.php\/wp-json\/wp\/v2\/pages"}],"about":[{"href":"https:\/\/www.minesup.gov.cm\/index.php\/wp-json\/wp\/v2\/types\/page"}],"author":[{"embeddable":true,"href":"https:\/\/www.minesup.gov.cm\/index.php\/wp-json\/wp\/v2\/users\/2"}],"replies":[{"embeddable":true,"href":"https:\/\/www.minesup.gov.cm\/index.php\/wp-json\/wp\/v2\/comments?post=14265"}],"version-history":[{"count":2,"href":"https:\/\/www.minesup.gov.cm\/index.php\/wp-json\/wp\/v2\/pages\/14265\/revisions"}],"predecessor-version":[{"id":19525,"href":"https:\/\/www.minesup.gov.cm\/index.php\/wp-json\/wp\/v2\/pages\/14265\/revisions\/19525"}],"wp:attachment":[{"href":"https:\/\/www.minesup.gov.cm\/index.php\/wp-json\/wp\/v2\/media?parent=14265"}],"curies":[{"name":"wp","href":"https:\/\/api.w.org\/{rel}","templated":true}]}}