{"id":14355,"date":"2022-04-24T21:24:02","date_gmt":"2022-04-24T20:24:02","guid":{"rendered":"https:\/\/minesup.gov.cm\/?page_id=14355"},"modified":"2023-03-20T02:09:31","modified_gmt":"2023-03-20T01:09:31","slug":"contact","status":"publish","type":"page","link":"https:\/\/www.minesup.gov.cm\/index.php\/contact\/","title":{"rendered":"Contact"},"content":{"rendered":"<p style=\"text-align: justify;\">BP: 1739 Yaound\u00e9<\/p>\n<p style=\"text-align: justify;\"><strong><span style=\"text-decoration: underline;\">Cabinet du Ministre<\/span><\/strong><br \/>\ne-mail: <a href=\"mailto:cab@minesup.gov.cm\">cab@minesup.gov.cm<\/a> ; Tel: 222 22 13 70 et Fax: 222 22 97 24<\/p>\n<p style=\"text-align: justify;\"><strong><span style=\"text-decoration: underline;\">Secr\u00e9tariat G\u00e9n\u00e9ral<\/span><\/strong><br \/>\ne-mail: <a href=\"mailto:sg@minesup.gov.cm\">sg@minesup.gov.cm<\/a> ; T\u00e9l: 222 22 29 83<\/p>\n<p style=\"text-align: justify;\"><strong><span style=\"text-decoration: underline;\">Secr\u00e9tariat Particulier<\/span><\/strong><br \/>\ne-mail: <a href=\"mailto:sp@minesup.gov.cm\">sp@minesup.gov.cm<\/a> ; T\u00e9l: 222 22 66 60<\/p>\n<p style=\"text-align: justify;\"><strong><span style=\"text-decoration: underline;\">Inspection G\u00e9n\u00e9rale des Services<\/span><\/strong><br \/>\ne-mail: <a href=\"mailto:igs@minesup.gov.cm\">igs@minesup.gov.cm<\/a> ; T\u00e9l: 222 22 57 48<\/p>\n<p style=\"text-align: justify;\"><span style=\"text-decoration: underline;\"><strong>Inspection G\u00e9n\u00e9rale des Affaires Acad\u00e9miques<\/strong><\/span><br \/>\ne-mail: <a href=\"mailto:iga@minesup.gov.cm\">iga@minesup.gov.cm<\/a> ; T\u00e9l: 222 22 46 60<\/p>\n<p style=\"text-align: justify;\"><span style=\"text-decoration: underline;\"><strong>Direction du D\u00e9veloppement de l&rsquo;Enseignement Sup\u00e9rieur<\/strong><\/span><br \/>\ne-mail: <a href=\"mailto:ddes@minesup.gov.cm\">ddes@minesup.gov.cm<\/a> ; T\u00e9l: 222 23 14 07<\/p>\n<p style=\"text-align: justify;\"><span style=\"text-decoration: underline;\"><strong>Sous-Direction de l&rsquo;Accueil, du Courrier et de Liaison<\/strong><\/span><br \/>\ne-mail: <a href=\"mailto:sdacl@minesup.gov.cm\">sdacl@minesup.gov.cm<\/a> ; T\u00e9l: 222 22 19 07<\/p>\n<p style=\"text-align: justify;\"><span style=\"text-decoration: underline;\"><strong>Direction des Affaires G\u00e9n\u00e9rales<\/strong><\/span><br \/>\ne-mail: <a href=\"mailto:dag@minesup.gov.cm\">dag@minesup.gov.cm<\/a> ; T\u00e9l: 222 22 27 13<\/p>\n<p style=\"text-align: justify;\"><span style=\"text-decoration: underline;\"><strong>Division des Syst\u00e8mes d&rsquo;Information<\/strong><\/span><br \/>\ne-mail: <a href=\"mailto:dsi@minesup.gov.cm\">dsi@minesup.gov.cm<\/a> ; T\u00e9l: 222 22 67 59<\/p>\n<p style=\"text-align: justify;\"><span style=\"text-decoration: underline;\"><strong>Division des Affaires Juridiques<\/strong><\/span><br \/>\ne-mail: <a href=\"mailto:daj@minesup.gov.cm\">daj@minesup.gov.cm<\/a> ; T\u00e9l:<\/p>\n<p style=\"text-align: justify;\"><span style=\"text-decoration: underline;\"><strong>Direction de la Coordination des Activit\u00e9s Acad\u00e9miques<\/strong><\/span><br \/>\ne-mail: <a href=\"mailto:dcaa@minesup.gov.cm\">dcaa@minesup.gov.cm<\/a> ; T\u00e9l:<\/p>\n<p style=\"text-align: justify;\"><span style=\"text-decoration: underline;\"><strong>Direction des Accr\u00e9ditations Universitaires et de la Qualit\u00e9<\/strong><\/span><br \/>\ne-mail:<a href=\"mailto:dauq@minesup.gov.cm\"> dauq@minesup.gov.cm<\/a> ; T\u00e9l:<\/p>\n<p style=\"text-align: justify;\"><span style=\"text-decoration: underline;\"><strong>Direction de l\u2019Assistance et des \u0152uvres Universitaires<\/strong><\/span><br \/>\ne-mail: <a href=\"mailto:daou@minesup.gov.cm\">daou@minesup.gov.cm<\/a> ; T\u00e9l:22 23 10 01<\/p>\n<p style=\"text-align: justify;\"><span style=\"text-decoration: underline;\"><strong>Division de la Recherche et de la Coop\u00e9ration Universitaire<\/strong><\/span><br \/>\ne-mail: <a href=\"mailto:drcu@minesup.gov.cm\">drcu@minesup.gov.cm<\/a> ; T\u00e9l :<\/p>\n<p style=\"text-align: justify;\"><strong><span style=\"text-decoration: underline;\">Division de la Promotion du Dialogue et de la Solidarit\u00e9 Universitaire<\/span><\/strong><br \/>\ne-mail: <a href=\"mailto:dpdsu@minesup.gov.cm\">dpdsu@minesup.gov.cm<\/a> ; T\u00e9l : 22 23 03 12<\/p>\n<p style=\"text-align: justify;\"><span style=\"text-decoration: underline;\"><strong>Division des Etudes, de la Prospective et des Statistiques<\/strong><\/span><br \/>\ne-mail: <a href=\"mailto:deps@minesup.gov.cm\">deps@minesup.gov.cm<\/a> ; T\u00e9l<\/p>\n<p>best replica watches site 2023<\/p>\n<p><a href=\"https:\/\/www.watchesreplica.to\/\">replica watches<\/a><\/p>\n","protected":false},"excerpt":{"rendered":"<p>&#46;&#46;&#46;<\/p>\n","protected":false},"author":2,"featured_media":0,"parent":0,"menu_order":0,"comment_status":"closed","ping_status":"closed","template":"","meta":[],"_links":{"self":[{"href":"https:\/\/www.minesup.gov.cm\/index.php\/wp-json\/wp\/v2\/pages\/14355"}],"collection":[{"href":"https:\/\/www.minesup.gov.cm\/index.php\/wp-json\/wp\/v2\/pages"}],"about":[{"href":"https:\/\/www.minesup.gov.cm\/index.php\/wp-json\/wp\/v2\/types\/page"}],"author":[{"embeddable":true,"href":"https:\/\/www.minesup.gov.cm\/index.php\/wp-json\/wp\/v2\/users\/2"}],"replies":[{"embeddable":true,"href":"https:\/\/www.minesup.gov.cm\/index.php\/wp-json\/wp\/v2\/comments?post=14355"}],"version-history":[{"count":1,"href":"https:\/\/www.minesup.gov.cm\/index.php\/wp-json\/wp\/v2\/pages\/14355\/revisions"}],"predecessor-version":[{"id":16181,"href":"https:\/\/www.minesup.gov.cm\/index.php\/wp-json\/wp\/v2\/pages\/14355\/revisions\/16181"}],"wp:attachment":[{"href":"https:\/\/www.minesup.gov.cm\/index.php\/wp-json\/wp\/v2\/media?parent=14355"}],"curies":[{"name":"wp","href":"https:\/\/api.w.org\/{rel}","templated":true}]}}