{"id":15200,"date":"2022-08-16T16:56:54","date_gmt":"2022-08-16T15:56:54","guid":{"rendered":"https:\/\/minesup.gov.cm\/?page_id=15200"},"modified":"2022-08-16T16:56:55","modified_gmt":"2022-08-16T15:56:55","slug":"institut-de-haute-technologie-et-management-ihtm","status":"publish","type":"page","link":"https:\/\/www.minesup.gov.cm\/index.php\/institut-de-haute-technologie-et-management-ihtm\/","title":{"rendered":"Institut de Haute Technologie et Management (IHTM)"},"content":{"rendered":"<p style=\"text-align: center;\"><strong>INFORMATIONS D\u2019IDENTIFICATION<\/strong><\/p>\n<p><strong>Nom de l\u2019institution\u00a0<\/strong>: Institut de Haute Technologie et Management (IHTM)<br \/>\n<strong>Nom du promoteur<\/strong> : TIETSE Dieudonn\u00e9<br \/>\n<strong>R\u00e9gion\u00a0<\/strong>: Centre<br \/>\n<strong>D\u00e9partement\u00a0<\/strong>:<br \/>\n<strong>Arrondissement\u00a0<\/strong>:<br \/>\n<strong>Site de localisation\u00a0<\/strong>:<br \/>\n<strong>Adresse postale<\/strong> :\u00a0<strong><br \/>\nT\u00e9l\u00e9phone\u00a0<\/strong>: +237\u00a0 677 114 756 \/ 699 523 134<br \/>\n<strong>Email<\/strong> <strong>:<\/strong><br \/>\n<strong>Site web :\u00a0<\/strong><\/p>\n<p><strong>A<\/strong><strong>dresse dans les r\u00e9seaux sociaux\u00a0<\/strong>:<\/p>\n<p style=\"text-align: center;\"><strong>INFORMATIONS SUR LE STATUT D\u2019ACCR\u00c9DITATION<\/strong><\/p>\n<p style=\"text-align: justify;\"><strong>Arr\u00eat\u00e9s portant cr\u00e9ation <\/strong>: N\u00b019\/01741\/L\/MINESUP\/SG\/DDES\/ESUP\/SDA\/OAGS du 18 f\u00e9vrier 2019.<br \/>\n<strong>Autorisation d\u2019ouverture<\/strong>\u00a0: N\u00b019\/01741\/L\/MINESUP\/SG\/DDES\/ESUP\/SDA\/OAGS du 18 f\u00e9vrier 2019.<\/p>\n<p style=\"text-align: center;\"><strong>FILI\u00c8RES, SP\u00c9CIALIT\u00c9S ET DIPL\u00d4MES AUTORIS\u00c9S<\/strong><\/p>\n<p style=\"text-align: justify;\"><strong>Cycle de formation : <\/strong>1er cycle<br \/>\n<strong>Dipl\u00f4mes concern\u00e9s :<\/strong> BTS<br \/>\n<strong><u>Fili\u00e8re 1<\/u><\/strong><strong> : Commerce-Vente<\/strong><br \/>\n<strong><u>Sp\u00e9cialit\u00e9s<\/u><\/strong> : Commerce International &#8211; Marketing &#8211; Commerce &#8211; Vente<br \/>\n<strong><u>Fili\u00e8re 2<\/u><\/strong><strong> : Gestion<\/strong><br \/>\n<strong><u>Sp\u00e9cialit\u00e9<\/u><\/strong> : Gestion Logistique et Transport &#8211; Gestion des Projets &#8211; ressources humaines\u00a0 Banque et Finance &#8211; Comptabilit\u00e9 et Gestion des Entreprises.<br \/>\n<strong><u>Fili\u00e8re 3<\/u><\/strong><strong> : G\u00e9nie Informatique<\/strong><br \/>\n<strong><u>Sp\u00e9cialit\u00e9s<\/u><\/strong> : G\u00e9nie Logiciel &#8211; Infographie et Web-design &#8211; E-commerce et Marketing num\u00e9rique &#8211; Maintenance des syst\u00e8mes d&rsquo;informatiques.<br \/>\n<strong><u>Fili\u00e8re 4<\/u><\/strong><strong> : R\u00e9seaux et T\u00e9l\u00e9communications<\/strong><br \/>\n<strong><u>Sp\u00e9cialit\u00e9<\/u><\/strong> : R\u00e9seaux et S\u00e9curit\u00e9 &#8211; T\u00e9l\u00e9communications<br \/>\n<strong><u>Fili\u00e8re 5 <\/u>: G\u00e9nie Electrique<\/strong><br \/>\n<strong><u>Sp\u00e9cialit\u00e9s<\/u><\/strong> : Contr\u00f4le, instrumentation et r\u00e9gulation &#8211; Maintenance des syst\u00e8mes \u00e9lectroniques &#8211; Electrotechnique.<\/p>\n<p style=\"text-align: justify;\"><strong><u>Dipl\u00f4mes concern\u00e9s <\/u>: HND<u><br \/>\nFili\u00e8re 1<\/u> : Management<u><br \/>\nSp\u00e9cialit\u00e9s :<\/u><\/strong> Logistics and Transport Management &#8211; Human Ressource Management.<br \/>\n<strong><span style=\"text-decoration: underline;\">Fili\u00e8re 2 :<\/span>\u00a0 Business and Finance Management<u><br \/>\nSp\u00e9cialit\u00e9s<\/u><\/strong> :\u00a0 Banking and FInance &#8211; Marketing, Trade, Sale &#8211; Accountancy<\/p>\n","protected":false},"excerpt":{"rendered":"<p>&#46;&#46;&#46;<\/p>\n","protected":false},"author":2,"featured_media":0,"parent":0,"menu_order":0,"comment_status":"closed","ping_status":"closed","template":"","meta":[],"_links":{"self":[{"href":"https:\/\/www.minesup.gov.cm\/index.php\/wp-json\/wp\/v2\/pages\/15200"}],"collection":[{"href":"https:\/\/www.minesup.gov.cm\/index.php\/wp-json\/wp\/v2\/pages"}],"about":[{"href":"https:\/\/www.minesup.gov.cm\/index.php\/wp-json\/wp\/v2\/types\/page"}],"author":[{"embeddable":true,"href":"https:\/\/www.minesup.gov.cm\/index.php\/wp-json\/wp\/v2\/users\/2"}],"replies":[{"embeddable":true,"href":"https:\/\/www.minesup.gov.cm\/index.php\/wp-json\/wp\/v2\/comments?post=15200"}],"version-history":[{"count":0,"href":"https:\/\/www.minesup.gov.cm\/index.php\/wp-json\/wp\/v2\/pages\/15200\/revisions"}],"wp:attachment":[{"href":"https:\/\/www.minesup.gov.cm\/index.php\/wp-json\/wp\/v2\/media?parent=15200"}],"curies":[{"name":"wp","href":"https:\/\/api.w.org\/{rel}","templated":true}]}}