{"id":15212,"date":"2022-08-19T16:06:32","date_gmt":"2022-08-19T15:06:32","guid":{"rendered":"https:\/\/minesup.gov.cm\/?page_id=15212"},"modified":"2022-09-07T09:47:04","modified_gmt":"2022-09-07T08:47:04","slug":"comfort-higher-institute-of-health-management-and-education-chihme-2","status":"publish","type":"page","link":"https:\/\/www.minesup.gov.cm\/index.php\/comfort-higher-institute-of-health-management-and-education-chihme-2\/","title":{"rendered":"Comfort Higher Institute of Health, Management and Education (CHIHME)"},"content":{"rendered":"<p style=\"text-align: center;\"><strong>INFORMATIONS D\u2019IDENTIFICATION<\/strong><\/p>\n<p style=\"text-align: justify;\"><strong>Nom de l\u2019institution&nbsp;<\/strong>: Comfort Higher Institute of Health, Management and Education (CHIHME)<br \/>\n<strong>Nom du promoteur<\/strong> : NGWANG Frankline NGWANG<br \/>\n<strong>R\u00e9gion&nbsp;<\/strong>: OUEST<br \/>\n<strong>D\u00e9partement&nbsp;<\/strong>:<br \/>\n<strong>Arrondissement&nbsp;<\/strong>:<br \/>\n<strong>Site de localisation&nbsp;<\/strong>:<br \/>\n<strong>Adresse postale<\/strong> :&nbsp;<strong><br \/>\nT\u00e9l\u00e9phone&nbsp;<\/strong>: 651 91 09 24<br \/>\n<strong>Email<\/strong> <strong>:<\/strong><br \/>\n<strong>Site web :&nbsp;<\/strong><\/p>\n<p><strong>A<\/strong><strong>dresse dans les r\u00e9seaux sociaux&nbsp;<\/strong>:<\/p>\n<p style=\"text-align: center;\"><strong>INFORMATIONS SUR LE STATUT D\u2019ACCR\u00c9DITATION<\/strong><\/p>\n<p style=\"text-align: justify;\"><strong>Arr\u00eat\u00e9s portant cr\u00e9ation <\/strong>: N\u00b021\/06012\/L\/MINESUP\/SG\/DDES\/ESUP\/SDA\/NMB du 07 Septembre 2021.<br \/>\n<strong>Autorisation d\u2019ouverture<\/strong> : N\u00b021\/06012\/L\/MINESUP\/SG\/DDES\/ESUP\/SDA\/NMB du 07 Septembre 2021.<\/p>\n<p style=\"text-align: center;\"><strong>FILI\u00c8RES, SP\u00c9CIALIT\u00c9S ET DIPL\u00d4MES AUTORIS\u00c9S<\/strong><\/p>\n<p style=\"text-align: justify;\"><strong>Cycle de formation : <\/strong>1er cycle<br \/>\n<strong>Dipl\u00f4mes concern\u00e9s :<\/strong> HND<br \/>\n<strong><u>Fili\u00e8re 1<\/u><\/strong><strong> : Medical and Biomedical Sciences<\/strong><br \/>\n<strong><u>Sp\u00e9cialit\u00e9s<\/u><\/strong> : Medical Laboratory Sciences &#8211; Nursing ; Midwifery &#8211; Medical imaging technology &#8211; Pharmacy Technology &#8211; Dental Therapy.<br \/>\n<strong><u>Fili\u00e8re 2<\/u><\/strong><strong> : Management&nbsp;<\/strong><br \/>\n<strong><u>Sp\u00e9cialit\u00e9<\/u><\/strong> : Assistant managers &#8211; Project Management &#8211; Human Resource Management.&nbsp; &nbsp; <strong><u>Fili\u00e8re 3<\/u><\/strong><strong> : Business and Finance Management&nbsp;<\/strong><br \/>\n<strong><u>Sp\u00e9cialit\u00e9s<\/u><\/strong> : Accountancy &#8211; Banking and Finance &#8211; Marketing &#8211; Trade &#8211; Sale &#8211; Insurance &#8211;&nbsp; International Trade<br \/>\n<strong><u>Fili\u00e8re 4<\/u><\/strong><strong> : Legal Career&nbsp; &nbsp;<\/strong> &nbsp; &nbsp; &nbsp; &nbsp; &nbsp; &nbsp; &nbsp; &nbsp; &nbsp; &nbsp; &nbsp; &nbsp; &nbsp; &nbsp; &nbsp; &nbsp; &nbsp; &nbsp; &nbsp; &nbsp; &nbsp; &nbsp; &nbsp; &nbsp; &nbsp; &nbsp; &nbsp; &nbsp; &nbsp; &nbsp; &nbsp; &nbsp; &nbsp; &nbsp; &nbsp; &nbsp; &nbsp; &nbsp; &nbsp; &nbsp; &nbsp; &nbsp; &nbsp; &nbsp; &nbsp; &nbsp; &nbsp; &nbsp; &nbsp; &nbsp; &nbsp; &nbsp; &nbsp; <strong><u>Sp\u00e9cialit\u00e9<\/u><\/strong> : Legal Assistant &#8211; Business Law&nbsp; &nbsp; &nbsp; &nbsp; &nbsp; &nbsp; &nbsp; &nbsp; &nbsp; &nbsp; &nbsp; &nbsp; &nbsp; &nbsp; &nbsp; &nbsp; &nbsp; &nbsp; &nbsp; &nbsp; &nbsp; &nbsp; &nbsp; &nbsp; &nbsp; &nbsp; &nbsp; &nbsp; &nbsp; &nbsp; &nbsp; &nbsp; <u><\/u><strong><u><br \/>\nFili\u00e8re 5<\/u>&nbsp;: Education<u><br \/>\nSp\u00e9cialit\u00e9s :<\/u><\/strong> <strong>&nbsp;<\/strong>Didactics &#8211; Curriculum Development and Teaching &#8211; Education Management and Administration &#8211; Vocational Guidance and Counseling.<\/p>\n","protected":false},"excerpt":{"rendered":"<p>&#46;&#46;&#46;<\/p>\n","protected":false},"author":2,"featured_media":0,"parent":0,"menu_order":0,"comment_status":"closed","ping_status":"closed","template":"","meta":[],"_links":{"self":[{"href":"https:\/\/www.minesup.gov.cm\/index.php\/wp-json\/wp\/v2\/pages\/15212"}],"collection":[{"href":"https:\/\/www.minesup.gov.cm\/index.php\/wp-json\/wp\/v2\/pages"}],"about":[{"href":"https:\/\/www.minesup.gov.cm\/index.php\/wp-json\/wp\/v2\/types\/page"}],"author":[{"embeddable":true,"href":"https:\/\/www.minesup.gov.cm\/index.php\/wp-json\/wp\/v2\/users\/2"}],"replies":[{"embeddable":true,"href":"https:\/\/www.minesup.gov.cm\/index.php\/wp-json\/wp\/v2\/comments?post=15212"}],"version-history":[{"count":0,"href":"https:\/\/www.minesup.gov.cm\/index.php\/wp-json\/wp\/v2\/pages\/15212\/revisions"}],"wp:attachment":[{"href":"https:\/\/www.minesup.gov.cm\/index.php\/wp-json\/wp\/v2\/media?parent=15212"}],"curies":[{"name":"wp","href":"https:\/\/api.w.org\/{rel}","templated":true}]}}