{"id":15224,"date":"2022-08-19T18:00:21","date_gmt":"2022-08-19T17:00:21","guid":{"rendered":"https:\/\/minesup.gov.cm\/?page_id=15224"},"modified":"2022-08-23T10:36:26","modified_gmt":"2022-08-23T09:36:26","slug":"international-school-of-hospitality-and-professional-education-ishope","status":"publish","type":"page","link":"https:\/\/www.minesup.gov.cm\/index.php\/international-school-of-hospitality-and-professional-education-ishope\/","title":{"rendered":"International School of Hospitality and Professional Education (ISHOPE) \u00a0"},"content":{"rendered":"<p style=\"text-align: center;\"><strong>INFORMATIONS D\u2019IDENTIFICATION<\/strong><\/p>\n<p style=\"text-align: justify;\"><strong>Nom de l\u2019institution\u00a0<\/strong>: International School of Hospitality and Professional Education (ISHOPE)<br \/>\n<strong>Nom du promoteur<\/strong> : SALOU ROLLAND FAOUZI<br \/>\n<strong>R\u00e9gion\u00a0<\/strong>: Littoral<br \/>\n<strong>D\u00e9partement\u00a0<\/strong>:<br \/>\n<strong>Arrondissement\u00a0<\/strong>:<br \/>\n<strong>Site de localisation\u00a0<\/strong>:<br \/>\n<strong>Adresse postale<\/strong> :\u00a0<strong><br \/>\nT\u00e9l\u00e9phone\u00a0<\/strong>: +237\u00a0 677 28 25 59<br \/>\n<strong>Email<\/strong> <strong>:<\/strong><br \/>\n<strong>Site web :\u00a0<\/strong><\/p>\n<p><strong>A<\/strong><strong>dresse dans les r\u00e9seaux sociaux\u00a0<\/strong>:<\/p>\n<p style=\"text-align: center;\"><strong>INFORMATIONS SUR LE STATUT D\u2019ACCR\u00c9DITATION<\/strong><\/p>\n<p style=\"text-align: justify;\"><strong>Arr\u00eat\u00e9s portant cr\u00e9ation <\/strong>: N\u00b022\/03283\/L\/MINESUP\/SG\/DDES\/ESUP\/SDA\/ABC du 18 f\u00e9vrier 2019.<br \/>\n<strong>Autorisation d\u2019ouverture<\/strong>\u00a0: N\u00b022\/03283\/L\/MINESUP\/SG\/DDES\/ESUP\/SDA\/ABC du 18 f\u00e9vrier 2019.<\/p>\n<p style=\"text-align: center;\"><strong>FILI\u00c8RES, SP\u00c9CIALIT\u00c9S ET DIPL\u00d4MES AUTORIS\u00c9S<\/strong><\/p>\n<p style=\"text-align: justify;\"><strong>Cycle de formation : <\/strong>1er cycle<br \/>\n<strong>Dipl\u00f4mes concern\u00e9s :<\/strong> BTS<br \/>\n<strong><u>Fili\u00e8re 1<\/u><\/strong><strong> : Tourisme, H\u00f4tellerie et Restauration\u00a0<\/strong><br \/>\n<strong><u>Sp\u00e9cialit\u00e9s<\/u><\/strong> :<strong>H\u00f4tellerie<\/strong> <em>option\u00a0<\/em>: &#8211; Gestion et management h\u00f4teliers &#8211; management et techniques d\u2019h\u00e9bergement<br \/>\n<strong><u>Fili\u00e8re 2<\/u><\/strong><strong> : Commerce-vente<\/strong><br \/>\n<strong><u>Sp\u00e9cialit\u00e9s<\/u><\/strong> : Commerce International &#8211; Marketing &#8211; commerce-vente<br \/>\n<strong><u>Fili\u00e8re 3<\/u><\/strong><strong> : Gestion<\/strong><br \/>\n<strong><u>Sp\u00e9cialit\u00e9s<\/u><\/strong> : gestion logistique et transport &#8211; gestion des projets &#8211; gestion des Ressources humaines &#8211;<strong>\u00a0<\/strong>Banque\u00a0 et finance &#8211;<strong>\u00a0\u00a0<\/strong>Comptabilit\u00e9 et gestion des entreprises &#8211;<strong>\u00a0<\/strong>microfinance &#8211; management \u00e9v\u00e8nementiel &#8211; gestion de la qualit\u00e9 &#8211; exploitation du transport a\u00e9rien &#8211; assurance -assistant manager.<br \/>\n<strong><u>Fili\u00e8re 4<\/u><\/strong><strong> : G\u00e9nie biologique\u00a0<\/strong><br \/>\n<strong><u>Sp\u00e9cialit\u00e9<\/u><\/strong> : di\u00e9t\u00e9tique<\/p>\n<p style=\"text-align: justify;\"><strong><u>Dipl\u00f4mes concern\u00e9s <\/u>: HND<u><br \/>\nFili\u00e8re 1<\/u> :Tourism and Hotel management\u00a0<u><br \/>\nSp\u00e9cialit\u00e9s :<\/u><\/strong> Tourism and travel agency management 2. Hotel management and catering<br \/>\n<strong><span style=\"text-decoration: underline;\">Fili\u00e8re 2 :<\/span> Business and Finance\u00a0<u><br \/>\nSp\u00e9cialit\u00e9s<\/u><\/strong>: Marketing-Trade-Sale &#8211; Banking and Finance &#8211; accountancy\u00a0 &#8211; International Trade &#8211;\u00a0Microfinance &#8211; insurance<br \/>\n<strong>Fili\u00e8re 3\u00a0:Management<\/strong><br \/>\n<strong>Sp\u00e9cialit\u00e9s :<\/strong> project management<strong> &#8211; <\/strong>human resource management<strong> &#8211; <\/strong>logistics and transport management<strong> &#8211; <\/strong>assistant manager <strong>\u2013 <\/strong>events management<\/p>\n<ul>\n<li><u>Pour le cycle de<\/u><strong><u> Bachelor sous la tutelle acad\u00e9mique de VATEL RWANDA<\/u><\/strong><\/li>\n<\/ul>\n<p style=\"text-align: justify;\"><strong>Fili\u00e8re 1:<\/strong> <strong>Manager en h\u00f4tellerie international<\/strong><\/p>\n<ul>\n<li><strong><u>MBA<\/u><\/strong><u> sous la tutelle acad\u00e9mique de<\/u><strong><u> VATEL NIMES<\/u><\/strong><\/li>\n<\/ul>\n<p style=\"text-align: justify;\"><strong>Fili\u00e8re:\u00a0<\/strong> <strong>Directeur d\u2019h\u00f4tellerie international<\/strong><\/p>\n","protected":false},"excerpt":{"rendered":"<p>&#46;&#46;&#46;<\/p>\n","protected":false},"author":2,"featured_media":0,"parent":0,"menu_order":0,"comment_status":"closed","ping_status":"closed","template":"","meta":[],"_links":{"self":[{"href":"https:\/\/www.minesup.gov.cm\/index.php\/wp-json\/wp\/v2\/pages\/15224"}],"collection":[{"href":"https:\/\/www.minesup.gov.cm\/index.php\/wp-json\/wp\/v2\/pages"}],"about":[{"href":"https:\/\/www.minesup.gov.cm\/index.php\/wp-json\/wp\/v2\/types\/page"}],"author":[{"embeddable":true,"href":"https:\/\/www.minesup.gov.cm\/index.php\/wp-json\/wp\/v2\/users\/2"}],"replies":[{"embeddable":true,"href":"https:\/\/www.minesup.gov.cm\/index.php\/wp-json\/wp\/v2\/comments?post=15224"}],"version-history":[{"count":0,"href":"https:\/\/www.minesup.gov.cm\/index.php\/wp-json\/wp\/v2\/pages\/15224\/revisions"}],"wp:attachment":[{"href":"https:\/\/www.minesup.gov.cm\/index.php\/wp-json\/wp\/v2\/media?parent=15224"}],"curies":[{"name":"wp","href":"https:\/\/api.w.org\/{rel}","templated":true}]}}