{"id":15420,"date":"2022-09-13T12:18:14","date_gmt":"2022-09-13T11:18:14","guid":{"rendered":"https:\/\/minesup.gov.cm\/?page_id=15420"},"modified":"2024-02-16T14:20:52","modified_gmt":"2024-02-16T13:20:52","slug":"missions-du-minesup","status":"publish","type":"page","link":"https:\/\/www.minesup.gov.cm\/index.php\/missions-du-minesup\/","title":{"rendered":"Missions du MINESUP"},"content":{"rendered":"<p style=\"text-align: justify;\"><strong><span style=\"text-decoration: underline;\">Article 1<sup>er<\/sup>\u00a0<\/span><\/strong>: &#8211; (1) Le Minist\u00e8re de l&rsquo;Enseignement Sup\u00e9rieur est plac\u00e9 sous l&rsquo;autorit\u00e9 d&rsquo;un Ministre.<br \/>\n(2) Le Ministre de l&rsquo;Enseignement Sup\u00e9rieur est responsable de l&rsquo;\u00e9laboration et de la mise en \u0153uvre de la politique du Gouvernement en mati\u00e8re d&rsquo;enseignement sup\u00e9rieur.<br \/>\nA ce titre, il est charg\u00e9 de :<br \/>\n&#8211; l&rsquo;organisation, du fonctionnement et du contr\u00f4le p\u00e9dagogique de l&rsquo;enseignement sup\u00e9rieur ;<br \/>\n&#8211; la p\u00e9rennisation des missions traditionnelles de l&rsquo;enseignement sup\u00e9rieur ; la promotion et de la diffusion de la recherche universitaire ;<br \/>\n&#8211; la coop\u00e9ration universitaire internationale en liaison avec le Minist\u00e8re des Relations Ext\u00e9rieures et les Administrations concern\u00e9es ;<br \/>\n&#8211; la garantie de la qualit\u00e9 de la formation de l&rsquo;enseignement sup\u00e9rieur.<br \/>\nEn outre :<br \/>\n&#8211; il \u00e9tudie et propose au Gouvernement les voies et moyens visant \u00e0 l&rsquo;adaptation en permanence de certaines fili\u00e8res du syst\u00e8me d&rsquo;enseignement sup\u00e9rieur aux r\u00e9alit\u00e9s \u00e9conomiques et sociales nationales ;<br \/>\n&#8211; il est charg\u00e9 de l&rsquo;\u00e9laboration, du suivi et de la mise en \u0153uvre de la carte universitaire ;<br \/>\n&#8211; il \u00e9labore, analyse et tient les statistiques de ce niveau d&rsquo;enseignement ;<br \/>\n&#8211; il d\u00e9livre les accr\u00e9ditations et contr\u00f4le le niveau p\u00e9dagogique des \u00e9tablissements priv\u00e9s d&rsquo;enseignement sup\u00e9rieur ;<br \/>\n&#8211; il est responsable de l&rsquo;enseignement normal sup\u00e9rieur ;<br \/>\n&#8211; il assure une liaison permanente avec tous les secteurs de la vie nationale en vue du d\u00e9veloppement des fili\u00e8res professionnelles au sein de l&rsquo;enseignement sup\u00e9rieur ;<br \/>\n&#8211; il suit et contr\u00f4le les activit\u00e9s des Universit\u00e9s d&rsquo;Etat, des Instituts et des \u00e9tablissements universitaires Priv\u00e9s ;<br \/>\n&#8211; il supervise la d\u00e9livrance du Baccalaur\u00e9at et du General Certificate of Education Advanced Level ;<br \/>\n&#8211; il exerce la tutelle sur les Universit\u00e9s d&rsquo;Etat.<br \/>\n(3) Il exerce en outre la tutelle acad\u00e9mique sur :<br \/>\n&#8211; l&rsquo;Institut des Relations Internationales du Cameroun (IRIC) ;<br \/>\n&#8211; l&rsquo;Ecole Sup\u00e9rieure des Sciences et Techniques de l&rsquo;Information et de la Communication (ESSTIC) ;<br \/>\n&#8211; l&rsquo;Institut National de la Jeunesse et des Sports (INJS) ;<br \/>\n&#8211; l&rsquo;Ecole Nationale Sup\u00e9rieure des Postes et T\u00e9l\u00e9communications (ENSPT) ;<br \/>\n&#8211; l&rsquo;Ecole Nationale Sup\u00e9rieure des Travaux Publics (ENSTP).<br \/>\n<span style=\"text-decoration: underline;\">Article 2<\/span>.- Pour l&rsquo;accomplissement de ses missions, le Ministre de l&rsquo;Enseignement Sup\u00e9rieur dispose :<br \/>\n&#8211; d&rsquo;un Secr\u00e9tariat Particulier ;<br \/>\n&#8211; de deux (2) Conseillers Techniques ;<br \/>\n&#8211; d&rsquo;une Inspection G\u00e9n\u00e9rale des Services ;<br \/>\n&#8211; d&rsquo;une Inspection G\u00e9n\u00e9rale des Affaires Acad\u00e9miques ;<br \/>\n&#8211; d&rsquo;une Administration Centrale ;<br \/>\n&#8211; des Services Ext\u00e9rieurs ;<br \/>\n&#8211; des Services Rattach\u00e9s.<\/p>\n<p style=\"text-align: center;\"><span style=\"color: #000080;\"><strong>ADMINISTRATION CENTRALE<\/strong><\/span><\/p>\n<p>&#8211; <a href=\"https:\/\/minesup.gov.cm\/index.php\/secretariat-general\/\" target=\"_blank\" rel=\"noopener\">le Secr\u00e9tariat G\u00e9n\u00e9ral<\/a> ;<\/p>\n<ul>\n<li><a href=\"https:\/\/minesup.gov.cm\/index.php\/secretariat-general\/division-des-affaires-juridiques\/\" target=\"_blank\" rel=\"noopener\">la Division des Affaires Juridiques<\/a> ;<\/li>\n<li><a href=\"https:\/\/minesup.gov.cm\/index.php\/secretariat-general\/division-des-systemes-dinformation-dsi\/\" target=\"_blank\" rel=\"noopener\">la Division des Syst\u00e8mes d&rsquo;Information<\/a> ;<\/li>\n<li><a href=\"https:\/\/minesup.gov.cm\/index.php\/secretariat-general\/cellule-du-suivi-cs\/\" target=\"_blank\" rel=\"noopener\">la Cellule de Suivi<\/a> ;<\/li>\n<li><a href=\"https:\/\/minesup.gov.cm\/index.php\/secretariat-general\/cellule-de-la-communication-celcom\/\" target=\"_blank\" rel=\"noopener\">la Cellule de Communication<\/a> ;<\/li>\n<li><a href=\"https:\/\/minesup.gov.cm\/index.php\/secretariat-general\/cellule-de-ta-traduction-celtrad\/\" target=\"_blank\" rel=\"noopener\">la Cellule de Traduction<\/a> ;<\/li>\n<li><a href=\"https:\/\/minesup.gov.cm\/index.php\/secretariat-general\/sous-direction-de-laccueil-du-courrier-et-de-liaison-sdacl\/\" target=\"_blank\" rel=\"noopener\">la Sous-Direction de l&rsquo;Accueil, du Courrier et de Liaison<\/a> ;<\/li>\n<li><a href=\"https:\/\/minesup.gov.cm\/index.php\/secretariat-general\/sous-direction-de-la-documentation-et-des-archives-sddar\/\" target=\"_blank\" rel=\"noopener\">la Sous-Direction de la Documentation et des Archives<\/a>.<\/li>\n<\/ul>\n<p>&#8211; <a href=\"https:\/\/minesup.gov.cm\/index.php\/direction-du-developpement-de-lenseignement-superieur-ddes\/\" target=\"_blank\" rel=\"noopener\">la Direction du D\u00e9veloppement de l&rsquo;Enseignement Sup\u00e9rieur<\/a>;<br \/>\n&#8211; <a href=\"https:\/\/minesup.gov.cm\/index.php\/direction-de-la-coordination-des-activites-academiques-dcaa\/\" target=\"_blank\" rel=\"noopener\">la Direction de la Coordination des Activit\u00e9s Acad\u00e9miques<\/a> ;<br \/>\n&#8211; <a href=\"https:\/\/minesup.gov.cm\/index.php\/direction-des-accreditations-universitaires-et-de-la-qualite-dauq\/\" target=\"_blank\" rel=\"noopener\">la Direction des Accr\u00e9ditations Universitaires et de la Qualit\u00e9<\/a> ;<br \/>\n&#8211; <a href=\"https:\/\/minesup.gov.cm\/index.php\/direction-de-lassistance-et-des-oeuvres-universitaires-daou\/\" target=\"_blank\" rel=\"noopener\">la Direction de l&rsquo;Assistance et des \u0152uvres Universitaires<\/a> ;<br \/>\n&#8211; <a href=\"https:\/\/minesup.gov.cm\/index.php\/division-de-la-recherche-et-de-la-cooperation-universitaires-drcu\/\" target=\"_blank\" rel=\"noopener\">la Division de la Recherche et de la Coop\u00e9ration Universitaires<\/a> ;<br \/>\n&#8211; <a href=\"https:\/\/minesup.gov.cm\/index.php\/division-de-la-promotion-du-dialogue-et-de-la-solidarite-universitaires-dpdsu\/\" target=\"_blank\" rel=\"noopener\">la Division de la Promotion du Dialogue et de la Solidarit\u00e9 Universitaires<\/a>;<br \/>\n&#8211; <a href=\"https:\/\/minesup.gov.cm\/index.php\/division-des-etudes-de-la-prospective-et-des-statistiques-deps\/\" target=\"_blank\" rel=\"noopener\">la Division des Etudes, de la Prospective et des Statistiques<\/a>;<br \/>\n&#8211; <a href=\"https:\/\/minesup.gov.cm\/index.php\/direction-des-affaires-generales-dag\/\" target=\"_blank\" rel=\"noopener\">la Direction des Affaires G\u00e9n\u00e9rales<\/a>.<\/p>\n","protected":false},"excerpt":{"rendered":"<p>&#46;&#46;&#46;<\/p>\n","protected":false},"author":2,"featured_media":0,"parent":0,"menu_order":0,"comment_status":"closed","ping_status":"closed","template":"","meta":[],"_links":{"self":[{"href":"https:\/\/www.minesup.gov.cm\/index.php\/wp-json\/wp\/v2\/pages\/15420"}],"collection":[{"href":"https:\/\/www.minesup.gov.cm\/index.php\/wp-json\/wp\/v2\/pages"}],"about":[{"href":"https:\/\/www.minesup.gov.cm\/index.php\/wp-json\/wp\/v2\/types\/page"}],"author":[{"embeddable":true,"href":"https:\/\/www.minesup.gov.cm\/index.php\/wp-json\/wp\/v2\/users\/2"}],"replies":[{"embeddable":true,"href":"https:\/\/www.minesup.gov.cm\/index.php\/wp-json\/wp\/v2\/comments?post=15420"}],"version-history":[{"count":1,"href":"https:\/\/www.minesup.gov.cm\/index.php\/wp-json\/wp\/v2\/pages\/15420\/revisions"}],"predecessor-version":[{"id":18412,"href":"https:\/\/www.minesup.gov.cm\/index.php\/wp-json\/wp\/v2\/pages\/15420\/revisions\/18412"}],"wp:attachment":[{"href":"https:\/\/www.minesup.gov.cm\/index.php\/wp-json\/wp\/v2\/media?parent=15420"}],"curies":[{"name":"wp","href":"https:\/\/api.w.org\/{rel}","templated":true}]}}