{"id":15466,"date":"2022-09-16T12:12:07","date_gmt":"2022-09-16T11:12:07","guid":{"rendered":"https:\/\/minesup.gov.cm\/?page_id=15466"},"modified":"2022-09-16T13:02:22","modified_gmt":"2022-09-16T12:02:22","slug":"15466-2","status":"publish","type":"page","link":"https:\/\/www.minesup.gov.cm\/index.php\/15466-2\/","title":{"rendered":"H.O.P.E University\u00a0 Institute (HUI) Limbe"},"content":{"rendered":"<p style=\"text-align: center;\"><strong>INFORMATIONS D\u2019IDENTIFICATION<\/strong><\/p>\n<p style=\"text-align: justify;\"><strong>Nom de l\u2019institution\u00a0<\/strong>: H.O.P.E University\u00a0 Institute (HUI) Limbe<br \/>\n<strong>Nom du promoteur<\/strong> : DR. FONYA\u00a0 ATABONG<br \/>\n<strong>R\u00e9gion\u00a0<\/strong>: Sud-Ouest<br \/>\n<strong>D\u00e9partement\u00a0<\/strong>:<br \/>\n<strong>Arrondissement\u00a0<\/strong>:<br \/>\n<strong>Site de localisation\u00a0<\/strong>:<br \/>\n<strong>Adresse postale<\/strong> : P.O. BOX: 19-Limb\u00e9<strong><br \/>\nT\u00e9l\u00e9phone\u00a0<\/strong>: 652135582<br \/>\n<strong>Email<\/strong> <strong>:<\/strong><br \/>\n<strong>Site web :\u00a0<\/strong><br \/>\n<strong>A<\/strong><strong>dresse dans les r\u00e9seaux sociaux\u00a0<\/strong>:<\/p>\n<p style=\"text-align: center;\"><strong>INFORMATIONS SUR LE STATUT D\u2019ACCR\u00c9DITATION<\/strong><\/p>\n<p style=\"text-align: justify;\"><strong>Arr\u00eat\u00e9s portant cr\u00e9ation <\/strong>: N\u00b02705\/MINFI\/MINESUP of 17 November 2015<br \/>\n<strong>Autorisation d\u2019ouverture<\/strong> : N\u00b02705\/MINFI\/MINESUP of 17 November 2015<\/p>\n<p style=\"text-align: center;\"><strong>FILI\u00c8RES, SP\u00c9CIALIT\u00c9S ET DIPL\u00d4MES AUTORIS\u00c9S<\/strong><\/p>\n<p style=\"text-align: justify;\"><strong>Dipl\u00f4mes concern\u00e9s :<\/strong> HND<\/p>\n<p style=\"text-align: center;\"><strong>Institute of Healtheare Professions<\/strong><br \/>\n<u><\/u><\/p>\n<p style=\"text-align: justify;\"><strong><u>Field of Study 1<\/u>: \u00a0Medical and Biomedical Science<\/strong><br \/>\n<strong>Specialties:<\/strong>\u00a0 Nursing, Midwifery, Medical laboratory sciences, Medical Imaging, Pharmacy technology, Physiotherapy, health care management. Ultrasonography, Dental prosthesis, Optician\/Clinical, Optometry, Ophtalmie technician, health sanitation inspector, Nutrition and Dietctics, Prosthesis and Orthotics.<\/p>\n<p style=\"text-align: center;\"><strong>Institute of Education, Business and and Management<\/strong><br \/>\n<u><\/u><\/p>\n<p style=\"text-align: justify;\"><strong><u>Field of Study 2:<\/u> Education<\/strong><strong>\u00a0<\/strong><br \/>\n<strong><u>Specialties<\/u>: <\/strong>Didactics, Curriculum Development and Teaching. Education management and administration, Distance and continuing education.\u00a0 Vocational Guidance and Counseling.<br \/>\n<strong><u>Field of Study 3:<\/u><\/strong> Communication<br \/>\n<strong><u>Specialties:<\/u><\/strong> Printing, Editing and Publishing<br \/>\n<strong><u>Field of Study 4:<\/u><\/strong> Arts and culture<br \/>\n<strong><u>Specialties: <\/u><\/strong>Arts design (Options: Product design, Graphie design, Fashion design lnterior design)<strong><u><br \/>\n<\/u><span style=\"text-decoration: underline;\">Field of Study 5:<\/span>\u00a0 Management<br \/>\n<span style=\"text-decoration: underline;\">Specialties:<\/span><\/strong> Human resource management, Logistics and transport management, Information systems management, Local government management (Option: Accounting and Finance, Local government, taxation, Local government administration), port shipping management.<strong><br \/>\n<span style=\"text-decoration: underline;\">Field of Study 6:\u00a0 Business and Finance<\/span><br \/>\n<span style=\"text-decoration: underline;\">Specialties:<\/span><\/strong> Accounting, Marketing-Trade-Sale, Microfinance, Banking and finance.\u00a0<strong><br \/>\n<span style=\"text-decoration: underline;\">Field of Study 7:<\/span>\u00a0 Legal Careers<br \/>\n<span style=\"text-decoration: underline;\">Specialties:<\/span><\/strong> Legal assistant, Business law.\u00a0\u00a0 Land law.\u00a0\u00a0 Tax management.<strong><br \/>\n<span style=\"text-decoration: underline;\">Field of Study 8: <\/span>Home Economics sand Social Works<br \/>\n<\/strong>Specialties:\u00a0 Bakery and food processing, Fashion, Clothing and Textiles, Beauty-Esthetics (Options: Beauty care and cosmetics. Hair dressing profession). \u00a0 \u00a0<strong><br \/>\n<span style=\"text-decoration: underline;\">Field of Study 9:<\/span> Tourism and Hotel Management<br \/>\n<span style=\"text-decoration: underline;\">Specialties:<\/span><\/strong> Hotel Management, Tourisrn and Travel agency management and catering.<\/p>\n<p style=\"text-align: center;\"><strong><span style=\"text-decoration: underline;\">Institute of Agriculture, Engineering and Technology<\/span><\/strong><\/p>\n<p><strong><u>Field of Study 10:<\/u>\u00a0 Computer Engineering<\/strong><br \/>\n<strong><span style=\"text-decoration: underline;\">Specialties:<\/span><\/strong>\u00a0 Computer Engineering (Option: Software engineering. Computer science and network. Database management), Computer Graphies and Web design, E-commerce and digital marketing. Computer Maintenance (Option: Hardware maintenance).<br \/>\n<strong><u>Field of Study 11:<\/u> Agriculture and Food science<\/strong><strong>\u00a0<\/strong><br \/>\n<strong><span style=\"text-decoration: underline;\">Specialties:<\/span><\/strong> Agriculture engineering.\u00a0 Food technology. Animal production technology, Crop production technology, Fisheries and management, Agricultural business technics, Agricultural production technology.<br \/>\n<strong><u>Field of Study 12<\/u>: Chemical Engineering<\/strong><strong>\u00a0<\/strong><br \/>\n<strong><span style=\"text-decoration: underline;\">Specialties:<\/span><\/strong> Chemical manufacturing. Chemical process technology, Chemical laboratory technology<br \/>\n<strong><u>Field of Study 13:\u00a0<\/u> Petroleum and mining Engineering<\/strong><br \/>\n<strong><span style=\"text-decoration: underline;\">Specialties<\/span><\/strong>: Applied geology, Drilling technology. Quarries operations, Petroleum logistics. Petroleum systems and exploitation.<\/p>\n","protected":false},"excerpt":{"rendered":"<p>&#46;&#46;&#46;<\/p>\n","protected":false},"author":2,"featured_media":0,"parent":0,"menu_order":0,"comment_status":"closed","ping_status":"closed","template":"","meta":[],"_links":{"self":[{"href":"https:\/\/www.minesup.gov.cm\/index.php\/wp-json\/wp\/v2\/pages\/15466"}],"collection":[{"href":"https:\/\/www.minesup.gov.cm\/index.php\/wp-json\/wp\/v2\/pages"}],"about":[{"href":"https:\/\/www.minesup.gov.cm\/index.php\/wp-json\/wp\/v2\/types\/page"}],"author":[{"embeddable":true,"href":"https:\/\/www.minesup.gov.cm\/index.php\/wp-json\/wp\/v2\/users\/2"}],"replies":[{"embeddable":true,"href":"https:\/\/www.minesup.gov.cm\/index.php\/wp-json\/wp\/v2\/comments?post=15466"}],"version-history":[{"count":10,"href":"https:\/\/www.minesup.gov.cm\/index.php\/wp-json\/wp\/v2\/pages\/15466\/revisions"}],"predecessor-version":[{"id":15500,"href":"https:\/\/www.minesup.gov.cm\/index.php\/wp-json\/wp\/v2\/pages\/15466\/revisions\/15500"}],"wp:attachment":[{"href":"https:\/\/www.minesup.gov.cm\/index.php\/wp-json\/wp\/v2\/media?parent=15466"}],"curies":[{"name":"wp","href":"https:\/\/api.w.org\/{rel}","templated":true}]}}