{"id":15865,"date":"2022-11-28T15:13:00","date_gmt":"2022-11-28T14:13:00","guid":{"rendered":"https:\/\/minesup.gov.cm\/?page_id=15865"},"modified":"2022-11-28T15:41:25","modified_gmt":"2022-11-28T14:41:25","slug":"stalwart-higher-institute-shi","status":"publish","type":"page","link":"https:\/\/www.minesup.gov.cm\/index.php\/region-du-littoral\/stalwart-higher-institute-shi\/","title":{"rendered":"STALWART HIGHER INSTITUTE (SHI)"},"content":{"rendered":"<p style=\"text-align: center;\"><strong>INFORMATIONS D\u2019IDENTIFICATION<\/strong><\/p>\n<p><strong>Nom de l\u2019institution\u00a0<\/strong>: STALWART HIGHER INSTITUTE (SHI)<br \/>\n<strong>Nom du promoteur<\/strong> : AKONIGHTINGALE ENOW<br \/>\n<strong>R\u00e9gion\u00a0<\/strong>: Littoral<br \/>\n<strong>D\u00e9partement\u00a0<\/strong>: Wouri<br \/>\n<strong>Arrondissement\u00a0<\/strong>: Douala 1er<br \/>\n<strong>Site de localisation\u00a0<\/strong>: feu rouge Bessengue<br \/>\n<strong>Adresse postale<\/strong>\u00a0: 5170<strong><br \/>\nT\u00e9l\u00e9phone\u00a0<\/strong>: +237\u00a0 659294020<br \/>\n<strong>Email<\/strong>\u00a0<strong>: <\/strong>info@stalwartuniversityinstitute.com<br \/>\n<strong>Site web : <\/strong>www.stalwartuniversityinstitute.com<\/p>\n<p><strong>A<\/strong><strong>dresse dans les r\u00e9seaux sociaux\u00a0<\/strong>: stalwartuniversityinstitute<\/p>\n<p style=\"text-align: center;\"><strong>INFORMATIONS SUR LE STATUT D\u2019ACCR\u00c9DITATION<\/strong><\/p>\n<p><strong>Arr\u00eat\u00e9s portant cr\u00e9ation\u00a0<\/strong>: N\u00b02705\/MINFI\/MINESUP du 17 Novembre 2015.<br \/>\n<strong>Autorisation d\u2019ouverture<\/strong> : N\u00b02705\/MINFI\/MINESUP du 17 Novembre 2015.<\/p>\n<p style=\"text-align: center;\"><strong>FILI\u00c8RES, SP\u00c9CIALIT\u00c9S ET DIPL\u00d4MES AUTORIS\u00c9S<\/strong><\/p>\n<p><strong>Cycle de formation : BTS\/HND<\/strong><br \/>\n<strong>Dipl\u00f4mes concern\u00e9s :<\/strong>\u00a0BTS<br \/>\n<strong><u>Fili\u00e8re 1<\/u><\/strong><strong> :\u00a0Etudes M\u00e9dico-sanitaires\u00a0<\/strong><br \/>\n<strong><u>Sp\u00e9cialit\u00e9s<\/u><\/strong>\u00a0: sciences infirmi\u00e8res<br \/>\n<strong><u>Fili\u00e8re 2<\/u><\/strong><strong> : Sciences et Techniques Biom\u00e9dicales\u00a0<\/strong><br \/>\n<strong><u>Sp\u00e9cialit\u00e9s<\/u><\/strong> : Techniques de laboratoire et d&rsquo;analyse; Techniques pharmaceutiques\u00a0 \u00a0 \u00a0 \u00a0 \u00a0 \u00a0 \u00a0 \u00a0 \u00a0 \u00a0 \u00a0 \u00a0 \u00a0 \u00a0 \u00a0 \u00a0 \u00a0 \u00a0 \u00a0 \u00a0<strong style=\"font-size: revert; color: initial;\"><u>Fili\u00e8re 3<\/u><\/strong><strong style=\"font-size: revert; color: initial;\"> : Commerce-vente\u00a0 \u00a0 \u00a0 \u00a0 \u00a0 \u00a0 \u00a0 \u00a0 \u00a0 \u00a0 \u00a0 \u00a0 \u00a0 \u00a0 \u00a0 \u00a0 \u00a0 \u00a0 \u00a0 \u00a0 \u00a0 \u00a0 \u00a0 \u00a0 \u00a0 \u00a0 \u00a0 \u00a0 \u00a0 \u00a0 \u00a0 \u00a0 \u00a0 \u00a0 \u00a0 \u00a0 \u00a0 \u00a0 \u00a0 \u00a0 \u00a0 \u00a0 \u00a0 \u00a0 \u00a0 \u00a0 \u00a0 \u00a0 \u00a0 \u00a0 \u00a0 \u00a0 \u00a0 \u00a0 \u00a0<\/strong><strong><u>Sp\u00e9cialit\u00e9s<\/u><\/strong> : Commerce International; Marketing-commerce-Vente<br \/>\n<strong><u>Fili\u00e8re 3<\/u><\/strong><strong> : Gestion\u00a0<\/strong><br \/>\n<strong><u>Sp\u00e9cialit\u00e9s<\/u><\/strong> : Gestion des Ressources Humaines; Gestion Logistique et Transport; Comptabilit\u00e9 et Gestion des Entreprises<\/p>\n<p><strong>Dipl\u00f4mes concern\u00e9s :<\/strong> HND<br \/>\n<strong><u>Fili\u00e8re 1<\/u><\/strong><strong> : M\u00e9dical and Biomedical Sciences\u00a0<\/strong><br \/>\n<strong><u>Sp\u00e9cialit\u00e9s<\/u><\/strong> : Nursing ; Medical Laboratory Sciences; Pharmacy Technology<br \/>\n<strong><u>Fili\u00e8re 2<\/u><\/strong><strong> : Management\u00a0<\/strong><br \/>\n<strong><u>Sp\u00e9cialit\u00e9s<\/u><\/strong> : Human Resource Management; Logistics and Transport Project Management\u00a0 \u00a0 \u00a0 \u00a0 \u00a0 \u00a0 \u00a0 \u00a0 \u00a0 \u00a0 \u00a0 \u00a0 \u00a0 <strong><u>Fili\u00e8re 3<\/u><\/strong><strong> : Business and Finance\u00a0<\/strong><br \/>\n<strong><u>Sp\u00e9cialit\u00e9s<\/u><\/strong> : Marketing \u2013 Trade \u2013 Sale \u2013 International Trade<\/p>\n","protected":false},"excerpt":{"rendered":"<p>&#46;&#46;&#46;<\/p>\n","protected":false},"author":2,"featured_media":0,"parent":1743,"menu_order":1,"comment_status":"closed","ping_status":"closed","template":"","meta":[],"_links":{"self":[{"href":"https:\/\/www.minesup.gov.cm\/index.php\/wp-json\/wp\/v2\/pages\/15865"}],"collection":[{"href":"https:\/\/www.minesup.gov.cm\/index.php\/wp-json\/wp\/v2\/pages"}],"about":[{"href":"https:\/\/www.minesup.gov.cm\/index.php\/wp-json\/wp\/v2\/types\/page"}],"author":[{"embeddable":true,"href":"https:\/\/www.minesup.gov.cm\/index.php\/wp-json\/wp\/v2\/users\/2"}],"replies":[{"embeddable":true,"href":"https:\/\/www.minesup.gov.cm\/index.php\/wp-json\/wp\/v2\/comments?post=15865"}],"version-history":[{"count":3,"href":"https:\/\/www.minesup.gov.cm\/index.php\/wp-json\/wp\/v2\/pages\/15865\/revisions"}],"predecessor-version":[{"id":15870,"href":"https:\/\/www.minesup.gov.cm\/index.php\/wp-json\/wp\/v2\/pages\/15865\/revisions\/15870"}],"up":[{"embeddable":true,"href":"https:\/\/www.minesup.gov.cm\/index.php\/wp-json\/wp\/v2\/pages\/1743"}],"wp:attachment":[{"href":"https:\/\/www.minesup.gov.cm\/index.php\/wp-json\/wp\/v2\/media?parent=15865"}],"curies":[{"name":"wp","href":"https:\/\/api.w.org\/{rel}","templated":true}]}}