{"id":16651,"date":"2023-06-09T17:31:05","date_gmt":"2023-06-09T16:31:05","guid":{"rendered":"https:\/\/minesup.gov.cm\/?page_id=16651"},"modified":"2023-06-09T18:17:16","modified_gmt":"2023-06-09T17:17:16","slug":"professional-higher-institute-of-business-management-and-technolohy-phibmat","status":"publish","type":"page","link":"https:\/\/www.minesup.gov.cm\/index.php\/professional-higher-institute-of-business-management-and-technolohy-phibmat\/","title":{"rendered":"Professional Higher Institute of Business Management and Technolohy (PHIBMAT)"},"content":{"rendered":"<p><img loading=\"lazy\" class=\"size-medium wp-image-16654 aligncenter\" src=\"https:\/\/minesup.gov.cm\/wp-content\/uploads\/2023\/06\/WhatsApp-Image-2023-06-06-at-17.29.35-1-300x176.jpeg\" alt=\"\" width=\"300\" height=\"176\" srcset=\"https:\/\/www.minesup.gov.cm\/wp-content\/uploads\/2023\/06\/WhatsApp-Image-2023-06-06-at-17.29.35-1-300x176.jpeg 300w, https:\/\/www.minesup.gov.cm\/wp-content\/uploads\/2023\/06\/WhatsApp-Image-2023-06-06-at-17.29.35-1-1024x601.jpeg 1024w, https:\/\/www.minesup.gov.cm\/wp-content\/uploads\/2023\/06\/WhatsApp-Image-2023-06-06-at-17.29.35-1-768x451.jpeg 768w, https:\/\/www.minesup.gov.cm\/wp-content\/uploads\/2023\/06\/WhatsApp-Image-2023-06-06-at-17.29.35-1.jpeg 1076w\" sizes=\"(max-width: 300px) 100vw, 300px\" \/><\/p>\n<p style=\"text-align: center;\"><strong>INFORMATIONS D\u2019IDENTIFICATION<\/strong><\/p>\n<p style=\"text-align: justify;\"><strong>Nom de l\u2019institution\u00a0<\/strong>: Professional Higher Institute of Business Management and Technolohy (PHIBMAT)<br \/>\n<strong>Nom du promoteur<\/strong> : NCHENDEH Christian<br \/>\n<strong>R\u00e9gion\u00a0<\/strong>: Littoral<br \/>\n<strong>D\u00e9partement\u00a0<\/strong>:<br \/>\n<strong>Arrondissement\u00a0<\/strong>:<br \/>\n<strong>Site de localisation\u00a0<\/strong>:\u00a0 RAIL BONABERI-Douala<br \/>\n<strong>Adresse postale<\/strong> : 9455<strong><br \/>\nT\u00e9l\u00e9phone\u00a0<\/strong>: +237 674 10 16 90, +237 671 63 60 60<br \/>\n<strong>Email<\/strong> <strong>:<\/strong> info@phibmat.com<br \/>\n<strong>Site web :\u00a0 <\/strong>www.phibmat.com<br \/>\n<strong>A<\/strong><strong>dresse dans les r\u00e9seaux sociaux\u00a0<\/strong>:: https:\/\/www.facebook.com\/PHIBMAT?mibextid=ZbWKwL<\/p>\n<p style=\"text-align: center;\"><strong>INFORMATIONS SUR LE STATUT D\u2019ACCR\u00c9DITATION<\/strong><\/p>\n<p><strong>Authorization No: 22-03315\/L\/MINESUP\/SG\/DDES\/ESUP\/SDA\/MF<\/strong><\/p>\n<p style=\"text-align: center;\"><strong>FILI\u00c8RES, SP\u00c9CIALIT\u00c9S ET DIPL\u00d4MES AUTORIS\u00c9S<\/strong><\/p>\n<p><strong>HND<\/strong><\/p>\n<p><strong>FIELD 1: BUSINESS AND FINANCE <\/strong>(ACCOUNTANCY, MARKETING-TRADE-SALES, BANK AND FINANCE, INTERNATIONAL TRADE, MICROFINANCE, INSURANCE)<\/p>\n<p style=\"text-align: justify;\"><strong>FIELD 2:<\/strong> <strong>MANAGEMENT <\/strong>(ASSISTANT MANAGER, PROJECT MANAGEMENT, HUMAN RESOURCE MANAGEMENT, LOGISTICS AND TRANSPORT MANAGEMENT, STATISTICS)<\/p>\n<p><strong>FIELD 3:<\/strong> <strong>LEGAL CAREER <\/strong>(CUSTOM AND TRANSIT, BUSINESS LAW, LEGAL ASSISTANT, TAX MANAGEMENT, LAND LAW)<\/p>\n<p style=\"text-align: justify;\"><strong>FIELD 4:<\/strong> <strong>EDUCATION <\/strong>(DIDACTICS, CURRICULUM DEVELOPMENT AND TEACHING, EDUCATION MANAGEMENT AND ADMINISTRATION, SPECIAL EDUCATION)<\/p>\n<p><strong>FIELD 5:<\/strong> <strong>MEDICAL AND BIOMEDICAL SCIENCES <\/strong>(NURSING, MIDWIFERY)<\/p>\n<p style=\"text-align: justify;\"><strong>FIELD 6: HOME ECONOMICS AND SOCIAL WORKS <\/strong>(BAKERY AND FOOD PROCESSING, FASHION, CLOTHING AND TEXTILES, BEAUTY-ESTHETICS)<\/p>\n<p><strong>\u00a0<\/strong><strong>BTS<\/strong><\/p>\n<p><strong>FILIERE 1: COMMERCE-VENTE <\/strong>(MARKETING COMMERCE ET VENTE, COMMERCE INTERNATIONAL)<\/p>\n<p style=\"text-align: justify;\"><strong>FILIERE 2: GESTION<\/strong> (GESTION DES RESSOURCES HUMAINES, GESTION DES COLLECTIVIT\u00c9S TERRITORIALES, STATISTIQUES, MANAGEMENT \u00c9V\u00c8NEMENTIEL) <strong>FILIERE 3 : CARRIERS JURIDIQUES <\/strong>(ASSISTANT JUDICAIRE, DROIT DES AFFAIRES ET DE L\u2019ENTREPRISE, DROIT FONCIER ET DOMANIAL, GESTION FISCALE, DOUANE ET TRANSIT)<\/p>\n<p style=\"text-align: justify;\"><strong>FILIERE 4: SCIENCES DE L\u2019EDUCATION <\/strong>(ADMINISTRATION SCOLAIRE, ORIENTATION SCOLAIRE ET PROFESSIONNELLE, \u00c9DUCATION SP\u00c9CIALIS\u00c9E)<\/p>\n<p><strong>FILIERE 5: ETUDES MEDICO-SANITAIRES <\/strong>(SCIENCES INFIRMI\u00c8RES, SAGE-FEMME)<\/p>\n<p style=\"text-align: justify;\"><strong>FILIERE 6: SCIENCES ENVIRONNEMENTALES <\/strong>(GESTION ENVIRONNEMENTALE, GESTION FORESTI\u00c8RE, M\u00c9T\u00c9OROLOGIE)<\/p>\n<p><strong>Authorization No: 23-00370\/L\/MINESUP\/SG\/DDES\/ESUP\/SDA\/MF<\/strong><\/p>\n<p><strong>HND<\/strong><\/p>\n<p style=\"text-align: justify;\"><strong>FIELD 1: TOURISM AND HOTEL MANAGEMENT <\/strong>(TOURISM AND TRAVEL AGENCY MANAGEMENT, HOTEL MANAGEMENT AND CATERING)<\/p>\n<p style=\"text-align: justify;\"><strong>FIELD 2: AGRICULTURAL AND ENVIRONMENTAL SCIENCES <\/strong>(AGROPASTORAL ENTREPRENEURSHIP, FISHERIES MANAGEMENT, ANIMAL PRODUCTION TECHNOLOGY, CROP PRODUCTION TECHNOLOGY, AQUACULTURE)<\/p>\n<p><strong>FIELD 3: NETWORKS AND TELECOMMUNICATION <\/strong>(NETWORK AND SECURITY, TELECOMMUNICATION)<\/p>\n<p style=\"text-align: justify;\"><strong>FIELD 4: COMPUTER ENGINEERING <\/strong>(SOFTWARE ENGINEERING, INDUSTRIAL COMPUTING AND AUTOMATION, COMPUTER GRAPHIC AND WEB DESIGN, E-COMMERCE AND DIGITAL MARKETING)<\/p>\n<p style=\"text-align: justify;\"><strong>FIELD 5: CIVIL ENGINEERING <\/strong>(TOPOGRAPHY, URBAN PLANNING, GEOTECHNICS, BUILDING SCIENCE AND TECHNOLOGY)<\/p>\n<p style=\"text-align: justify;\"><strong>FIELD 6: ELECTRICAL AND ELECTRONIC ENGINEERING <\/strong>(ELECTRONICS, ELECTROTECHNICS, ELECTRICAL POWER SYSTEM)<\/p>\n<p style=\"text-align: justify;\"><strong>FIELD 7: THERMAL AND ENERGY ENGINEERING <\/strong>(AIR CONDITIONING AND REFRIGERATION)<\/p>\n<p style=\"text-align: justify;\"><strong>FIELD 9: MECHANICAL ENGINEERING <\/strong>(METAL CONSTRUCTION, MECHANICAL MANUFACTURING, MECHANICAL CONSTRUCTION)<\/p>\n<p><strong>FIELD 10: MEDICAL AND BIOMEDICAL SCIENCES <\/strong>(MEDICAL LABORATORY SCIENCES, PHARMACY TECHNOLOGY, MEDICAL IMAGING TECHNOLOGY)<strong>\u00a0<\/strong><\/p>\n<p><strong>\u00a0<\/strong><\/p>\n<p><strong>\u00a0<\/strong><\/p>\n<p><strong>\u00a0<\/strong><\/p>\n<p><strong>\u00a0<\/strong><\/p>\n<p><strong>\u00a0<\/strong><\/p>\n<p><strong>\u00a0<\/strong><\/p>\n<p><strong>\u00a0<\/strong><\/p>\n<p><strong>BTS<\/strong><\/p>\n<p><strong>\u00a0<\/strong><\/p>\n<p><strong>FILIERE 1 :<\/strong> <strong>TOURISME, H\u00d4TELLERIE ET RESTAURATION <\/strong>(H\u00d4TELLERIE, RESTAURATION, TOURISME ET LOISIR)<\/p>\n<p><strong>FILIERE 2 :<\/strong> <strong>AGRICULTURE ET \u00c9LEVAGE <\/strong>(ENTREPRENEURIAT AGROPASTORAL, PRODUCTION ANIMALE, PRODUCTION V\u00c9G\u00c9TALE, CONSEIL AGROPASTORAL, AQUACULTURE)<\/p>\n<p><strong>FILIERE 3 : R\u00c9SEAUX ET T\u00c9L\u00c9COMMUNICATIONS <\/strong>(TELECOMMUNICATION, R\u00c9SEAUX ET S\u00c9CURIT\u00c9)<\/p>\n<p><strong>FILIERE 4:<\/strong> <strong>G\u00c9NIE INFORMATIQUE <\/strong>(G\u00c9NIE LOGICIEL, INFOGRAPHIE ET WEB DESIGN, INFORMATIQUE INDUSTRIELLE ET AUTOMATISME, MAINTENANCE DES SYST\u00c8MES INFORMATIQUES, E-COMMERCE ET MARKETING NUM\u00c9RIQUE)<\/p>\n<p><strong>FILIERE 5: G\u00c9NIE CIVIL <\/strong>(B\u00c2TIMENT, TRAVAUX PUBLIC, URBANISME, G\u00c9OM\u00c8TRE TOPOGRAPHE)<\/p>\n<p><strong>FILIERE 6 :<\/strong> <strong>G\u00c9NIE ELECTRIC <\/strong>(\u00c9LECTROTECHNIQUE, MAINTENANCE DES SYST\u00c8MES \u00c9LECTRONIQUES, \u00c9NERGIES RENOUVELABLES, CONTR\u00d4LE, MAINTENANCE DES \u00c9QUIPEMENTS INDUSTRIELS)<\/p>\n<p><strong>FILIERE 7 :<\/strong> <strong>G\u00c9NIE THERMIQUE <\/strong>(FROID ET CLIMATISATION)<\/p>\n<p><strong>FILIERE 8 :<\/strong> <strong>G\u00c9NIE M\u00c9CANIQUE <\/strong>(CONSTRUCTION M\u00c9TALLIQUE, CONSTRUCTION ET FABRICATION M\u00c9CANIQUE)<\/p>\n<p><strong>FILIERE 9:<\/strong> <strong>SCIENCES ET TECHNIQUES BIOM\u00c9DICAL <\/strong>(TECHNIQUES DE LABORATOIRE ET D\u2019ANALYSE M\u00c9DICALE, TECHNIQUES PHARMACEUTIQUES)<\/p>\n","protected":false},"excerpt":{"rendered":"<p>&#46;&#46;&#46;<\/p>\n","protected":false},"author":2,"featured_media":0,"parent":0,"menu_order":0,"comment_status":"closed","ping_status":"closed","template":"","meta":[],"_links":{"self":[{"href":"https:\/\/www.minesup.gov.cm\/index.php\/wp-json\/wp\/v2\/pages\/16651"}],"collection":[{"href":"https:\/\/www.minesup.gov.cm\/index.php\/wp-json\/wp\/v2\/pages"}],"about":[{"href":"https:\/\/www.minesup.gov.cm\/index.php\/wp-json\/wp\/v2\/types\/page"}],"author":[{"embeddable":true,"href":"https:\/\/www.minesup.gov.cm\/index.php\/wp-json\/wp\/v2\/users\/2"}],"replies":[{"embeddable":true,"href":"https:\/\/www.minesup.gov.cm\/index.php\/wp-json\/wp\/v2\/comments?post=16651"}],"version-history":[{"count":3,"href":"https:\/\/www.minesup.gov.cm\/index.php\/wp-json\/wp\/v2\/pages\/16651\/revisions"}],"predecessor-version":[{"id":16657,"href":"https:\/\/www.minesup.gov.cm\/index.php\/wp-json\/wp\/v2\/pages\/16651\/revisions\/16657"}],"wp:attachment":[{"href":"https:\/\/www.minesup.gov.cm\/index.php\/wp-json\/wp\/v2\/media?parent=16651"}],"curies":[{"name":"wp","href":"https:\/\/api.w.org\/{rel}","templated":true}]}}