{"id":16661,"date":"2023-06-12T13:14:33","date_gmt":"2023-06-12T12:14:33","guid":{"rendered":"https:\/\/minesup.gov.cm\/?page_id=16661"},"modified":"2023-06-21T09:59:56","modified_gmt":"2023-06-21T08:59:56","slug":"centuring-innovating-higher-institute","status":"publish","type":"page","link":"https:\/\/www.minesup.gov.cm\/index.php\/centuring-innovating-higher-institute\/","title":{"rendered":"Century Innovating Higher Institute (CINNOHI)"},"content":{"rendered":"<p><img loading=\"lazy\" class=\"wp-image-16686 aligncenter\" src=\"https:\/\/minesup.gov.cm\/wp-content\/uploads\/2023\/06\/ipes-295x300.png\" alt=\"\" width=\"207\" height=\"211\" srcset=\"https:\/\/www.minesup.gov.cm\/wp-content\/uploads\/2023\/06\/ipes-295x300.png 295w, https:\/\/www.minesup.gov.cm\/wp-content\/uploads\/2023\/06\/ipes.png 685w\" sizes=\"(max-width: 207px) 100vw, 207px\" \/><\/p>\n<p style=\"text-align: center;\"><strong>INFORMATIONS D\u2019IDENTIFICATION<\/strong><\/p>\n<p style=\"text-align: justify;\"><strong>Nom de l\u2019institution\u00a0<\/strong>:\u00a0Century Innovating Higher Institute\u00a0 (CINNOHI)<br \/>\n<strong>Nom du promoteur<\/strong>\u00a0: TALLA SOH Gr\u00e9goire<br \/>\n<strong>R\u00e9gion\u00a0<\/strong>: Littoral<br \/>\n<strong>D\u00e9partement\u00a0<\/strong>: Wouri<br \/>\n<strong>Arrondissement\u00a0<\/strong>: Douala 2e<br \/>\n<strong>Site de localisation\u00a0<\/strong>: Douala \/ Bonapriso \u2013 Kuwait, below for\u00eat bar Bois des singes<br \/>\n<strong>T\u00e9l\u00e9phone\u00a0<\/strong>: 677 06 24 87<br \/>\n<strong>BP : <\/strong>6310 New Bell\u00a0 \u00a0 \u00a0 <strong>\u00a0 \u00a0 \u00a0 \u00a0 \u00a0 \u00a0 \u00a0 \u00a0 \u00a0 \u00a0 \u00a0 \u00a0 \u00a0 \u00a0 \u00a0 \u00a0 \u00a0 \u00a0 \u00a0 \u00a0 \u00a0 \u00a0 Email<\/strong> :<br \/>\n<strong>Site web<\/strong>\u00a0:<br \/>\n<strong>Adresse dans les r\u00e9seaux sociaux\u00a0<\/strong>:<\/p>\n<p style=\"text-align: center;\"><strong>INFORMATIONS SUR LE STATUT D\u2019<\/strong><b>ACCR\u00c9DITATION<\/b><\/p>\n<p><strong><u>Ministerial Authorisation No<\/u><\/strong>.: 23\/00284\/NHA\/MINESUP\/DDES\/ESUP\/SDA\/MF of 22 MAY 2023<br \/>\n<strong><u>Agr\u00e9ment Minist\u00e9riel No<\/u><\/strong>.: 23\/00284\/NHA\/MINESUP\/DDES\/ESUP\/SDA\/MF du 22 MAI 2023<\/p>\n<p style=\"text-align: justify;\"><strong>FIRST EVER AUTHORISED FIELDS AND SPECIALTIES FOR THE HIGHER NATIONAL DIPLOMA (HND) AND BREVET DE TECHNICIEN SUPERIEUR (BTS) TO BEGIN FROM THE 2023-2024 ACADEMIC YEAR<\/strong><\/p>\n<p style=\"text-align: justify;\"><strong>LES PREMI\u00c8RS DOMAINES ET SP\u00c9CIALIT\u00c9S AUTORIS\u00c9ES POUR LE DIPL\u00d4ME NATIONAL SUP\u00c9RIEUR (HND) ET LE BREVET DE TECHNICIEN SUP\u00c9RIEUR (BTS) \u00c0 COMMENCER \u00c0 PARTIR DE L&rsquo;ANN\u00c9E ACAD\u00c9MIQUE 2023-2024<\/strong><\/p>\n<p style=\"text-align: justify;\"><strong>\u00a0<\/strong><strong>I &#8211; HIGHER NATIONAL DIPLOMA (HND)<\/strong><\/p>\n<p style=\"text-align: justify;\"><strong><u>FIELD 1<\/u><\/strong><strong>\u00a0: MANAGEMENT<\/strong><\/p>\n<ul style=\"text-align: justify;\">\n<li>Assistant Manager<\/li>\n<li>Project Management<\/li>\n<li>Human Resource Management<\/li>\n<li>Logistics and Transport Management<\/li>\n<li>Information System Management<\/li>\n<li>Events Management<\/li>\n<li>Management of NGOs<\/li>\n<li>Port Shipping Management<\/li>\n<li>Local Government Management<\/li>\n<li>Quality Management<\/li>\n<li>Statistics<\/li>\n<\/ul>\n<p style=\"text-align: justify;\"><strong><u>FIELD 2<\/u><\/strong><strong>\u00a0: BUSINESS AND FINANCE<\/strong><\/p>\n<ul style=\"text-align: justify;\">\n<li>Accountancy<\/li>\n<li>Marketing-Trade-Sales<\/li>\n<li>Banking and Finance<\/li>\n<li>International Trade<\/li>\n<li>Microfinance<\/li>\n<\/ul>\n<p style=\"text-align: justify;\"><strong><u>FIELD 3<\/u><\/strong><strong>\u00a0: LEGAL CAREERS<\/strong><\/p>\n<ul style=\"text-align: justify;\">\n<li>Legal Assistant<\/li>\n<li>Business Law<\/li>\n<li>Land Law<\/li>\n<li>Stock Market Career<\/li>\n<li>Customers and Transit<\/li>\n<li>Tax Management<\/li>\n<\/ul>\n<p style=\"text-align: justify;\"><strong><u>FIELD 4<\/u><\/strong><strong>\u00a0: EDUCATION<\/strong><\/p>\n<ul style=\"text-align: justify;\">\n<li>Didactics, Curriculum Development and Teaching<\/li>\n<li>Special Education<\/li>\n<li>Education Management and Administration<\/li>\n<li>Distance and Continuing Education<\/li>\n<li>Vocational Guidance and Counselling<\/li>\n<li>Andragogy<\/li>\n<\/ul>\n<p style=\"text-align: justify;\"><strong><u>FIELD 5<\/u><\/strong><strong>\u00a0: COMMUNICATION<\/strong><\/p>\n<ul style=\"text-align: justify;\">\n<li>Advertising and Public Relations<\/li>\n<li>Corporate Communication<\/li>\n<li>Printing, Editing and Publishing<\/li>\n<\/ul>\n<p style=\"text-align: justify;\"><strong><u>FIELD 6<\/u><\/strong><strong>\u00a0: ARTS AND CULTURE<\/strong><\/p>\n<p style=\"text-align: justify;\">Art and Design<\/p>\n<p style=\"text-align: justify;\"><strong><u>FIELD 7<\/u><\/strong><strong>\u00a0: MEDICAL AND BIOMEDICAL SCIENCES<\/strong><\/p>\n<ul style=\"text-align: justify;\">\n<li>Nursing<\/li>\n<li>Midwifery<\/li>\n<\/ul>\n<p style=\"text-align: justify;\"><strong><u>FIELD 8<\/u><\/strong><strong>\u00a0: ELECTRICAL AND ELECTRONICS ENGINEERING<\/strong><\/p>\n<ul style=\"text-align: justify;\">\n<li>Electronics<\/li>\n<li>Electrotechics<\/li>\n<\/ul>\n<p style=\"text-align: justify;\"><strong>\u00a0<\/strong><strong>II \u2013 BEVET DE TECHNICIEN SUPERIEUR (BTS)<\/strong><\/p>\n<p style=\"text-align: justify;\"><strong><u>FILIERE 1<\/u><\/strong><strong>\u00a0: COMMERCE \u2013 VENTE<\/strong><\/p>\n<ul style=\"text-align: justify;\">\n<li>Commerce International<\/li>\n<li>Marketing \u2013 Commerce \u2013 Sales<\/li>\n<\/ul>\n<p style=\"text-align: justify;\"><strong><u>FILIERE 2<\/u><\/strong><strong>\u00a0: GESTION<\/strong><\/p>\n<ul style=\"text-align: justify;\">\n<li>Gestion des Projets<\/li>\n<li>Gestion des Ressources Humaines<\/li>\n<li>Gestion Logistiques et Transport<\/li>\n<li>Banque et Finance<\/li>\n<li>Comptabilit\u00e9 et Gestion des Entreprises<\/li>\n<li>Gestion des Syst\u00e8mes d\u2019Information<\/li>\n<li>Management Ev\u00e8nementiel<\/li>\n<li>Gestion des ONG<\/li>\n<li>Gestion de la Qualit\u00e9<\/li>\n<li>Statistiques<\/li>\n<\/ul>\n<p style=\"text-align: justify;\"><strong><u>FILIERE 3<\/u><\/strong><strong>\u00a0: <\/strong><strong>CARRIERES JURIDIQUES<\/strong><\/p>\n<ul style=\"text-align: justify;\">\n<li>Assistant Judiciaire<\/li>\n<li>Droit des Affaires et de l\u2019Entreprise<\/li>\n<li>Droit Foncier et Domanial<\/li>\n<li>Gestion Fiscale<\/li>\n<li>Douane et Transit<\/li>\n<\/ul>\n<p style=\"text-align: justify;\"><strong><u>FILIERE 4<\/u><\/strong><strong>\u00a0: <\/strong><strong>SCIENCES DE L\u2019EDUCATION<\/strong><\/p>\n<ul style=\"text-align: justify;\">\n<li>Administration Scolaire<\/li>\n<li>Orientation Scolaire et Professionnelle<\/li>\n<li>Andragogie<\/li>\n<li>Education Sp\u00e9ciale<\/li>\n<\/ul>\n<p style=\"text-align: justify;\"><strong><u>FILIERE 5<\/u><\/strong><strong>\u00a0: <\/strong><strong>INFORMATION ET COMMUNICATION<\/strong><\/p>\n<p style=\"text-align: justify;\">\u00a0\u00a0\u00a0\u00a0\u00a0\u00a0\u00a0\u00a0\u00a0\u00a0\u00a0 Communication des Organisations<\/p>\n<p style=\"text-align: justify;\"><strong><u>FILIERE 6<\/u><\/strong><strong>: <\/strong><strong>ARTS ET METIERS DE LA CULTURE<\/strong><\/p>\n<p style=\"text-align: justify;\">\u00a0\u00a0\u00a0\u00a0\u00a0\u00a0\u00a0\u00a0 Design<\/p>\n<p style=\"text-align: justify;\"><strong><u>FILIERE 7<\/u><\/strong><strong>\u00a0: <\/strong><strong>ETUDES MEDICO-SANITAIRES<\/strong><\/p>\n<ul style=\"text-align: justify;\">\n<li>Sage-Femme<\/li>\n<li>Sciences Infermi\u00e8res<\/li>\n<\/ul>\n<p style=\"text-align: justify;\"><strong><u>FILIERE 8<\/u><\/strong><strong>\u00a0: <\/strong><strong>GENIE ELECTRIQUE<\/strong><\/p>\n<ul>\n<li style=\"text-align: justify;\">Electronique<\/li>\n<li style=\"text-align: justify;\">Maintenance des syst\u00e8mes Electriques<\/li>\n<\/ul>\n","protected":false},"excerpt":{"rendered":"<p>&#46;&#46;&#46;<\/p>\n","protected":false},"author":2,"featured_media":0,"parent":0,"menu_order":0,"comment_status":"closed","ping_status":"closed","template":"","meta":[],"_links":{"self":[{"href":"https:\/\/www.minesup.gov.cm\/index.php\/wp-json\/wp\/v2\/pages\/16661"}],"collection":[{"href":"https:\/\/www.minesup.gov.cm\/index.php\/wp-json\/wp\/v2\/pages"}],"about":[{"href":"https:\/\/www.minesup.gov.cm\/index.php\/wp-json\/wp\/v2\/types\/page"}],"author":[{"embeddable":true,"href":"https:\/\/www.minesup.gov.cm\/index.php\/wp-json\/wp\/v2\/users\/2"}],"replies":[{"embeddable":true,"href":"https:\/\/www.minesup.gov.cm\/index.php\/wp-json\/wp\/v2\/comments?post=16661"}],"version-history":[{"count":9,"href":"https:\/\/www.minesup.gov.cm\/index.php\/wp-json\/wp\/v2\/pages\/16661\/revisions"}],"predecessor-version":[{"id":16769,"href":"https:\/\/www.minesup.gov.cm\/index.php\/wp-json\/wp\/v2\/pages\/16661\/revisions\/16769"}],"wp:attachment":[{"href":"https:\/\/www.minesup.gov.cm\/index.php\/wp-json\/wp\/v2\/media?parent=16661"}],"curies":[{"name":"wp","href":"https:\/\/api.w.org\/{rel}","templated":true}]}}