{"id":17200,"date":"2023-07-28T12:21:00","date_gmt":"2023-07-28T11:21:00","guid":{"rendered":"https:\/\/minesup.gov.cm\/?page_id=17200"},"modified":"2023-07-31T11:57:42","modified_gmt":"2023-07-31T10:57:42","slug":"primetec-higher-institute-of-technology","status":"publish","type":"page","link":"https:\/\/www.minesup.gov.cm\/index.php\/primetec-higher-institute-of-technology\/","title":{"rendered":"PRIMETEC Higher Institute of Technology"},"content":{"rendered":"<p style=\"text-align: center;\"><strong>INFORMATIONS D\u2019IDENTIFICATION<\/strong><\/p>\n<p style=\"text-align: justify;\"><strong>Nom de l\u2019institution\u00a0<\/strong>: PRIMETEC Higher Institute of Technology<br \/>\n<strong>Nom du promoteur<\/strong> :\u00a0Monsieur TAKAM NZOKAM Austin<br \/>\n<strong>R\u00e9gion\u00a0<\/strong>: Centre<br \/>\n<strong>D\u00e9partement\u00a0<\/strong>: Mfoundi<br \/>\n<strong>Arrondissement\u00a0<\/strong>: Yaound\u00e9 6<br \/>\n<strong>Site de localisation\u00a0<\/strong>: Biyem Assi Tam Tam (nouvelle route Damasse)<br \/>\n<strong>Adresse postale<\/strong> : BP:14 309<br \/>\n<strong>T\u00e9l\u00e9phone\u00a0<\/strong>: +237 695 44 39 99<br \/>\n<strong>Email<\/strong> : <a href=\"mailto:contact@primetec-academy.com\">contact@primetec-academy.com\u00a0<\/a><br \/>\n<strong>Site web<\/strong> : <a href=\"www.primetec-academy.com\" target=\"_blank\" rel=\"noopener\">www.primetec-academy.com<\/a><br \/>\n<strong>Adresse dans les r\u00e9seaux sociaux\u00a0<\/strong>: Facebook et Instagram (@PrimetecAcademy)<\/p>\n<p style=\"text-align: center;\"><strong>INFORMATIONS SUR LE STATUT D&rsquo;<\/strong><b>ACCR\u00c9DITATION<\/b><\/p>\n<p style=\"text-align: justify;\"><strong><span style=\"text-decoration: underline;\">Autorisation sp\u00e9ciale de cr\u00e9ation et d&rsquo;ouverture<\/span>\u00a0<\/strong>: n\u00b011-07363\/L\/MINESUP\/SG\/DDES\/ESUP\/SDA\/ABC du 12 d\u00e9cembre 2022<\/p>\n<p style=\"text-align: center;\"><strong>F<\/strong><strong>ILI\u00c8RES ET SP\u00c9CIALIT\u00c9S AUTORIS\u00c9ES<\/strong><\/p>\n<p><strong><u>Fili\u00e8re<\/u> : <\/strong>G\u00e9nie Logiciel, Design web, T\u00e9l\u00e9communications, Management et Administration<\/p>\n<p style=\"text-align: center;\"><strong>DIPL\u00d4MES PR\u00c9PAR\u00c9S<\/strong><\/p>\n<p>BTS (HND) et autres certifications<\/p>\n","protected":false},"excerpt":{"rendered":"<p>&#46;&#46;&#46;<\/p>\n","protected":false},"author":2,"featured_media":0,"parent":0,"menu_order":0,"comment_status":"closed","ping_status":"closed","template":"","meta":[],"_links":{"self":[{"href":"https:\/\/www.minesup.gov.cm\/index.php\/wp-json\/wp\/v2\/pages\/17200"}],"collection":[{"href":"https:\/\/www.minesup.gov.cm\/index.php\/wp-json\/wp\/v2\/pages"}],"about":[{"href":"https:\/\/www.minesup.gov.cm\/index.php\/wp-json\/wp\/v2\/types\/page"}],"author":[{"embeddable":true,"href":"https:\/\/www.minesup.gov.cm\/index.php\/wp-json\/wp\/v2\/users\/2"}],"replies":[{"embeddable":true,"href":"https:\/\/www.minesup.gov.cm\/index.php\/wp-json\/wp\/v2\/comments?post=17200"}],"version-history":[{"count":3,"href":"https:\/\/www.minesup.gov.cm\/index.php\/wp-json\/wp\/v2\/pages\/17200\/revisions"}],"predecessor-version":[{"id":17209,"href":"https:\/\/www.minesup.gov.cm\/index.php\/wp-json\/wp\/v2\/pages\/17200\/revisions\/17209"}],"wp:attachment":[{"href":"https:\/\/www.minesup.gov.cm\/index.php\/wp-json\/wp\/v2\/media?parent=17200"}],"curies":[{"name":"wp","href":"https:\/\/api.w.org\/{rel}","templated":true}]}}