{"id":1728,"date":"2018-03-23T13:30:03","date_gmt":"2018-03-23T12:30:03","guid":{"rendered":"https:\/\/minesup.gov.cm\/?page_id=1728"},"modified":"2026-03-12T15:06:31","modified_gmt":"2026-03-12T14:06:31","slug":"centre","status":"publish","type":"page","link":"https:\/\/www.minesup.gov.cm\/index.php\/centre\/","title":{"rendered":"R\u00e9gion du Centre"},"content":{"rendered":"<ol>\n<li style=\"text-align: justify;\"><strong><a href=\"https:\/\/minesup.gov.cm\/index.php\/jagora-university\/\" target=\"_blank\" rel=\"noopener noreferrer\">Jagora University<\/a><\/strong><\/li>\n<li style=\"text-align: justify;\"><strong><a href=\"https:\/\/minesup.gov.cm\/index.php\/centre\/cameroon-bilingual-higher-institute-cbhi\/\" target=\"_blank\" rel=\"noopener noreferrer\">Cameroon Bilingual Higher Institute (CBHI)<\/a><\/strong><\/li>\n<li style=\"text-align: justify;\"><a href=\"https:\/\/minesup.gov.cm\/index.php\/centre\/centre-international-des-etudes-polytechniques\/\" target=\"_blank\" rel=\"noopener noreferrer\"><strong>Centre International des Etudes Polytechniques d\u2019Obala<\/strong><\/a><\/li>\n<li style=\"text-align: justify;\"><a href=\"https:\/\/minesup.gov.cm\/index.php\/4137-2\/\" target=\"_blank\" rel=\"noopener noreferrer\"><strong>Citec Higher Institute of Technology and Management (ICTU)<\/strong><\/a><\/li>\n<li style=\"text-align: justify;\"><a href=\"https:\/\/minesup.gov.cm\/index.php\/comfort-higher-institute-of-health-management-and-education-chihme-2\/\" target=\"_blank\" rel=\"noopener\"><strong>Comfort Higher Institute of Health, Management and Education (CHIHME)<\/strong><\/a><\/li>\n<li style=\"text-align: justify;\"><a href=\"https:\/\/minesup.gov.cm\/index.php\/ecole-sup-prepa\/\" target=\"_blank\" rel=\"noopener noreferrer\"><strong>Ecole Sup Pr\u00e9pa<\/strong><\/a><\/li>\n<li><strong><a href=\"http:\/\/Ecole Sup\u00e9rieure Africaine de Technologies Appliqu\u00e9es et de Gestion (ESATAG)\" data-wplink-url-error=\"true\">Ecole Sup\u00e9rieure Africaine de Technologies Appliqu\u00e9es et de Gestion (ESATAG)<\/a><\/strong><\/li>\n<li style=\"text-align: justify;\"><a href=\"https:\/\/minesup.gov.cm\/index.php\/ecole-superieure-de-commerce-et-de-gestion-des-entreprises-sup-de-co\/\" target=\"_blank\" rel=\"noopener noreferrer\"><strong>Ecole Sup\u00e9rieure de Commerce et de Gestion des Entreprises (SUP de CO)<\/strong><\/a><\/li>\n<li style=\"text-align: justify;\"><a href=\"https:\/\/minesup.gov.cm\/?page_id=4149&amp;preview=true\" target=\"_blank\" rel=\"noopener noreferrer\"><strong>Ecole Sup\u00e9rieure de Commerce et de Gestion de Yaound\u00e9 (ESCGY)<\/strong><\/a><\/li>\n<li><strong><a href=\"https:\/\/minesup.gov.cm\/index.php\/ecole-superieure-de-management-et-des-technologies-appliquees-esmata\/\" target=\"_blank\" rel=\"noopener\">Ecole Sup\u00e9rieure de Management et des Technologies Appliqu\u00e9es \u00ab ESMATA\u00bb<\/a><\/strong><\/li>\n<li style=\"text-align: justify;\"><a href=\"https:\/\/minesup.gov.cm\/index.php\/ecole-superieure-des-sciences-de-la-finance-de-lassurance-et-des-risques-de-yaounde-essfar\/\" target=\"_blank\" rel=\"noopener noreferrer\"><strong>Ecole Sup\u00e9rieure des Sciences de la Finance, de l\u2019Assurance et des Risques de Yaound\u00e9 (ESSFAR)<\/strong><\/a><\/li>\n<li style=\"text-align: justify;\"><strong><a href=\"https:\/\/minesup.gov.cm\/index.php\/centre\/ecole-superieure-speciale-darchitecture-du-cameroun-essaca\/\" target=\"_blank\" rel=\"noopener noreferrer\">Ecole Sup\u00e9rieure Sp\u00e9ciale d\u2019Architecture du Cameroun (ESSACA)<\/a><\/strong><\/li>\n<li><strong><a href=\"https:\/\/www.minesup.gov.cm\/index.php\/experiental-higher-institute-of-science-and-technology-exhist\/\" target=\"_blank\" rel=\"noopener\">Experiental Higher Institute of Science and Technology (EXHIST)<\/a><\/strong><\/li>\n<li style=\"text-align: justify;\"><a href=\"https:\/\/minesup.gov.cm\/index.php\/centre\/heritage-higher-institute-of-peace-development-studies-hehipeds\/\" target=\"_blank\" rel=\"noopener noreferrer\"><strong>Heritage Higher Institute of Peace Development Studies (HEHIPEDS)<\/strong><\/a><\/li>\n<li><strong><a href=\"https:\/\/www.minesup.gov.cm\/index.php\/higher-institute-for-professionalism-and-excellence-hiptex\/\" target=\"_blank\" rel=\"noopener\">Higher Institute for Professionalism and Excellence (HIPTEX)<\/a><\/strong><\/li>\n<li style=\"text-align: justify;\"><a href=\"https:\/\/minesup.gov.cm\/?page_id=4621&amp;preview=true\"><strong>Higher Institute of Management and Entrepreneurship (HIME)<\/strong><\/a><\/li>\n<li><a href=\"https:\/\/minesup.gov.cm\/index.php\/higher-institute-of-technology-and-management-citec-hitm\/\" target=\"_blank\" rel=\"noopener noreferrer\"><strong>Higher Institute of technology and Management (CITEC HITM)<\/strong><\/a><\/li>\n<li style=\"text-align: justify;\"><strong><a href=\"https:\/\/minesup.gov.cm\/index.php\/centre\/information-and-communication-technology-university-institute-ictu\/\" target=\"_blank\" rel=\"noopener noreferrer\">Information and Communication Technology University Institute (ICTU)<\/a><br \/>\n<\/strong><\/li>\n<li style=\"text-align: justify;\"><a href=\"https:\/\/minesup.gov.cm\/index.php\/centre\/institut-agenla-academy\/\" target=\"_blank\" rel=\"noopener noreferrer\"><strong>Institut AGENLA Academy<\/strong><\/a><\/li>\n<li style=\"text-align: justify;\"><a href=\"https:\/\/minesup.gov.cm\/index.php\/institut-catholique-de-yaounde\/\"><strong>Institut Catholique de Yaound\u00e9<\/strong><\/a><\/li>\n<li><a href=\"https:\/\/minesup.gov.cm\/index.php\/institut-de-haute-technologie-et-management-ihtm\/\" target=\"_blank\" rel=\"noopener\"><strong>Institut de Haute Technologie et Management (IHTM)<\/strong><\/a><\/li>\n<li style=\"text-align: justify;\"><strong><a href=\"https:\/\/minesup.gov.cm\/index.php\/institut-de-management-et-de-marketing-superieur-de-commerce-i2m-sup-de-co-cameroun\/\" target=\"_blank\" rel=\"noopener noreferrer\">Institut de Management et de Marketing Sup\u00e9rieur de Commerce (I2M Sup de Co Cameroun<\/a>)<\/strong><\/li>\n<li style=\"text-align: justify;\"><a href=\"https:\/\/minesup.gov.cm\/index.php\/centre\/institut-des-beaux-arts-cheikh-anta-diop-isbac\/\" target=\"_blank\" rel=\"noopener noreferrer\"><strong>Institut des Beaux-Arts CHEIKH ANTA DIOP<\/strong><\/a><\/li>\n<li style=\"text-align: justify;\"><a href=\"https:\/\/minesup.gov.cm\/?page_id=4648&amp;preview=true\" target=\"_blank\" rel=\"noopener noreferrer\"><strong>Institut des Sciences Economiques et Informatiques de Gestion (ISEIG)<\/strong><\/a><\/li>\n<li style=\"text-align: justify;\"><a href=\"https:\/\/minesup.gov.cm\/index.php\/centre\/institut-mbassi-superieur-ims\/\" target=\"_blank\" rel=\"noopener noreferrer\"><strong>Institut MBASSI Sup\u00e9rieur<\/strong><\/a><\/li>\n<li style=\"text-align: justify;\"><strong>Institut Saint Jean<\/strong><\/li>\n<li style=\"text-align: justify;\"><a href=\"https:\/\/minesup.gov.cm\/index.php\/centre\/institut-superieur-azimut-de-commerce-de-technologie-et-de-sante-insa\/\" target=\"_blank\" rel=\"noopener noreferrer\"><strong>Institut Sup\u00e9rieur Azimut de Commerce, de Technologie et de Sant\u00e9<\/strong><\/a><\/li>\n<li style=\"text-align: justify;\"><a href=\"https:\/\/minesup.gov.cm\/index.php\/centre\/institut-superieur-dagriculture-et-de-gestion-isag\/\" target=\"_blank\" rel=\"noopener noreferrer\"><strong>Institut Sup\u00e9rieur d\u2019Agriculture et de Gestion<\/strong><\/a><\/li>\n<li style=\"text-align: justify;\"><a href=\"https:\/\/minesup.gov.cm\/index.php\/centre\/institut-superieur-denseignement-managerial-et-technologique-isemt\/\" target=\"_blank\" rel=\"noopener noreferrer\"><strong>Institut Sup\u00e9rieur d\u2019Enseignement Manag\u00e9rial et Technologique<\/strong><\/a><\/li>\n<li style=\"text-align: justify;\"><a href=\"https:\/\/minesup.gov.cm\/index.php\/centre\/institut-superieur-detudes-scientifiques-technologiques-et-manageriales-isestma\/\" target=\"_blank\" rel=\"noopener noreferrer\"><strong>Institut Sup\u00e9rieur d\u2019Etudes Scientifiques, Technologiques et Manag\u00e9riales (ISESTMA)<\/strong><\/a><\/li>\n<li style=\"text-align: justify;\"><a href=\"https:\/\/minesup.gov.cm\/index.php\/centre\/institut-superieur-de-chimie-et-de-gestion-iscg\/\" target=\"_blank\" rel=\"noopener noreferrer\"><strong>Institut Sup\u00e9rieur de Chimie et de Gestion<\/strong><\/a><\/li>\n<li style=\"text-align: justify;\"><a href=\"https:\/\/minesup.gov.cm\/index.php\/centre\/institut-superieur-de-formation-aux-metiers-de-telecommunications-de-linnovation-technologique-de-commerce-et-de-gestion-iftic-sup\/\" target=\"_blank\" rel=\"noopener noreferrer\"><strong>Institut Sup\u00e9rieur de Formation aux M\u00e9tiers de T\u00e9l\u00e9communications, de l\u2019Innovation Technologique, de Commerce et de Gestion (IFTIC-SUP)<\/strong><\/a><\/li>\n<li style=\"text-align: justify;\"><a href=\"https:\/\/minesup.gov.cm\/index.php\/institut-superieur-du-genie-civil-isgec\/\" target=\"_blank\" rel=\"noopener\"><strong>Institut Sup\u00e9rieur de G\u00e9nie Civil (ISGeC)<\/strong><\/a><\/li>\n<li style=\"text-align: justify;\"><a href=\"https:\/\/minesup.gov.cm\/index.php\/centre\/institut-superieur-de-gestion-et-dhotellerie-isgho\/\" target=\"_blank\" rel=\"noopener noreferrer\"><strong>Institut Sup\u00e9rieur de Gestion et d\u2019H\u00f4tellerie (ISGHO)<\/strong><\/a><\/li>\n<li style=\"text-align: justify;\"><a href=\"https:\/\/minesup.gov.cm\/index.php\/centre\/institut-superieur-de-lemergence-ise\/\" target=\"_blank\" rel=\"noopener noreferrer\"><strong>Institut Sup\u00e9rieur de l\u2019Emergence (ISE)<\/strong><\/a><\/li>\n<li style=\"text-align: justify;\"><a href=\"https:\/\/minesup.gov.cm\/index.php\/2019\/06\/22\/7596\/\" target=\"_blank\" rel=\"noopener noreferrer\"><strong>Institut Sup\u00e9rieur de Management et des Sciences Appliqu\u00e9es (ISMASA)<\/strong><\/a><\/li>\n<li style=\"text-align: justify;\"><a href=\"https:\/\/minesup.gov.cm\/index.php\/centre\/institut-superieur-de-management-et-des-technologies-industrielles-ismti\/\" target=\"_blank\" rel=\"noopener noreferrer\"><strong>Institut Sup\u00e9rieur de Management et des Technologies Industrielles (ISMTI)<\/strong><\/a><\/li>\n<li style=\"text-align: justify;\"><a href=\"https:\/\/minesup.gov.cm\/index.php\/centre\/institut-superieur-de-management-international-ismi\/\" target=\"_blank\" rel=\"noopener noreferrer\"><strong>Institut Sup\u00e9rieur de Management International (ISMI)<\/strong><\/a><\/li>\n<li style=\"text-align: justify;\"><a href=\"https:\/\/minesup.gov.cm\/index.php\/centre\/institut-superieur-de-petrochimie-et-dingenierie\/\" target=\"_blank\" rel=\"noopener noreferrer\"><strong>Institut Sup\u00e9rieur de P\u00e9trochimie et d\u2019Ing\u00e9nierie Math\u00e9matique (ISPIM)<\/strong><\/a><\/li>\n<li><strong><a href=\"https:\/\/minesup.gov.cm\/index.php\/institut-superieur-de-petrochimie-de-linformatique-et-des-sciences-appliquees-ispisa\/\">Institut Sup\u00e9rieur de P\u00e9trochimie, de l&rsquo;Informatique et des Sciences Appliqu\u00e9es (ISPISA)<\/a><\/strong><\/li>\n<li style=\"text-align: justify;\"><a href=\"https:\/\/minesup.gov.cm\/index.php\/centre\/institut-superieur-de-technologie-appliquee-et-de-gestion-istag\/\" target=\"_blank\" rel=\"noopener noreferrer\"><strong>Institut Sup\u00e9rieur de Technologie Appliqu\u00e9e et de Gestion (ISTAG).<\/strong><\/a><\/li>\n<li style=\"text-align: justify;\"><a href=\"https:\/\/minesup.gov.cm\/index.php\/centre\/institut-superieur-de-technologie-le-bon-berger-istb\/\" target=\"_blank\" rel=\"noopener noreferrer\"><strong>Institut Sup\u00e9rieur de Technologie le Bon Berger<\/strong><\/a><\/li>\n<li style=\"text-align: justify;\"><a href=\"https:\/\/minesup.gov.cm\/index.php\/centre\/institut-superieur-de-technologie-medicale-de-nkolondom-istm\/\" target=\"_blank\" rel=\"noopener noreferrer\"><strong>Institut Sup\u00e9rieur de Technologie M\u00e9dicale de Nkolodom<\/strong><\/a><\/li>\n<li style=\"text-align: justify;\"><strong>Institut Sup\u00e9rieur de Traduction, d\u2019Interpr\u00e9tariat et de Communication (ISTIC)<\/strong><\/li>\n<li style=\"text-align: justify;\"><a href=\"https:\/\/minesup.gov.cm\/index.php\/centre\/institut-superieur-des-affaires-isa\/\" target=\"_blank\" rel=\"noopener noreferrer\"><strong>Institut Sup\u00e9rieur des Affaires (ISA)<\/strong><\/a><\/li>\n<li style=\"text-align: justify;\"><a href=\"https:\/\/minesup.gov.cm\/index.php\/centre\/institut-superieur-des-metiers-notre-dame\/\" target=\"_blank\" rel=\"noopener noreferrer\"><strong>Institut Sup\u00e9rieur des m\u00e9tiers Notre Dame<\/strong><\/a><\/li>\n<li style=\"text-align: justify;\"><strong>Institut Sup\u00e9rieur des Professions de Sant\u00e9 (ISPS)<\/strong><\/li>\n<li style=\"text-align: justify;\"><a href=\"https:\/\/minesup.gov.cm\/index.php\/centre\/institut-superieur-des-sciences-agronomiques-de-lenvironnement-et-de-lentrepreneuriat-rural-issaeer\/\" target=\"_blank\" rel=\"noopener noreferrer\"><strong>Institut Sup\u00e9rieur des Sciences Agronomiques, de l\u2019Environnement et de l\u2019Entrepreneuriat Rural (ISSAEER)<\/strong><\/a><\/li>\n<li style=\"text-align: justify;\"><a href=\"https:\/\/minesup.gov.cm\/index.php\/centre\/institut-superieur-des-sciences-biologiques-et-appliquees-issba\/\" target=\"_blank\" rel=\"noopener noreferrer\"><strong>Institut Sup\u00e9rieur des Sciences Biologiques et Appliqu\u00e9es (ISSBA)<\/strong><\/a><\/li>\n<li><a href=\"https:\/\/minesup.gov.cm\/index.php\/institut-superieur-des-sciences-de-la-sante-le-millenium\/\" target=\"_blank\" rel=\"noopener\"><strong>Institut Sup\u00e9rieur des Sciences de la Sant\u00e9 \u00ab\u00a0le Millenium\u00a0\u00bb<\/strong><\/a><\/li>\n<li style=\"text-align: justify;\"><strong>Institut Sup\u00e9rieur des Sciences de l\u2019Education (ISSED)<\/strong><\/li>\n<li style=\"text-align: justify;\"><a href=\"https:\/\/minesup.gov.cm\/index.php\/centre\/institut-superieur-des-sciences-de-lentreprise-isse\/\" target=\"_blank\" rel=\"noopener noreferrer\"><strong>Institut Sup\u00e9rieur des Sciences de l\u2019Entreprise (ISSE)<\/strong><\/a><\/li>\n<li style=\"text-align: justify;\"><strong>Institut Sup\u00e9rieur des Sciences et de Management (I2SM)<\/strong><\/li>\n<li style=\"text-align: justify;\"><a href=\"https:\/\/minesup.gov.cm\/index.php\/centre\/institut-superieur-des-sciences-et-des-technologies-sainte-maria\/\" target=\"_blank\" rel=\"noopener noreferrer\"><strong>Institut Sup\u00e9rieur des Sciences et des Technologies Sainte Maria<\/strong><\/a><\/li>\n<li style=\"text-align: justify;\"><a href=\"https:\/\/minesup.gov.cm\/index.php\/centre\/institut-superieur-des-sciences-et-techniques-de-yaounde-issty\/\" target=\"_blank\" rel=\"noopener noreferrer\"><strong>Institut Sup\u00e9rieur des Sciences et Techniques de Yaound\u00e9 (ISSTY)<\/strong><\/a><\/li>\n<li style=\"text-align: justify;\"><strong>Institut Sup\u00e9rieur des Sciences et Technologies de la Sant\u00e9 (ISSTS)<\/strong><\/li>\n<li><a href=\"https:\/\/minesup.gov.cm\/index.php\/centre\/institut-superieur-des-sciences-et-technologies-la-sapience\/\" target=\"_blank\" rel=\"noopener noreferrer\">Institut Sup\u00e9rieur des Sciences et Technologies la Sapience<\/a><\/li>\n<li style=\"text-align: justify;\"><strong>Institut Sup\u00e9rieur des Sciences Sociales et Appliqu\u00e9es (I3SA)<\/strong><\/li>\n<li style=\"text-align: justify;\"><strong>Institut Sup\u00e9rieur des Sciences, Arts et M\u00e9tiers (ISSAM)<\/strong><\/li>\n<li style=\"text-align: justify;\"><a href=\"https:\/\/minesup.gov.cm\/index.php\/centre\/institut-superieur-des-techniques-agricoles-dombessa\/\" target=\"_blank\" rel=\"noopener noreferrer\"><strong>Institut Sup\u00e9rieur des Techniques Agricoles d\u2019Ombessa<\/strong><\/a><\/li>\n<li style=\"text-align: justify;\"><a href=\"https:\/\/minesup.gov.cm\/index.php\/centre\/institut-superieur-des-technologies-et-de-linnovation\/\" target=\"_blank\" rel=\"noopener noreferrer\"><strong>Institut Sup\u00e9rieur des Technologies et de l\u2019Innovation<\/strong><\/a><\/li>\n<li style=\"text-align: justify;\"><a href=\"https:\/\/minesup.gov.cm\/index.php\/centre\/institut-superieur-du-personnel-medico-sanitaire-ispm\/\" target=\"_blank\" rel=\"noopener noreferrer\"><strong>Institut Sup\u00e9rieur du Personnel M\u00e9dico- Sanitaire (ISPM)<\/strong><\/a><\/li>\n<li style=\"text-align: justify;\"><strong>Institut Sup\u00e9rieur Hintel<\/strong><\/li>\n<li style=\"text-align: justify;\"><a href=\"https:\/\/minesup.gov.cm\/index.php\/centre\/institut-superieur-jimit-isj\/\" target=\"_blank\" rel=\"noopener noreferrer\"><strong>Institut Sup\u00e9rieur Jimit (ISJ)<\/strong><\/a><\/li>\n<li style=\"text-align: justify;\"><a href=\"https:\/\/minesup.gov.cm\/index.php\/centre\/institut-superieur-la-rosiere\/\" target=\"_blank\" rel=\"noopener noreferrer\"><strong>Institut Sup\u00e9rieur la Rosi\u00e8re<\/strong><\/a><\/li>\n<li style=\"text-align: justify;\"><a href=\"https:\/\/minesup.gov.cm\/index.php\/institut-superieur-kalata-iska\/\" target=\"_blank\" rel=\"noopener noreferrer\"><strong>Institut Sup\u00e9rieur Kalata (ISKA)<\/strong><\/a><\/li>\n<li style=\"text-align: justify;\"><strong>Institut Sup\u00e9rieur Lead (ISL)<\/strong><\/li>\n<li style=\"text-align: justify;\"><strong>Institut Sup\u00e9rieur Maritime et de Gestion (ISUMAG)<\/strong><\/li>\n<li style=\"text-align: justify;\"><strong>Institut Sup\u00e9rieur Matamfen (ISMAT)<\/strong><\/li>\n<li style=\"text-align: justify;\"><strong>Institut Sup\u00e9rieur Nyong et Sanaga (ISNS)<\/strong><\/li>\n<li style=\"text-align: justify;\"><strong>Institut Sup\u00e9rieur Polytechnique<\/strong><\/li>\n<li style=\"text-align: justify;\"><strong>Institut Sup\u00e9rieur Polytechnique les Armandins (ISPA)<\/strong><\/li>\n<li style=\"text-align: justify;\"><strong>Institut Sup\u00e9rieur Professionnel (ISP)<\/strong><\/li>\n<li style=\"text-align: justify;\"><strong>Institut Sup\u00e9rieur Royal Deumaga (ISRD)<\/strong><\/li>\n<li style=\"text-align: justify;\"><strong>Institut Sup\u00e9rieur Saint Jean-Paul II (ISJP)<\/strong><\/li>\n<li style=\"text-align: justify;\"><strong>Institut Sup\u00e9rieur Simon de Cyr\u00e8ne (ISSC)<\/strong><\/li>\n<li style=\"text-align: justify;\"><strong>Institut Sup\u00e9rieur Technologique<\/strong><\/li>\n<li style=\"text-align: justify;\"><a href=\"https:\/\/minesup.gov.cm\/index.php\/centre\/institut-universitaire-agricole-de-management-des-metiers-de-la-production\/\" target=\"_blank\" rel=\"noopener\"><strong>Institut Universitaire Agricole de Management des M\u00e9tiers de la Production (IUAMMP)<\/strong><\/a><\/li>\n<li style=\"text-align: justify;\"><strong>Institut universitaire Bengono Tour\u00e9<\/strong><\/li>\n<li style=\"text-align: justify;\"><strong>Institut Universitaire Catholique Sainte Th\u00e9r\u00e8se de Yaound\u00e9 (INUCASTY)<\/strong><\/li>\n<li style=\"text-align: justify;\"><strong>Institut Universitaire d\u2019Eseka (IUE)<\/strong><\/li>\n<li style=\"text-align: justify;\"><strong>Institut Universitaire des Sciences et de Management (IUSM)<\/strong><\/li>\n<li style=\"text-align: justify;\"><strong><a href=\"https:\/\/minesup.gov.cm\/index.php\/institut-universitaire-des-sciences-petrolieres-et-de-management-iuspm\/\" target=\"_blank\" rel=\"noopener noreferrer\">Institut Universitaire des Sciences P\u00e9troli\u00e8res et de Magement (IUSPM<\/a>)<\/strong><\/li>\n<li style=\"text-align: justify;\"><strong>Institut Universitaire des Sciences, des Technologies et de l\u2019Ethique (IUSTE).<\/strong><\/li>\n<li style=\"text-align: justify;\"><strong>Institut Universitaire International<\/strong><\/li>\n<li style=\"text-align: justify;\"><strong>Institut Universitaire J. NDI SAMBA<\/strong><\/li>\n<li style=\"text-align: justify;\"><strong>Institut Universitaire LA VISION<\/strong><\/li>\n<li style=\"text-align: justify;\"><strong>Institut Universitaire Protestant de Yaound\u00e9<\/strong><\/li>\n<li style=\"text-align: justify;\"><strong>Institut Universitaire SIANTOU<\/strong><\/li>\n<li style=\"text-align: justify;\"><strong>International Bilingual Academy Yaound\u00e9 (IBAY-SUP)<\/strong><\/li>\n<li><strong><a href=\"https:\/\/www.minesup.gov.cm\/index.php\/la-centrale-des-metiers-du-numerique-et-des-affaires-diockni-cemenad\/\">La Centrale des M\u00e9tiers du Num\u00e9rique et des Affaires Diockni (CEMENAD)<\/a><\/strong><\/li>\n<li><strong><a href=\"https:\/\/www.minesup.gov.cm\/index.php\/laureats-higher-institute-of-business-administration-and-technology-sciences-lahibats\/\">Laureats Higher Institute of Business, Administration and Technology Sciences (LAHIBATS)<\/a><\/strong><\/li>\n<li style=\"text-align: justify;\"><strong>PK FOKAM Higher Institute<\/strong><\/li>\n<li style=\"text-align: justify;\"><strong>Pr\u00e9pa Vogt<\/strong><\/li>\n<li><strong><a href=\"https:\/\/minesup.gov.cm\/index.php\/primetec-higher-institute-of-technology\/\">PRIMETEC Higher Institute of Technology<\/a><\/strong><\/li>\n<li><strong><a href=\"http:\/\/www.minesup.gov.cm\/index.php\/rapus-international-institute-school-riis\/\">RAPUS International Institute School (RIIS)<\/a><\/strong><\/li>\n<li><a href=\"https:\/\/www.minesup.gov.cm\/index.php\/saint-austins-international-bilingual-university-institute-of-science-and-technology-saibuist\/\"><strong>Saint Austin&rsquo;s International Bilingual University Institute of Science and Technology (SAIBUIST)<\/strong><\/a><\/li>\n<li><strong>Universit\u00e9 Adventiste Cosendai<\/strong><\/li>\n<li style=\"text-align: justify;\"><strong>Yaounde School of Economics and Management (YSEM)<\/strong><\/li>\n<li><strong><a href=\"https:\/\/www.minesup.gov.cm\/index.php\/yaounde-international-business-school-yibs\/\">Yaound\u00e9 International Business School (YIBS)<\/a><\/strong><\/li>\n<\/ol>\n","protected":false},"excerpt":{"rendered":"<p>&#46;&#46;&#46;<\/p>\n","protected":false},"author":2,"featured_media":0,"parent":0,"menu_order":0,"comment_status":"closed","ping_status":"closed","template":"","meta":[],"_links":{"self":[{"href":"https:\/\/www.minesup.gov.cm\/index.php\/wp-json\/wp\/v2\/pages\/1728"}],"collection":[{"href":"https:\/\/www.minesup.gov.cm\/index.php\/wp-json\/wp\/v2\/pages"}],"about":[{"href":"https:\/\/www.minesup.gov.cm\/index.php\/wp-json\/wp\/v2\/types\/page"}],"author":[{"embeddable":true,"href":"https:\/\/www.minesup.gov.cm\/index.php\/wp-json\/wp\/v2\/users\/2"}],"replies":[{"embeddable":true,"href":"https:\/\/www.minesup.gov.cm\/index.php\/wp-json\/wp\/v2\/comments?post=1728"}],"version-history":[{"count":18,"href":"https:\/\/www.minesup.gov.cm\/index.php\/wp-json\/wp\/v2\/pages\/1728\/revisions"}],"predecessor-version":[{"id":20191,"href":"https:\/\/www.minesup.gov.cm\/index.php\/wp-json\/wp\/v2\/pages\/1728\/revisions\/20191"}],"wp:attachment":[{"href":"https:\/\/www.minesup.gov.cm\/index.php\/wp-json\/wp\/v2\/media?parent=1728"}],"curies":[{"name":"wp","href":"https:\/\/api.w.org\/{rel}","templated":true}]}}