{"id":17308,"date":"2023-08-09T15:49:23","date_gmt":"2023-08-09T14:49:23","guid":{"rendered":"https:\/\/minesup.gov.cm\/?page_id=17308"},"modified":"2023-08-09T15:50:17","modified_gmt":"2023-08-09T14:50:17","slug":"institut-superieur-de-petrochimie-de-linformatique-et-des-sciences-appliquees-ispisa","status":"publish","type":"page","link":"https:\/\/www.minesup.gov.cm\/index.php\/institut-superieur-de-petrochimie-de-linformatique-et-des-sciences-appliquees-ispisa\/","title":{"rendered":"Institut Sup\u00e9rieur de P\u00e9trochimie de l&rsquo;Informatique et des Sciences Appliqu\u00e9es (ISPISA)"},"content":{"rendered":"<p style=\"text-align: center;\"><strong>INFORMATIONS D\u2019IDENTIFICATION<\/strong><\/p>\n<p style=\"text-align: justify;\"><strong>Nom de l\u2019institution\u00a0<\/strong>: Institut Sup\u00e9rieur de P\u00e9trochimie, de l&rsquo;Informatique et des Sciences Appliqu\u00e9es (ISPISA)<br \/>\n<strong>Nom du promoteur<\/strong> : Docteur KADJI ALBERT<br \/>\n<strong>R\u00e9gion\u00a0<\/strong>: Centre<br \/>\n<strong>D\u00e9partement\u00a0<\/strong>: Leki\u00e9 et Mfoundi<br \/>\n<strong>Arrondissement\u00a0<\/strong>: Yaound\u00e9 2 et Obala<br \/>\n<strong>Site de localisation\u00a0<\/strong>: Derri\u00e8re Tradex Bastos et Ekabita-Medoum<br \/>\n<strong>Adresse postale<\/strong> :<br \/>\n<strong>T\u00e9l\u00e9phone\u00a0<\/strong>: 655432286 \/ 678604158 \/ 659225846<br \/>\n<strong>Email<\/strong> : <a href=\"mailto:ispisacameroun@gmail.com\">ispisacameroun@gmail.com<\/a><br \/>\n<strong>Site web<\/strong> : <a href=\"https:\/\/www.ispisa-cameroun.com\/\" target=\"_blank\" rel=\"noopener\">https:\/\/www.ispisa-cameroun.com\/<\/a><br \/>\n<strong>Adresse dans les r\u00e9seaux sociaux\u00a0<\/strong>:<br \/>\n<strong>Tutelle acad\u00e9mique<\/strong> : Universit\u00e9 de Ngaound\u00e9r\u00e9<\/p>\n<p style=\"text-align: center;\"><strong>INFORMATIONS SUR LE STATUT D&rsquo;<\/strong><b>ACCR\u00c9DITATION<\/b><\/p>\n<p style=\"text-align: justify;\"><strong><span style=\"text-decoration: underline;\">Autorisation sp\u00e9ciale de cr\u00e9ation et d&rsquo;ouverture<\/span>\u00a0<\/strong>:<\/p>\n<p style=\"text-align: center;\"><strong>F<\/strong><strong>ILI\u00c8RES ET SP\u00c9CIALIT\u00c9S AUTORIS\u00c9ES<\/strong><\/p>\n<p style=\"text-align: center;\"><strong>DIPL\u00d4MES PR\u00c9PAR\u00c9S<\/strong><\/p>\n","protected":false},"excerpt":{"rendered":"<p>&#46;&#46;&#46;<\/p>\n","protected":false},"author":2,"featured_media":0,"parent":0,"menu_order":0,"comment_status":"closed","ping_status":"closed","template":"","meta":[],"_links":{"self":[{"href":"https:\/\/www.minesup.gov.cm\/index.php\/wp-json\/wp\/v2\/pages\/17308"}],"collection":[{"href":"https:\/\/www.minesup.gov.cm\/index.php\/wp-json\/wp\/v2\/pages"}],"about":[{"href":"https:\/\/www.minesup.gov.cm\/index.php\/wp-json\/wp\/v2\/types\/page"}],"author":[{"embeddable":true,"href":"https:\/\/www.minesup.gov.cm\/index.php\/wp-json\/wp\/v2\/users\/2"}],"replies":[{"embeddable":true,"href":"https:\/\/www.minesup.gov.cm\/index.php\/wp-json\/wp\/v2\/comments?post=17308"}],"version-history":[{"count":2,"href":"https:\/\/www.minesup.gov.cm\/index.php\/wp-json\/wp\/v2\/pages\/17308\/revisions"}],"predecessor-version":[{"id":17505,"href":"https:\/\/www.minesup.gov.cm\/index.php\/wp-json\/wp\/v2\/pages\/17308\/revisions\/17505"}],"wp:attachment":[{"href":"https:\/\/www.minesup.gov.cm\/index.php\/wp-json\/wp\/v2\/media?parent=17308"}],"curies":[{"name":"wp","href":"https:\/\/api.w.org\/{rel}","templated":true}]}}