{"id":1737,"date":"2018-03-23T13:52:26","date_gmt":"2018-03-23T12:52:26","guid":{"rendered":"https:\/\/minesup.gov.cm\/?page_id=1737"},"modified":"2023-05-09T16:44:32","modified_gmt":"2023-05-09T15:44:32","slug":"region-de-ladamaoua","status":"publish","type":"page","link":"https:\/\/www.minesup.gov.cm\/index.php\/region-de-ladamaoua\/","title":{"rendered":"R\u00e9gion de l\u2019Adamaoua"},"content":{"rendered":"<ol>\n<li style=\"text-align: justify;\"><a href=\"https:\/\/minesup.gov.cm\/?page_id=8064&amp;preview=true\" target=\"_blank\" rel=\"noopener noreferrer\">Institut Sup\u00e9rieur des Sciences, de Technologie, de Management et D\u00e9veloppement Durable (ISSTMADD)<\/a><\/li>\n<li style=\"text-align: justify;\"><a href=\"https:\/\/minesup.gov.cm\/?page_id=8068&amp;preview=true\" target=\"_blank\" rel=\"noopener noreferrer\">Sanda Institut Sup\u00e9rieur de Management (SISMA) <\/a><\/li>\n<li style=\"text-align: justify;\"><a href=\"https:\/\/minesup.gov.cm\/index.php\/region-de-ladamaoua\/\" target=\"_blank\" rel=\"noopener noreferrer\">Institut d\u2019Emergence de la Sant\u00e9 et des Sciences Biom\u00e9dicales de Ngaound\u00e9r\u00e9 ( INESSBIN)<\/a><\/li>\n<li style=\"text-align: justify;\"><a href=\"https:\/\/minesup.gov.cm\/?page_id=8041&amp;preview=true\" target=\"_blank\" rel=\"noopener noreferrer\">Institut Sup\u00e9rieur Y\u00e9rima \u00a0\u00a0 Dewa<\/a><\/li>\n<li style=\"text-align: justify;\"><a href=\"https:\/\/minesup.gov.cm\/?page_id=8044&amp;preview=true\" target=\"_blank\" rel=\"noopener noreferrer\">Institut Sup\u00e9rieur Fondation Mamadou Bako<\/a><\/li>\n<li style=\"text-align: justify;\"><a href=\"https:\/\/minesup.gov.cm\/?page_id=8055&amp;preview=true\" target=\"_blank\" rel=\"noopener noreferrer\"> Institut Sup\u00e9rieur du Septentrion Informatique<\/a><\/li>\n<li style=\"text-align: justify;\"><a href=\"https:\/\/minesup.gov.cm\/?page_id=8058&amp;preview=true\" target=\"_blank\" rel=\"noopener noreferrer\">Institut Sup\u00e9rieur Industriel et Commercial de Garoua<\/a><\/li>\n<li style=\"text-align: justify;\"><a href=\"https:\/\/minesup.gov.cm\/?page_id=8062&amp;preview=true\" target=\"_blank\" rel=\"noopener noreferrer\">Institut Sup\u00e9rieur des Sciences et Techniques de la Sant\u00e9<\/a><\/li>\n<li><a href=\"https:\/\/minesup.gov.cm\/index.php\/kesmonds-international-university-institute-2\/\">Kesmonds International University Institute<\/a><\/li>\n<li style=\"text-align: justify;\"><a href=\"https:\/\/minesup.gov.cm\/?page_id=8066&amp;preview=true\" target=\"_blank\" rel=\"noopener noreferrer\"> WALYA SUP<\/a><\/li>\n<\/ol>\n","protected":false},"excerpt":{"rendered":"<p>&#46;&#46;&#46;<\/p>\n","protected":false},"author":2,"featured_media":0,"parent":0,"menu_order":0,"comment_status":"closed","ping_status":"closed","template":"","meta":[],"_links":{"self":[{"href":"https:\/\/www.minesup.gov.cm\/index.php\/wp-json\/wp\/v2\/pages\/1737"}],"collection":[{"href":"https:\/\/www.minesup.gov.cm\/index.php\/wp-json\/wp\/v2\/pages"}],"about":[{"href":"https:\/\/www.minesup.gov.cm\/index.php\/wp-json\/wp\/v2\/types\/page"}],"author":[{"embeddable":true,"href":"https:\/\/www.minesup.gov.cm\/index.php\/wp-json\/wp\/v2\/users\/2"}],"replies":[{"embeddable":true,"href":"https:\/\/www.minesup.gov.cm\/index.php\/wp-json\/wp\/v2\/comments?post=1737"}],"version-history":[{"count":2,"href":"https:\/\/www.minesup.gov.cm\/index.php\/wp-json\/wp\/v2\/pages\/1737\/revisions"}],"predecessor-version":[{"id":16368,"href":"https:\/\/www.minesup.gov.cm\/index.php\/wp-json\/wp\/v2\/pages\/1737\/revisions\/16368"}],"wp:attachment":[{"href":"https:\/\/www.minesup.gov.cm\/index.php\/wp-json\/wp\/v2\/media?parent=1737"}],"curies":[{"name":"wp","href":"https:\/\/api.w.org\/{rel}","templated":true}]}}