{"id":1743,"date":"2018-03-23T13:54:12","date_gmt":"2018-03-23T12:54:12","guid":{"rendered":"https:\/\/minesup.gov.cm\/?page_id=1743"},"modified":"2026-03-31T15:09:57","modified_gmt":"2026-03-31T14:09:57","slug":"region-du-littoral","status":"publish","type":"page","link":"https:\/\/www.minesup.gov.cm\/index.php\/region-du-littoral\/","title":{"rendered":"R\u00e9gion du Littoral"},"content":{"rendered":"<ol>\n<li style=\"text-align: justify;\"><a href=\"https:\/\/minesup.gov.cm\/?page_id=7834&amp;preview=true\" target=\"_blank\" rel=\"noopener noreferrer\"><strong>Access Higher Institute of Professional Studies (Access-HIPS)<\/strong><\/a><\/li>\n<li style=\"text-align: justify;\"><a href=\"https:\/\/minesup.gov.cm\/?page_id=7838&amp;preview=true\" target=\"_blank\" rel=\"noopener noreferrer\"><strong>Alpha Higher Institute of Biomedical and Technological Sciences<\/strong><\/a><\/li>\n<li><strong><a href=\"https:\/\/minesup.gov.cm\/index.php\/centuring-innovating-higher-institute\/\">Century Innovating Higher Institute (CINNOHI)<\/a><\/strong><\/li>\n<li style=\"text-align: justify;\"><a href=\"https:\/\/minesup.gov.cm\/?page_id=7840&amp;preview=true\" target=\"_blank\" rel=\"noopener noreferrer\"><strong>Douala Higher Institute of Technology (DIT)<\/strong><\/a><\/li>\n<li><strong><a href=\"https:\/\/www.minesup.gov.cm\/index.php\/dunamis-higher-institute-of-applied-professional-studies-dhiaps\/\" target=\"_blank\" rel=\"noopener\">Dunamis Higher Institute of Applied Professional Studies (DHIAPS)<\/a><\/strong><\/li>\n<li style=\"text-align: justify;\"><a href=\"https:\/\/minesup.gov.cm\/?page_id=7844&amp;preview=true\" target=\"_blank\" rel=\"noopener noreferrer\"><strong>Ecole Sup\u00e9rieure d\u2019Ing\u00e9nieur d\u2019Afrique Centrale (ESIAC)<\/strong><\/a><\/li>\n<li style=\"text-align: justify;\"><a href=\"https:\/\/minesup.gov.cm\/?page_id=7846&amp;preview=true\" target=\"_blank\" rel=\"noopener noreferrer\"><strong>Ecole Sup\u00e9rieure de Commerce et de Management PIGIER Cameroun<\/strong><\/a><\/li>\n<li style=\"text-align: justify;\"><a href=\"https:\/\/minesup.gov.cm\/?page_id=7848&amp;preview=true\" target=\"_blank\" rel=\"noopener noreferrer\"><strong>Ecole Sup\u00e9rieure des Sciences et Techniques (ESSET)<\/strong><\/a><\/li>\n<li style=\"text-align: justify;\"><a href=\"https:\/\/minesup.gov.cm\/?page_id=7850&amp;preview=true\" target=\"_blank\" rel=\"noopener noreferrer\"><strong>Ecole Sup\u00e9rieure Technique la Salle (EST)<\/strong><\/a><\/li>\n<li style=\"text-align: justify;\"><a href=\"https:\/\/minesup.gov.cm\/?page_id=7967&amp;preview=true\" target=\"_blank\" rel=\"noopener noreferrer\"><strong>Higher Institute for Nursing and Technico-Sanitary Personals <\/strong><strong>(HINTP)<\/strong><\/a><\/li>\n<li style=\"text-align: justify;\"><a href=\"https:\/\/minesup.gov.cm\/?page_id=7854&amp;preview=true\" target=\"_blank\" rel=\"noopener noreferrer\"><strong>Higher Institute of Business<\/strong><\/a><\/li>\n<li style=\"text-align: justify;\"><a href=\"https:\/\/minesup.gov.cm\/?page_id=7856&amp;preview=true\" target=\"_blank\" rel=\"noopener noreferrer\"><strong>Higher Institute of Professional Excellence (HIPE)<\/strong><\/a><\/li>\n<li style=\"text-align: justify;\"><a href=\"https:\/\/minesup.gov.cm\/?page_id=7858&amp;preview=true\" target=\"_blank\" rel=\"noopener noreferrer\"><strong>Institut des Etudes Sup\u00e9rieures de Science, d\u2019Industrie et des Techniques de Gestion (IHES-SITG)<\/strong><\/a><\/li>\n<li><strong><a href=\"https:\/\/www.minesup.gov.cm\/index.php\/institut-des-hautes-etudes-superieures-ihes\/\" target=\"_blank\" rel=\"noopener\">Institut des Hautes Etudes Sup\u00e9rieures (IHES)<\/a><\/strong><\/li>\n<li><a href=\"https:\/\/minesup.gov.cm\/?page_id=7860&amp;preview=true\" target=\"_blank\" rel=\"noopener noreferrer\"><strong>Institut panafricain pour le D\u00e9veloppement (IPD)<\/strong><\/a><\/li>\n<li style=\"text-align: justify;\"><a href=\"https:\/\/minesup.gov.cm\/?page_id=7862&amp;preview=true\" target=\"_blank\" rel=\"noopener noreferrer\"><strong>Institut Sup\u00e9rieur Africain d\u2019Enseignement Manag\u00e9rial et Technologique<\/strong><\/a><\/li>\n<li style=\"text-align: justify;\"><a href=\"https:\/\/minesup.gov.cm\/index.php\/region-du-littoral\/institut-superieur-africain-des-technologies-de-linformation-et-de-la-connaissance-isatic\/\" target=\"_blank\" rel=\"noopener noreferrer\"><strong>Institut Sup\u00e9rieur Africain des Technologies de l&rsquo;Information et de la Connaissance (ISATIC)<\/strong><\/a><\/li>\n<li style=\"text-align: justify;\"><a href=\"https:\/\/minesup.gov.cm\/?page_id=7864&amp;preview=true\" target=\"_blank\" rel=\"noopener noreferrer\"><strong>Institut Sup\u00e9rieur d\u2019Etudes Commerciales et de Management (<\/strong><strong>ISECMA)<\/strong><\/a><\/li>\n<li style=\"text-align: justify;\"><a href=\"https:\/\/minesup.gov.cm\/?page_id=7866&amp;preview=true\" target=\"_blank\" rel=\"noopener noreferrer\"><strong>Institut Sup\u00e9rieur d\u2019Informatique et de la Communication (ISICOM)<\/strong><\/a><\/li>\n<li style=\"text-align: justify;\"><a href=\"https:\/\/minesup.gov.cm\/?page_id=7868&amp;preview=true\" target=\"_blank\" rel=\"noopener noreferrer\"><strong>Institut Sup\u00e9rieur Dale Kietzman<\/strong><\/a><\/li>\n<li style=\"text-align: justify;\"><a href=\"https:\/\/minesup.gov.cm\/?page_id=7870&amp;preview=true\" target=\"_blank\" rel=\"noopener noreferrer\"><strong>Institut Sup\u00e9rieur de Commerce et d\u2019Administration des Collectivit\u00e9s (ISCAC)<\/strong><\/a><\/li>\n<li style=\"text-align: justify;\"><a href=\"https:\/\/minesup.gov.cm\/?page_id=7872&amp;preview=true\" target=\"_blank\" rel=\"noopener noreferrer\"><strong>Institut Sup\u00e9rieur de Commerce et de management<\/strong><\/a><\/li>\n<li style=\"text-align: justify;\"><a href=\"https:\/\/minesup.gov.cm\/?page_id=7874&amp;preview=true\" target=\"_blank\" rel=\"noopener noreferrer\"><strong>Institut Sup\u00e9rieur de Comptabilit\u00e9 et Management (ISCM)<\/strong><\/a><\/li>\n<li style=\"text-align: justify;\"><a href=\"https:\/\/minesup.gov.cm\/?page_id=7876&amp;preview=true\" target=\"_blank\" rel=\"noopener noreferrer\"><strong>Institut Sup\u00e9rieur de Gestion (ISG)<\/strong><\/a><\/li>\n<li style=\"text-align: justify;\"><a href=\"https:\/\/minesup.gov.cm\/?page_id=7878&amp;preview=true\" target=\"_blank\" rel=\"noopener noreferrer\"><strong>Institut Sup\u00e9rieur de Gestion et de Management (ISGEM)<\/strong><\/a><\/li>\n<li style=\"text-align: justify;\"><a href=\"https:\/\/minesup.gov.cm\/?page_id=7880&amp;preview=true\" target=\"_blank\" rel=\"noopener noreferrer\"><strong>Institut Sup\u00e9rieur de Gestion et de Technologie (ISGET)<\/strong><\/a><\/li>\n<li style=\"text-align: justify;\"><a href=\"https:\/\/minesup.gov.cm\/?page_id=7882&amp;preview=true\" target=\"_blank\" rel=\"noopener noreferrer\"><strong>Institut Sup\u00e9rieur de Gestion et du Design (ISGD)<\/strong><\/a><\/li>\n<li style=\"text-align: justify;\"><a href=\"https:\/\/minesup.gov.cm\/?page_id=7884&amp;preview=true\" target=\"_blank\" rel=\"noopener noreferrer\"><strong>Institut Sup\u00e9rieur de l\u2019Entreprise et du Management (ISEM)<\/strong><\/a><\/li>\n<li style=\"text-align: justify;\"><strong><a href=\"https:\/\/minesup.gov.cm\/index.php\/institut-superieur-de-management-du-manengouba-ismam\/\" target=\"_blank\" rel=\"noopener noreferrer\">Institut Sup\u00e9rieur de Management de Manengouba (ISMAM)<\/a><\/strong><\/li>\n<li style=\"text-align: justify;\"><a href=\"https:\/\/minesup.gov.cm\/?page_id=7888&amp;preview=true\" target=\"_blank\" rel=\"noopener noreferrer\"><strong>Institut Sup\u00e9rieur de Management (ISMA)<\/strong><\/a><\/li>\n<li style=\"text-align: justify;\"><a href=\"https:\/\/minesup.gov.cm\/?page_id=7890&amp;preview=true\" target=\"_blank\" rel=\"noopener noreferrer\"><strong>Institut Sup\u00e9rieur de Management et de l\u2019Entrepreneuriat<\/strong><\/a><\/li>\n<li style=\"text-align: justify;\"><a href=\"https:\/\/minesup.gov.cm\/?page_id=7892&amp;preview=true\" target=\"_blank\" rel=\"noopener noreferrer\"><strong>Institut Sup\u00e9rieur de Management et de Technologies Avanc\u00e9es (ISMT)<\/strong><\/a><\/li>\n<li style=\"text-align: justify;\"><a href=\"https:\/\/minesup.gov.cm\/?page_id=7894&amp;preview=true\" target=\"_blank\" rel=\"noopener noreferrer\"><strong>Institut Sup\u00e9rieur de Psychop\u00e9dagogie Appliqu\u00e9e (ISPPA)<\/strong><\/a><\/li>\n<li style=\"text-align: justify;\"><a href=\"https:\/\/minesup.gov.cm\/?page_id=7896&amp;preview=true\" target=\"_blank\" rel=\"noopener noreferrer\"><strong>Institut Sup\u00e9rieur de Technologie Avanc\u00e9e et du Management Douala (ISTAMA)<\/strong><\/a><\/li>\n<li style=\"text-align: justify;\"><a href=\"https:\/\/minesup.gov.cm\/?page_id=7899&amp;preview=true\" target=\"_blank\" rel=\"noopener noreferrer\"><strong>Institut Sup\u00e9rieur de Technologie et de Gestion<\/strong><\/a><\/li>\n<li style=\"text-align: justify;\"><a href=\"https:\/\/minesup.gov.cm\/?page_id=7901&amp;preview=true\" target=\"_blank\" rel=\"noopener noreferrer\"><strong>Institut Sup\u00e9rieur de Technologie et de Gestion d\u2019Afrique centrale (ISTG-AC)<\/strong><\/a><\/li>\n<li style=\"text-align: justify;\"><a href=\"https:\/\/minesup.gov.cm\/?page_id=7903&amp;preview=true\" target=\"_blank\" rel=\"noopener noreferrer\"><strong>Institut Sup\u00e9rieur de Technologie et de Management (ISTM)<\/strong><\/a><\/li>\n<li style=\"text-align: justify;\"><a href=\"https:\/\/minesup.gov.cm\/?page_id=7905&amp;preview=true\" target=\"_blank\" rel=\"noopener noreferrer\"><strong>Institut Sup\u00e9rieur de Technologies Appliqu\u00e9es (INSTAP)<\/strong><\/a><\/li>\n<li style=\"text-align: justify;\"><a href=\"https:\/\/minesup.gov.cm\/?page_id=7907&amp;preview=true\" target=\"_blank\" rel=\"noopener noreferrer\"><strong>Institut Sup\u00e9rieur de Transport, de Tourisme, des Affaires et de Management (ISTTAM)<\/strong><\/a><\/li>\n<li style=\"text-align: justify;\"><a href=\"https:\/\/minesup.gov.cm\/?page_id=7909&amp;preview=true\" target=\"_blank\" rel=\"noopener noreferrer\"><strong>Institut Sup\u00e9rieur des Formations Appliqu\u00e9es (ISFA)<\/strong><\/a><\/li>\n<li style=\"text-align: justify;\"><a href=\"https:\/\/minesup.gov.cm\/?page_id=7911&amp;preview=true\" target=\"_blank\" rel=\"noopener noreferrer\"><strong>Institut Sup\u00e9rieur des Hautes Etudes Commerciales et Industrielles SIGMEN<\/strong><\/a><\/li>\n<li style=\"text-align: justify;\"><a href=\"https:\/\/minesup.gov.cm\/?page_id=7913&amp;preview=true\" target=\"_blank\" rel=\"noopener noreferrer\"><strong>Institut Sup\u00e9rieur des M\u00e9tiers (ISMET)<\/strong><\/a><\/li>\n<li><strong><a href=\"http:\/\/www.minesup.gov.cm\/web1\/web\/index.php\/institut-superieur-des-metiers-de-gestion-et-technologie-ismeget\/\" target=\"_blank\" rel=\"noopener\">Institut Sup\u00e9rieur des M\u00e9tiers de Gestion et Technologie (ISMEGET)<\/a><\/strong><\/li>\n<li style=\"text-align: justify;\"><a href=\"https:\/\/minesup.gov.cm\/?page_id=7915&amp;preview=true\" target=\"_blank\" rel=\"noopener noreferrer\"><strong>Institut Sup\u00e9rieur des Sciences Appliqu\u00e9es au\u00a0 Management (ISSAM-ESSAMA)<\/strong><\/a><\/li>\n<li style=\"text-align: justify;\"><a href=\"https:\/\/minesup.gov.cm\/?page_id=7917&amp;preview=true\" target=\"_blank\" rel=\"noopener noreferrer\"><strong>Institut Sup\u00e9rieur des Sciences, de Technologie et de Commerce<\/strong><\/a><\/li>\n<li style=\"text-align: justify;\"><a href=\"https:\/\/minesup.gov.cm\/?page_id=7919&amp;preview=true\" target=\"_blank\" rel=\"noopener noreferrer\"><strong>Institut Sup\u00e9rieur des Techniques Economiques et Comptables<\/strong><\/a><\/li>\n<li style=\"text-align: justify;\"><a href=\"https:\/\/minesup.gov.cm\/?page_id=7921&amp;preview=true\" target=\"_blank\" rel=\"noopener noreferrer\"><strong>Institut Universitaires des Grandes Ecoles des Tropiques (IUGET)<\/strong><\/a><\/li>\n<li style=\"text-align: justify;\"><a href=\"https:\/\/minesup.gov.cm\/?page_id=7923&amp;preview=true\" target=\"_blank\" rel=\"noopener noreferrer\"><strong>Institut Sup\u00e9rieur du G\u00e9nie Thermique et \u00c9nerg\u00e9tique<\/strong><\/a><\/li>\n<li style=\"text-align: justify;\"><a href=\"https:\/\/minesup.gov.cm\/?page_id=7925&amp;preview=true\" target=\"_blank\" rel=\"noopener noreferrer\"><strong>Institut Sup\u00e9rieur du Tourisme, de l\u2019H\u00f4tellerie et des Arts Culinaires (ISTHAC)<\/strong><\/a><\/li>\n<li style=\"text-align: justify;\"><a href=\"https:\/\/minesup.gov.cm\/?page_id=7927&amp;preview=true\" target=\"_blank\" rel=\"noopener noreferrer\"><strong>Institut Sup\u00e9rieur Evang\u00e9lique des Technologies et de Gestion (ISETAG)<\/strong><\/a><\/li>\n<li style=\"text-align: justify;\"><a href=\"https:\/\/minesup.gov.cm\/?page_id=7929&amp;preview=true\" target=\"_blank\" rel=\"noopener noreferrer\"><strong>Institut Sup\u00e9rieur la Perle (ISLAPE)<\/strong><\/a><\/li>\n<li style=\"text-align: justify;\"><a href=\"https:\/\/minesup.gov.cm\/?page_id=7931&amp;preview=true\" target=\"_blank\" rel=\"noopener noreferrer\"><strong>Institut Sup\u00e9rieur Lumi\u00e8re<\/strong><\/a><\/li>\n<li style=\"text-align: justify;\"><a href=\"https:\/\/minesup.gov.cm\/?page_id=7933&amp;preview=true\" target=\"_blank\" rel=\"noopener noreferrer\"><strong>Institut Sup\u00e9rieur MINGOLE (ISM)<\/strong><\/a><\/li>\n<li style=\"text-align: justify;\"><a href=\"https:\/\/minesup.gov.cm\/index.php\/region-du-littoral\/\" target=\"_blank\" rel=\"noopener noreferrer\"><strong>Institut Sup\u00e9rieur Professeurs R\u00e9unis (ISPR)<\/strong><\/a><\/li>\n<li style=\"text-align: justify;\"><a href=\"https:\/\/minesup.gov.cm\/?page_id=7967&amp;preview=true\" target=\"_blank\" rel=\"noopener noreferrer\"><strong>Institut Sup\u00e9rieure d\u2019Informatique et de Commerce (ISICO)<\/strong><\/a><\/li>\n<li style=\"text-align: justify;\"><a href=\"https:\/\/minesup.gov.cm\/?page_id=7939&amp;preview=true\" target=\"_blank\" rel=\"noopener noreferrer\"><strong>Institut Universitaire Catholique de Douala Saint J\u00e9r\u00f4me<\/strong><\/a><\/li>\n<li style=\"text-align: justify;\"><a href=\"https:\/\/minesup.gov.cm\/?page_id=7941&amp;preview=true\" target=\"_blank\" rel=\"noopener noreferrer\"><strong>Institut Universitaire de la C\u00f4te (IUC)<\/strong><\/a><\/li>\n<li style=\"text-align: justify;\"><a href=\"https:\/\/minesup.gov.cm\/?page_id=7943&amp;preview=true\" target=\"_blank\" rel=\"noopener noreferrer\"><strong>Institut Universitaire du Golfe de Guin\u00e9e (IUG)<\/strong><\/a><\/li>\n<li style=\"text-align: justify;\"><a href=\"https:\/\/minesup.gov.cm\/?page_id=7945&amp;preview=true\" target=\"_blank\" rel=\"noopener noreferrer\"><strong>Institut Universitaire et Strat\u00e9gique de l\u2019Estuaire<\/strong><\/a><\/li>\n<li style=\"text-align: justify;\"><a href=\"https:\/\/minesup.gov.cm\/?page_id=7947&amp;preview=true\" target=\"_blank\" rel=\"noopener noreferrer\"><strong>Institut Universitaire Louis Yinda (IULY)<\/strong><\/a><\/li>\n<li style=\"text-align: justify;\"><a href=\"https:\/\/minesup.gov.cm\/?page_id=7955&amp;preview=true\" target=\"_blank\" rel=\"noopener noreferrer\"><strong>Institut Sup\u00e9rieur de Gestion et d\u2019Hotellerie KELLA GAMO Sidonie (ISGH-KGS)<\/strong><\/a><\/li>\n<li style=\"text-align: justify;\"><strong><a href=\"https:\/\/minesup.gov.cm\/?page_id=7957&amp;preview=true\" target=\"_blank\" rel=\"noopener noreferrer\"> Institut Sup\u00e9rieur des Sciences et des Energies Renouvelables (ISSER)<\/a><\/strong><\/li>\n<li><strong><a href=\"https:\/\/minesup.gov.cm\/index.php\/international-school-of-hospitality-and-professional-education-ishope\/\" target=\"_blank\" rel=\"noopener\"> International School of Hospitality and Professional Education (ISHOPE)<\/a> \u00a0<\/strong><\/li>\n<li style=\"text-align: justify;\"><a href=\"https:\/\/minesup.gov.cm\/?page_id=7949&amp;preview=true\" target=\"_blank\" rel=\"noopener noreferrer\"><strong>Panafrican Institute of Strategy and Technology (PIST)<\/strong><\/a><\/li>\n<li style=\"text-align: justify;\"><a href=\"https:\/\/minesup.gov.cm\/?page_id=7951&amp;preview=true\" target=\"_blank\" rel=\"noopener noreferrer\"><strong>Sabena Flight Academy Africa<\/strong><\/a><\/li>\n<li style=\"text-align: justify;\"><a href=\"https:\/\/minesup.gov.cm\/?page_id=7953&amp;preview=true\" target=\"_blank\" rel=\"noopener noreferrer\"><strong>The Vaal Institute of Technology (VIT)<\/strong><\/a><\/li>\n<li style=\"text-align: justify;\"><strong><a href=\"https:\/\/minesup.gov.cm\/?page_id=7959&amp;preview=true\" target=\"_blank\" rel=\"noopener noreferrer\">Higher Institute of Sciences and Technology (HIST)<\/a><\/strong><\/li>\n<li style=\"text-align: justify;\"><strong><a href=\"https:\/\/minesup.gov.cm\/?page_id=7961&amp;preview=true\" target=\"_blank\" rel=\"noopener noreferrer\"> St Louis Higher Institute of Medical Studies \u2013 Douala (SLHIMS)<\/a><\/strong><\/li>\n<li style=\"text-align: justify;\"><strong><a href=\"https:\/\/minesup.gov.cm\/?page_id=7963&amp;preview=true\" target=\"_blank\" rel=\"noopener noreferrer\">Saint Louis Higher Institute of Engineering and Technology (SLHIET)<\/a><\/strong><\/li>\n<li><strong><a href=\"https:\/\/minesup.gov.cm\/index.php\/region-du-littoral\/stalwart-higher-institute-shi\/\" target=\"_blank\" rel=\"noopener\">STALWART HIGHER INSTITUTE (SHI)<\/a><\/strong><\/li>\n<li><strong><a href=\"https:\/\/www.minesup.gov.cm\/index.php\/sky-high-higher-institute-of-engineering-and-business-shiieb\/\" target=\"_blank\" rel=\"noopener\">Sky High Higher Institute of Engineering and Business (SHIIEB)<\/a><\/strong><\/li>\n<li style=\"text-align: justify;\"><strong><a href=\"https:\/\/minesup.gov.cm\/?page_id=7965&amp;preview=true\" target=\"_blank\" rel=\"noopener noreferrer\">Canadian Higher Institute of Technology (CHIT)<\/a><\/strong><\/li>\n<li style=\"text-align: justify;\"><a href=\"https:\/\/minesup.gov.cm\/?page_id=7967&amp;preview=true\" target=\"_blank\" rel=\"noopener noreferrer\"><strong> British Higher Institute of Science and Technology (BHIST)<\/strong><\/a><\/li>\n<\/ol>\n","protected":false},"excerpt":{"rendered":"<p>&#46;&#46;&#46;<\/p>\n","protected":false},"author":2,"featured_media":0,"parent":0,"menu_order":0,"comment_status":"closed","ping_status":"closed","template":"","meta":[],"_links":{"self":[{"href":"https:\/\/www.minesup.gov.cm\/index.php\/wp-json\/wp\/v2\/pages\/1743"}],"collection":[{"href":"https:\/\/www.minesup.gov.cm\/index.php\/wp-json\/wp\/v2\/pages"}],"about":[{"href":"https:\/\/www.minesup.gov.cm\/index.php\/wp-json\/wp\/v2\/types\/page"}],"author":[{"embeddable":true,"href":"https:\/\/www.minesup.gov.cm\/index.php\/wp-json\/wp\/v2\/users\/2"}],"replies":[{"embeddable":true,"href":"https:\/\/www.minesup.gov.cm\/index.php\/wp-json\/wp\/v2\/comments?post=1743"}],"version-history":[{"count":9,"href":"https:\/\/www.minesup.gov.cm\/index.php\/wp-json\/wp\/v2\/pages\/1743\/revisions"}],"predecessor-version":[{"id":20280,"href":"https:\/\/www.minesup.gov.cm\/index.php\/wp-json\/wp\/v2\/pages\/1743\/revisions\/20280"}],"wp:attachment":[{"href":"https:\/\/www.minesup.gov.cm\/index.php\/wp-json\/wp\/v2\/media?parent=1743"}],"curies":[{"name":"wp","href":"https:\/\/api.w.org\/{rel}","templated":true}]}}