{"id":1749,"date":"2018-03-23T13:56:01","date_gmt":"2018-03-23T12:56:01","guid":{"rendered":"https:\/\/minesup.gov.cm\/?page_id=1749"},"modified":"2019-06-24T11:10:10","modified_gmt":"2019-06-24T09:10:10","slug":"region-de-louest","status":"publish","type":"page","link":"https:\/\/www.minesup.gov.cm\/index.php\/region-de-louest\/","title":{"rendered":"R\u00e9gion de l\u2019Ouest"},"content":{"rendered":"<ol>\n<li style=\"text-align: justify;\"><a href=\"https:\/\/minesup.gov.cm\/index.php\/region-de-louest\/groupe-tankou-enseignement-superieur-gtes\/\" target=\"_blank\" rel=\"noopener noreferrer\"><strong>Groupe Tankou Enseignement Sup\u00e9rieur (GTES)<\/strong><\/a><\/li>\n<li style=\"text-align: justify;\"><a href=\"https:\/\/minesup.gov.cm\/index.php\/region-de-louest\/institut-catholique-de-bafoussam-icab\/\" target=\"_blank\" rel=\"noopener noreferrer\"><strong>Institut Catholique de Bafoussam (ICAB)<\/strong><\/a><\/li>\n<li style=\"text-align: justify;\"><strong>Institut d\u2019Afrique Unie<\/strong><\/li>\n<li style=\"text-align: justify;\"><a href=\"https:\/\/minesup.gov.cm\/index.php\/region-de-louest\/institut-denseignement-superieur-foyaguem-iesf\/\" target=\"_blank\" rel=\"noopener noreferrer\"><strong>Institut d\u2019Enseignement Sup\u00e9rieur Foyaguem (IESF)<\/strong><\/a><\/li>\n<li style=\"text-align: justify;\"><a href=\"https:\/\/minesup.gov.cm\/index.php\/region-de-louest\/institut-de-technologie-de-lindustrie-du-management-et-de-lentrepreneuriat-intime\/\" target=\"_blank\" rel=\"noopener noreferrer\"><strong>Institut de Technologie de l\u2019Industrie, du Management et de l\u2019Entrepreneuriat (INTIME)<\/strong><\/a><\/li>\n<li style=\"text-align: justify;\"><strong>Institut Sup\u00e9rieur des Sciences et de Technologie de Bangangt\u00e9 (ISST)<\/strong><\/li>\n<li style=\"text-align: justify;\"><strong>Institut Sup\u00e9rieur de Bafang (ISB)<\/strong><\/li>\n<li style=\"text-align: justify;\"><a href=\"https:\/\/minesup.gov.cm\/index.php\/region-de-louest\/8-informations-didentification-nom-de-linstitution-institut-superieur-de-bafoussam-nom-du-promoteur-tahofo-tanguieng-dieudonne-region-ouest-departement-mifi-arrondissement\/\" target=\"_blank\" rel=\"noopener noreferrer\"><strong>Institut Sup\u00e9rieur de Bafoussam<\/strong><\/a><\/li>\n<li style=\"text-align: justify;\"><strong>Institut Sup\u00e9rieur de Banka-Bafang (ISB)<\/strong><\/li>\n<li style=\"text-align: justify;\"><strong>Institut Sup\u00e9rieur de Gestion et d\u2019Economie Appliqu\u00e9e de Bafoussam (SUP GECO)<\/strong><\/li>\n<li style=\"text-align: justify;\"><strong>Institut Sup\u00e9rieur de Management et des Technologies Appliqu\u00e9es (ISMTA)<\/strong><\/li>\n<li style=\"text-align: justify;\"><strong>Institut Sup\u00e9rieur de Technologie et d\u2019Etudes Commerciales (ISTEC)<\/strong><\/li>\n<li style=\"text-align: justify;\"><strong>Institut Sup\u00e9rieur des Arts et des M\u00e9tiers de Bafoussam (ISAMET)<\/strong><\/li>\n<li style=\"text-align: justify;\"><a href=\"https:\/\/minesup.gov.cm\/index.php\/institut-superieur-des-sciences-appliquees-a-la-santeinssas\/\" target=\"_blank\" rel=\"noopener noreferrer\"><strong>Institut Sup\u00e9rieur des Sciences Appliqu\u00e9es \u00e0 la Sant\u00e9 (INSSAS)<\/strong><\/a><\/li>\n<li style=\"text-align: justify;\"><strong>Institut Sup\u00e9rieur des Sciences de la Sant\u00e9\u00a0 de Bangangt\u00e9 (ISSS)<\/strong><\/li>\n<li style=\"text-align: justify;\"><strong>Institut Sup\u00e9rieur des Sciences et Technologies NANFAH (ISSTN)<\/strong><\/li>\n<li style=\"text-align: justify;\"><strong>Institut Sup\u00e9rieur des Sciences, de Technologie, de Commerce et d\u2019Agriculture (ISSTECOA)<\/strong><\/li>\n<li style=\"text-align: justify;\"><strong>Institut Sup\u00e9rieur des Techniques Industrielles et Commerciales<\/strong><\/li>\n<li style=\"text-align: justify;\"><strong>Institut Sup\u00e9rieur des Technologies, d\u2019Agriculture et de Commerce (ISTACO)<\/strong><\/li>\n<li style=\"text-align: justify;\"><a href=\"https:\/\/minesup.gov.cm\/index.php\/region-de-louest\/institut-superieur-islamique-de-foumban-isif\/\" target=\"_blank\" rel=\"noopener noreferrer\"><strong>Institut Sup\u00e9rieur Islamique de Foumban (ISIF)<\/strong><\/a><\/li>\n<li style=\"text-align: justify;\"><strong>Institut Sup\u00e9rieur Mony Keng (IMK)<\/strong><\/li>\n<li style=\"text-align: justify;\"><strong>Institut Sup\u00e9rieur Polytechnique de Bansoa (ISPB)<\/strong><\/li>\n<li style=\"text-align: justify;\"><a href=\"https:\/\/minesup.gov.cm\/index.php\/region-de-louest\/informations-didentification-nom-de-linstitution-institut-universitaire-royal-de-baboutcha-nintcheu-iurb-nom-du-promoteur-djiena-wembou-region-ouest-departement-arrondissem\/\" target=\"_blank\" rel=\"noopener noreferrer\"><strong>Institut Sup\u00e9rieur Royal Baboutcha-Nintcheu (ISRB)<\/strong><\/a><\/li>\n<li style=\"text-align: justify;\"><strong>Institut Universitaire Evang\u00e9lique du Cameroun<\/strong><\/li>\n<li style=\"text-align: justify;\"><strong>ROTAS Institut Sup\u00e9rieur de Management et de Gestion (ROTAS-ISMG)<\/strong><\/li>\n<\/ol>\n","protected":false},"excerpt":{"rendered":"<p>&#46;&#46;&#46;<\/p>\n","protected":false},"author":2,"featured_media":0,"parent":0,"menu_order":0,"comment_status":"closed","ping_status":"closed","template":"","meta":[],"_links":{"self":[{"href":"https:\/\/www.minesup.gov.cm\/index.php\/wp-json\/wp\/v2\/pages\/1749"}],"collection":[{"href":"https:\/\/www.minesup.gov.cm\/index.php\/wp-json\/wp\/v2\/pages"}],"about":[{"href":"https:\/\/www.minesup.gov.cm\/index.php\/wp-json\/wp\/v2\/types\/page"}],"author":[{"embeddable":true,"href":"https:\/\/www.minesup.gov.cm\/index.php\/wp-json\/wp\/v2\/users\/2"}],"replies":[{"embeddable":true,"href":"https:\/\/www.minesup.gov.cm\/index.php\/wp-json\/wp\/v2\/comments?post=1749"}],"version-history":[{"count":0,"href":"https:\/\/www.minesup.gov.cm\/index.php\/wp-json\/wp\/v2\/pages\/1749\/revisions"}],"wp:attachment":[{"href":"https:\/\/www.minesup.gov.cm\/index.php\/wp-json\/wp\/v2\/media?parent=1749"}],"curies":[{"name":"wp","href":"https:\/\/api.w.org\/{rel}","templated":true}]}}