{"id":17752,"date":"2023-09-27T10:24:36","date_gmt":"2023-09-27T09:24:36","guid":{"rendered":"https:\/\/minesup.gov.cm\/?page_id=17752"},"modified":"2023-09-27T10:25:59","modified_gmt":"2023-09-27T09:25:59","slug":"institut-superieur-des-sciences-de-la-sante-le-millenium","status":"publish","type":"page","link":"https:\/\/www.minesup.gov.cm\/index.php\/institut-superieur-des-sciences-de-la-sante-le-millenium\/","title":{"rendered":"Institut Sup\u00e9rieur des Sciences de la Sant\u00e9 \u00ab\u00a0le Millenium\u00a0\u00bb"},"content":{"rendered":"<p style=\"text-align: center;\"><strong>INFORMATIONS D\u2019IDENTIFICATION<\/strong><\/p>\n<p style=\"text-align: justify;\"><strong>Nom de l\u2019institution\u00a0<\/strong>: Institut Sup\u00e9rieur des Sciences de la Sant\u00e9 <strong>\u00ab\u00a0le Millenium\u00a0\u00bb<\/strong><br \/>\n<strong>Nom du promoteur<\/strong> : SOB NGUINTE Mo\u00efse<br \/>\n<strong>R\u00e9gion\u00a0<\/strong>: Centre<br \/>\n<strong>D\u00e9partement\u00a0<\/strong>: Mfoundi<br \/>\n<strong>Arrondissement\u00a0<\/strong>: Yaound\u00e9 7<br \/>\n<strong>Site de localisation\u00a0<\/strong>: Nkolbissong<br \/>\n<strong>Adresse postale<\/strong> :<br \/>\n<strong>T\u00e9l\u00e9phone\u00a0<\/strong>: 699 99 97 86 \/ 695 49 52 25<br \/>\n<strong>Email<\/strong> : <a href=\"mailto:milleniume1@yahoo.fr\">milleniume1@yahoo.com<\/a><br \/>\n<strong>Site web<\/strong> :<br \/>\n<strong>Adresse dans les r\u00e9seaux sociaux\u00a0<\/strong>:<\/p>\n<p style=\"text-align: center;\"><strong>INFORMATIONS SUR LE STATUT D&rsquo;<\/strong><b>ACCR\u00c9DITATION<\/b><\/p>\n<p style=\"text-align: justify;\"><strong><span style=\"text-decoration: underline;\">Autorisation sp\u00e9ciale de cr\u00e9ation et d&rsquo;ouverture<\/span>\u00a0<\/strong>: N\u00b021-00262\/N\/MINESUP\/SG\/DDES\/ESUP\/SDA\/MF DU 14 JANVIER 2021<\/p>\n<p style=\"text-align: center;\"><strong>F<\/strong><strong>ILI\u00c8RES ET SP\u00c9CIALIT\u00c9S AUTORIS\u00c9ES<\/strong><\/p>\n<p><strong>Dipl\u00f4mes concern\u00e9s <\/strong>: BTS\/HND<\/p>\n<p style=\"text-align: justify;\"><strong><u>Pour le BTS :<\/u><\/strong><br \/>\n<strong><u>Fili\u00e8re 1 :<\/u><\/strong> Etudes M\u00e9dico-Sanitaires <strong>; Sp\u00e9cialit\u00e9s <\/strong>: Sage-femme, Sciences infirmi\u00e8res; Odontostomatologie<\/p>\n<p style=\"text-align: justify;\"><strong><u>Pour le HND:<\/u><\/strong><br \/>\n<strong><u>Field of study 1:<\/u><\/strong> Biomedical and Medico-Sanitary Sciences ;\u00a0 <strong>Sp\u00e9cialit\u00e9s<\/strong> : Nursing\u00a0 ; Dental Therapy\u00a0 ;\u00a0 Midwifery<\/p>\n","protected":false},"excerpt":{"rendered":"<p>&#46;&#46;&#46;<\/p>\n","protected":false},"author":2,"featured_media":0,"parent":0,"menu_order":0,"comment_status":"closed","ping_status":"closed","template":"","meta":[],"_links":{"self":[{"href":"https:\/\/www.minesup.gov.cm\/index.php\/wp-json\/wp\/v2\/pages\/17752"}],"collection":[{"href":"https:\/\/www.minesup.gov.cm\/index.php\/wp-json\/wp\/v2\/pages"}],"about":[{"href":"https:\/\/www.minesup.gov.cm\/index.php\/wp-json\/wp\/v2\/types\/page"}],"author":[{"embeddable":true,"href":"https:\/\/www.minesup.gov.cm\/index.php\/wp-json\/wp\/v2\/users\/2"}],"replies":[{"embeddable":true,"href":"https:\/\/www.minesup.gov.cm\/index.php\/wp-json\/wp\/v2\/comments?post=17752"}],"version-history":[{"count":2,"href":"https:\/\/www.minesup.gov.cm\/index.php\/wp-json\/wp\/v2\/pages\/17752\/revisions"}],"predecessor-version":[{"id":17755,"href":"https:\/\/www.minesup.gov.cm\/index.php\/wp-json\/wp\/v2\/pages\/17752\/revisions\/17755"}],"wp:attachment":[{"href":"https:\/\/www.minesup.gov.cm\/index.php\/wp-json\/wp\/v2\/media?parent=17752"}],"curies":[{"name":"wp","href":"https:\/\/api.w.org\/{rel}","templated":true}]}}