{"id":17994,"date":"2023-10-16T15:48:18","date_gmt":"2023-10-16T14:48:18","guid":{"rendered":"https:\/\/minesup.gov.cm\/?page_id=17994"},"modified":"2023-10-16T15:48:19","modified_gmt":"2023-10-16T14:48:19","slug":"discours-du-ministre-detat-ministre-de-lenseignement-superieur","status":"publish","type":"page","link":"https:\/\/www.minesup.gov.cm\/index.php\/discours-du-ministre-detat-ministre-de-lenseignement-superieur\/","title":{"rendered":"Discours du Ministre d&rsquo;Etat, Ministre de l&rsquo;Enseignement Sup\u00e9rieur"},"content":{"rendered":"<ul>\n<li style=\"text-align: justify;\"><a href=\"https:\/\/minesup.gov.cm\/wp-content\/uploads\/2023\/10\/Discours-du-MINETAT-a-la-ceremonie-de-lancement-SNEE-2023.pdf\">Discours du Ministre d&rsquo;Etat \u00e0 la C\u00e9r\u00e9monie de lancement du Statut National de l&rsquo;Etudiant Entrepreneur<\/a><\/li>\n<\/ul>\n","protected":false},"excerpt":{"rendered":"<p>&#46;&#46;&#46;<\/p>\n","protected":false},"author":2,"featured_media":0,"parent":0,"menu_order":0,"comment_status":"closed","ping_status":"closed","template":"","meta":[],"_links":{"self":[{"href":"https:\/\/www.minesup.gov.cm\/index.php\/wp-json\/wp\/v2\/pages\/17994"}],"collection":[{"href":"https:\/\/www.minesup.gov.cm\/index.php\/wp-json\/wp\/v2\/pages"}],"about":[{"href":"https:\/\/www.minesup.gov.cm\/index.php\/wp-json\/wp\/v2\/types\/page"}],"author":[{"embeddable":true,"href":"https:\/\/www.minesup.gov.cm\/index.php\/wp-json\/wp\/v2\/users\/2"}],"replies":[{"embeddable":true,"href":"https:\/\/www.minesup.gov.cm\/index.php\/wp-json\/wp\/v2\/comments?post=17994"}],"version-history":[{"count":1,"href":"https:\/\/www.minesup.gov.cm\/index.php\/wp-json\/wp\/v2\/pages\/17994\/revisions"}],"predecessor-version":[{"id":17996,"href":"https:\/\/www.minesup.gov.cm\/index.php\/wp-json\/wp\/v2\/pages\/17994\/revisions\/17996"}],"wp:attachment":[{"href":"https:\/\/www.minesup.gov.cm\/index.php\/wp-json\/wp\/v2\/media?parent=17994"}],"curies":[{"name":"wp","href":"https:\/\/api.w.org\/{rel}","templated":true}]}}