{"id":18156,"date":"2023-10-31T10:23:25","date_gmt":"2023-10-31T09:23:25","guid":{"rendered":"https:\/\/minesup.gov.cm\/?page_id=18156"},"modified":"2024-05-06T10:55:22","modified_gmt":"2024-05-06T09:55:22","slug":"gracious-higher-institute-of-excellence-grhiex","status":"publish","type":"page","link":"https:\/\/www.minesup.gov.cm\/index.php\/gracious-higher-institute-of-excellence-grhiex\/","title":{"rendered":"Gracious Higher Institute of Excellence (GRHIEX)"},"content":{"rendered":"<p style=\"text-align: center;\"><strong>INFORMATIONS D\u2019IDENTIFICATION<\/strong><\/p>\n<p style=\"text-align: justify;\"><strong>Nom de l\u2019institution\u00a0<\/strong>: Gracious Higher Institute of Excellence (GRHIEX)<br \/>\n<strong>Nom du promoteur<\/strong> : ADONGABI Kennedy ABENDONG<br \/>\n<strong>R\u00e9gion\u00a0<\/strong>: Sud-Ouest<br \/>\n<strong>D\u00e9partement\u00a0<\/strong>: Fako<br \/>\n<strong>Arrondissement <\/strong>: Buea Sub Division<br \/>\n<strong>Site de localisation\u00a0<\/strong>: 100 Gracious, Avenue Mount Carmel Junction Mile 18<br \/>\n<strong>Adresse postale<\/strong> : BP : 652<br \/>\n<strong>T\u00e9l\u00e9phone\u00a0<\/strong>: 675 096 464 \/ 678 45 75 50<br \/>\n<strong>Email<\/strong> : <a href=\"mailto:ispinfo1@gmail.com\">info@guedu.org<\/a><br \/>\n<strong>Site web<\/strong> : <a href=\"http:\/\/www.piderc.org\" target=\"_blank\" rel=\"noopener\">www.guedu.org<\/a><br \/>\n<strong>Adresse dans les r\u00e9seaux sociaux\u00a0<\/strong>:<\/p>\n<p style=\"text-align: center;\"><strong>INFORMATIONS SUR LE STATUT D&rsquo;<\/strong><b>ACCR\u00c9DITATION<\/b><\/p>\n<p style=\"text-align: justify;\"><strong><span style=\"text-decoration: underline;\">Autorisation sp\u00e9ciale de cr\u00e9ation et d&rsquo;ouverture<\/span>\u00a0<\/strong>: N\u00b021-00669\/L\/MINESUP\/SG\/DDES\/SD-ESUP\/SDA\/LMN du 29 JANVIER 2021<\/p>\n<p style=\"text-align: center;\"><strong>F<\/strong><strong>ILI\u00c8RES ET SP\u00c9CIALIT\u00c9S AUTORIS\u00c9ES<\/strong><\/p>\n<p style=\"text-align: justify;\"><strong>Diploma<\/strong>: HND\/Associate\/BSc\/MSc<br \/>\n<strong><u>Field of study 1:<\/u><\/strong> <strong>Education ; Specialties<\/strong>: Didactics, Curriculum Development and Teaching &#8211; Education Managment and Administration &#8211; Distance and Continuing Education.<br \/>\n<strong><u>Field of stu<\/u><u>dy 2\u00a0:<\/u> Management<\/strong><strong>; Specialties\u00a0:<\/strong> Assistant Managers &#8211; management of Non\/Governmental Organisations (Ngo&rsquo;s) &#8211; Projet Management &#8211; Quality management &#8211; Logistics and Transport Management &#8211; Information Systems Managemnt.<br \/>\n<strong><u>Field of study 3 :<\/u><\/strong> <strong>Busisness and Finance ; Specialties :<\/strong> Accoutuancy &#8211; Marketing-Trade-Sale &#8211; Banking and Finance &#8211; International Trade &#8211; Microfinance &#8211; Insurance.<br \/>\n<strong><u>Field of study 4 :<\/u> Computer Engineering ; Specialties :<\/strong> E-Commerce and digital marketing &#8211; Computer Engineering option Software Engineering.<br \/>\n<strong><u>Field of study 5 :<\/u> Medical and Biomedical Sciences ; Specialties :<\/strong> Nursing &#8211; Midwifery &#8211; Physiotherapy &#8211; Pharmacy technology &#8211; Medical Laboratory Sciences.<\/p>\n","protected":false},"excerpt":{"rendered":"<p>&#46;&#46;&#46;<\/p>\n","protected":false},"author":2,"featured_media":0,"parent":0,"menu_order":0,"comment_status":"closed","ping_status":"closed","template":"","meta":[],"_links":{"self":[{"href":"https:\/\/www.minesup.gov.cm\/index.php\/wp-json\/wp\/v2\/pages\/18156"}],"collection":[{"href":"https:\/\/www.minesup.gov.cm\/index.php\/wp-json\/wp\/v2\/pages"}],"about":[{"href":"https:\/\/www.minesup.gov.cm\/index.php\/wp-json\/wp\/v2\/types\/page"}],"author":[{"embeddable":true,"href":"https:\/\/www.minesup.gov.cm\/index.php\/wp-json\/wp\/v2\/users\/2"}],"replies":[{"embeddable":true,"href":"https:\/\/www.minesup.gov.cm\/index.php\/wp-json\/wp\/v2\/comments?post=18156"}],"version-history":[{"count":5,"href":"https:\/\/www.minesup.gov.cm\/index.php\/wp-json\/wp\/v2\/pages\/18156\/revisions"}],"predecessor-version":[{"id":18514,"href":"https:\/\/www.minesup.gov.cm\/index.php\/wp-json\/wp\/v2\/pages\/18156\/revisions\/18514"}],"wp:attachment":[{"href":"https:\/\/www.minesup.gov.cm\/index.php\/wp-json\/wp\/v2\/media?parent=18156"}],"curies":[{"name":"wp","href":"https:\/\/api.w.org\/{rel}","templated":true}]}}