{"id":18436,"date":"2024-03-11T15:38:53","date_gmt":"2024-03-11T14:38:53","guid":{"rendered":"http:\/\/www.minesup.gov.cm\/?page_id=18436"},"modified":"2024-03-12T10:13:25","modified_gmt":"2024-03-12T09:13:25","slug":"acces-care-institute-aci","status":"publish","type":"page","link":"https:\/\/www.minesup.gov.cm\/index.php\/acces-care-institute-aci\/","title":{"rendered":"Access Care Institute (ACI)"},"content":{"rendered":"<p style=\"text-align: center;\"><strong>INFORMATIONS D\u2019IDENTIFICATION<\/strong><\/p>\n<p style=\"text-align: justify;\"><strong>Nom de l\u2019institution\u00a0<\/strong>: Access Care Institute (ACI)<br \/>\n<strong>Nom du promoteur<\/strong> :AKOMONEH Elvis ACHONDOU<br \/>\n<strong>R\u00e9gion\u00a0<\/strong>: North West<br \/>\n<strong>D\u00e9partement\u00a0<\/strong>: Mezam<br \/>\n<strong>Arrondissement\u00a0<\/strong>: Bamenda III<br \/>\n<strong>Site de localisation\u00a0<\/strong>: Nkwen<br \/>\n<strong>T\u00e9l\u00e9phone\u00a0<\/strong>: +237 652 417 836<br \/>\n<strong>BP<\/strong> :\u00a0 501<strong>\u00a0 \u00a0 \u00a0 \u00a0 \u00a0 \u00a0 \u00a0 \u00a0 \u00a0 \u00a0 \u00a0 \u00a0 \u00a0 \u00a0 \u00a0 \u00a0 \u00a0 \u00a0 \u00a0 \u00a0 \u00a0 \u00a0 Email<\/strong> : <a href=\"mailto:info@accesscareinstitute.org\">info@accesscareinstitute.org<\/a><br \/>\n<strong>Site web<\/strong> : <a href=\"http:\/\/www.accesscareinstitute.org\" target=\"_blank\" rel=\"noopener\">http:\/\/www.accesscareinstitute.org<\/a><br \/>\n<strong>Adresse dans les r\u00e9seaux sociaux\u00a0<\/strong>: <a href=\"https:\/\/www.facebook.com\/Accesscareinstitute?mibextid=ZbWKwL\" target=\"_blank\" rel=\"noopener\">https:\/\/www.facebook.com\/Accesscareinstitute?mibextid=ZbWKwL<\/a><\/p>\n<p style=\"text-align: center;\"><strong>INFORMATIONS SUR LE STATUT D\u2019<\/strong><b>ACCR\u00c9DITATION<\/b><\/p>\n<p><strong><u>Arr\u00eat\u00e9 provisoire de cr\u00e9ation et d&rsquo;ouverture <\/u><\/strong>N\u00b0:24-01867\/MINESUP\/SG\/DDES\/ESUP\/SDA\/bol du 06 mars 2024<\/p>\n<p style=\"text-align: center;\"><strong><span class=\"fontstyle0\">Dipl\u00f4mes <\/span><span class=\"fontstyle2\">HND<\/span><\/strong><\/p>\n<p style=\"text-align: justify;\"><strong><span style=\"text-decoration: underline;\"> Field of study:<\/span><\/strong> Medical and Biomedical sciences.\u00a0 \u00a0<strong> Specialties:<\/strong> Nursing, Medical imaging Technology.<br \/>\n<span style=\"text-decoration: underline;\"><strong>Field of study:<\/strong><\/span> Network and Telecommunications.\u00a0 \u00a0<strong>Specialties :<\/strong> Telecommunications.<br \/>\n<strong><span style=\"text-decoration: underline;\">Field of study <\/span><\/strong>: Computer Engineering.\u00a0 <strong>Specialties :<\/strong> Computer Engineering option Software Engineering..<br \/>\n<strong><span style=\"text-decoration: underline;\">Field of study <\/span><\/strong>: Management.\u00a0 <strong>Specialties :<\/strong> Assistant Manager, Logistics and Transport Management, Port and Shipping Management.<br \/>\n<strong><span style=\"text-decoration: underline;\">Field of study :<\/span> <\/strong>EJducation.\u00a0 <strong>Specialties :<\/strong> Didactics, Curriculum Development and Teaching, Education Management and Administration, Special education.<br \/>\n<strong><span style=\"text-decoration: underline;\">Field of study <\/span><\/strong>: Business and Finance.\u00a0 \u00a0<strong>Specialties :<\/strong> Accountancy, Marketing-Trade-Sale, Banking and Finance, Insurance.<\/p>\n","protected":false},"excerpt":{"rendered":"<p>&#46;&#46;&#46;<\/p>\n","protected":false},"author":2,"featured_media":0,"parent":0,"menu_order":0,"comment_status":"closed","ping_status":"closed","template":"","meta":[],"_links":{"self":[{"href":"https:\/\/www.minesup.gov.cm\/index.php\/wp-json\/wp\/v2\/pages\/18436"}],"collection":[{"href":"https:\/\/www.minesup.gov.cm\/index.php\/wp-json\/wp\/v2\/pages"}],"about":[{"href":"https:\/\/www.minesup.gov.cm\/index.php\/wp-json\/wp\/v2\/types\/page"}],"author":[{"embeddable":true,"href":"https:\/\/www.minesup.gov.cm\/index.php\/wp-json\/wp\/v2\/users\/2"}],"replies":[{"embeddable":true,"href":"https:\/\/www.minesup.gov.cm\/index.php\/wp-json\/wp\/v2\/comments?post=18436"}],"version-history":[{"count":8,"href":"https:\/\/www.minesup.gov.cm\/index.php\/wp-json\/wp\/v2\/pages\/18436\/revisions"}],"predecessor-version":[{"id":19921,"href":"https:\/\/www.minesup.gov.cm\/index.php\/wp-json\/wp\/v2\/pages\/18436\/revisions\/19921"}],"wp:attachment":[{"href":"https:\/\/www.minesup.gov.cm\/index.php\/wp-json\/wp\/v2\/media?parent=18436"}],"curies":[{"name":"wp","href":"https:\/\/api.w.org\/{rel}","templated":true}]}}