{"id":18857,"date":"2024-08-20T15:39:54","date_gmt":"2024-08-20T14:39:54","guid":{"rendered":"http:\/\/www.minesup.gov.cm\/?page_id=18857"},"modified":"2024-08-20T16:47:43","modified_gmt":"2024-08-20T15:47:43","slug":"cameroon-institute-of-renewable-energy-cire","status":"publish","type":"page","link":"https:\/\/www.minesup.gov.cm\/index.php\/cameroon-institute-of-renewable-energy-cire\/","title":{"rendered":"Cameroon Institute of Renewable Energy (CIRE)"},"content":{"rendered":"<p><img loading=\"lazy\" class=\"wp-image-18864 aligncenter\" src=\"http:\/\/www.minesup.gov.cm\/wp-content\/uploads\/2024\/08\/WhatsApp-Image-2024-08-20-at-14.59.05-227x300.jpeg\" alt=\"\" width=\"101\" height=\"133\" srcset=\"https:\/\/www.minesup.gov.cm\/wp-content\/uploads\/2024\/08\/WhatsApp-Image-2024-08-20-at-14.59.05-227x300.jpeg 227w, https:\/\/www.minesup.gov.cm\/wp-content\/uploads\/2024\/08\/WhatsApp-Image-2024-08-20-at-14.59.05-776x1024.jpeg 776w, https:\/\/www.minesup.gov.cm\/wp-content\/uploads\/2024\/08\/WhatsApp-Image-2024-08-20-at-14.59.05-768x1013.jpeg 768w, https:\/\/www.minesup.gov.cm\/wp-content\/uploads\/2024\/08\/WhatsApp-Image-2024-08-20-at-14.59.05.jpeg 970w\" sizes=\"(max-width: 101px) 100vw, 101px\" \/><\/p>\n<p style=\"text-align: center;\"><strong>INFORMATIONS D\u2019IDENTIFICATION<\/strong><\/p>\n<p style=\"text-align: justify;\"><strong>Nom de l\u2019institution\u00a0<\/strong>: Cameroon Institute of Renewable Energy (CIRE)<br \/>\n<strong>Nom du promoteur<\/strong> : CHOH Clovis ZAMUNDI<br \/>\n<strong>R\u00e9gion\u00a0<\/strong>: South West<br \/>\n<strong>D\u00e9partement\u00a0<\/strong>: Fako Division<br \/>\n<strong>Arrondissement <\/strong>: Limbe 2<br \/>\n<strong>Site de localisation\u00a0<\/strong>: Bobende Quater 3, Limbe 2 subdivision<br \/>\n<strong>Adresse postale<\/strong> :<br \/>\n<strong>T\u00e9l\u00e9phone\u00a0<\/strong>: 670 92 93 50<br \/>\n<strong>Email<\/strong> : <a href=\"mailto:cireinstituteadmision@gmail.com\" target=\"_blank\" rel=\"noopener\">cireinstituteadmision@gmail.com<\/a><br \/>\n<strong>Site web<\/strong> : <a href=\"http:\/\/www.cireinstitute.org\" target=\"_blank\" rel=\"noopener\">www.cireinstitute.org<\/a><br \/>\n<strong>Adresse dans les r\u00e9seaux sociaux\u00a0<\/strong>: <a href=\"https:\/\/www.facebook.com\/cirecameroon?mibextid=ZbWKwL\" target=\"_blank\" rel=\"noopener\">https:\/\/www.facebook.com\/cirecameroon?mibextid=ZbWKwL<\/a><\/p>\n<p style=\"text-align: center;\"><strong>INFORMATIONS SUR LE STATUT D&rsquo;<\/strong><b>ACCR\u00c9DITATION<\/b><\/p>\n<p style=\"text-align: justify;\"><strong><span style=\"text-decoration: underline;\">Autorisation sp\u00e9ciale de cr\u00e9ation et d&rsquo;ouverture<\/span>\u00a0<\/strong>: N\u00b024-063140\/MINESUP\/SG\/DDES\/ESUP\/SDA\/bol du 19 ao\u00fbt 2024<\/p>\n<p style=\"text-align: center;\"><strong>F<\/strong><strong>ILI\u00c8RES ET SP\u00c9CIALIT\u00c9S AUTORIS\u00c9ES<\/strong><\/p>\n<p style=\"text-align: justify;\"><strong>Diploma<\/strong>: HND<br \/>\n<strong><u>Field of study :<\/u><\/strong> <strong>Thermal and Energy Engineering\u00a0; Specialties<\/strong>: Sustenability and Renewable Energy<\/p>\n","protected":false},"excerpt":{"rendered":"<p>&#46;&#46;&#46;<\/p>\n","protected":false},"author":2,"featured_media":0,"parent":0,"menu_order":0,"comment_status":"closed","ping_status":"closed","template":"","meta":[],"_links":{"self":[{"href":"https:\/\/www.minesup.gov.cm\/index.php\/wp-json\/wp\/v2\/pages\/18857"}],"collection":[{"href":"https:\/\/www.minesup.gov.cm\/index.php\/wp-json\/wp\/v2\/pages"}],"about":[{"href":"https:\/\/www.minesup.gov.cm\/index.php\/wp-json\/wp\/v2\/types\/page"}],"author":[{"embeddable":true,"href":"https:\/\/www.minesup.gov.cm\/index.php\/wp-json\/wp\/v2\/users\/2"}],"replies":[{"embeddable":true,"href":"https:\/\/www.minesup.gov.cm\/index.php\/wp-json\/wp\/v2\/comments?post=18857"}],"version-history":[{"count":4,"href":"https:\/\/www.minesup.gov.cm\/index.php\/wp-json\/wp\/v2\/pages\/18857\/revisions"}],"predecessor-version":[{"id":18874,"href":"https:\/\/www.minesup.gov.cm\/index.php\/wp-json\/wp\/v2\/pages\/18857\/revisions\/18874"}],"wp:attachment":[{"href":"https:\/\/www.minesup.gov.cm\/index.php\/wp-json\/wp\/v2\/media?parent=18857"}],"curies":[{"name":"wp","href":"https:\/\/api.w.org\/{rel}","templated":true}]}}