{"id":18889,"date":"2024-08-27T16:13:12","date_gmt":"2024-08-27T15:13:12","guid":{"rendered":"http:\/\/www.minesup.gov.cm\/?page_id=18889"},"modified":"2024-08-28T13:54:09","modified_gmt":"2024-08-28T12:54:09","slug":"rapus-international-institute-school-riis","status":"publish","type":"page","link":"https:\/\/www.minesup.gov.cm\/index.php\/rapus-international-institute-school-riis\/","title":{"rendered":"RAPUS International Institute School (RIIS)"},"content":{"rendered":"<p><img loading=\"lazy\" class=\"wp-image-18903 aligncenter\" src=\"http:\/\/www.minesup.gov.cm\/wp-content\/uploads\/2024\/08\/logo-RIIS-300x144.jpg\" alt=\"\" width=\"231\" height=\"111\" srcset=\"https:\/\/www.minesup.gov.cm\/wp-content\/uploads\/2024\/08\/logo-RIIS-300x144.jpg 300w, https:\/\/www.minesup.gov.cm\/wp-content\/uploads\/2024\/08\/logo-RIIS.jpg 472w\" sizes=\"(max-width: 231px) 100vw, 231px\" \/><\/p>\n<p style=\"text-align: center;\"><strong>INFORMATIONS D\u2019IDENTIFICATION<\/strong><\/p>\n<p style=\"text-align: justify;\"><strong>Nom de l\u2019institution\u00a0<\/strong>: RAPUS International Institute School (RIIS)<br \/>\n<strong>Nom du promoteur<\/strong> : Mme BISSECK TSAGUE Rosette Elys\u00e9e<br \/>\n<strong>R\u00e9gion\u00a0<\/strong>: Centre<br \/>\n<strong>D\u00e9partement\u00a0<\/strong>: Mfoundi<br \/>\n<strong>Arrondissement <\/strong>: Yaound\u00e9 1<sup>er<\/sup><br \/>\n<strong>Site de localisation\u00a0<\/strong>: Nouvelle route Bastos, derri\u00e8re la Banque Mondiale<br \/>\n<strong>Adresse postale<\/strong> : BP 1164<br \/>\n<strong>T\u00e9l\u00e9phone\u00a0<\/strong>: 699 51 17 76<br \/>\n<strong>Email<\/strong> :<br \/>\n<strong>Site web<\/strong> :\u00a0<a href=\"https:\/\/www.riis.school\" target=\"_blank\" rel=\"noopener\"> https:\/\/www.riis.school<\/a><br \/>\n<strong>Adresse dans les r\u00e9seaux sociaux\u00a0<\/strong>:<\/p>\n<p style=\"text-align: center;\"><strong>INFORMATIONS SUR LE STATUT D&rsquo;<\/strong><b>ACCR\u00c9DITATION<\/b><\/p>\n<p style=\"text-align: justify;\"><strong><span style=\"text-decoration: underline;\">Autorisation sp\u00e9ciale de cr\u00e9ation et d&rsquo;ouverture<\/span>\u00a0<\/strong>: N\u00b023-0248\/\/L\/MINESUP\/SG\/DDES\/ESUP\/SDA\/AOSB du 08 mars 2023<\/p>\n<p style=\"text-align: justify;\"><strong><span style=\"text-decoration: underline;\">Autorisation d&rsquo;ouverture :<\/span> <\/strong>n\u00b023-07259\/L\/MINESUP\/SG\/DDES\/ESUP\/SDA\/AOSB du 25 septembre 2023<\/p>\n<p style=\"text-align: center;\"><strong>F<\/strong><strong>ILI\u00c8RES ET SP\u00c9CIALIT\u00c9S AUTORIS\u00c9ES<\/strong><\/p>\n<p style=\"text-align: justify;\"><strong>Dipl\u00f4me <\/strong>: BTS<br \/>\n<u><\/u><\/p>\n<p style=\"text-align: justify;\"><span style=\"text-decoration: underline;\"><strong>Fili\u00e8re<\/strong><\/span> : Commerce-vente\u00a0 \u00a0;\u00a0 \u00a0<strong>Sp\u00e9cialit\u00e9s : <\/strong>Commerce international \u2013 Marketing, Commerce, vente<br \/>\n<span style=\"text-decoration: underline;\"><strong>Fili\u00e8re<\/strong><\/span> : Gestion\u00a0 ;\u00a0 \u00a0<strong>Sp\u00e9cialit\u00e9s :<\/strong> Gestion des collectivit\u00e9s Territoriales. Option : Comptabilit\u00e9 et Finances Publiques- Fiscalit\u00e9 des Collectivit\u00e9s Territoriales \u2013 Administration des collectivit\u00e9s Territoriales) Gestion logistique et transport- Gestion des projets- Gestion des syst\u00e8mes d\u2019information \u2013 Ressources humaines- Banque et finance- Comptabilit\u00e9 et gestion des entreprises \u2013 Assurance<br \/>\n<span style=\"text-decoration: underline;\"><strong>Fili\u00e8r<\/strong><\/span><strong>e<\/strong> : G\u00e9nie Informatique\u00a0 \u00a0;\u00a0 \u00a0<strong>Sp\u00e9cialit\u00e9 :<\/strong> G\u00e9nie Logiciel \u2013 Maintenance des syst\u00e8mes informatiques \u2013 Infographie et web design \u2013 E-commerce et marketing num\u00e9rique<br \/>\n<span style=\"text-decoration: underline;\"><strong>Fili\u00e8re<\/strong><\/span> : Carri\u00e8res Juridiques\u00a0 \u00a0;\u00a0 \u00a0<strong>Sp\u00e9cialit\u00e9s : <\/strong>assistanat judiciaire \u2013 droit des affaires et de l\u2019entreprise-droit foncier et domanial-m\u00e9tiers de bourse -gestion fiscale-douane et transit<br \/>\n<strong><span style=\"text-decoration: underline;\">Fili\u00e8re<\/span> <\/strong>: G\u00e9nie Electrique\u00a0 \u00a0 \u00a0;\u00a0 \u00a0<strong>Sp\u00e9cialit\u00e9s :<\/strong> maintenance des syst\u00e8mes \u00e9lectroniques \u2013 \u00e9lectrotechnique<br \/>\n<strong><span style=\"text-decoration: underline;\">Fili\u00e8re<\/span> <\/strong>: G\u00e9nie Civil\u00a0 \u00a0;\u00a0 \u00a0<strong>Sp\u00e9cialit\u00e9s<\/strong> : b\u00e2timent -travaux publics-g\u00e9om\u00e8tre topographe<br \/>\n<span style=\"text-decoration: underline;\"><strong>Fili\u00e8re<\/strong><\/span> : G\u00e9nie M\u00e9canique Et Productique\u00a0 \u00a0;\u00a0 \u00a0<strong>Sp\u00e9cialit\u00e9s <\/strong>: m\u00e9canique et \u00e9lectronique automobile (<strong><u>options :<\/u><\/strong> maintenance apr\u00e8s-vente automobile-m\u00e9catronique)<\/p>\n<p><strong><u>Pour Des Classes Pr\u00e9paratoires<\/u><\/strong><\/p>\n<p><strong><u>Tutelle Acad\u00e9mique<\/u> : CESI<\/strong> Ecole D\u2019ing\u00e9nieur France<\/p>\n","protected":false},"excerpt":{"rendered":"<p>&#46;&#46;&#46;<\/p>\n","protected":false},"author":2,"featured_media":0,"parent":0,"menu_order":0,"comment_status":"closed","ping_status":"closed","template":"","meta":[],"_links":{"self":[{"href":"https:\/\/www.minesup.gov.cm\/index.php\/wp-json\/wp\/v2\/pages\/18889"}],"collection":[{"href":"https:\/\/www.minesup.gov.cm\/index.php\/wp-json\/wp\/v2\/pages"}],"about":[{"href":"https:\/\/www.minesup.gov.cm\/index.php\/wp-json\/wp\/v2\/types\/page"}],"author":[{"embeddable":true,"href":"https:\/\/www.minesup.gov.cm\/index.php\/wp-json\/wp\/v2\/users\/2"}],"replies":[{"embeddable":true,"href":"https:\/\/www.minesup.gov.cm\/index.php\/wp-json\/wp\/v2\/comments?post=18889"}],"version-history":[{"count":10,"href":"https:\/\/www.minesup.gov.cm\/index.php\/wp-json\/wp\/v2\/pages\/18889\/revisions"}],"predecessor-version":[{"id":18910,"href":"https:\/\/www.minesup.gov.cm\/index.php\/wp-json\/wp\/v2\/pages\/18889\/revisions\/18910"}],"wp:attachment":[{"href":"https:\/\/www.minesup.gov.cm\/index.php\/wp-json\/wp\/v2\/media?parent=18889"}],"curies":[{"name":"wp","href":"https:\/\/api.w.org\/{rel}","templated":true}]}}