{"id":19255,"date":"2024-11-13T17:08:29","date_gmt":"2024-11-13T16:08:29","guid":{"rendered":"https:\/\/www.minesup.gov.cm\/?page_id=19255"},"modified":"2024-12-02T12:24:08","modified_gmt":"2024-12-02T11:24:08","slug":"experiental-higher-institute-of-science-and-technology-exhist","status":"publish","type":"page","link":"https:\/\/www.minesup.gov.cm\/index.php\/experiental-higher-institute-of-science-and-technology-exhist\/","title":{"rendered":"Experiential Higher Institute of Science and Technology (EXHIST)"},"content":{"rendered":"<p><img loading=\"lazy\" class=\" wp-image-19263 aligncenter\" src=\"https:\/\/www.minesup.gov.cm\/wp-content\/uploads\/2024\/11\/LOGO-300x255.jpg\" alt=\"\" width=\"182\" height=\"155\" srcset=\"https:\/\/www.minesup.gov.cm\/wp-content\/uploads\/2024\/11\/LOGO-300x255.jpg 300w, https:\/\/www.minesup.gov.cm\/wp-content\/uploads\/2024\/11\/LOGO.jpg 569w\" sizes=\"(max-width: 182px) 100vw, 182px\" \/><\/p>\n<p style=\"text-align: center;\"><span style=\"text-decoration: underline;\"><strong>INFORMATIONS D\u2019IDENTIFICATION<\/strong><\/span><\/p>\n<p style=\"text-align: justify;\"><strong>Nom de l\u2019institution\u00a0<\/strong>: Experiential Higher Institute of Science and Technology (EXHIST)<br \/>\n<strong>Nom du promoteur<\/strong> : M NGANG Nelson NCHE<br \/>\n<strong>R\u00e9gion\u00a0<\/strong>: CENTRE\/ NORTH WEST(Annexe)<br \/>\n<strong>D\u00e9partement\u00a0<\/strong>: Mfoundi, Yaound\u00e9 VI<br \/>\n<strong>Arrondissement <\/strong>: Yaound\u00e9 VI\/ Bamenda II (Annexe)<br \/>\n<strong>Site de localisation\u00a0<\/strong>: Entre coll\u00e8ge Ebanda, Biyem-Assi, Yaound\u00e9 \/ Below Linguistic Centre, Old Town Bamenda (Annexe)<br \/>\n<strong>Adresse postale<\/strong> : BP 6352, Yaound\u00e9<br \/>\n<strong>T\u00e9l\u00e9phone\u00a0<\/strong>: 679 36 79 14 \/ 660 66 54 75<br \/>\n<strong>Email<\/strong> : <a href=\"mailto:info@exhistuniversity.com\">info@exhistuniversity.com<\/a><br \/>\n<strong>Site web<\/strong> : <a href=\"www.exhistuniversity.com\" target=\"_blank\" rel=\"noopener\">www.exhistuniversity.com<\/a><br \/>\n<strong>Adresse dans les r\u00e9seaux sociaux\u00a0<\/strong>:\u00a0Facebook (Experiential Higher Institute of Science and Technology) et Instagram (Experiential Higher Institute of Science and Technology)<\/p>\n<p style=\"text-align: center;\"><span style=\"text-decoration: underline;\"><strong>INFORMATIONS SUR LE STATUT D&rsquo;<\/strong><b>ACCR\u00c9DITATION<\/b><\/span><\/p>\n<p style=\"text-align: justify;\"><strong><span style=\"text-decoration: underline;\">Autorisation sp\u00e9ciale de cr\u00e9ation et d&rsquo;ouverture<\/span>\u00a0<\/strong>:<\/p>\n<ul>\n<li style=\"text-align: justify;\">N\u00b023-02790\/N\/MINESUP\/SG\/DDES\/ESUP\/SDA\/MF du 28 mars 2023<\/li>\n<li>N\u00b022-01959\/N\/MINESUP\/SG\/DDES\/ESUP\/SDA\/MF du 04 avril 2022<\/li>\n<li>N\u00b020-07251\/L\/MINESUP\/SG\/DDES\/ESUP\/SDA\/MF du 06 octobre 2020<\/li>\n<\/ul>\n<p style=\"text-align: center;\"><span style=\"text-decoration: underline;\"><strong>F<\/strong><strong>ILI\u00c8RES ET SP\u00c9CIALIT\u00c9S AUTORIS\u00c9ES<\/strong><\/span><\/p>\n<p style=\"text-align: center;\"><strong>Dipl\u00f4me <\/strong>: <strong>HND<\/strong><br \/>\n<u><\/u><\/p>\n<p style=\"text-align: justify;\"><span style=\"text-decoration: underline;\"><strong>Field<\/strong><\/span> : MEDICAL AND BIOMEDICAL SCIENCES\u00a0\u00a0 ;\u00a0 \u00a0<strong>Specialties : <\/strong><em>Nursing, Medical Laboratory Sciences, Midwifery, Nutrition and Dietetics, Pharmacy Technicians, Physiotherapy, Health Care Management, Medical Imaging Technology<\/em>.<br \/>\n<span style=\"text-decoration: underline;\"><strong>Field<\/strong><\/span> : COMPUTER ENGINEERING\u00a0 ;\u00a0 \u00a0<strong>Specialties : <\/strong><em>Computer Graphics and web Design, E- Commerce and Digital Marketing; <\/em><strong>Option<em> Software Engineering<\/em>; <em>Industrial computing and automation, Computer maintenance <\/em><\/strong>Hardware Maintenance, Electrical Power Systems, <strong><em>Computer Science and Network <\/em><\/strong>(Computer Science and Network, Network and Cyber Security.<br \/>\n<span style=\"text-decoration: underline;\"><strong>Field<\/strong><\/span>\u00a0: BUSINESS AND FINANCE\u00a0\u00a0 ;\u00a0 \u00a0<strong>Specialties : <\/strong><em>Accountancy, Marketing-Trade-Sale, Banking and Finance, International Trade, Microfinance, Insurance<\/em><br \/>\n<span style=\"text-decoration: underline;\"><strong>Field<\/strong><\/span> : MANAGEMENT\u00a0 ;\u00a0\u00a0<strong>Specialties : <\/strong><em>Assistant Manager, Management of NGOs, Project Management, Human Resource, Management, Logistics and Transport Management<\/em>.<br \/>\n<strong><span style=\"text-decoration: underline;\">Field<\/span>\u00a0<\/strong>: SCHOOL OF EDUCATION\u00a0 ;\u00a0 \u00a0<strong>Specialities : <\/strong><em>Didactics, Curriculum Development and Teaching, Education Management and Administration, Special Education, Distance and Continuing Education, Vocational Guidance and Counseling<\/em><br \/>\n<strong><span style=\"text-decoration: underline;\">Field<\/span>\u00a0<\/strong>: TOURISM, FASHION, DESIGN AND CULINARY ARTS;\u00a0 \u00a0<strong>Specialties<\/strong> : <em>Bakery and food Processing, Fashion Clothing and Textiles, Beauty Aesthetics, Tourism and Travel Agency Management, Hotel Management and Catering<\/em><br \/>\n<span style=\"text-decoration: underline;\"><strong>Field<\/strong><\/span> : LEGAL CAREERS ;\u00a0 <strong>Specialties <\/strong>: <em>Legal Assistant<\/em>.<\/p>\n<p style=\"text-align: center;\"><strong>BACHELOR&rsquo;S DEGREE<\/strong><\/p>\n<p style=\"text-align: justify;\"><span style=\"text-decoration: underline;\"><strong>Field<\/strong><\/span>\u00a0: MEDICAL AND BIOMEDICAL SCIENCES\u00a0 ;\u00a0 \u00a0<strong>Specialties : <\/strong><em>Nursing, Medical Laboratory Sciences, Midwifery, Pharmacy Technology, Health Care Management, Geriatric Nursing, Pediatric Nursing, Theatre Nursing, Mental Health, Nursing Administration and Management<\/em>tware Engineering &#8211; Computer Science &#8211; Data Base Management<\/p>\n<p style=\"text-align: center;\"><strong>MASTER\u2019S DEGREE<\/strong><\/p>\n<p style=\"text-align: justify;\"><span style=\"text-decoration: underline;\"><strong>Field<\/strong><\/span> : MEDICAL AND BIOMEDICAL SCIENCES ;\u00a0 <strong>Specialties : Public Health<\/strong>(<em>Epidemiology, community Health<\/em>) Midwifery<em> (Reproductive Health) <\/em><strong>Nursing <\/strong><em>(Intensive Care Nursing, Nursing Anesthesia, Health Care Management, Medical-Surgical Nursing) <\/em><strong>Pharmacology and Toxicology, Medical Microbiology and Parasitology, Chemical Pathology, Medical virology and Immunology<\/strong><\/p>\n","protected":false},"excerpt":{"rendered":"<p>&#46;&#46;&#46;<\/p>\n","protected":false},"author":2,"featured_media":0,"parent":0,"menu_order":0,"comment_status":"closed","ping_status":"closed","template":"","meta":[],"_links":{"self":[{"href":"https:\/\/www.minesup.gov.cm\/index.php\/wp-json\/wp\/v2\/pages\/19255"}],"collection":[{"href":"https:\/\/www.minesup.gov.cm\/index.php\/wp-json\/wp\/v2\/pages"}],"about":[{"href":"https:\/\/www.minesup.gov.cm\/index.php\/wp-json\/wp\/v2\/types\/page"}],"author":[{"embeddable":true,"href":"https:\/\/www.minesup.gov.cm\/index.php\/wp-json\/wp\/v2\/users\/2"}],"replies":[{"embeddable":true,"href":"https:\/\/www.minesup.gov.cm\/index.php\/wp-json\/wp\/v2\/comments?post=19255"}],"version-history":[{"count":5,"href":"https:\/\/www.minesup.gov.cm\/index.php\/wp-json\/wp\/v2\/pages\/19255\/revisions"}],"predecessor-version":[{"id":19352,"href":"https:\/\/www.minesup.gov.cm\/index.php\/wp-json\/wp\/v2\/pages\/19255\/revisions\/19352"}],"wp:attachment":[{"href":"https:\/\/www.minesup.gov.cm\/index.php\/wp-json\/wp\/v2\/media?parent=19255"}],"curies":[{"name":"wp","href":"https:\/\/api.w.org\/{rel}","templated":true}]}}