{"id":19275,"date":"2024-11-13T18:12:05","date_gmt":"2024-11-13T17:12:05","guid":{"rendered":"https:\/\/www.minesup.gov.cm\/?page_id=19275"},"modified":"2024-11-13T19:04:14","modified_gmt":"2024-11-13T18:04:14","slug":"continental-university-institute-of-science-and-technology-cuist","status":"publish","type":"page","link":"https:\/\/www.minesup.gov.cm\/index.php\/continental-university-institute-of-science-and-technology-cuist\/","title":{"rendered":"Continental University Institute of science and Technology (CUIST)"},"content":{"rendered":"<p><img loading=\"lazy\" class=\"wp-image-19270 aligncenter\" src=\"https:\/\/www.minesup.gov.cm\/wp-content\/uploads\/2024\/11\/logo-CUIST-287x300.jpg\" alt=\"\" width=\"147\" height=\"154\" srcset=\"https:\/\/www.minesup.gov.cm\/wp-content\/uploads\/2024\/11\/logo-CUIST-287x300.jpg 287w, https:\/\/www.minesup.gov.cm\/wp-content\/uploads\/2024\/11\/logo-CUIST-978x1024.jpg 978w, https:\/\/www.minesup.gov.cm\/wp-content\/uploads\/2024\/11\/logo-CUIST-768x804.jpg 768w, https:\/\/www.minesup.gov.cm\/wp-content\/uploads\/2024\/11\/logo-CUIST.jpg 1223w\" sizes=\"(max-width: 147px) 100vw, 147px\" \/><\/p>\n<p style=\"text-align: center;\"><span style=\"text-decoration: underline;\"><strong>INFORMATIONS D\u2019IDENTIFICATION<\/strong><\/span><\/p>\n<p style=\"text-align: justify;\"><strong>Nom de l\u2019institution\u00a0<\/strong>: Continental University Institute of science and Technology (CUIST)<br \/>\n<strong>Nom du promoteur<\/strong> : Wirba Amenu Foven<br \/>\n<strong>R\u00e9gion\u00a0<\/strong>: North West Region<br \/>\n<strong>D\u00e9partement\u00a0<\/strong>: Bui Division<br \/>\n<strong>Arrondissement <\/strong>: Kumbo Central<br \/>\n<strong>Site de localisation\u00a0<\/strong>: Upper Melim Kumbo<br \/>\n<strong>Adresse postale<\/strong> : B.P 42 Kumbo<br \/>\n<strong>T\u00e9l\u00e9phone\u00a0<\/strong>: 677 80 18 85 \/ 676 50 50 91<br \/>\n<strong>Email<\/strong> : <a href=\"http:\/\/drwafiub22@gmail.com\">drwafiub22@gmail.com<\/a><br \/>\n<strong>Site web<\/strong> : <a href=\"http:\/\/www.cuist.org\" target=\"_blank\" rel=\"noopener\">www.cuist.org<\/a><br \/>\n<strong>Adresse dans les r\u00e9seaux sociaux\u00a0<\/strong>:\u00a0Facebook (Continental University Institute of Science and Technology)<\/p>\n<p style=\"text-align: center;\"><span style=\"text-decoration: underline;\"><strong>INFORMATIONS SUR LE STATUT D&rsquo;<\/strong><b>ACCR\u00c9DITATION<\/b><\/span><\/p>\n<p style=\"text-align: justify;\"><strong><span style=\"text-decoration: underline;\">Autorisation sp\u00e9ciale pour la cr\u00e9ation et l&rsquo;ouverture<\/span>\u00a0<\/strong>: n<span style=\"color: initial;\">\u00b022-03256\/L\/MINESUP\/SG\/DDES\/ESUP\/SDA\/NS du 01 juin 2022<\/span><\/p>\n<p style=\"text-align: center;\"><span style=\"text-decoration: underline;\"><strong>F<\/strong><strong>ILI\u00c8RES ET SP\u00c9CIALIT\u00c9S AUTORIS\u00c9ES<\/strong><\/span><\/p>\n<p style=\"text-align: center;\"><strong>Dipl\u00f4me <\/strong>: <strong>HND<\/strong><br \/>\n<u><\/u><\/p>\n<p style=\"text-align: justify;\"><span style=\"text-decoration: underline;\"><strong>Field<\/strong><\/span> : Health and Biomedical Science\u00a0 ;\u00a0 \u00a0<strong>Specialties : <\/strong><span style=\"color: initial;\">nursing science &#8211; <\/span><span style=\"color: initial;\">pharmaceutical science &#8211;\u00a0 <\/span><span style=\"color: initial;\">midwifery science &#8211; <\/span><span style=\"color: initial;\">medical laboratory sciences &#8211; <\/span><span style=\"color: initial;\">nutrition and dietetics &#8211; imaging<\/span>.<br \/>\n<span style=\"text-decoration: underline;\"><strong>Field<\/strong><\/span>\u00a0: Management, Business studies and legal Careers\u00a0 ;\u00a0 \u00a0<strong>Specialties : <\/strong><span style=\"color: initial;\">Assistant manager &#8211; <\/span><span style=\"color: initial;\">Management of non-governmemtal organisation &#8211; <\/span><span style=\"color: initial;\">Human resource management &#8211; <\/span><span style=\"color: initial;\">Local government management &#8211; <\/span><span style=\"color: initial;\">Local government taxation &#8211; <\/span><span style=\"color: initial;\">Local government administration &#8211; <\/span><span style=\"color: initial;\">Accountancy and finance &#8211; <\/span><span style=\"color: initial;\">Port shipping management &#8211; <\/span><span style=\"color: initial;\">Accountancy &#8211; <\/span><span style=\"color: initial;\">Marketing trade sale &#8211; <\/span><span style=\"color: initial;\">banking and finance &#8211; <\/span><span style=\"color: initial;\">International trade &#8211; <\/span><span style=\"color: initial;\">Microfinance &#8211; <\/span><span style=\"color: initial;\">insurance &#8211; <\/span><span style=\"color: initial;\">Legal assistant &#8211; <\/span><span style=\"color: initial;\">business law &#8211; <\/span><span style=\"color: initial;\">Land law &#8211; <\/span><span style=\"color: initial;\">stock market career &#8211; <\/span><span style=\"color: initial;\">Custom and transit &#8211; <\/span><span style=\"color: initial;\">Tax management<\/span>.<br \/>\n<span style=\"text-decoration: underline;\"><strong>Field<\/strong><\/span>\u00a0: Education\u00a0 ;\u00a0 \u00a0<strong>Specialties : <\/strong><span style=\"color: initial;\">Didactics, curriculum development and teaching &#8211; <\/span><span style=\"color: initial;\">Education management and management &#8211; <\/span><span style=\"color: initial;\">Special education &#8211; <\/span><span style=\"color: initial;\">Distance and continous education &#8211; <\/span><span style=\"color: initial;\">Vocational guidance counseling.<\/span><br \/>\n<span style=\"text-decoration: underline;\"><strong>Field<\/strong><\/span> :\u00a0Agriculture and Environmental Science\u00a0 \u00a0;\u00a0 <strong>Specialties : <\/strong><span style=\"color: initial;\">Agricultural engineering &#8211; <\/span><span style=\"color: initial;\">Food technology &#8211; <\/span><span style=\"color: initial;\">Animal production technology &#8211; <\/span><span style=\"color: initial;\">Crop production technology &#8211; <\/span><span style=\"color: initial;\">Risk management &#8211; <\/span><span style=\"color: initial;\">Pollution prevention and remediation &#8211; <\/span><span style=\"color: initial;\">Meterology &#8211; <\/span><span style=\"color: initial;\">Solid waste mangement &#8211; <\/span><span style=\"color: initial;\">Wild life management &#8211; <\/span><span style=\"color: initial;\">Environtal impact assesment &#8211; <\/span><span style=\"color: initial;\">Forest engineering &#8211; <\/span><span style=\"color: initial;\">Hydrology and water resource management &#8211; <\/span><span style=\"color: initial;\">Hydrology and ground water management &#8211; <\/span><span style=\"color: initial;\">Waste management &#8211; <\/span><span style=\"color: initial;\">Hydraulic engineering and water &#8211; <\/span><span style=\"color: initial;\">Infrastructure &#8211; <\/span><span style=\"color: initial;\">Fisheries management &#8211; <\/span><span style=\"color: initial;\">Agropastoral adiviser &#8211; <\/span><span style=\"color: initial;\">Agropastoral entrepreneurship &#8211; <\/span><span style=\"color: initial;\">Agricultural business techniques &#8211; <\/span><span style=\"color: initial;\">Aquaculture &#8211; <\/span><span style=\"color: initial;\">Agricultural production technoogy &#8211; <\/span><span style=\"color: initial;\">Agroforestry and forest managemet &#8211; <\/span><span style=\"color: initial;\">Nature management and protection.<\/span><\/p>\n<ul>\n<li style=\"text-align: justify;\"><strong>Bachelor&rsquo;s Degrees<\/strong><\/li>\n<\/ul>\n<p style=\"text-align: justify;\"><strong><span style=\"text-decoration: underline;\">Field<\/span>\u00a0<\/strong>: Health and Biomedical Science\u00a0 ;\u00a0 \u00a0<strong>Specialties<\/strong> : <span style=\"color: initial;\">Bachelor of medical laboratory sciences (bmls) one year conversion &#8211; <\/span><span style=\"color: initial;\">Bachelor of medical laboratorysciences (bmls) &#8211; <\/span><span style=\"color: initial;\">Bachelor of midwifery science (bms) one year conversion &#8211; <\/span><span style=\"color: initial;\">Bachelor of midwifery science (bms) program &#8211; <\/span><span style=\"color: initial;\">Bachelor of midwifery science (bms) &#8211; <\/span><span style=\"color: initial;\">Bachelor of nursing science(bns) one year conversion &#8211; <\/span><span style=\"color: initial;\">Bachelor of nursing science (bns) &#8211; <\/span><span style=\"color: initial;\">Bachelor of pharmaceutical science one year program &#8211; <\/span><span style=\"color: initial;\">Bachelor of pharmaceutical science &#8211; <\/span><span style=\"color: initial;\">Bachelor of science nursing and midwifery (bsnm) &#8211; <\/span><span style=\"color: initial;\">Bachelor of technology &#8211; <\/span><span style=\"color: initial;\">Physiotherapy &#8211; <\/span><span style=\"color: initial;\">Bachelor of nutrition and dietetics &#8211; <\/span><span style=\"color: initial;\">Bachelor of community health (public health).<\/span><br \/>\n<span style=\"text-decoration: underline;\"><strong>Field<\/strong><\/span> : Management, Business studies and legal Careers\u00a0 \u00a0;\u00a0 \u00a0<strong>Specialties <\/strong>: <span style=\"color: initial;\">Human resource management &#8211; <\/span><span style=\"color: initial;\">Project management &#8211; <\/span><span style=\"color: initial;\">Accountancy &#8211; <\/span><span style=\"color: initial;\">Banking and finance &#8211; <\/span><span style=\"color: initial;\">Marketing management &#8211; <\/span><span style=\"color: initial;\">Management &#8211; <\/span><span style=\"color: initial;\">Hospital administration and management &#8211; <\/span><span style=\"color: initial;\">Digital marketing &#8211; <\/span><span style=\"color: initial;\">Business administration &#8211; <\/span><span style=\"color: initial;\">Logistics and transport management &#8211; <\/span><span style=\"color: initial;\">Accountancy &#8211; <\/span><span style=\"color: initial;\">management &#8211; <\/span><span style=\"color: initial;\">Banking and finance &#8211; <\/span><span style=\"color: initial;\">Insurance and risk management &#8211; <\/span><span style=\"color: initial;\">Human resource management &#8211; <\/span><span style=\"color: initial;\">Project management &#8211; <\/span><span style=\"color: initial;\">Accountancy &#8211; <\/span><span style=\"color: initial;\">Banking and finance &#8211; <\/span><span style=\"color: initial;\">Marketing management &#8211; <\/span><span style=\"color: initial;\">Management &#8211; <\/span><span style=\"color: initial;\">Hospital administration and management.<\/span><br \/>\n<span style=\"text-decoration: underline;\"><strong>Field<\/strong><\/span>\u00a0: Education\u00a0 ;\u00a0 \u00a0<strong>Specialties : <\/strong><span style=\"color: initial;\">Guidiance and counseling &#8211; <\/span><span style=\"color: initial;\">Inclusive education &#8211; <\/span><span style=\"color: initial;\">Educational technology &#8211; <\/span><span style=\"color: initial;\">Curriculum planning and design &#8211; <\/span><span style=\"color: initial;\">Stem &#8211; <\/span><span style=\"color: initial;\">Educational leadership.<\/span><br \/>\n<span style=\"text-decoration: underline;\"><strong>Field<\/strong><\/span> : Agriculture and Environmental Science\u00a0 ;\u00a0 <strong>Specialties : <\/strong><span style=\"color: initial;\">Bachelor of agricultural business techniques &#8211; <\/span><span style=\"color: initial;\">Bachelor of science (bsc. Hons) in forestry and wildlife management &#8211; B<\/span><span style=\"color: initial;\">achelor of science in agricultural engineering &#8211; <\/span><span style=\"color: initial;\">Bachelor of science in animal production technology &#8211; <\/span><span style=\"color: initial;\">Bachelor of science in cropproduction technology &#8211;\u00a0<\/span>Environmental engineering.<br \/>\n<span style=\"text-decoration: underline;\"><strong>Field<\/strong><\/span> : Transport and Logistics\u00a0 \u00a0;\u00a0 <strong>Specialties : <\/strong><span style=\"color: initial;\">Bachelor of science customs (b.sc.c) &#8211; <\/span><span style=\"color: initial;\">Bachelor of land transport and logistics &#8211; <\/span><span style=\"color: initial;\">Bachelor of land transport and logistics, one year conversion &#8211; <\/span><span style=\"color: initial;\">Bachelor in maritime transportation &#8211; <\/span><span style=\"color: initial;\">Bachelor in tourism and hospitalitymanagement &#8211; <\/span><span style=\"color: initial;\">Bachelor transit and logistics &#8211; <\/span><span style=\"color: initial;\">Bachelor air transport\u00a0 &#8211; <\/span><span style=\"color: initial;\">Plus road safety and driving school.<\/span><\/p>\n<ul>\n<li><strong>Master\u2019s Degrees<\/strong><\/li>\n<\/ul>\n<p style=\"text-align: justify;\"><strong><span style=\"text-decoration: underline;\">Field<\/span>\u00a0<\/strong>:\u00a0Health and Biomedical Science\u00a0 \u00a0 ;\u00a0 \u00a0<strong>Specialties<\/strong> : <span style=\"color: initial;\">Master in public health (mph) &#8211; <\/span><span style=\"color: initial;\">Master of critical care nursing &#8211; <\/span><span style=\"color: initial;\">Master of midwifery science (mmsc) &#8211; <\/span><span style=\"color: initial;\">Master of histotechnology &#8211; <\/span><span style=\"color: initial;\">Master of nursing science (mnsc) &#8211; <\/span><span style=\"color: initial;\">Master of haematology and blood transfusion &#8211; <\/span><span style=\"color: initial;\">Master of paediatric nursing &#8211; <\/span><span style=\"color: initial;\">Master in medical laboratory science.<\/span><br \/>\n<span style=\"text-decoration: underline;\"><strong>Fili\u00e8re<\/strong><\/span> :\u00a0Management, Business studies and legal Careers\u00a0 ;\u00a0 \u00a0<strong>Sp\u00e9cialit\u00e9s : <\/strong><span style=\"color: initial;\">Business administration and management &#8211; <\/span><span style=\"color: initial;\">E-commerce and digital marketing &#8211; <\/span><span style=\"color: initial;\">Accounting and finance &#8211; <\/span><span style=\"color: initial;\">Accounting and taxation &#8211; <\/span><span style=\"color: initial;\">Accounting, audit and control &#8211; <\/span><span style=\"color: initial;\">Digital and international marketing &#8211; <\/span><span style=\"color: initial;\">Finance and investment &#8211; <\/span><span style=\"color: initial;\">Operations and supply chain management &#8211; <\/span><span style=\"color: initial;\">Agric entrepreneurship &#8211; <\/span><span style=\"color: initial;\">Human resource management &#8211; <\/span><span style=\"color: initial;\">Project management &#8211; <\/span><span style=\"color: initial;\">Banking and insurance &#8211; <\/span><span style=\"color: initial;\">Marketing management &#8211; <\/span><span style=\"color: initial;\">Local government management &#8211; <\/span><span style=\"color: initial;\">Microfinance management &#8211; <\/span><span style=\"color: initial;\">Health economics, policy and management &#8211; <\/span><span style=\"color: initial;\">Insurance and security &#8211; <\/span><span style=\"color: initial;\">Managerial economics &#8211; <\/span><span style=\"color: initial;\">Executive mba &#8211; <\/span><span style=\"color: initial;\">Hospital administration and management &#8211; <\/span><span style=\"color: initial;\">Business management &#8211; <\/span><span style=\"color: initial;\">Banking and finance &#8211; <\/span><span style=\"color: initial;\">Project management &#8211; <\/span><span style=\"color: initial;\">International marketing &#8211; <\/span><span style=\"color: initial;\">Accounting and control &#8211; <\/span><span style=\"color: initial;\">Human resource management &#8211; <\/span><span style=\"color: initial;\">Procurement and supplychain management &#8211; <\/span><span style=\"color: initial;\">Finance &#8211; <\/span><span style=\"color: initial;\">Accounting information system.<\/span><br \/>\n<span style=\"text-decoration: underline;\"><strong>Fili\u00e8r<\/strong><\/span><strong>e<\/strong> : Education\u00a0 \u00a0;\u00a0 \u00a0<strong>Sp\u00e9cialit\u00e9 : <\/strong><span style=\"color: initial;\">Educational management ,administration and planning &#8211; <\/span><span style=\"color: initial;\">Didactics, curriculum and teaching &#8211; <\/span><span style=\"color: initial;\">School counseling &#8211; <\/span><span style=\"color: initial;\">Health psychology &#8211; <\/span><span style=\"color: initial;\">Clinical counseling &#8211; <\/span><span style=\"color: initial;\">Inclusive education &#8211; <\/span><span style=\"color: initial;\">Curriculum planning and design &#8211; <\/span><span style=\"color: initial;\">Bereavement counseling.<\/span><br \/>\n<span style=\"text-decoration: underline;\"><strong>Fili\u00e8re<\/strong><\/span> :\u00a0 Agriculture and Environmental Science ;\u00a0 \u00a0<strong>Sp\u00e9cialit\u00e9s : <\/strong><span style=\"color: initial;\">Master in forestry and wildlife management &#8211; <\/span><span style=\"color: initial;\">Master of agricultural business techniques &#8211; <\/span><span style=\"color: initial;\">Masters\u2019 of science in agronomy &#8211; <\/span><span style=\"color: initial;\">Msc in biotechnology and animal &#8211; <\/span><span style=\"color: initial;\">Msc programs in the department of &#8211; <\/span><span style=\"color: initial;\">Agricultural and environmental engineering &#8211; <\/span><span style=\"color: initial;\">Professional masters in development studies.<\/span><\/p>\n<p style=\"text-align: justify;\"><strong>Field <\/strong>: Transport and Logistics\u00a0 \u00a0 ;\u00a0 \u00a0<strong>Specialties<\/strong> : <span style=\"color: initial;\">Master of land transportation and logistics &#8211; <\/span><span style=\"color: initial;\">Master of land transportation and logistics, one year conversion &#8211; <\/span><span style=\"color: initial;\">Master in shipping management &#8211; <\/span><span style=\"color: initial;\">Master in logistics and supply chain managemen<\/span><\/p>\n","protected":false},"excerpt":{"rendered":"<p>&#46;&#46;&#46;<\/p>\n","protected":false},"author":2,"featured_media":0,"parent":0,"menu_order":0,"comment_status":"closed","ping_status":"closed","template":"","meta":[],"_links":{"self":[{"href":"https:\/\/www.minesup.gov.cm\/index.php\/wp-json\/wp\/v2\/pages\/19275"}],"collection":[{"href":"https:\/\/www.minesup.gov.cm\/index.php\/wp-json\/wp\/v2\/pages"}],"about":[{"href":"https:\/\/www.minesup.gov.cm\/index.php\/wp-json\/wp\/v2\/types\/page"}],"author":[{"embeddable":true,"href":"https:\/\/www.minesup.gov.cm\/index.php\/wp-json\/wp\/v2\/users\/2"}],"replies":[{"embeddable":true,"href":"https:\/\/www.minesup.gov.cm\/index.php\/wp-json\/wp\/v2\/comments?post=19275"}],"version-history":[{"count":5,"href":"https:\/\/www.minesup.gov.cm\/index.php\/wp-json\/wp\/v2\/pages\/19275\/revisions"}],"predecessor-version":[{"id":19287,"href":"https:\/\/www.minesup.gov.cm\/index.php\/wp-json\/wp\/v2\/pages\/19275\/revisions\/19287"}],"wp:attachment":[{"href":"https:\/\/www.minesup.gov.cm\/index.php\/wp-json\/wp\/v2\/media?parent=19275"}],"curies":[{"name":"wp","href":"https:\/\/api.w.org\/{rel}","templated":true}]}}