{"id":19417,"date":"2025-01-02T15:44:31","date_gmt":"2025-01-02T14:44:31","guid":{"rendered":"https:\/\/www.minesup.gov.cm\/?page_id=19417"},"modified":"2025-01-14T10:51:26","modified_gmt":"2025-01-14T09:51:26","slug":"institut-universitaire-de-technologie-et-des-sciences-du-sahel-iutessa","status":"publish","type":"page","link":"https:\/\/www.minesup.gov.cm\/index.php\/institut-universitaire-de-technologie-et-des-sciences-du-sahel-iutessa\/","title":{"rendered":"Institut Universitaire de Technologie et des Sciences du Sahel (IUTESSA)"},"content":{"rendered":"<p><img loading=\"lazy\" class=\"aligncenter wp-image-19452\" src=\"https:\/\/www.minesup.gov.cm\/wp-content\/uploads\/2025\/01\/WhatsApp-Image-2025-01-14-at-10.23.21-300x300.jpeg\" alt=\"\" width=\"182\" height=\"182\" \/><\/p>\n<p style=\"text-align: center;\"><span style=\"text-decoration: underline;\"><strong>INFORMATIONS D\u2019IDENTIFICATION<\/strong><\/span><\/p>\n<p style=\"text-align: justify;\"><strong>Nom de l\u2019institution\u00a0<\/strong>: Institut Universitaire de Technologie et des Sciences du Sahel (IUTESSA)<br \/>\n<strong>Nom du promoteur<\/strong> : M. KALDADAK GOUFAGUED<br \/>\n<strong>R\u00e9gion\u00a0<\/strong>: Extr\u00eame Nord<br \/>\n<strong>D\u00e9partement\u00a0<\/strong>: Mayo-Tsanaga<br \/>\n<strong>Arrondissement <\/strong>: Mokolo<br \/>\n<strong>Site de localisation\u00a0<\/strong>: quartier Mendeze au lieu-dit ancien Sonel<br \/>\n<strong>Adresse postale<\/strong> : BP 122 Mokolo<br \/>\n<strong>T\u00e9l\u00e9phone\u00a0<\/strong>: 655 30 29 79 \/ 651 61 66 38<br \/>\n<strong>Email<\/strong> :<br \/>\n<strong>Site web<\/strong> :<br \/>\n<strong>Adresse dans les r\u00e9seaux sociaux\u00a0<\/strong>: Institut Universitaire de Technologie et des Sciences du Sahel &#8211; Iutessa<\/p>\n<p style=\"text-align: center;\"><span style=\"text-decoration: underline;\"><strong>INFORMATIONS SUR LE STATUT D&rsquo;<\/strong><b>ACCR\u00c9DITATION<\/b><\/span><\/p>\n<p style=\"text-align: justify;\"><strong><span style=\"text-decoration: underline;\">Autorisation sp\u00e9ciale pour la cr\u00e9ation et l&rsquo;ouverture<\/span>\u00a0<\/strong>: n<span style=\"color: initial;\">\u00b024-09750\/L\/MINESUP\/SG\/DDES\/ESUP\/SDA\/ANAP du 12 d\u00e9cembre 2024<\/span><\/p>\n<p style=\"text-align: center;\"><span style=\"text-decoration: underline;\"><strong>F<\/strong><strong>ILI\u00c8RES ET SP\u00c9CIALIT\u00c9S AUTORIS\u00c9ES<\/strong><\/span><\/p>\n<p style=\"text-align: center;\"><strong>Dipl\u00f4me <\/strong>: <strong>BTS<\/strong><br \/>\n<u><\/u><\/p>\n<p style=\"text-align: justify;\"><strong><u>Fili\u00e8re 1 :<\/u><\/strong><strong> Agriculture et Elevage<\/strong>\u00a0\u00a0 ;\u00a0\u00a0 <u>Sp\u00e9cialit\u00e9s<strong> :<\/strong><\/u> Production Animale, Production V\u00e9g\u00e9tale, Aquaculture, Entrepreneuriat Agropastoral, Techniques Commerciales Agricoles ;<br \/>\n<strong><u>Fili\u00e8re 2 :<\/u><\/strong><strong> Carri\u00e8re Juridique<\/strong>\u00a0;\u00a0\u00a0\u00a0 <strong><u>Sp\u00e9cialit\u00e9s :<\/u><\/strong> Droit des Affaires et de l\u2019Entreprise, Douane et Transit, Droit Foncier Domanial.<br \/>\n<strong><u>Fili\u00e8re 3 :<\/u><\/strong><strong> Sciences de Education<\/strong>\u00a0;\u00a0\u00a0\u00a0 <strong><u>Sp\u00e9cialit\u00e9 :<\/u><\/strong> Administration Scolaire\u00a0;<br \/>\n<strong><u>Fili\u00e8re 4 :<\/u><\/strong><strong> G\u00e9nie Informatique\u00a0;\u00a0 <u>Sp\u00e9cialit\u00e9s :<\/u><\/strong> G\u00e9nie Logiciel, Infographie et Webdesign, Maintenance des Syst\u00e8mes Informatiques, Informatique Industrielle et Automatisme, Commerce et Marketing Num\u00e9rique ;<br \/>\n<strong><u>Fili\u00e8re 5 :<\/u><\/strong><strong> G\u00e9nie M\u00e9canique et Productique\u00a0;\u00a0 <u>Sp\u00e9cialit\u00e9s :<\/u><\/strong> Construction m\u00e9tallique, Chaudronnerie et soudure, M\u00e9canique et Electronique automobiles, Maintenance des syst\u00e8mes industriels, Technologie de la marine marchande ;<br \/>\n<strong><u>Fili\u00e8re 6 :<\/u> G\u00e9nie Electrique\u00a0;\u00a0 <u>Sp\u00e9cialit\u00e9s :<\/u><\/strong> Electrotechnique, Maintenance des appareils biom\u00e9dicaux, Maintenance des Syst\u00e8mes Electroniques, Energies Renouvelables ;<br \/>\n<strong><u>Fili\u00e8re 7 :<\/u><\/strong><strong> G\u00e9nie Civil\u00a0;\u00a0 <u>Sp\u00e9cialit\u00e9s\u00a0:<\/u><\/strong> B\u00e2timent, Travaux publics, G\u00e9otechnique et G\u00e9ologie appliqu\u00e9e, G\u00e9om\u00e8tre Topographe, Installation Sanitaire, Urbanisme, Menuiserie et Eb\u00e9nisterie ;<br \/>\n<strong><u>Fili\u00e8re 8\u00a0:<\/u><\/strong><strong> R\u00e9seaux et t\u00e9l\u00e9communications\u00a0\u00a0 ;\u00a0 <u>Sp\u00e9cialit\u00e9s :<\/u><\/strong> T\u00e9l\u00e9communications, R\u00e9seaux et S\u00e9curit\u00e9 ;<br \/>\n<strong><u>Fili\u00e8re 9 :<\/u><\/strong><strong> Gestion\u00a0; <u>Sp\u00e9cialit\u00e9s :<\/u><\/strong> Assistant Manager, Gestion des projets, Gestion de la Qualit\u00e9, Gestion des Syst\u00e8mes d\u2019Information, Management Ev\u00e9nementiel, Gestion des Collectivit\u00e9s Territoriales, Statistiques.<\/p>\n<ul>\n<li><strong>HND<\/strong><\/li>\n<\/ul>\n<p style=\"text-align: justify;\"><strong><u>Field 1 :<\/u><\/strong><strong> Business and Finance\u00a0 ;\u00a0 <u>Specialties :<\/u><\/strong> Accountancy, Marketing-Trade-Sale, International Law, Insurance, Microfinance, Banking and Finance;<br \/>\n<strong><u>Field 2 :<\/u><\/strong><strong> Legal Careers\u00a0 ;\u00a0 <u>Specialties :<\/u><\/strong> Business Law, Customs and Transit, Land Law;<br \/>\n<strong><u>Field 3 :<\/u><\/strong><strong> Agricultural and Food Sciences\u00a0 ;\u00a0 <u>Specialties :<\/u><\/strong> Crop Production Technology, Animal Production Technology, Food Technology ;<br \/>\n<strong><u>Field 4 :<\/u><\/strong><strong> Civil Engineering\u00a0 ;\u00a0 <u>Specialty :<\/u><\/strong> Building Science and Technology;<br \/>\n<strong><u>Field 5 :<\/u> Management\u00a0 ;\u00a0 <u>Specialties :<\/u><\/strong> Local Government Management, Logistic and Transport Management, Assistant Manager, Human Resource Management, Project Management ;<br \/>\n<strong><u>Field 6 :<\/u><\/strong><strong> Electrical Engineering\u00a0 ;\u00a0 <u>Specialties :<\/u><\/strong> Electrical Power System, Electrotechnics;<br \/>\n<strong><u>Field 7 :<\/u><\/strong><strong> Computer Engineering\u00a0 ;\u00a0 <u>Specialties :<\/u><\/strong> Computer Maintenance, E-Commerce and Digital marketing, Software Engineering, Computer Science, Data Base Management.<\/p>\n","protected":false},"excerpt":{"rendered":"<p>&#46;&#46;&#46;<\/p>\n","protected":false},"author":2,"featured_media":0,"parent":0,"menu_order":0,"comment_status":"closed","ping_status":"closed","template":"","meta":[],"_links":{"self":[{"href":"https:\/\/www.minesup.gov.cm\/index.php\/wp-json\/wp\/v2\/pages\/19417"}],"collection":[{"href":"https:\/\/www.minesup.gov.cm\/index.php\/wp-json\/wp\/v2\/pages"}],"about":[{"href":"https:\/\/www.minesup.gov.cm\/index.php\/wp-json\/wp\/v2\/types\/page"}],"author":[{"embeddable":true,"href":"https:\/\/www.minesup.gov.cm\/index.php\/wp-json\/wp\/v2\/users\/2"}],"replies":[{"embeddable":true,"href":"https:\/\/www.minesup.gov.cm\/index.php\/wp-json\/wp\/v2\/comments?post=19417"}],"version-history":[{"count":5,"href":"https:\/\/www.minesup.gov.cm\/index.php\/wp-json\/wp\/v2\/pages\/19417\/revisions"}],"predecessor-version":[{"id":19455,"href":"https:\/\/www.minesup.gov.cm\/index.php\/wp-json\/wp\/v2\/pages\/19417\/revisions\/19455"}],"wp:attachment":[{"href":"https:\/\/www.minesup.gov.cm\/index.php\/wp-json\/wp\/v2\/media?parent=19417"}],"curies":[{"name":"wp","href":"https:\/\/api.w.org\/{rel}","templated":true}]}}