{"id":19485,"date":"2025-03-03T17:20:30","date_gmt":"2025-03-03T16:20:30","guid":{"rendered":"https:\/\/www.minesup.gov.cm\/?page_id=19485"},"modified":"2025-03-03T17:20:31","modified_gmt":"2025-03-03T16:20:31","slug":"dunamis-higher-institute-of-applied-professional-studies-dhiaps","status":"publish","type":"page","link":"https:\/\/www.minesup.gov.cm\/index.php\/dunamis-higher-institute-of-applied-professional-studies-dhiaps\/","title":{"rendered":"Dunamis Higher Institute of Applied Professional Studies (DHIAPS)"},"content":{"rendered":"<p style=\"text-align: center;\"><span style=\"text-decoration: underline;\"><strong>INFORMATIONS D\u2019IDENTIFICATION<\/strong><\/span><\/p>\n<p style=\"text-align: justify;\"><strong>Nom de l\u2019institution\u00a0<\/strong>: Dunamis Higher Institute of Applied Professional Studies (DHIAPS)<br \/>\n<strong>Nom du promoteur<\/strong> : UGWOADUM KLIST ABILANDOU<br \/>\n<strong>R\u00e9gion\u00a0<\/strong>: Littoral<br \/>\n<strong>D\u00e9partement\u00a0<\/strong>: Wouri<br \/>\n<strong>Arrondissement <\/strong>: Douala IV<br \/>\n<strong>Site de localisation\u00a0<\/strong>: Bonaberi lieu dit 4 \u00e9tages<br \/>\n<strong>Adresse postale<\/strong> :<br \/>\n<strong>T\u00e9l\u00e9phone\u00a0<\/strong>: 682 70 74 47<br \/>\n<strong>Email<\/strong> :<br \/>\n<strong>Site web<\/strong> :<br \/>\n<strong>Adresse dans les r\u00e9seaux sociaux\u00a0<\/strong>:<\/p>\n<p style=\"text-align: center;\"><span style=\"text-decoration: underline;\"><strong>INFORMATIONS SUR LE STATUT D&rsquo;<\/strong><b>ACCR\u00c9DITATION<\/b><\/span><\/p>\n<p style=\"text-align: justify;\"><strong><span style=\"text-decoration: underline;\">Autorisation sp\u00e9ciale pour la cr\u00e9ation et l&rsquo;ouverture<\/span>\u00a0<\/strong>: n<span style=\"color: initial;\">\u00b023-09459\/L\/MINESUP\/SG\/DDES\/ESUP\/SDA\/ANAP du 08 d\u00e9cembre 2023<\/span><\/p>\n<p style=\"text-align: center;\"><span style=\"text-decoration: underline;\"><strong>F<\/strong><strong>ILI\u00c8RES ET SP\u00c9CIALIT\u00c9S AUTORIS\u00c9ES<\/strong><\/span><\/p>\n<p style=\"text-align: justify;\">\n","protected":false},"excerpt":{"rendered":"<p>&#46;&#46;&#46;<\/p>\n","protected":false},"author":2,"featured_media":0,"parent":0,"menu_order":0,"comment_status":"closed","ping_status":"closed","template":"","meta":[],"_links":{"self":[{"href":"https:\/\/www.minesup.gov.cm\/index.php\/wp-json\/wp\/v2\/pages\/19485"}],"collection":[{"href":"https:\/\/www.minesup.gov.cm\/index.php\/wp-json\/wp\/v2\/pages"}],"about":[{"href":"https:\/\/www.minesup.gov.cm\/index.php\/wp-json\/wp\/v2\/types\/page"}],"author":[{"embeddable":true,"href":"https:\/\/www.minesup.gov.cm\/index.php\/wp-json\/wp\/v2\/users\/2"}],"replies":[{"embeddable":true,"href":"https:\/\/www.minesup.gov.cm\/index.php\/wp-json\/wp\/v2\/comments?post=19485"}],"version-history":[{"count":1,"href":"https:\/\/www.minesup.gov.cm\/index.php\/wp-json\/wp\/v2\/pages\/19485\/revisions"}],"predecessor-version":[{"id":19486,"href":"https:\/\/www.minesup.gov.cm\/index.php\/wp-json\/wp\/v2\/pages\/19485\/revisions\/19486"}],"wp:attachment":[{"href":"https:\/\/www.minesup.gov.cm\/index.php\/wp-json\/wp\/v2\/media?parent=19485"}],"curies":[{"name":"wp","href":"https:\/\/api.w.org\/{rel}","templated":true}]}}