{"id":19572,"date":"2025-05-09T18:52:28","date_gmt":"2025-05-09T17:52:28","guid":{"rendered":"https:\/\/www.minesup.gov.cm\/?page_id=19572"},"modified":"2025-05-09T18:52:28","modified_gmt":"2025-05-09T17:52:28","slug":"higher-institute-for-technology-and-professional-studies-hiteps","status":"publish","type":"page","link":"https:\/\/www.minesup.gov.cm\/index.php\/higher-institute-for-technology-and-professional-studies-hiteps\/","title":{"rendered":"Higher Institute for Technology and Professional Studies (HITEPS)"},"content":{"rendered":"<p style=\"text-align: center;\"><span style=\"text-decoration: underline;\"><strong>INFORMATIONS D\u2019IDENTIFICATION<\/strong><\/span><\/p>\n<p style=\"text-align: justify;\"><strong>Nom de l\u2019institution\u00a0<\/strong>: Higher Institute for Technology and Professional Studies (HITEPS)<br \/>\n<strong>Nom du promoteur<\/strong> : Mr KEBUYA Nathaniel NGANCHI<br \/>\n<strong>R\u00e9gion\u00a0<\/strong>: Est<br \/>\n<strong>D\u00e9partement\u00a0<\/strong>: Loum et Djerem<br \/>\n<strong>Arrondissement <\/strong>: Bertoua 2<br \/>\n<strong>Site de localisation\u00a0<\/strong>: quartier Kpoklota au lieu-dit \u00e0 c\u00f4t\u00e9 de FALSH de l&rsquo;Universit\u00e9 de Bertoua<br \/>\n<strong>Adresse postale<\/strong> :<br \/>\n<strong>T\u00e9l\u00e9phone\u00a0<\/strong>: 678 41 36 12 \/ 691 92 55 01<br \/>\n<strong>Email<\/strong> :<br \/>\n<strong>Site web<\/strong> :<br \/>\n<strong>Adresse dans les r\u00e9seaux sociaux\u00a0<\/strong>:<\/p>\n<p style=\"text-align: center;\"><span style=\"text-decoration: underline;\"><strong>INFORMATIONS SUR LE STATUT D&rsquo;<\/strong><b>ACCR\u00c9DITATION<\/b><\/span><\/p>\n<p style=\"text-align: justify;\"><strong><span style=\"text-decoration: underline;\">Autorisation sp\u00e9ciale de cr\u00e9ation et d&rsquo;ouverture<\/span>\u00a0<\/strong>: <span style=\"color: initial;\">N\u00b025-02775\/L\/MINESUP\/SG\/DDES\/ESUP\/SDA\/anap du 09 avril 2025<\/span><\/p>\n<p style=\"text-align: center;\"><span style=\"text-decoration: underline;\"><strong>F<\/strong><strong>ILI\u00c8RES ET SP\u00c9CIALIT\u00c9S AUTORIS\u00c9ES<\/strong><\/span><\/p>\n<ul>\n<li style=\"text-align: justify;\"><strong><u>BTS<\/u><\/strong><\/li>\n<\/ul>\n<p style=\"text-align: justify;\"><strong><u>Filiere 1:<\/u><\/strong><strong> Agriculture et Elevage<\/strong><\/p>\n<p style=\"text-align: justify;\"><strong><u>Specialites:<\/u><\/strong> Production Animale, Production Vegetale, Entrepreneuriat Agropastoral;<\/p>\n<p style=\"text-align: justify;\"><strong><u>Filieres 2:<\/u><\/strong> <strong>Carriere Juridique<\/strong><\/p>\n<p style=\"text-align: justify;\"><strong><u>Specialites:<\/u><\/strong> Droits des Affaires et de l\u2019entreprise, Douane et Transit, Droit Foncier Domanial<\/p>\n<p style=\"text-align: justify;\"><strong><u>Filiere 3:<\/u><\/strong> <strong>Gestion<\/strong><\/p>\n<p style=\"text-align: justify;\"><strong><u>Specialites:<\/u><\/strong> Assistant manager, Gestion des projets, Gestion de la Qualite, Gestion des systems d\u2019information, Manangement Evenementiel, Gestions des Collectivites Territoriales, Statistiques.<\/p>\n<p style=\"text-align: justify;\"><strong><em>filiere 4: Medical and Biomedical Sciences &#8211; <\/em><\/strong><strong><u>Specialites<\/u><\/strong><strong><em> ( <\/em><\/strong><em>Physiotherapy, Dental Therapy, Ophthamic Technicien, Sage femme, sciences infirmieres, kinesitherapie, odontostomatolgie, optician luntier); <\/em><\/p>\n<p style=\"text-align: justify;\"><strong><em>Filiere 5: Agriculture et Elevage, Specialites (<\/em><\/strong><em>Aquaculture)<\/em><\/p>\n<p style=\"text-align: justify;\"><strong><em>Filiere 6: Science et Technique Biomedicales- <\/em><\/strong><strong><u>Specialites<\/u><\/strong><strong><em> (<\/em><\/strong><em>Technique de Laboratoire et d\u2019analyses Biomedical, Techniques Pharmaceutiques); <\/em><\/p>\n<p style=\"text-align: justify;\"><strong><em>Filiere 7: Genie Civil (<\/em><\/strong><em>Batiment-Geometre Topographe); <\/em><\/p>\n<p style=\"text-align: justify;\"><strong><em>Filiere 8: Genie Electrique (<\/em><\/strong><em>Electrotechnique-Maintenance des systems electriques,<\/em><\/p>\n<p style=\"text-align: justify;\"><em>E-commerce et Marketing Numerique); <\/em><\/p>\n<p style=\"text-align: justify;\"><strong><em>Filiere 9: Genie Informatique &#8211; <\/em><\/strong><strong><u>Specialites<\/u><\/strong><strong><em> \u00a0( <\/em><\/strong><em>Genie Logiciel, Maintenance des Systeme Informatiques); <strong>Filiere 8: Tourisme, Hotellerie et Restauration ( <\/strong>Hotellerie, Restauration, Tourisme et Loisir).<\/em><\/p>\n<ul>\n<li style=\"text-align: justify;\"><strong><u>HND<\/u><\/strong><\/li>\n<\/ul>\n<p style=\"text-align: justify;\"><strong><u>Filiere 1<\/u><\/strong>: <strong>Management<\/strong><\/p>\n<p style=\"text-align: justify;\"><strong><u>Specialites:<\/u><\/strong> Local Government Management, Logistic and Transport Management, Quality Management, Information System Management, Assistant Manager, Human Resource Management, Project Management.<\/p>\n<p style=\"text-align: justify;\"><strong><u>Filiere 2:<\/u><\/strong> <strong>Education<\/strong><\/p>\n<p style=\"text-align: justify;\"><strong><u>Specialites:<\/u><\/strong> Education Management and Administration-Vocational Guidance and Counselling-Didactics, Curriculum Development and Teaching-Spatial Education.<\/p>\n<p style=\"text-align: justify;\"><strong><u>Filiere 3:<\/u><\/strong> <strong>Legal Carriers<\/strong><\/p>\n<p style=\"text-align: justify;\"><strong><u>Specialites:<\/u><\/strong> Land Law, Legal Assistance, Tax Management<\/p>\n<p style=\"text-align: justify;\"><strong><u>Filieres 4:<\/u><\/strong> <strong>Business and Finance<\/strong><\/p>\n<p style=\"text-align: justify;\"><strong><u>Specialites:<\/u><\/strong> Accountancy, Banking and Finance,\u00a0 Marketing-Trade-Sale Insurance.<\/p>\n<p style=\"text-align: justify;\"><strong><u>Filieres 5:<\/u><\/strong> <strong>Agricultural and Food Sciences<\/strong><\/p>\n<p style=\"text-align: justify;\"><strong><u>Specialites:<\/u><\/strong> Crop Production Technology, Animal Production Technology, Food Technology.<\/p>\n<p style=\"text-align: justify;\"><strong><em>Fiiere 6: Civil Engineering ( <\/em><\/strong><em>Building Sciences and Technology) <\/em><\/p>\n<p style=\"text-align: justify;\"><strong><em>Filiere 7: Electrical Engineering (<\/em><\/strong><em>Electrical Power System, Electrotechnics); <\/em><\/p>\n<p style=\"text-align: justify;\"><strong><em>Filiere 8: Tourism and Hotel Management (<\/em><\/strong><em>Tourism and Travel Agency Management, Hotel Management and Catering);<\/em><\/p>\n<p style=\"text-align: justify;\"><em><strong>Filiere 9: Medical and Biomedical Sciences (<\/strong>Nursing, Midwifery-Medical Laboratory sciences- Pharmacy technology); <\/em><\/p>\n<p style=\"text-align: justify;\"><strong><em>\u00a0<\/em><\/strong><\/p>\n","protected":false},"excerpt":{"rendered":"<p>&#46;&#46;&#46;<\/p>\n","protected":false},"author":2,"featured_media":0,"parent":0,"menu_order":0,"comment_status":"closed","ping_status":"closed","template":"","meta":[],"_links":{"self":[{"href":"https:\/\/www.minesup.gov.cm\/index.php\/wp-json\/wp\/v2\/pages\/19572"}],"collection":[{"href":"https:\/\/www.minesup.gov.cm\/index.php\/wp-json\/wp\/v2\/pages"}],"about":[{"href":"https:\/\/www.minesup.gov.cm\/index.php\/wp-json\/wp\/v2\/types\/page"}],"author":[{"embeddable":true,"href":"https:\/\/www.minesup.gov.cm\/index.php\/wp-json\/wp\/v2\/users\/2"}],"replies":[{"embeddable":true,"href":"https:\/\/www.minesup.gov.cm\/index.php\/wp-json\/wp\/v2\/comments?post=19572"}],"version-history":[{"count":1,"href":"https:\/\/www.minesup.gov.cm\/index.php\/wp-json\/wp\/v2\/pages\/19572\/revisions"}],"predecessor-version":[{"id":19573,"href":"https:\/\/www.minesup.gov.cm\/index.php\/wp-json\/wp\/v2\/pages\/19572\/revisions\/19573"}],"wp:attachment":[{"href":"https:\/\/www.minesup.gov.cm\/index.php\/wp-json\/wp\/v2\/media?parent=19572"}],"curies":[{"name":"wp","href":"https:\/\/api.w.org\/{rel}","templated":true}]}}