{"id":19600,"date":"2025-07-07T13:58:17","date_gmt":"2025-07-07T12:58:17","guid":{"rendered":"https:\/\/www.minesup.gov.cm\/?page_id=19600"},"modified":"2025-07-09T16:04:53","modified_gmt":"2025-07-09T15:04:53","slug":"sky-high-higher-institute-of-engineering-and-business-shiieb","status":"publish","type":"page","link":"https:\/\/www.minesup.gov.cm\/index.php\/sky-high-higher-institute-of-engineering-and-business-shiieb\/","title":{"rendered":"Sky High Higher Institute of Engineering and Business (SHIIEB)"},"content":{"rendered":"<p style=\"text-align: center;\"><span style=\"text-decoration: underline;\"><strong>INFORMATIONS D\u2019IDENTIFICATION<\/strong><\/span><\/p>\n<p style=\"text-align: justify;\"><strong>Nom de l\u2019institution\u00a0<\/strong>: Sky High Higher Institute of Engineering and Business (SHIIEB)<br \/>\n<strong>Nom du promoteur<\/strong> : Mr NDECHAM CHEFON<br \/>\n<strong>R\u00e9gion\u00a0<\/strong>: Littoral<br \/>\n<strong>D\u00e9partement\u00a0<\/strong>: Wouri<br \/>\n<strong>Arrondissement <\/strong>: Douala IV<br \/>\n<strong>Site de localisation\u00a0<\/strong>: Rue Nanga, Ancient Route, Bonaberi<br \/>\n<strong>Adresse postale<\/strong> :<br \/>\n<strong>T\u00e9l\u00e9phone\u00a0<\/strong>: 680 73 57 13<br \/>\n<strong>Email<\/strong> : <a href=\"mailto:info@skyhighuniversity.com\">info@skyhighuniversity.com<\/a><br \/>\n<strong>Site web<\/strong> : <a href=\"http:\/\/www.skyhighuniversity.com\" target=\"_blank\" rel=\"noopener\">www.skyhighuniversity.com<\/a><br \/>\n<strong>Adresse dans les r\u00e9seaux sociaux\u00a0<\/strong>: <a href=\"https:\/\/www.facebook.com\/sucentre\">https:\/\/www.facebook.com\/sucentre<\/a><\/p>\n<p style=\"text-align: center;\"><span style=\"text-decoration: underline;\"><strong>INFORMATIONS SUR LE STATUT D&rsquo;<\/strong><b>ACCR\u00c9DITATION<\/b><\/span><\/p>\n<p style=\"text-align: justify;\"><strong><span style=\"text-decoration: underline;\">Autorisation sp\u00e9ciale de cr\u00e9ation et d&rsquo;ouverture<\/span>\u00a0<\/strong>: <span style=\"color: initial;\">N\u00b019-01176\/N\/MINESUP\/SG\/DDES\/ESUP\/SDA\/NN du 07 f\u00e9vrier 2019<\/span><\/p>\n<p style=\"text-align: center;\"><span style=\"text-decoration: underline;\"><strong>F<\/strong><strong>ILI\u00c8RES ET SP\u00c9CIALIT\u00c9S AUTORIS\u00c9E<\/strong><\/span><\/p>\n<p style=\"text-align: justify;\"><span style=\"text-decoration: underline;\"><strong>Field of study 1<\/strong><\/span>: G\u00e9nie Civil; Specialties: Batiment, travaux publics, geotechnique et g\u00e9ologie appliqu\u00e9, G\u00e9om\u00e8tre topographe, installation sanitaire, urbanisme.<br \/>\nField of study 2: G\u00e9nie m\u00e9canique et productique: Specialties; Chaudronnerie et soudure, mechanical et \u00e9lectronique automobiles: (Options): maintenance apr\u00e8s-vente automobile, m\u00e9catronique.<br \/>\nField of Study 3: G\u00e9nie g\u00e9ologie<br \/>\nappliqu\u00e9es, ing\u00e9nierie p\u00e9troli\u00e8re: Specialties: Mines et g\u00e9ologie appliqu\u00e9es, ing\u00e9nierie p\u00e9troli\u00e8re.<br \/>\nFields of studies and specialties for the Higher National Diploma (HND)<br \/>\nField of study 1: Mechanical Engineering: Specialties: metal construction, mechanical construction and manufacturing, boiling making and welding.<br \/>\nField of Study 2: Civil and Structural Engineering; Specialties: Civil engineering technology, topography, urban planning, geotechnies, building science and technology, wood works, real estate maintenance, roads and civil engineering.<br \/>\nField of study 3: Petroleum and Mining Engineering; Specialties: Applied geology, drilling technology, quarries operations, petroleum logistics, petroleum systems and exploitation.<br \/>\nField of study 4: Chemical Engineering; Specialties: Chemical manufacturing, Chemical process technology. chemical laboratory technology.<br \/>\nField of study 5: Computer engineering: Specialties: Computer engineering. Computer maintenance, industrial computing and automation, computer graphics and web design, E-commerce and digital marketing.<br \/>\nField of study 6: environmental sciences; Specialties: agro-forestry and forestry management, nature management and protection, risk management, pollution prevention and remediation, meteorology, solid waste management, wildlife management, environmental impact assessment, forest engineering.<\/p>\n<p style=\"text-align: justify;\"><strong>Fields of studies and specialties for the Professional Bachelor&rsquo;s and Master&rsquo;s Degree<\/strong> with the Ivano Frankivsk National University of Oil and Gas- Ivano-Frankivsk Ukraine, the Gamble institute of Insurance West African Insurance Institute (WAII), the UK School of Business and Engineering and a partnership agreement with the Exodus Knowledge Network USA.<br \/>\nField of Study 1: Business Finance and Management; Specialties:-Accountancy Banking and finance Management Marketing Executive secretarial studies &#8211; Transport and logistics Human resource managements and Project management.<br \/>\nField of Study 2: Engineering and Technology; Specialties: mechanical engineering civil and structural engineering and petroleum engineering, petrochemical engineering, mechanical engineering &#8211; Computer engineering.<\/p>\n","protected":false},"excerpt":{"rendered":"<p>&#46;&#46;&#46;<\/p>\n","protected":false},"author":2,"featured_media":0,"parent":0,"menu_order":0,"comment_status":"closed","ping_status":"closed","template":"","meta":[],"_links":{"self":[{"href":"https:\/\/www.minesup.gov.cm\/index.php\/wp-json\/wp\/v2\/pages\/19600"}],"collection":[{"href":"https:\/\/www.minesup.gov.cm\/index.php\/wp-json\/wp\/v2\/pages"}],"about":[{"href":"https:\/\/www.minesup.gov.cm\/index.php\/wp-json\/wp\/v2\/types\/page"}],"author":[{"embeddable":true,"href":"https:\/\/www.minesup.gov.cm\/index.php\/wp-json\/wp\/v2\/users\/2"}],"replies":[{"embeddable":true,"href":"https:\/\/www.minesup.gov.cm\/index.php\/wp-json\/wp\/v2\/comments?post=19600"}],"version-history":[{"count":7,"href":"https:\/\/www.minesup.gov.cm\/index.php\/wp-json\/wp\/v2\/pages\/19600\/revisions"}],"predecessor-version":[{"id":19824,"href":"https:\/\/www.minesup.gov.cm\/index.php\/wp-json\/wp\/v2\/pages\/19600\/revisions\/19824"}],"wp:attachment":[{"href":"https:\/\/www.minesup.gov.cm\/index.php\/wp-json\/wp\/v2\/media?parent=19600"}],"curies":[{"name":"wp","href":"https:\/\/api.w.org\/{rel}","templated":true}]}}