{"id":19952,"date":"2025-11-26T15:29:08","date_gmt":"2025-11-26T14:29:08","guid":{"rendered":"https:\/\/www.minesup.gov.cm\/?page_id=19952"},"modified":"2025-11-26T16:14:40","modified_gmt":"2025-11-26T15:14:40","slug":"institut-superieur-du-sahel-pour-le-developpement-durable-issdd","status":"publish","type":"page","link":"https:\/\/www.minesup.gov.cm\/index.php\/institut-superieur-du-sahel-pour-le-developpement-durable-issdd\/","title":{"rendered":"Institut Sup\u00e9rieur du Sahel pour le D\u00e9veloppement Durable (ISSDD)"},"content":{"rendered":"<p style=\"text-align: center;\"><span style=\"text-decoration: underline;\"><strong>INFORMATIONS D\u2019IDENTIFICATION<\/strong><\/span><\/p>\n<p style=\"text-align: justify;\"><strong>Nom de l\u2019institution<\/strong> : Institut Sup\u00e9rieur du Sahel pour le D\u00e9veloppement Durable (ISSDD)<br \/>\n<strong>Nom du promoteur<\/strong> : DJANKOU NOUSSI Yves Loiseau<br \/>\n<strong>R\u00e9gion<\/strong> : Extr\u00eame Nord<br \/>\n<strong>D\u00e9partement<\/strong> : Diamare<br \/>\n<strong>Arrondissement<\/strong> : Maroua 2e<br \/>\n<strong>Site de localisation<\/strong> : Lopere en face Maroua Palace<br \/>\n<strong>T\u00e9l\u00e9phone<\/strong> : 677 79 57 44<br \/>\n<strong>BP<\/strong> : 355 Maroua\u00a0 \u00a0 \u00a0 \u00a0 \u00a0 \u00a0 \u00a0 <strong>Email<\/strong> : <a href=\"mailto:acuhonline@yahoo.com\" target=\"_blank\" rel=\"noopener\">acuhonline@yahoo.com<\/a><br \/>\n<strong>Site web<\/strong> :\u00a0<a href=\"http:\/\/www.acuhonline.org\" target=\"_blank\" rel=\"noopener\">www.acuhonline.org<\/a><br \/>\n<strong>Adresse dans les r\u00e9seaux sociaux<\/strong> : <strong><em>X<\/em> (<\/strong>African College for Universal Health) ; <strong><em>Facebook<\/em><\/strong> (African College for Universal Health).<\/p>\n<p style=\"text-align: center;\"><span style=\"text-decoration: underline;\"><strong>INFORMATIONS SUR LE STATUT D\u2019ACCR\u00c9DITATION<\/strong><\/span><\/p>\n<p><strong>Arr\u00eat\u00e9 provisoire de cr\u00e9ation et d&rsquo;ouverture N\u00b0<\/strong>: 24-09407\/NHA\/MINESUP\/SG\/DDES\/ESUP\/SDA\/MF du 26 novembre 2024.<\/p>\n<ul>\n<li><strong>BTS<\/strong><\/li>\n<\/ul>\n<p style=\"text-align: justify;\"><span style=\"text-decoration: underline;\">Fili\u00e8re 1 :<\/span> Carri\u00e8res Juridiques (Assistant Judiciaire; Droit des Affaires et de l&rsquo;Entreprise; Droit Foncier et Domanial ; Douane et Transit; Gestion Fiscale).<br \/>\n<span style=\"text-decoration: underline;\">Fili\u00e8re 2 :<\/span> Commerce-vente (Commerce International; Marketing-commerce-vente).<br \/>\n<span style=\"text-decoration: underline;\">Fili\u00e8re 3<\/span> : Gestion (Assistant Manager; Assurance; Banque et Finance ; Comptabilit\u00e9 et Gestion des Entreprises; Gestion des Projets ; Gestion des ONG ; Gestion des Ressources Humaines ; Gestion de la Qualit\u00e9 ; Gestion, Logistique et Transport ; Gestion des Syst\u00e8mes d&rsquo;Information ; Microfinance ; Statistiques ; Gestion des Collectivit\u00e9s Territoriales).<\/p>\n<ul>\n<li><strong>HND<\/strong><\/li>\n<\/ul>\n<p style=\"text-align: justify;\"><span style=\"text-decoration: underline;\">Field 1<\/span> : Legal Careers (Legal Assistant ; Business Law ; Land Law ; Customs and Transit ; Stock Market Career ; Tax Management).<br \/>\n<span style=\"text-decoration: underline;\">Field 2<\/span> : Business and Finance (Accountancy; Marketing-Trade-Sale ; Banking and Finance ; Insurance; Microfinance).<br \/>\n<span style=\"text-decoration: underline;\">Field 3<\/span> : Management (Assistant Manager; Human Resource Management ; Logistics and Transport Management ; Project Management; Management of NGO&rsquo;s ; Quality Management ; Information System Management ; Statistics ; Local Government Management).<\/p>\n","protected":false},"excerpt":{"rendered":"<p>&#46;&#46;&#46;<\/p>\n","protected":false},"author":2,"featured_media":0,"parent":0,"menu_order":0,"comment_status":"closed","ping_status":"closed","template":"","meta":[],"_links":{"self":[{"href":"https:\/\/www.minesup.gov.cm\/index.php\/wp-json\/wp\/v2\/pages\/19952"}],"collection":[{"href":"https:\/\/www.minesup.gov.cm\/index.php\/wp-json\/wp\/v2\/pages"}],"about":[{"href":"https:\/\/www.minesup.gov.cm\/index.php\/wp-json\/wp\/v2\/types\/page"}],"author":[{"embeddable":true,"href":"https:\/\/www.minesup.gov.cm\/index.php\/wp-json\/wp\/v2\/users\/2"}],"replies":[{"embeddable":true,"href":"https:\/\/www.minesup.gov.cm\/index.php\/wp-json\/wp\/v2\/comments?post=19952"}],"version-history":[{"count":9,"href":"https:\/\/www.minesup.gov.cm\/index.php\/wp-json\/wp\/v2\/pages\/19952\/revisions"}],"predecessor-version":[{"id":19980,"href":"https:\/\/www.minesup.gov.cm\/index.php\/wp-json\/wp\/v2\/pages\/19952\/revisions\/19980"}],"wp:attachment":[{"href":"https:\/\/www.minesup.gov.cm\/index.php\/wp-json\/wp\/v2\/media?parent=19952"}],"curies":[{"name":"wp","href":"https:\/\/api.w.org\/{rel}","templated":true}]}}