{"id":19979,"date":"2025-12-12T11:25:34","date_gmt":"2025-12-12T10:25:34","guid":{"rendered":"https:\/\/www.minesup.gov.cm\/?page_id=19979"},"modified":"2025-12-15T08:57:12","modified_gmt":"2025-12-15T07:57:12","slug":"la-centrale-des-metiers-du-numerique-et-des-affaires-diockni-cemenad","status":"publish","type":"page","link":"https:\/\/www.minesup.gov.cm\/index.php\/la-centrale-des-metiers-du-numerique-et-des-affaires-diockni-cemenad\/","title":{"rendered":"La Centrale des M\u00e9tiers du Num\u00e9rique et des Affaires Diockni (CEMENAD)"},"content":{"rendered":"<p><img loading=\"lazy\" class=\" wp-image-20000 aligncenter\" src=\"https:\/\/www.minesup.gov.cm\/wp-content\/uploads\/2025\/12\/WhatsApp-Image-2025-12-15-at-07.40.24-e1765783605608-251x300.jpeg\" alt=\"\" width=\"141\" height=\"169\" srcset=\"https:\/\/www.minesup.gov.cm\/wp-content\/uploads\/2025\/12\/WhatsApp-Image-2025-12-15-at-07.40.24-e1765783605608-251x300.jpeg 251w, https:\/\/www.minesup.gov.cm\/wp-content\/uploads\/2025\/12\/WhatsApp-Image-2025-12-15-at-07.40.24-e1765783605608.jpeg 369w\" sizes=\"(max-width: 141px) 100vw, 141px\" \/><\/p>\n<p style=\"text-align: center;\"><strong>INFORMATIONS D\u2019IDENTIFICATION<\/strong><\/p>\n<p><strong>Nom de l\u2019institution<\/strong> : La Centrale des M\u00e9tiers du Num\u00e9rique et des Affaires Diockni (CEMENAD)<br \/>\n<strong>Nom du promoteur<\/strong> : La Centrale des Arts et M\u00e9tiers SARL<br \/>\n<strong>Legal Representative<\/strong> : Mr DIOCKNI Rostant Guy<br \/>\n<strong>R\u00e9gion<\/strong> : Centre<br \/>\n<strong>D\u00e9partement<\/strong> : Mfoundi<br \/>\n<strong>Arrondissement<\/strong> : Yaounde IV<br \/>\n<strong>Site de localisation<\/strong> : Odza &#8211; Toutouli<br \/>\n<strong>T\u00e9l\u00e9phone<\/strong> : 695 32 73 01<br \/>\n<strong>BP<\/strong> : 6 298\u00a0 \u00a0 \u00a0 \u00a0 \u00a0 \u00a0 \u00a0 \u00a0<strong>Email<\/strong> : infoslacentrale-sup.com\u00a0 ;\u00a0 diocknigr@gmail.com<br \/>\n<strong>Site web<\/strong> :\u00a0<a href=\"https:\/\/lacentrale-sup.com\/\" target=\"_blank\" rel=\"noopener\">https:\/\/lacentrale-sup.com<\/a><br \/>\n<strong>Adresse dans les r\u00e9seaux sociaux<\/strong> : <strong><em>Facebook<\/em><\/strong> (https:\/\/www.facebook.com\/LacentraleSup).<\/p>\n<p style=\"text-align: center;\"><strong>INFORMATIONS SUR LE STATUT D\u2019ACCR\u00c9DITATION<\/strong><\/p>\n<p><strong>Arr\u00eat\u00e9 provisoire de cr\u00e9ation et d&rsquo;ouverture\u00a0<\/strong>N\u00b0:25-07629\/L\/MINSUP\/SG\/DDES\/SD-ESUP\/SDA\/NA du 03\/09\/2025<\/p>\n<ul>\n<li><strong>BTS<\/strong><\/li>\n<\/ul>\n<p style=\"text-align: justify;\">Fili\u00e8re 1: G\u00e9nie \u00e9lectrique: Sp\u00e9cialit\u00e9: Electrotechnique<br \/>\nFili\u00e8re 2: Commerce-vente; Sp\u00e9cialit\u00e9s: Marketing-commerce-vente Commerce international.<br \/>\nFili\u00e8re 3: Gestion; Sp\u00e9cialit\u00e9s: Assistant Manager &#8211; Banque et finance Assurance Comptabilit\u00e9 et gestion des entreprises Gestion des collectivit\u00e9s territoriales (Options: Administration des collectivit\u00e9s territoriales Comptabilit\u00e9 et finances publiques Fiscalit\u00e9 des collectivit\u00e9s territoriales) &#8211; Gestion logistique et transport &#8211; Gestion des projets &#8211; Gestion des ressources humaines Gestion de la qualit\u00e9 Micro finance Statistique<br \/>\nFili\u00e8re 4: Carri\u00e8res juridiques; Sp\u00e9cialit\u00e9s: Assistant judiciaire &#8211; Douane et transit &#8211; Gestion fiscale &#8211; Droit des affaires et de l&rsquo;entreprise.<br \/>\nFili\u00e8re 5: G\u00e9nie informatique; Sp\u00e9cialit\u00e9s: E-commerce et marketing num\u00e9rique.<\/p>\n<ul>\n<li><strong>HND<\/strong><\/li>\n<\/ul>\n<p style=\"text-align: justify;\">Field of study 1: Electrical and Electronic Engineering; Specialty: Electrotechnics.<br \/>\nField of study 2: Business and Finance; Specialties: Marketing-Trade-Sale &#8211; International Trade -Microfinance. Insurance Accountancy Banking and Finance.<br \/>\nField of study 3: Management; Specialties: Assistant Manager &#8211; Local Government Management (Options: Accounting and Finance &#8211; Local Government Taxation &#8211; Local Government Administration) &#8211; Logistics and Transport Management Project Management Human Resource Management &#8211; Quality Management &#8211; Information Systems Management &#8211; Statistics.<br \/>\nField of study 4: Legal Careers; Specialties: Legal Assistant Customs and Transit &#8211; Tax Management &#8211; Business Law.<br \/>\nField of study 5: Computer Engineering; Specialty: E-commerce and Digital Marketing.<\/p>\n","protected":false},"excerpt":{"rendered":"<p>&#46;&#46;&#46;<\/p>\n","protected":false},"author":2,"featured_media":0,"parent":0,"menu_order":0,"comment_status":"closed","ping_status":"closed","template":"","meta":[],"_links":{"self":[{"href":"https:\/\/www.minesup.gov.cm\/index.php\/wp-json\/wp\/v2\/pages\/19979"}],"collection":[{"href":"https:\/\/www.minesup.gov.cm\/index.php\/wp-json\/wp\/v2\/pages"}],"about":[{"href":"https:\/\/www.minesup.gov.cm\/index.php\/wp-json\/wp\/v2\/types\/page"}],"author":[{"embeddable":true,"href":"https:\/\/www.minesup.gov.cm\/index.php\/wp-json\/wp\/v2\/users\/2"}],"replies":[{"embeddable":true,"href":"https:\/\/www.minesup.gov.cm\/index.php\/wp-json\/wp\/v2\/comments?post=19979"}],"version-history":[{"count":4,"href":"https:\/\/www.minesup.gov.cm\/index.php\/wp-json\/wp\/v2\/pages\/19979\/revisions"}],"predecessor-version":[{"id":20002,"href":"https:\/\/www.minesup.gov.cm\/index.php\/wp-json\/wp\/v2\/pages\/19979\/revisions\/20002"}],"wp:attachment":[{"href":"https:\/\/www.minesup.gov.cm\/index.php\/wp-json\/wp\/v2\/media?parent=19979"}],"curies":[{"name":"wp","href":"https:\/\/api.w.org\/{rel}","templated":true}]}}