{"id":20066,"date":"2026-01-19T12:40:47","date_gmt":"2026-01-19T11:40:47","guid":{"rendered":"https:\/\/www.minesup.gov.cm\/?page_id=20066"},"modified":"2026-01-20T08:41:08","modified_gmt":"2026-01-20T07:41:08","slug":"laureats-higher-institute-of-business-administration-and-technology-sciences-lahibats","status":"publish","type":"page","link":"https:\/\/www.minesup.gov.cm\/index.php\/laureats-higher-institute-of-business-administration-and-technology-sciences-lahibats\/","title":{"rendered":"Laureats Higher Institute of Business, Administration and Technology Sciences (LAHIBATS)"},"content":{"rendered":"<p style=\"text-align: center;\"><strong>INFORMATIONS D\u2019IDENTIFICATION<\/strong><\/p>\n<p style=\"text-align: justify;\"><strong>Nom de l\u2019institution<\/strong> : Laureats Higher Institute of Business, Administration and Technology Sciences (LAHIBATS)<br \/>\n<strong>Nom du promoteur<\/strong> : Mr ETAMPE AUGUSTIN MASSANGO<br \/>\n<strong>R\u00e9gion<\/strong> : Centre<br \/>\n<strong>D\u00e9partement<\/strong> : Mefou et Afamba<br \/>\n<strong>Arrondissement<\/strong> : Nkolafamba<br \/>\n<strong>Site de localisation<\/strong> : quartier Nkoabang Bititol non loin du super march\u00e9 Dovv<br \/>\n<strong>T\u00e9l\u00e9phone<\/strong> : 679 97 66 30 \/ 699 42 77 81<br \/>\n<strong>BP<\/strong> :\u00a0 \u00a0 \u00a0 \u00a0 \u00a0 \u00a0 \u00a0 \u00a0<strong>Email<\/strong> : <a href=\"mailto:lahibats@gmail.com\" target=\"_blank\" rel=\"noopener\">lahibats@gmail.com\u00a0<\/a> \u00a0;\u00a0 <a href=\"mailto:lahibatsuniversity@yahoo.com\" target=\"_blank\" rel=\"noopener\">lahibatsuniversity@yahoo.com<\/a><br \/>\n<strong>Site web<\/strong> : <a href=\"http:\/\/www.lahibats.org\" target=\"_blank\" rel=\"noopener\">www.lahibats.org<\/a><br \/>\n<strong>Adresse dans les r\u00e9seaux sociaux<\/strong> : Facebook (<a href=\"_wp_link_placeholder\" data-wplink-edit=\"true\">https:\/\/www.facebook.com\/profile.php?id=100082973425639<\/a>)\u00a0 \u00a0;\u00a0 TikTok (LAHIBATS UNIVERSITY INSTITUTE)<\/p>\n<p style=\"text-align: center;\"><strong>INFORMATIONS SUR LE STATUT D\u2019ACCR\u00c9DITATION<\/strong><\/p>\n<p><strong>Arr\u00eat\u00e9 provisoire de cr\u00e9ation et d&rsquo;ouverture :<\/strong> N\u00b025-09280\/L\/MINESUP\/SG\/DDES\/SD-ESUP\/SDA\/NA DU 14 NOV 2025\u00a0 \u00a0;\u00a0 N\u00b022-06719\/L\/MINESUP\/SG\/DDES\/SD-ESUP\/SDA\/LMN du 16 nov 2022<\/p>\n<p style=\"text-align: center;\"><strong>FILI\u00c8RES ET SP\u00c9CIALIT\u00c9S AUTORIS\u00c9ES<\/strong><\/p>\n<ul>\n<li><strong>HND:<\/strong><\/li>\n<\/ul>\n<p style=\"text-align: justify;\"><strong>Field of Study<\/strong>:\u00a0Agricultural and Food Sciences;\u00a0 <strong>Specialties <\/strong>: Crop Production Technology, Animal\u00a0Production Technology<\/p>\n<p style=\"text-align: justify;\"><strong>Field of Study<\/strong>: Business and Finance,\u00a0 \u00a0 <strong>Specialties : <\/strong>Accountancy, Marketing-Trade-Sale, Banking and Finance, Insurance, International Trade, Microfinance<\/p>\n<p style=\"text-align: justify;\"><strong>Field of Study<\/strong>: Computer\u00a0Engineering;<strong>\u00a0Specialties:<\/strong>\u00a0Computer Engineering (Options: Software Engineering-Computer Science and Networks &#8211; Database Management) &#8211; E-commerce and Digital Marketing.<\/p>\n<p style=\"text-align: justify;\"><strong>Field of Study<\/strong>: Education;<strong>\u00a0Specialties:\u00a0<\/strong>Didactics, Curriculum Development and Teaching, Educational Management and Administration, Vocational Guidance and Counseling, Special Education, Andragogy.<\/p>\n<p style=\"text-align: justify;\"><strong>Field of Study<\/strong>: Home Economics and Social Work;\u00a0 \u00a0 <strong>Specialties:<\/strong>\u00a0Bakery and Food\u00a0Processing &#8211; Fashion, Clothing and Textiles &#8211; Social Work.<\/p>\n<p style=\"text-align: justify;\"><strong>Field of study 7<\/strong>: Legal Careers;\u00a0 <strong>Specialties:<\/strong>\u00a0Legal Assistant &#8211;\u00a0Business Law &#8211; Land Law &#8211; Stock Market Career &#8211; Customs and Transit &#8211; Tax Management.<\/p>\n<p style=\"text-align: justify;\"><strong>Field of Study<\/strong>: Management,<strong> \u00a0Specialties:<\/strong> Assistant Manager, Project Management, Human Resources Management, Logistics and Transport Management, Statistics, Events Management, Quality Management, Management of Non-Governmental Organizations (NGO\u2019S)<\/p>\n<p style=\"text-align: justify;\"><strong>Field of study 1<\/strong>: Medical and Biomedical Sciences;\u00a0 \u00a0 <strong>Specialties:<\/strong>\u00a0Nursing &#8211; Medical\u00a0Laboratory Sciences &#8211; Midwifery &#8211; Nutrition and Dietetics.<\/p>\n<p style=\"text-align: justify;\"><strong>Field of Study<\/strong>: Tourism and Hotel Management;\u00a0 \u00a0<strong>\u00a0Specialties:<\/strong>\u00a0Hotel Management and Catering.<\/p>\n<ul>\n<li style=\"text-align: justify;\"><strong>BTS<\/strong><\/li>\n<\/ul>\n<p><strong>Fili\u00e8re 1<\/strong>: Etudes m\u00e9dico-sanitaires;\u00a0 <strong>\u00a0 Sp\u00e9cialit\u00e9s:<\/strong>\u00a0Sciences infirmi\u00e8res &#8211; Sage-femme.<\/p>\n<p style=\"text-align: justify;\"><strong>Fili\u00e8re 2 <\/strong>: Sciences et techniques biom\u00e9dicales;\u00a0<strong>Sp\u00e9cialit\u00e9s:<\/strong>\u00a0Techniques de laboratoire et d&rsquo;analyse m\u00e9dicale.<\/p>\n<p style=\"text-align: justify;\"><strong>Fili\u00e8re 3 <\/strong>: G\u00e9nie informatique;\u00a0 \u00a0 \u00a0 <strong>Sp\u00e9cialit\u00e9s:<\/strong>\u00a0G\u00e9nie logiciel &#8211; E-\u00a0commerce et marketing num\u00e9rique.<\/p>\n<p style=\"text-align: justify;\"><strong>Fili\u00e8re 4 <\/strong>: Sciences de l&rsquo;\u00e9ducation;\u00a0<strong>Sp\u00e9cialit\u00e9s:\u00a0<\/strong>Education sp\u00e9cialis\u00e9e (Option: Didactique des d\u00e9ficiences) &#8211; Andragogie.<\/p>\n<p style=\"text-align: justify;\"><strong>Fili\u00e8re 5<\/strong>: Tourisme, H\u00f4tellerie et restauration;\u00a0 \u00a0 \u00a0<strong>Sp\u00e9cialit\u00e9s:<\/strong>\u00a0H\u00f4tellerie (Option: Gestion et\u00a0management h\u00f4teliers) &#8211; Restauration (Option: G\u00e9nie culinaire).<\/p>\n<p style=\"text-align: justify;\"><strong>Fili\u00e8re 6<\/strong>: Arts et m\u00e9tiers de la culture;\u00a0 \u00a0 \u00a0 <strong>Sp\u00e9cialit\u00e9s:<\/strong>\u00a0Industrie du textile et de l&rsquo;habillement (Options : Industrie de l&rsquo;habillement -Industrie du textile).<\/p>\n<p style=\"text-align: justify;\"><strong>Fili\u00e8re 7<\/strong>: Agriculture et \u00e9levage;<strong>\u00a0 \u00a0 \u00a0Sp\u00e9cialit\u00e9s: <\/strong>Production v\u00e9g\u00e9tale &#8211; Production animale.<\/p>\n<p style=\"text-align: justify;\"><strong>Fili\u00e8re 8<\/strong>: Carri\u00e8res juridiques;\u00a0 \u00a0 <strong>\u00a0Sp\u00e9cialit\u00e9s:\u00a0<\/strong>Assistant judicaire &#8211; Droit des affaires et de l&rsquo;entreprise &#8211; Droit foncier et domanial &#8211; M\u00e9tiers de la bourse &#8211; Gestion fiscale &#8211; Douane et transit.<\/p>\n","protected":false},"excerpt":{"rendered":"<p>&#46;&#46;&#46;<\/p>\n","protected":false},"author":2,"featured_media":0,"parent":0,"menu_order":0,"comment_status":"closed","ping_status":"closed","template":"","meta":[],"_links":{"self":[{"href":"https:\/\/www.minesup.gov.cm\/index.php\/wp-json\/wp\/v2\/pages\/20066"}],"collection":[{"href":"https:\/\/www.minesup.gov.cm\/index.php\/wp-json\/wp\/v2\/pages"}],"about":[{"href":"https:\/\/www.minesup.gov.cm\/index.php\/wp-json\/wp\/v2\/types\/page"}],"author":[{"embeddable":true,"href":"https:\/\/www.minesup.gov.cm\/index.php\/wp-json\/wp\/v2\/users\/2"}],"replies":[{"embeddable":true,"href":"https:\/\/www.minesup.gov.cm\/index.php\/wp-json\/wp\/v2\/comments?post=20066"}],"version-history":[{"count":10,"href":"https:\/\/www.minesup.gov.cm\/index.php\/wp-json\/wp\/v2\/pages\/20066\/revisions"}],"predecessor-version":[{"id":20090,"href":"https:\/\/www.minesup.gov.cm\/index.php\/wp-json\/wp\/v2\/pages\/20066\/revisions\/20090"}],"wp:attachment":[{"href":"https:\/\/www.minesup.gov.cm\/index.php\/wp-json\/wp\/v2\/media?parent=20066"}],"curies":[{"name":"wp","href":"https:\/\/api.w.org\/{rel}","templated":true}]}}