{"id":20093,"date":"2026-01-22T12:37:54","date_gmt":"2026-01-22T11:37:54","guid":{"rendered":"https:\/\/www.minesup.gov.cm\/?page_id=20093"},"modified":"2026-02-03T13:48:23","modified_gmt":"2026-02-03T12:48:23","slug":"hiptex-university-institute","status":"publish","type":"page","link":"https:\/\/www.minesup.gov.cm\/index.php\/hiptex-university-institute\/","title":{"rendered":"HIPTEX University Institute  (Institut Universitaire HIPTEX)"},"content":{"rendered":"<p><img loading=\"lazy\" class=\" wp-image-20109 aligncenter\" src=\"https:\/\/www.minesup.gov.cm\/wp-content\/uploads\/2026\/01\/HIPTEX-LOGO-T-e1769164962269-300x288.png\" alt=\"\" width=\"161\" height=\"155\" srcset=\"https:\/\/www.minesup.gov.cm\/wp-content\/uploads\/2026\/01\/HIPTEX-LOGO-T-e1769164962269-300x288.png 300w, https:\/\/www.minesup.gov.cm\/wp-content\/uploads\/2026\/01\/HIPTEX-LOGO-T-e1769164962269-1024x982.png 1024w, https:\/\/www.minesup.gov.cm\/wp-content\/uploads\/2026\/01\/HIPTEX-LOGO-T-e1769164962269-768x736.png 768w, https:\/\/www.minesup.gov.cm\/wp-content\/uploads\/2026\/01\/HIPTEX-LOGO-T-e1769164962269-1536x1473.png 1536w, https:\/\/www.minesup.gov.cm\/wp-content\/uploads\/2026\/01\/HIPTEX-LOGO-T-e1769164962269-2048x1964.png 2048w\" sizes=\"(max-width: 161px) 100vw, 161px\" \/><\/p>\n<p style=\"text-align: center;\"><span style=\"text-decoration: underline;\"><strong>INFORMATIONS D\u2019IDENTIFICATION<\/strong><\/span><\/p>\n<p style=\"text-align: justify;\"><strong>Nom de l\u2019institution\u00a0<\/strong>: HIPTEX University Institute (Institut Universitaire HIPTEX)<br \/>\n<strong>Nom du repr\u00e9sentant l\u00e9gal <\/strong>: M KEBUYA NATHANIEL NGANCHI<br \/>\n<strong>R\u00e9gion\u00a0<\/strong>:<br \/>\n<strong>D\u00e9partement\u00a0<\/strong>:<br \/>\n<strong>Arrondissement <\/strong>:<br \/>\n<strong>Site de localisation\u00a0<\/strong>:<br \/>\n<strong>Adresse postale<\/strong> :<br \/>\n<strong>T\u00e9l\u00e9phone\u00a0<\/strong>: 678 41 36 12 \/ 692 92 55 01<br \/>\n<strong>Email<\/strong> :<br \/>\n<strong>Site web<\/strong> :<br \/>\n<strong>Adresse dans les r\u00e9seaux sociaux\u00a0<\/strong>:<\/p>\n<ol>\n<li><strong>Higher Institute for Professionalism and Excellence (HIPTEX)<\/strong><\/li>\n<\/ol>\n<p style=\"text-align: justify;\"><strong>R\u00e9gion <\/strong>: Centre<br \/>\n<strong>D\u00e9partement\u00a0<\/strong>: Mfoundi<br \/>\n<strong>Arrondissement <\/strong>: Yaound\u00e9 VI &#8211; Mbankomo<br \/>\n<strong>Site de localisation\u00a0<\/strong>:\u00a0 quartier Simbock-Mbalgong lieu dit Avant la maison du Prefet<br \/>\n<strong>Adresse postale<\/strong> :<br \/>\n<strong>T\u00e9l\u00e9phone\u00a0<\/strong>:<br \/>\n<strong>Email<\/strong> : <a href=\"mailto:info@hiptex.org\" target=\"_blank\" rel=\"noopener\">info@hiptex.org<\/a> or <a href=\"mailto:registrar@hiptex.org\" target=\"_blank\" rel=\"noopener\">registrar@hiptex.org<\/a><br \/>\n<strong>Site web<\/strong> :<a href=\"http:\/\/www.hiptex.org\" target=\"_blank\" rel=\"noopener\"> www.hiptex.org<\/a><br \/>\n<strong>Adresse dans les r\u00e9seaux sociaux\u00a0<\/strong>: Facebook (Hiptex yaounde), Instagram (hiptex yaounde); Motto (Lighting the Path to Professionalism)<\/p>\n<p style=\"text-align: center;\"><span style=\"text-decoration: underline;\"><strong>INFORMATIONS SUR LE STATUT D&rsquo;<\/strong><b>ACCR\u00c9DITATION<\/b><\/span><\/p>\n<p style=\"text-align: justify;\"><strong><span style=\"text-decoration: underline;\">Autorisation sp\u00e9ciale de cr\u00e9ation et d&rsquo;ouverture<\/span>\u00a0<\/strong>:<\/p>\n<ul>\n<li style=\"text-align: justify;\">N\u00b021-00601\/L\/MINESUP\/SG\/DDES\/ESUP\/SDA\/aosb du 27 janvier 2021<\/li>\n<li>N\u00b023-09460\/L\/MINESUP\/SG\/DDES\/ESUP\/SDA\/NS du 08 d\u00e9cembre 2023<\/li>\n<\/ul>\n<p style=\"text-align: center;\"><span style=\"text-decoration: underline;\"><strong>F<\/strong><strong>ILI\u00c8RES ET SP\u00c9CIALIT\u00c9S AUTORIS\u00c9ES<\/strong><\/span><\/p>\n<p style=\"text-align: center;\"><strong>Dipl\u00f4me <\/strong>: <strong>HND<\/strong><br \/>\n<u><\/u><\/p>\n<p style=\"text-align: justify;\"><span style=\"text-decoration: underline;\"><strong>Field<\/strong><\/span> : MANAGEMENT\u00a0 ;\u00a0 \u00a0<strong>Specialties : <\/strong>Assistant Manager &#8211; Project Management &#8211; Human Resource Management &#8211; Logistics and Transport Management &#8211; Statistics &#8211; Events Management &#8211; Port Shipping Management &#8211; Local Government Management &#8211; Management of Non-Governmental Organization.<br \/>\n<span style=\"text-decoration: underline;\"><strong>Field<\/strong><\/span>\u00a0: BUSINESS AND FINANCE \u00a0;\u00a0 \u00a0<strong>Specialties : <\/strong>Banking and Finance &#8211; Accountancy &#8211; Marketing Trade Sales &#8211; International Trade &#8211; Insurance &#8211; Microfinance.<br \/>\n<span style=\"text-decoration: underline;\"><strong>Field<\/strong><\/span>\u00a0:\u00a0LEGAL CAREER\u00a0 ;\u00a0 \u00a0<strong>Specialties : <\/strong>Legal Assistant, Business Law, Land Law<br \/>\n<span style=\"text-decoration: underline;\"><strong>Field<\/strong><\/span> : Education \u00a0;\u00a0\u00a0<strong>Specialties : <\/strong>Didactics &#8211; Curriculum Development and Teaching &#8211; Special Needs Education &#8211; Educational Management and Administration &#8211; Vocational Guidance and Counselling &#8211; \u00a0Andragogy &#8211; Distance Learning.<br \/>\n<strong><span style=\"text-decoration: underline;\">Field<\/span>\u00a0<\/strong>: MEDICAL AND BIOMEDICAL SCIENCES\u00a0 \u00a0 ;\u00a0 \u00a0<strong>Specialities :\u00a0<\/strong>Nursing &#8211; Medical Laboratory Sciences &#8211; Midwifery, Nutrition and Dietetics &#8211; Pharmacy Technology<br \/>\n<strong><span style=\"text-decoration: underline;\">Field<\/span>\u00a0<\/strong>: HOME ECONOMICS ;\u00a0 \u00a0<strong>Specialties<\/strong>\u00a0:\u00a0Fashion Clothing and Textile &#8211; Bakery and Food Processing &#8211; Social Works<br \/>\n<span style=\"text-decoration: underline;\"><strong>Field<\/strong><\/span> : TOURISM AND HOTEL MANAGEMENT ;\u00a0 <strong>Specialties <\/strong>: Tourism and Travel Agency Management &#8211; Hotel Management and Catering<br \/>\n<span style=\"text-decoration: underline;\"><strong>Field<\/strong><\/span>\u00a0: COMPUTER ENGINEERING \u00a0;\u00a0 \u00a0<strong>Specialties : <\/strong>oftware Engineering &#8211; Computer Science &#8211; Data Base Management<br \/>\n<span style=\"text-decoration: underline;\"><strong>Field<\/strong><\/span> : AGRICULTURE AND FOOD SCIENCE\u00a0 ;\u00a0 <strong>Specialties : <\/strong>Agricultural Engineering &#8211; Food Technology &#8211; Agricultural Production Technology &#8211; Agro-pastoral Adviser &#8211; Animal Production Technology<br \/>\n<span style=\"text-decoration: underline;\"><strong>Field<\/strong><\/span> : COMMUNICATION ;\u00a0 <strong>Specialties : <\/strong>Journalism &#8211; Printing Editing and Publishing &#8211; Advertisement and Public Relation &#8211; Corporate Communication<br \/>\n<strong><span style=\"text-decoration: underline;\">Field<\/span>\u00a0<\/strong>:\u00a0 ELECTRICAL AND ELECTRONIC ENGINEERING\u00a0 \u00a0 ;\u00a0 \u00a0<strong>Specialties<\/strong> : Electrical Power System<\/p>\n<p style=\"text-align: center;\"><strong>Dipl\u00f4me <\/strong>: <strong>BTS<\/strong><br \/>\n<u><\/u><\/p>\n<p><span style=\"text-decoration: underline;\"><strong>Fili\u00e8re<\/strong><\/span> : Sciences de l&rsquo;Education \u00a0 ;\u00a0 \u00a0<strong>Sp\u00e9cialit\u00e9s :\u00a0<\/strong>Didactique, enseignement et d\u00e9veloppement des programmes &#8211; Administration scolaire &#8211; Orientation scolaire et professionnelle &#8211; Andragogie<br \/>\n<span style=\"text-decoration: underline;\"><strong>Fili\u00e8re<\/strong><\/span> : Gestion \u00a0;\u00a0 \u00a0<strong>Sp\u00e9cialit\u00e9s :\u00a0<\/strong>Gestion des Collectivit\u00e9s Territoriales &#8211; \u00a0Assurance &#8211; Gestion Logistique et Transport &#8211; Gestion de la qualit\u00e9 &#8211; Management Ev\u00e9nementiel &#8211; Micro finance &#8211; \u00a0Gestion des ONG &#8211; Gestion des Projets &#8211; Gestion des Syst\u00e8mes d&rsquo;Information &#8211; Assistant Manager &#8211; Ressources Humaines &#8211; \u00a0Banque Finance &#8211; Comptabilit\u00e9 et Gestion des Entreprises &#8211; Statistiques.<br \/>\n<span style=\"text-decoration: underline;\"><strong>Fili\u00e8r<\/strong><\/span><strong>e<\/strong> : Commerce-vente \u00a0 ;\u00a0 \u00a0<strong>Sp\u00e9cialit\u00e9 :\u00a0<\/strong>Marketing \u00a0&#8211; Commerce-vente<br \/>\n<span style=\"text-decoration: underline;\"><strong>Fili\u00e8re<\/strong><\/span> :\u00a0 Carri\u00e8res juridiques\u00a0;\u00a0 \u00a0<strong>Sp\u00e9cialit\u00e9s :\u00a0<\/strong>Assistant Judiciaire &#8211; \u00a0Droit Foncier Domanial.<\/p>\n<p><strong><u>BACHELOR AND MASTER\u2019S DEGREES\u00a0 (<\/u><\/strong>Awarding university or Affiliated university : <strong>THE UNIVERSITY OF BAMENDA) <\/strong>:<\/p>\n<p style=\"text-align: justify;\">Accountancy, Banking And Finance, Management, Marketing, Executive Secretariat Studies, Transport And Logistics, Port\u00a0 and Shipping Management, Human Resource Management, Insurance, Project Management And Science of Education , Educational Management, Didactics, Curriculum Development And Teaching, Education Management and Administration, \u00a0Guidance and Clinical Counselling, Special Needs, Clinical Psychology, Software Engineering, Electrical\u00a0 Power System,\u00a0 Civil Engineering, Computer Engineering, Law, Nursing, Medical Laboratory Sciences, Midwifery Science, Pharmacy Technology, Public Health, Anaesthesia, Psychrictric, \u00a0\u00a0Agriculture, Animal Production, Crop production, Aquaculture, Fashion Clothing And Textile, Social Works, Bakery and Food Processing, Food Science, Hotel Management And Catering, Occupational Health and\u00a0 Safety,\u00a0 Conflict and Peace management, Journalism\u00a0 and Mass Communication.<\/p>\n<p><strong>\u00a0 \u00a0 \u00a0 \u00a0 2. Higher<\/strong><strong> Institute For Technology Excellence And Professional Studies [HIPTEPS]<\/strong><\/p>\n<p style=\"text-align: justify;\"><strong>R\u00e9gion <\/strong>: Est<br \/>\n<strong>D\u00e9partement\u00a0<\/strong>: Lom et Jerem<br \/>\n<strong>Arrondissement <\/strong>: Bertoua 2e<br \/>\n<strong>Site de localisation\u00a0<\/strong>:\u00a0 Quartier Kpoklota au lieudit A c\u00f4t\u00e9 de la Facult\u00e9 des Arts, Lettres et Sciences Humaines de l&rsquo;Universit\u00e9 de Bertoua<br \/>\n<strong>Adresse postale<\/strong> : 8725-Bertoua ;\u00a0 <strong>T\u00e9l\u00e9phone\u00a0<\/strong>: 682 657 823 \/ 670 209 370 ;\u00a0 <strong>Email<\/strong> : <a href=\"mailto:hiptexbertoua@gmail.org\" target=\"_blank\" rel=\"noopener\">bertoua@hiptex.org<\/a>\u00a0 \u00a0 \u00a0 \u00a0 \u00a0;\u00a0 \u00a0 \u00a0 <strong>Site web<\/strong> :\u00a0 <a href=\"http:\/\/www.hiptex.org\" target=\"_blank\" rel=\"noopener\">www.hiptex.org<\/a><br \/>\n<strong>Adresse dans les r\u00e9seaux sociaux\u00a0<\/strong>: HIPTEX Bertoua<\/p>\n<p style=\"text-align: center;\"><span style=\"text-decoration: underline;\"><strong>INFORMATIONS SUR LE STATUT D&rsquo;<\/strong><b>ACCR\u00c9DITATION<\/b><\/span><\/p>\n<p style=\"text-align: justify;\"><strong><span style=\"text-decoration: underline;\">Autorisation sp\u00e9ciale de cr\u00e9ation et d&rsquo;ouverture<\/span>\u00a0<\/strong>:<\/p>\n<p style=\"text-align: center;\"><span style=\"text-decoration: underline;\"><strong>F<\/strong><strong>ILI\u00c8RES ET SP\u00c9CIALIT\u00c9S AUTORIS\u00c9ES<\/strong><\/span><\/p>\n<p style=\"text-align: center;\"><strong>Dipl\u00f4me <\/strong>: <strong>HND<\/strong><br \/>\n<u><\/u><\/p>\n<p style=\"text-align: justify;\"><strong><u>Fili\u00e8re 1<\/u><\/strong>: Management\u00a0 ;\u00a0\u00a0<strong><u>Sp\u00e9cialit\u00e9<\/u><\/strong>: Local Government Management, Logistics and Transports Management, Quality Management, Information System Management, Assistant Manager, Human Resource Management, Project Management;<\/p>\n<p style=\"text-align: justify;\"><strong><u>Fili\u00e8re 2<\/u><\/strong>: Education\u00a0 \u00a0;\u00a0\u00a0<strong><u>Specialites:<\/u><\/strong> Education Management and Administration Vocational Guidance and Counselling-Didactics, Curriculum Development and Teaching, Special Education;<\/p>\n<p style=\"text-align: justify;\"><strong><u>Filiere <\/u><\/strong><strong>3<\/strong> :\u00a0Legal Carriers\u00a0 \u00a0 ;\u00a0 \u00a0<strong><u>Specialit\u00e9 <\/u><\/strong>1: Land Law, Legal Assistance, Tax Management;<\/p>\n<p style=\"text-align: justify;\"><strong><u>Fili\u00e8re 4<\/u><\/strong>: Business and Finance\u00a0 \u00a0 ;\u00a0\u00a0<strong><u>Specialit\u00e9s<\/u><\/strong>: Accountancy, Banking and Finance, Marketing Trade Sale, Insurance:<\/p>\n<p style=\"text-align: justify;\"><strong><u>Fili\u00e8re 5<\/u><\/strong>: Agricultural and Food Sciences ;\u00a0\u00a0<span style=\"text-decoration: underline;\"><strong><u>Specialites<\/u><\/strong><\/span>: Crop Production Technology, Animal Production Technology, Food Technology.<\/p>\n<p style=\"text-align: center;\"><strong>Dipl\u00f4me <\/strong>: <strong>BTS<\/strong><br \/>\n<u><\/u><\/p>\n<p style=\"text-align: justify;\"><strong><u>Fili\u00e8re 1<\/u><\/strong> : Agriculture Et Elevage\u00a0 ;\u00a0\u00a0Sp\u00e9cialit\u00e9s\u00a0: Production Animale, Production V\u00e9g\u00e9tale, Entrepreneuriat Agro Pastoral ;<\/p>\n<p style=\"text-align: justify;\"><strong><u>Fili\u00e8re 2<\/u><\/strong> : Carri\u00e8re Juridique\u00a0 ;\u00a0\u00a0<strong><u>Sp\u00e9cialit\u00e9s<\/u><\/strong> : Droit Des Affaires Et De L\u2019entreprise, Douane Et Transit, Droit Foncier Domanial ;<\/p>\n<p style=\"text-align: justify;\"><strong><u>Fili\u00e8re 3<\/u><\/strong> : Gestion\u00a0 \u00a0;\u00a0 \u00a0<strong><u>Sp\u00e9cialit\u00e9s :<\/u><\/strong> Assistant Manager, Gestion Des Projets, Gestion De La Qualit\u00e9, Gestion Des syst\u00e8mes D\u2019informations, Management Ev\u00e8nementiel, Gestion Des Collectivit\u00e9s Territorial, Statistiques.<\/p>\n<p style=\"text-align: center;\"><strong>3. Vision Higher Institute for Technology Excellence and Professional Studies (VHITEPS)<\/strong><\/p>\n<p style=\"text-align: justify;\"><strong>R\u00e9gion <\/strong>: Sud-Ouest<br \/>\n<strong>D\u00e9partement\u00a0<\/strong>: M\u00e9m\u00e9<br \/>\n<strong>Arrondissement <\/strong>: Kumba 1<br \/>\n<strong>Site de localisation\u00a0<\/strong>:\u00a0 Quartier Mbonge Road, au lieu dit \u00ab\u00a0Behind Victory secondary school\u00a0\u00bb<br \/>\n<strong>Adresse postale<\/strong> : 8725-Kumba \u00a0 \u00a0;\u00a0 <strong>T\u00e9l\u00e9phone\u00a0<\/strong>:\u00a0 670513576\/ 691925501\/678413612\u00a0 \u00a0;\u00a0 <strong>Email<\/strong> :\u00a0 \u00a0 <a href=\"mailto:kumbacampus@hiptex.org\" target=\"_blank\" rel=\"noopener\">kumbacampus@hiptex.org<\/a>\u00a0 \u00a0 ;\u00a0 \u00a0 \u00a0<strong>Site web<\/strong> : <a href=\"http:\/\/www.hiptex.org\" target=\"_blank\" rel=\"noopener\">www.hiptex.org<\/a><br \/>\n<strong>Adresse dans les r\u00e9seaux sociaux\u00a0<\/strong>:\u00a0 HIPTEX<\/p>\n<p style=\"text-align: center;\"><span style=\"text-decoration: underline;\"><strong>INFORMATIONS SUR LE STATUT D&rsquo;<\/strong><b>ACCR\u00c9DITATION<\/b><\/span><\/p>\n<p style=\"text-align: justify;\"><strong><span style=\"text-decoration: underline;\">Autorisation sp\u00e9ciale de cr\u00e9ation et d&rsquo;ouverture<\/span>\u00a0<\/strong>:<\/p>\n<p style=\"text-align: center;\"><span style=\"text-decoration: underline;\"><strong>F<\/strong><strong>ILI\u00c8RES ET SP\u00c9CIALIT\u00c9S AUTORIS\u00c9ES<\/strong><\/span><\/p>\n<p style=\"text-align: center;\"><strong>Dipl\u00f4me <\/strong>: <strong>HND<\/strong><br \/>\n<u><\/u><\/p>\n<p><strong><u>Fili\u00e8re<\/u><\/strong> 1: Civil Engineering Technology, Building Science and Technology, Topography\u00a0 \u00a0 ;<\/p>\n<p><strong><u>Fili\u00e8re 2<\/u><\/strong>: Medical and Biomedical Sciences\u00a0 \u00a0 \u00a0 ;\u00a0 <strong><u>Specialit\u00e9<\/u><\/strong>: Physiotherapy<\/p>\n<p><strong><u>Fili\u00e8re 3<\/u><\/strong>: Electrical Engineering\u00a0 \u00a0 \u00a0;\u00a0<strong><u>Specialit\u00e9s:<\/u><\/strong> Electrotechnics, Electronics;<\/p>\n<p><strong><u>Filiere<\/u><\/strong> 4: Management\u00a0 ;\u00a0<strong><u>Specialit\u00e9s<\/u><\/strong>: Custom and Transit Management, Local Government and Taxation;<\/p>\n<p><strong><u>Fili\u00e8re 5<\/u><\/strong>: Networks and Communication\u00a0 \u00a0 \u00a0 \u00a0;\u00a0<strong><u>Specialit\u00e9s<\/u><\/strong>:\u00a0 Telecommunication, Network and Security.<\/p>\n<p style=\"text-align: center;\"><strong>Dipl\u00f4me <\/strong>: <strong>BTS<\/strong><br \/>\n<u><\/u><\/p>\n<p><strong><u>Fili\u00e8re 1<\/u><\/strong> : Etudes M\u00e9dicaux-Sanitaires\u00a0 \u00a0 \u00a0;\u00a0<strong><u>Sp\u00e9cialit\u00e9s<\/u><\/strong> : Sage-Femme, Sciences Infirmi\u00e8res ;<\/p>\n<p><strong><u>Fili\u00e8re 2<\/u><\/strong> : G\u00e9nie Civil\u00a0 \u00a0 ;\u00a0 \u00a0<strong><u>Sp\u00e9cialit\u00e9s<\/u><\/strong> : B\u00e2timent, G\u00e9om\u00e8tre Topographe ;<\/p>\n<p><strong><u>Fili\u00e8re 3<\/u><\/strong> : G\u00e9nie Electrique\u00a0 \u00a0 ;\u00a0\u00a0<strong><u>Sp\u00e9cialit\u00e9s<\/u><\/strong> :\u00a0 Electrotechnique \u2013 Maintenance Des syst\u00e8mes Electronique -E \u2013 Commerce Marketing Num\u00e9rique ;<\/p>\n<p><strong><u>Fili\u00e8re 4<\/u><\/strong> : G\u00e9nie Informatique\u00a0 \u00a0 \u00a0 \u00a0 \u00a0 \u00a0 \u00a0 \u00a0 ;\u00a0 \u00a0<strong><u>Sp\u00e9cialit\u00e9s <\/u><\/strong>: G\u00e9nie Logiciel, Maintenance Des syst\u00e8mes Informatiques ;<\/p>\n<p><strong><u>Fili\u00e8re 5<\/u><\/strong> : Agriculture Et Elevage\u00a0 \u00a0 \u00a0 ;\u00a0 \u00a0\u00a0<strong><u>Sp\u00e9cialit\u00e9s <\/u><\/strong>: Production Animale, Production V\u00e9g\u00e9tale ;<\/p>\n<p><strong><u>Fili\u00e8re 6<\/u><\/strong> : Tourisme, H\u00f4tellerie Et Restauration\u00a0 ;\u00a0<strong><u>Sp\u00e9cialit\u00e9s<\/u><\/strong> : H\u00f4tellerie, Restauration, Tourisme Et Loisir.<\/p>\n","protected":false},"excerpt":{"rendered":"<p>&#46;&#46;&#46;<\/p>\n","protected":false},"author":2,"featured_media":0,"parent":0,"menu_order":0,"comment_status":"closed","ping_status":"closed","template":"","meta":[],"_links":{"self":[{"href":"https:\/\/www.minesup.gov.cm\/index.php\/wp-json\/wp\/v2\/pages\/20093"}],"collection":[{"href":"https:\/\/www.minesup.gov.cm\/index.php\/wp-json\/wp\/v2\/pages"}],"about":[{"href":"https:\/\/www.minesup.gov.cm\/index.php\/wp-json\/wp\/v2\/types\/page"}],"author":[{"embeddable":true,"href":"https:\/\/www.minesup.gov.cm\/index.php\/wp-json\/wp\/v2\/users\/2"}],"replies":[{"embeddable":true,"href":"https:\/\/www.minesup.gov.cm\/index.php\/wp-json\/wp\/v2\/comments?post=20093"}],"version-history":[{"count":6,"href":"https:\/\/www.minesup.gov.cm\/index.php\/wp-json\/wp\/v2\/pages\/20093\/revisions"}],"predecessor-version":[{"id":20113,"href":"https:\/\/www.minesup.gov.cm\/index.php\/wp-json\/wp\/v2\/pages\/20093\/revisions\/20113"}],"wp:attachment":[{"href":"https:\/\/www.minesup.gov.cm\/index.php\/wp-json\/wp\/v2\/media?parent=20093"}],"curies":[{"name":"wp","href":"https:\/\/api.w.org\/{rel}","templated":true}]}}