{"id":20099,"date":"2026-01-22T14:09:57","date_gmt":"2026-01-22T13:09:57","guid":{"rendered":"https:\/\/www.minesup.gov.cm\/?page_id=20099"},"modified":"2026-02-04T10:15:41","modified_gmt":"2026-02-04T09:15:41","slug":"saint-austins-international-bilingual-university-institute-of-science-and-technology-saibuist","status":"publish","type":"page","link":"https:\/\/www.minesup.gov.cm\/index.php\/saint-austins-international-bilingual-university-institute-of-science-and-technology-saibuist\/","title":{"rendered":"Saint Austin&rsquo;s International Bilingual University Institute of Science and Technology (SAIBUIST)"},"content":{"rendered":"<p style=\"text-align: center;\"><span style=\"text-decoration: underline;\"><strong>INFORMATIONS D\u2019IDENTIFICATION<\/strong><\/span><\/p>\n<p style=\"text-align: justify;\"><strong>Nom de l\u2019institution\u00a0<\/strong>: Saint Austin&rsquo;s International Bilingual University Institute of Science and Technology (SAIBUIST)<br \/>\n<strong>Nom du repr\u00e9sentant l\u00e9gal <\/strong>: Madame CHONGWAIN BISHELINE NAYA<br \/>\n<strong>R\u00e9gion\u00a0<\/strong>:<br \/>\n<strong>D\u00e9partement\u00a0<\/strong>:<br \/>\n<strong>Arrondissement <\/strong>:<br \/>\n<strong>Site de localisation\u00a0<\/strong>:<br \/>\n<strong>Adresse postale<\/strong> :<br \/>\n<strong>T\u00e9l\u00e9phone\u00a0<\/strong>: 6 80 16 82 51 \/ 676 548 985<br \/>\n<strong>Email<\/strong> :\u00a0 <a href=\"mailto:Info@st-austin.edu.cm\" target=\"_blank\" rel=\"noopener\">Info@st-austin.edu.cm<\/a><br \/>\n<strong>Site web<\/strong> :\u00a0 <a href=\"http:\/\/www.st-austin.edu.cm\" target=\"_blank\" rel=\"noopener\">www.st-austin.edu.cm<\/a><br \/>\n<strong>Adresse dans les r\u00e9seaux sociaux\u00a0<\/strong>:<\/p>\n<p><strong>\u00a0 \u00a0 \u00a0 \u00a0 1. St. Austin&rsquo;s Medical Bilingual Higher Institute (SAMBHI)<\/strong><\/p>\n<p style=\"text-align: justify;\"><strong>R\u00e9gion <\/strong>: Nord-Ouest<br \/>\n<strong>D\u00e9partement\u00a0<\/strong>: Boyo<br \/>\n<strong>Arrondissement <\/strong>: Belo<br \/>\n<strong>Site de localisation\u00a0<\/strong>:\u00a0 R\u00e9gion du Centre, Ville de Yaound\u00e9, d\u00e9partement du Mfoundi, arrondissement de Yaound\u00e9 IV, quartier Mendong, lieudit -Mont\u00e9e Jouvence.<br \/>\n<strong>Adresse postale<\/strong> :\u00a0 \u00a0 \u00a0 \u00a0 \u00a0 \u00a0 \u00a0;\u00a0 \u00a0 <strong>T\u00e9l\u00e9phone\u00a0<\/strong>:\u00a0 \u00a0 \u00a0 \u00a0 \u00a0 \u00a0 \u00a0 \u00a0 \u00a0 \u00a0 \u00a0 ;\u00a0 \u00a0<strong>Email<\/strong> :\u00a0 \u00a0 \u00a0 \u00a0 \u00a0 \u00a0 \u00a0 \u00a0 \u00a0 ;<br \/>\n<strong>Site web<\/strong> :<br \/>\n<strong>Adresse dans les r\u00e9seaux sociaux\u00a0<\/strong>:<\/p>\n<p style=\"text-align: center;\"><span style=\"text-decoration: underline;\"><strong>INFORMATIONS SUR LE STATUT D&rsquo;<\/strong><b>ACCR\u00c9DITATION<\/b><\/span><\/p>\n<p style=\"text-align: justify;\"><strong><span style=\"text-decoration: underline;\">Autorisation de cr\u00e9ation et d&rsquo;ouverture<\/span>\u00a0<\/strong>: N\u00b022\/07195\/MINESUP\/SG\/DDES\/ESUP\/SDA\/MF du 02 d\u00e9cembre 2022<\/p>\n<p style=\"text-align: justify;\"><strong>Autorisation d&rsquo;extension :<\/strong> N\u00b024\/03515\/MINESUP\/SG\/DDES\/ESUP\/SDA\/LMN du 16 mai 2024<\/p>\n<p style=\"text-align: center;\"><span style=\"text-decoration: underline;\"><strong>F<\/strong><strong>ILI\u00c8RES ET SP\u00c9CIALIT\u00c9S AUTORIS\u00c9ES<\/strong><\/span><\/p>\n<p style=\"text-align: center;\"><strong>Dipl\u00f4me <\/strong>: BTS<br \/>\n<u><\/u><\/p>\n<p style=\"text-align: justify;\" data-path-to-node=\"19,3,1,2\"><b data-path-to-node=\"19,3,1,2\" data-index-in-node=\"1\">Fili\u00e8re 1 :<\/b> Etudes M\u00e9dico-Sanitaires\u00a0 ;\u00a0<span data-path-to-node=\"19,3,1,4,0\"><strong> Sp\u00e9cialit\u00e9s<\/strong> : Sage-femme &#8211; Sciences Infirmi\u00e8res &#8211; Kin\u00e9sith\u00e9rapie &#8211; Odontostomatologie ; <\/span><\/p>\n<p style=\"text-align: justify;\" data-path-to-node=\"19,3,1,6\"><b data-path-to-node=\"19,3,1,6\" data-index-in-node=\"1\"><span class=\"citation-120\">Fili\u00e8re 2 <\/span><\/b><span class=\"citation-120\">: Sciences et Techniques Biom\u00e9dicales\u00a0 \u00a0;\u00a0 <\/span><span data-path-to-node=\"19,3,1,8,0\"><span class=\"citation-120\"><strong>Sp\u00e9cialit\u00e9s<\/strong> : Techniques de laboratoire et d&rsquo;analyses Biom\u00e9dicales &#8211; Radiologie et Imagerie M\u00e9dicale &#8211; Techniques Pharmaceutiques<\/span><\/span><\/p>\n<p style=\"text-align: justify;\" data-path-to-node=\"23,0,0\"><b data-path-to-node=\"23,0,0\" data-index-in-node=\"0\">Fili\u00e8re 3 <\/b>: G\u00e9nie Informatique\u00a0 ; <span style=\"font-size: revert; color: initial;\"><strong>Sp\u00e9cialit\u00e9s<\/strong> : G\u00e9nie Logiciel, Infographie et Webdesign, Maintenance des Syst\u00e8mes Informatiques, Informatique Industrielle et Automatisme, Commerce et Marketing Num\u00e9rique ;<\/span><\/p>\n<p style=\"text-align: justify;\" data-path-to-node=\"23,0,0\"><b data-path-to-node=\"23,1,0\" data-index-in-node=\"0\">Fili\u00e8re 4 <\/b>: Gestion\u00a0 ; <span style=\"font-size: revert; color: initial;\"><strong>Sp\u00e9cialit\u00e9s :<\/strong> Gestion des Collectivit\u00e9s Territoriales, Assurance, Gestion Logistique et Transport, Gestion de la Qualit\u00e9, Management Ev\u00e8nementiel, Micro Finance, Gestion des ONG, Gestion des Projets, Gestion des Syst\u00e8mes d&rsquo;Information, Assistant Manager, Ressources Humaines, Banque Finance, Comptabilit\u00e9 et Gestion des Entreprises ;<\/span><\/p>\n<p style=\"text-align: justify;\" data-path-to-node=\"23,2,0\"><b data-path-to-node=\"23,2,0\" data-index-in-node=\"0\">Fili\u00e8re 5 <\/b>: G\u00e9nie Electrique\u00a0 ; <span style=\"font-size: revert; color: initial;\"><strong>Sp\u00e9cialit\u00e9s :<\/strong> Electrotechnique ;<\/span><\/p>\n<p style=\"text-align: justify;\" data-path-to-node=\"23,3,0\"><b data-path-to-node=\"23,3,0\" data-index-in-node=\"0\">Fili\u00e8re 6<\/b> : G\u00e9nie Civil\u00a0 \u00a0; <span style=\"font-size: revert; color: initial;\">Sp\u00e9cialit\u00e9s : B\u00e2timent, Travaux publics ;<\/span><\/p>\n<p style=\"text-align: center;\" data-path-to-node=\"25\"><span data-path-to-node=\"25,0\"><b data-path-to-node=\"25,0\" data-index-in-node=\"0\"><span class=\"citation-118\">Cycle : HND<\/span><\/b> <\/span><\/p>\n<p style=\"text-align: justify;\" data-path-to-node=\"26,0,0\"><b data-path-to-node=\"26,0,0\" data-index-in-node=\"0\">Field 1<\/b>: Medical and Biomedical Sciences\u00a0 \u00a0; <span style=\"font-size: revert; color: initial;\"><strong>Specialties:<\/strong> Nursing &#8211; Medical Imaging Technology &#8211; Medical Laboratory Sciences, Pharmacy Technology &#8211; Dental Therapy &#8211; Health Care Management &#8211; Nutrition and dietetics &#8211; Ophthalmic Technician &#8211; Optician\/Clinical optometric &#8211; Midwifery &#8211; Physiotherapy &#8211; Health Sanitary Inspector;<\/span><\/p>\n<p style=\"text-align: justify;\" data-path-to-node=\"26,1,0\"><b data-path-to-node=\"26,1,0\" data-index-in-node=\"0\">Field 2 <\/b>: Business and Finance\u00a0 \u00a0 ; <span style=\"font-size: revert; color: initial;\"><strong>Specialties:<\/strong> Accountancy, Marketing-Trade-Sale, International Law, Insurance, Microfinance, banking and finance;<\/span><\/p>\n<p style=\"text-align: justify;\" data-path-to-node=\"26,2,0\"><b data-path-to-node=\"26,2,0\" data-index-in-node=\"0\">Field 3<\/b>: Legal Careers\u00a0 \u00a0 ;\u00a0 <span style=\"font-size: revert; color: initial;\"><strong>Specialties:<\/strong> Business Law, Customs and Transit, Land Law;<\/span><\/p>\n<p style=\"text-align: justify;\" data-path-to-node=\"26,2,0\"><b data-path-to-node=\"26,3,0\" data-index-in-node=\"0\">Field 4<\/b>: Agricultural and Food Sciences\u00a0 ;\u00a0 <strong>S<\/strong><span style=\"font-size: revert; color: initial;\"><strong>pecialties:<\/strong> Agricultural Engineering &#8211; Food Technology &#8211; Animal Production\u00a0 \u00a0Technology &#8211; Agro Pastoral Entrepreneurship &#8211; Agricultural Business Techniques &#8211; Aquaculture;<\/span><\/p>\n<p style=\"text-align: justify;\" data-path-to-node=\"26,4,0\"><b data-path-to-node=\"26,4,0\" data-index-in-node=\"0\">Field 5<\/b>: Management\u00a0 \u00a0;\u00a0 <span style=\"font-size: revert; color: initial;\"><strong>Specialties:<\/strong> Local Government Management &#8211; Logistic and Transport Management, Assistant Manager, Human Resource Management, Project Management;<\/span><\/p>\n<p style=\"text-align: justify;\" data-path-to-node=\"26,5,0\"><b data-path-to-node=\"26,5,0\" data-index-in-node=\"0\">Field 6<\/b>: Electrical Engineering\u00a0 \u00a0;\u00a0 <span style=\"font-size: revert; color: initial;\"><strong>Specialties:<\/strong> Electronics &#8211; Electrotechnics &#8211; Electrical Power System &#8211; Maintenance of Industrial System &#8211; Maintenance of Biomedical Equipments &#8211; Control, Instrumentation and Regulation;<\/span><\/p>\n<p style=\"text-align: justify;\" data-path-to-node=\"26,6,0\"><b data-path-to-node=\"26,6,0\" data-index-in-node=\"0\">Field 7<\/b>: Education\u00a0 ; <span style=\"font-size: revert; color: initial;\"><strong>Specialties:<\/strong> Didactics, Curriculum Development and Teaching &#8211; Education Management and Administration &#8211; Special Needs Education &#8211; Distance and Continuing Education;<\/span><\/p>\n<p style=\"text-align: justify;\" data-path-to-node=\"26,7,0\"><b data-path-to-node=\"26,7,0\" data-index-in-node=\"0\">Field 8<\/b>: Computer Engineering\u00a0 \u00a0;\u00a0 <span style=\"font-size: revert; color: initial;\"><strong>Specialties:<\/strong> Computer Maintenance &#8211; E-Commerce and Digital marketing &#8211; Software Engineering, Computer Science, Data Base Management.<\/span><\/p>\n<p><strong>\u00a0 \u00a0 \u00a02. Boyo Higher Institute of Science and Technology (BOHIST)<\/strong><\/p>\n<p style=\"text-align: justify;\"><strong>R\u00e9gion <\/strong>: Nord-Ouest<br \/>\n<strong>D\u00e9partement\u00a0<\/strong>: Boyo<br \/>\n<strong>Arrondissement <\/strong>: Belo<br \/>\n<strong>Site de localisation\u00a0<\/strong>: R\u00e9gion du Nord-Ouest, d\u00e9partement de Boyo, arrondissement Belo, quartier Anjin au lieu-dit \u00ab above Baptist Church \u00bb<br \/>\n<strong>Adresse postale<\/strong> :\u00a0 \u00a0 \u00a0 \u00a0 \u00a0 \u00a0 \u00a0;\u00a0 \u00a0 <strong>T\u00e9l\u00e9phone\u00a0<\/strong>:\u00a0 \u00a0 \u00a0 \u00a0 \u00a0 \u00a0 \u00a0 \u00a0 \u00a0 \u00a0 \u00a0 ;\u00a0 \u00a0<strong>Email<\/strong> :\u00a0 \u00a0 \u00a0 \u00a0 \u00a0 \u00a0 \u00a0 \u00a0 \u00a0 ;<br \/>\n<strong>Site web<\/strong> :<br \/>\n<strong>Adresse dans les r\u00e9seaux sociaux\u00a0<\/strong>:<\/p>\n<p style=\"text-align: center;\"><span style=\"text-decoration: underline;\"><strong>INFORMATIONS SUR LE STATUT D&rsquo;<\/strong><b>ACCR\u00c9DITATION<\/b><\/span><\/p>\n<p style=\"text-align: justify;\"><strong><span style=\"text-decoration: underline;\">Autorisation sp\u00e9ciale de cr\u00e9ation et d&rsquo;ouverture<\/span>\u00a0<\/strong>:<\/p>\n<p style=\"text-align: center;\"><span style=\"text-decoration: underline;\"><strong>F<\/strong><strong>ILI\u00c8RES ET SP\u00c9CIALIT\u00c9S AUTORIS\u00c9ES<\/strong><\/span><\/p>\n<p style=\"text-align: center;\"><strong>Dipl\u00f4me <\/strong>: <strong>HND<\/strong><br \/>\n<u><\/u><\/p>\n<p style=\"text-align: justify;\"><strong>Field 1<\/strong>: Business and Finance\u00a0 \u00a0 ;\u00a0 \u00a0<strong><span style=\"text-decoration: underline;\">Specialties:<\/span><\/strong> Accountancy, Marketing-Trade-Sale, International Law, Insurance, Microfinance, banking and finance;<\/p>\n<p style=\"text-align: justify;\"><strong>Field 2<\/strong>: Legal Careers\u00a0 \u00a0 ;\u00a0 \u00a0<span style=\"text-decoration: underline;\"><strong>Specialties:<\/strong><\/span> Business Law, Customs and Transit, Land Law;<\/p>\n<p style=\"text-align: justify;\"><strong>Field 3: <\/strong>Agricultural and Food Sciences\u00a0 \u00a0 ;\u00a0 \u00a0<strong><span style=\"text-decoration: underline;\">Specialties:<\/span><\/strong> Agricultural Engineering &#8211; Food Technology &#8211; Animal Production Technology &#8211; Agro Pastoral Entrepreneurship &#8211; Agricultural Business Techniques &#8211; Aquaculture &#8211; Agro Pastoral Adviser;<\/p>\n<p style=\"text-align: justify;\"><strong>Field 4:<\/strong> Management\u00a0 \u00a0 ;\u00a0 <strong><span style=\"text-decoration: underline;\">Specialties :<\/span><\/strong> Local Government Management &#8211; Logistic and Transport Management, Assistant Manager, Human Resource Management, Project Management;<\/p>\n<p style=\"text-align: justify;\"><strong>Field 5:<\/strong> Electrical Engineering\u00a0 \u00a0 \u00a0 \u00a0 \u00a0;\u00a0 \u00a0\u00a0<strong><span style=\"text-decoration: underline;\">Specialties :<\/span><\/strong> Electronics &#8211; Electrotechnics;<\/p>\n<p style=\"text-align: justify;\"><strong>Field 6: <\/strong>Medical and Biomedical Sciences\u00a0 \u00a0 ;\u00a0 <strong><span style=\"text-decoration: underline;\">Specialties:<\/span><\/strong> Nursing &#8211; Midwifery &#8211; Medical Laboratory Sciences &#8211; Pharmacy Technology &#8211; Physiotherapy &#8211; Medical Imaging Technology;<\/p>\n<p style=\"text-align: justify;\"><strong>Field 7: <\/strong>Computer Engineering\u00a0 \u00a0 \u00a0 ;\u00a0 \u00a0<strong style=\"font-size: revert; color: initial;\"><span style=\"text-decoration: underline;\">Specialties :<\/span><\/strong><span style=\"font-size: revert; color: initial;\">\u00a0Computer maintenance &#8211; E-Commerce and Digital marketing &#8211; Software Engineering, computer science, Data base Management.\u00a0<\/span><\/p>\n","protected":false},"excerpt":{"rendered":"<p>&#46;&#46;&#46;<\/p>\n","protected":false},"author":2,"featured_media":0,"parent":0,"menu_order":0,"comment_status":"closed","ping_status":"closed","template":"","meta":[],"_links":{"self":[{"href":"https:\/\/www.minesup.gov.cm\/index.php\/wp-json\/wp\/v2\/pages\/20099"}],"collection":[{"href":"https:\/\/www.minesup.gov.cm\/index.php\/wp-json\/wp\/v2\/pages"}],"about":[{"href":"https:\/\/www.minesup.gov.cm\/index.php\/wp-json\/wp\/v2\/types\/page"}],"author":[{"embeddable":true,"href":"https:\/\/www.minesup.gov.cm\/index.php\/wp-json\/wp\/v2\/users\/2"}],"replies":[{"embeddable":true,"href":"https:\/\/www.minesup.gov.cm\/index.php\/wp-json\/wp\/v2\/comments?post=20099"}],"version-history":[{"count":11,"href":"https:\/\/www.minesup.gov.cm\/index.php\/wp-json\/wp\/v2\/pages\/20099\/revisions"}],"predecessor-version":[{"id":20188,"href":"https:\/\/www.minesup.gov.cm\/index.php\/wp-json\/wp\/v2\/pages\/20099\/revisions\/20188"}],"wp:attachment":[{"href":"https:\/\/www.minesup.gov.cm\/index.php\/wp-json\/wp\/v2\/media?parent=20099"}],"curies":[{"name":"wp","href":"https:\/\/api.w.org\/{rel}","templated":true}]}}