{"id":20269,"date":"2026-03-31T13:21:33","date_gmt":"2026-03-31T12:21:33","guid":{"rendered":"https:\/\/www.minesup.gov.cm\/?page_id=20269"},"modified":"2026-03-31T15:27:34","modified_gmt":"2026-03-31T14:27:34","slug":"institut-des-hautes-etudes-superieures-ihes","status":"publish","type":"page","link":"https:\/\/www.minesup.gov.cm\/index.php\/institut-des-hautes-etudes-superieures-ihes\/","title":{"rendered":"Institut des Hautes Etudes Sup\u00e9rieures (IHES)"},"content":{"rendered":"<p><img loading=\"lazy\" class=\"wp-image-20270 aligncenter\" src=\"https:\/\/www.minesup.gov.cm\/wp-content\/uploads\/2026\/03\/WhatsApp-Image-2026-03-31-at-14.13.16-300x300.jpeg\" alt=\"\" width=\"130\" height=\"130\" srcset=\"https:\/\/www.minesup.gov.cm\/wp-content\/uploads\/2026\/03\/WhatsApp-Image-2026-03-31-at-14.13.16-300x300.jpeg 300w, https:\/\/www.minesup.gov.cm\/wp-content\/uploads\/2026\/03\/WhatsApp-Image-2026-03-31-at-14.13.16-1024x1024.jpeg 1024w, https:\/\/www.minesup.gov.cm\/wp-content\/uploads\/2026\/03\/WhatsApp-Image-2026-03-31-at-14.13.16-150x150.jpeg 150w, https:\/\/www.minesup.gov.cm\/wp-content\/uploads\/2026\/03\/WhatsApp-Image-2026-03-31-at-14.13.16-768x768.jpeg 768w, https:\/\/www.minesup.gov.cm\/wp-content\/uploads\/2026\/03\/WhatsApp-Image-2026-03-31-at-14.13.16-80x80.jpeg 80w, https:\/\/www.minesup.gov.cm\/wp-content\/uploads\/2026\/03\/WhatsApp-Image-2026-03-31-at-14.13.16-320x320.jpeg 320w, https:\/\/www.minesup.gov.cm\/wp-content\/uploads\/2026\/03\/WhatsApp-Image-2026-03-31-at-14.13.16.jpeg 1080w\" sizes=\"(max-width: 130px) 100vw, 130px\" \/><\/p>\n<p style=\"text-align: center;\"><span style=\"text-decoration: underline;\"><strong>INFORMATIONS D\u2019IDENTIFICATION<\/strong><\/span><\/p>\n<p style=\"text-align: justify;\"><strong>Nom de l\u2019institution\u00a0<\/strong>: Institut des Hautes Etudes Sup\u00e9rieures (IHES)<br \/>\n<strong>Promoteur<\/strong> : Global Services &amp; Travel<br \/>\n<strong>Nom du repr\u00e9sentant l\u00e9gal <\/strong>: Mr. Gildas Fom Eric<br \/>\n<strong>R\u00e9gion\u00a0<\/strong>: Littoral<br \/>\n<strong>D\u00e9partement\u00a0<\/strong>: Wouri<br \/>\n<strong>Arrondissement <\/strong>: Douala 3<br \/>\n<strong>Site de localisation\u00a0<\/strong>: Nyalla Pariso Maison Jumelle<br \/>\n<strong>Adresse postale<\/strong> : 8343<br \/>\n<strong>T\u00e9l\u00e9phone\u00a0<\/strong>: +237 697 88 02 65<br \/>\n<strong>Email<\/strong> : <a href=\"mailto:ihescameroun@outlook.fr\" target=\"_blank\" rel=\"noopener\">ihescameroun@outlook.fr<\/a><br \/>\n<strong>Site web<\/strong> :<br \/>\n<strong>Adresse dans les r\u00e9seaux sociaux\u00a0<\/strong>:<\/p>\n<p style=\"text-align: center;\"><strong>INFORMATIONS SUR LE STATUT D&rsquo;<\/strong><b>ACCR\u00c9DITATION<\/b><\/p>\n<p style=\"text-align: justify;\"><strong><span style=\"text-decoration: underline;\">Arr\u00eat\u00e9s portant cr\u00e9ation<\/span> <\/strong>: n\u00b026-02812\/L\/MINESUP\/SG\/DDES\/SD-ESUP\/SDA\/NA du 30 mars 2026<\/p>\n<p style=\"text-align: center;\"><strong>F<\/strong><strong>ILI\u00c8RES ET SP\u00c9CIALIT\u00c9S AUTORIS\u00c9ES<\/strong><\/p>\n<ul>\n<li style=\"text-align: justify;\"><strong>BTS<\/strong><\/li>\n<\/ul>\n<p style=\"text-align: justify;\" data-path-to-node=\"14,0,0\"><b data-path-to-node=\"14,0,0\" data-index-in-node=\"0\">Fili\u00e8re 1 <\/b>: Commerce-vente ; <strong>Sp\u00e9cialit\u00e9s<\/strong> : Commerce international &#8211; Marketing-commerce-vente.<\/p>\n<p style=\"text-align: justify;\" data-path-to-node=\"14,1,0\"><b data-path-to-node=\"14,1,0\" data-index-in-node=\"0\">Fili\u00e8re 2 <\/b>: Gestion ; <strong>Sp\u00e9cialit\u00e9s<\/strong> : Assistant manager &#8211; Banque et finance &#8211; Comptabilit\u00e9 et gestion des entreprises &#8211; Gestion des projets &#8211; Gestion des ressources humaines &#8211; Gestion logistique et transport &#8211; Gestion des syst\u00e8mes d&rsquo;information.<\/p>\n<p style=\"text-align: justify;\" data-path-to-node=\"14,2,0\"><b data-path-to-node=\"14,2,0\" data-index-in-node=\"0\">Fili\u00e8re 3 <\/b>: Arts et m\u00e9tiers de la culture ; <strong>Sp\u00e9cialit\u00e9s<\/strong> : Management \u00e9v\u00e9nementiel &#8211; Infographie et web-design &#8211; Industrie du textile et de l&rsquo;habillement (Option Industrie de l&rsquo;habillement).<\/p>\n<p style=\"text-align: justify;\" data-path-to-node=\"14,3,0\"><b data-path-to-node=\"14,3,0\" data-index-in-node=\"0\">Fili\u00e8re 4 <\/b>: Carri\u00e8res juridiques ; <strong>Sp\u00e9cialit\u00e9s<\/strong> : Droit des affaires et de l&rsquo;entreprise &#8211; Douane et transit.<\/p>\n<p style=\"text-align: justify;\" data-path-to-node=\"14,4,0\"><b data-path-to-node=\"14,4,0\" data-index-in-node=\"0\">Fili\u00e8re 5 <\/b>: G\u00e9nie informatique ; <strong>Sp\u00e9cialit\u00e9s<\/strong> : E-commerce et marketing num\u00e9rique &#8211; G\u00e9nie logiciel &#8211; Maintenance des syst\u00e8mes informatiques.<\/p>\n<p style=\"text-align: justify;\" data-path-to-node=\"14,5,0\"><b data-path-to-node=\"14,5,0\" data-index-in-node=\"0\">Fili\u00e8re 6 <\/b>: \u00c9tudes m\u00e9dico-sanitaires ; <strong>Sp\u00e9cialit\u00e9s<\/strong> : Kin\u00e9sith\u00e9rapie &#8211; Sage-femme &#8211; Sciences infirmi\u00e8res.<\/p>\n<p style=\"text-align: justify;\" data-path-to-node=\"14,6,0\"><b data-path-to-node=\"14,6,0\" data-index-in-node=\"0\">Fili\u00e8re 7<\/b> : Sciences et techniques biom\u00e9dicales ; <strong>Sp\u00e9cialit\u00e9s<\/strong> : Techniques de laboratoire et d&rsquo;analyse m\u00e9dicale &#8211; Techniques pharmaceutiques.<\/p>\n<p style=\"text-align: justify;\" data-path-to-node=\"14,7,0\"><b data-path-to-node=\"14,7,0\" data-index-in-node=\"0\">Fili\u00e8re 8 <\/b>: Tourisme, H\u00f4tellerie et Restauration ; <strong>Sp\u00e9cialit\u00e9s<\/strong> : H\u00f4tellerie (Option : Gestion et management h\u00f4teliers) &#8211; Restauration (Option : G\u00e9nie culinaire).<\/p>\n<p style=\"text-align: justify;\" data-path-to-node=\"14,8,0\"><b data-path-to-node=\"14,8,0\" data-index-in-node=\"0\">Fili\u00e8re 9 <\/b>: \u00c9conomie et entrepreneuriat social ; <strong>Sp\u00e9cialit\u00e9s<\/strong> : Esth\u00e9tique, cosm\u00e9tique et coiffure (Options : Coiffure &#8211; Esth\u00e9tique-cosm\u00e9tique).<\/p>\n<ul>\n<li style=\"text-align: justify;\" data-path-to-node=\"15\"><b data-path-to-node=\"15\" data-index-in-node=\"0\">For HND<\/b><\/li>\n<\/ul>\n<p style=\"text-align: justify;\" data-path-to-node=\"16,0,0\"><b data-path-to-node=\"16,0,0\" data-index-in-node=\"0\">Field of study 1<\/b>: Business and Finance ; <strong>Specialties:<\/strong> International Trade &#8211; Marketing-Trade-Sale &#8211; Banking and Finance &#8211; Accountancy.<\/p>\n<p style=\"text-align: justify;\" data-path-to-node=\"16,1,0\"><b data-path-to-node=\"16,1,0\" data-index-in-node=\"0\">Field of study 2<\/b>: Management ; <strong>Specialties:<\/strong> Assistant Manager &#8211; Human Resource Management &#8211; Project Management &#8211; Logistics and Transport &#8211; Management Information Systems &#8211; Management Events Management.<\/p>\n<p style=\"text-align: justify;\" data-path-to-node=\"16,2,0\"><b data-path-to-node=\"16,2,0\" data-index-in-node=\"0\">Field of study 3<\/b>: Legal Careers ; <strong>Specialties:<\/strong> Business Law &#8211; Customs and Transit.<\/p>\n<p style=\"text-align: justify;\" data-path-to-node=\"16,3,0\"><b data-path-to-node=\"16,3,0\" data-index-in-node=\"0\">Field of study 4: <\/b>Computer Engineering ; <strong>Specialties:<\/strong> E-commerce and Digital Marketing &#8211; Computer Engineering (Option: Software Engineering) &#8211; Computer Maintenance (Hardware Maintenance) &#8211; Computer Graphics and Web Design.<\/p>\n<p style=\"text-align: justify;\" data-path-to-node=\"16,4,0\"><b data-path-to-node=\"16,4,0\" data-index-in-node=\"0\">Field of study 5<\/b>: Medical and Biomedical Sciences ;<strong> Specialties:<\/strong> Physiotherapy &#8211; Midwifery &#8211; Nursing &#8211; Medical Laboratory Sciences &#8211; Pharmacy Technology.<\/p>\n<p style=\"text-align: justify;\" data-path-to-node=\"16,5,0\"><b data-path-to-node=\"16,5,0\" data-index-in-node=\"0\">Field of study 6<\/b>: Tourism and Hotel Management ; <strong>Specialties:<\/strong> Tourism and Travel Agency Management &#8211; Hotel Management and Catering.<\/p>\n<p style=\"text-align: justify;\" data-path-to-node=\"16,6,0\"><b data-path-to-node=\"16,6,0\" data-index-in-node=\"0\">Field of study 7:<\/b> Home Economics and Social Work ; <strong>Specialties<\/strong>: Beauty-Esthetics (Options: Beauty Care and Cosmetics &#8211; Hairdressing Professions) &#8211; Fashion, Clothing and Textiles.<\/p>\n<p style=\"text-align: justify;\" data-path-to-node=\"18,2,2,1,1\">\n<ul>\n<li style=\"list-style-type: none;\">\n<ul>\n<li style=\"list-style-type: none;\"><\/li>\n<\/ul>\n<\/li>\n<\/ul>\n<p data-path-to-node=\"28,0,1\">\n","protected":false},"excerpt":{"rendered":"<p>&#46;&#46;&#46;<\/p>\n","protected":false},"author":2,"featured_media":0,"parent":0,"menu_order":0,"comment_status":"closed","ping_status":"closed","template":"","meta":[],"_links":{"self":[{"href":"https:\/\/www.minesup.gov.cm\/index.php\/wp-json\/wp\/v2\/pages\/20269"}],"collection":[{"href":"https:\/\/www.minesup.gov.cm\/index.php\/wp-json\/wp\/v2\/pages"}],"about":[{"href":"https:\/\/www.minesup.gov.cm\/index.php\/wp-json\/wp\/v2\/types\/page"}],"author":[{"embeddable":true,"href":"https:\/\/www.minesup.gov.cm\/index.php\/wp-json\/wp\/v2\/users\/2"}],"replies":[{"embeddable":true,"href":"https:\/\/www.minesup.gov.cm\/index.php\/wp-json\/wp\/v2\/comments?post=20269"}],"version-history":[{"count":5,"href":"https:\/\/www.minesup.gov.cm\/index.php\/wp-json\/wp\/v2\/pages\/20269\/revisions"}],"predecessor-version":[{"id":20281,"href":"https:\/\/www.minesup.gov.cm\/index.php\/wp-json\/wp\/v2\/pages\/20269\/revisions\/20281"}],"wp:attachment":[{"href":"https:\/\/www.minesup.gov.cm\/index.php\/wp-json\/wp\/v2\/media?parent=20269"}],"curies":[{"name":"wp","href":"https:\/\/api.w.org\/{rel}","templated":true}]}}