{"id":2670,"date":"2018-06-28T16:08:41","date_gmt":"2018-06-28T14:08:41","guid":{"rendered":"https:\/\/minesup.gov.cm\/?page_id=2670"},"modified":"2018-10-29T14:02:11","modified_gmt":"2018-10-29T13:02:11","slug":"ecole-superieure-speciale-darchitecture-du-cameroun-essaca","status":"publish","type":"page","link":"https:\/\/www.minesup.gov.cm\/index.php\/centre\/ecole-superieure-speciale-darchitecture-du-cameroun-essaca\/","title":{"rendered":"Ecole Sup\u00e9rieure Sp\u00e9ciale d\u2019Architecture du Cameroun (ESSACA)"},"content":{"rendered":"<p style=\"text-align: center;\"><strong>INFORMATIONS D\u2019IDENTIFICATION<\/strong><\/p>\n<p style=\"text-align: justify;\"><strong>Nom de l\u2019institution\u00a0<\/strong>:\u00a0Ecole Sup\u00e9rieure Sp\u00e9ciale d\u2019Architecture du Cameroun (ESSACA)<br \/>\n<strong>Nom du promoteur<\/strong>\u00a0:\u00a0Jean Jacques Kotto<br \/>\n<strong>R\u00e9gion\u00a0<\/strong>: Centre<br \/>\n<strong>D\u00e9partement\u00a0<\/strong>: Mfoundi<br \/>\n<strong>Arrondissement\u00a0<\/strong>:<br \/>\n<strong>Site de localisation\u00a0<\/strong>:\u00a0Quartier\u00a0Nylon, Bastos<br \/>\n<strong>Adresse postale<\/strong>\u00a0: BP:11 412<br \/>\n<strong>T\u00e9l\u00e9phone\u00a0<\/strong>:\u00a0+237 222 204 118\/\u00a0+237 678\u00a0987\u00a0530\/ +237 698\u00a0702 542<br \/>\n<strong>Email<\/strong>\u00a0:\u00a0<strong><a href=\"mailto:ecole@essaca-architecture.org\">ecole@essaca-architecture.org<\/a><\/strong><br \/>\n<strong>Site web<\/strong>\u00a0:\u00a0<strong><a href=\"https:\/\/essaca-architecture.org\/\">www.essaca-architecture.org<\/a><\/strong><br \/>\n<strong>Adresse dans les r\u00e9seaux sociaux\u00a0<\/strong>:<\/p>\n<p style=\"text-align: center;\"><strong>INFORMATIONS SUR LE STATUT D&rsquo;<\/strong><b>ACCR\u00c9DITATION<\/b><\/p>\n<p style=\"text-align: justify;\"><strong><span style=\"text-decoration: underline;\">Arr\u00eat\u00e9s portant cr\u00e9ation<\/span> <\/strong>: n\u00b008\/0210\/MINESUP\/DDES\/ESUP\/SAC du 03 octobre 2008<br \/>\n<strong><span style=\"text-decoration: underline;\">Autorisation d&rsquo;ouverture:<\/span><\/strong> arr\u00eat\u00e9 n\u00b011\/0050\/MINESUP du 12 Janvier 2011.<\/p>\n<p style=\"text-align: center;\"><strong>F<\/strong><strong>ILI\u00c8RES ET SP\u00c9CIALIT\u00c9S AUTORIS\u00c9ES<\/strong><\/p>\n<p><strong><u>Fili\u00e8re<\/u> : <\/strong>Architecture<\/p>\n<p style=\"text-align: center;\"><strong>DIPL\u00d4MES PR\u00c9PAR\u00c9S<\/strong><\/p>\n<p>Licence, Master et Doctorat de l\u2019\u00c9cole d\u2019Architecture de Marseille<\/p>\n","protected":false},"excerpt":{"rendered":"<p>&#46;&#46;&#46;<\/p>\n","protected":false},"author":2,"featured_media":1660,"parent":1728,"menu_order":0,"comment_status":"closed","ping_status":"closed","template":"","meta":[],"_links":{"self":[{"href":"https:\/\/www.minesup.gov.cm\/index.php\/wp-json\/wp\/v2\/pages\/2670"}],"collection":[{"href":"https:\/\/www.minesup.gov.cm\/index.php\/wp-json\/wp\/v2\/pages"}],"about":[{"href":"https:\/\/www.minesup.gov.cm\/index.php\/wp-json\/wp\/v2\/types\/page"}],"author":[{"embeddable":true,"href":"https:\/\/www.minesup.gov.cm\/index.php\/wp-json\/wp\/v2\/users\/2"}],"replies":[{"embeddable":true,"href":"https:\/\/www.minesup.gov.cm\/index.php\/wp-json\/wp\/v2\/comments?post=2670"}],"version-history":[{"count":0,"href":"https:\/\/www.minesup.gov.cm\/index.php\/wp-json\/wp\/v2\/pages\/2670\/revisions"}],"up":[{"embeddable":true,"href":"https:\/\/www.minesup.gov.cm\/index.php\/wp-json\/wp\/v2\/pages\/1728"}],"wp:featuredmedia":[{"embeddable":true,"href":"https:\/\/www.minesup.gov.cm\/index.php\/wp-json\/wp\/v2\/media\/1660"}],"wp:attachment":[{"href":"https:\/\/www.minesup.gov.cm\/index.php\/wp-json\/wp\/v2\/media?parent=2670"}],"curies":[{"name":"wp","href":"https:\/\/api.w.org\/{rel}","templated":true}]}}