{"id":3350,"date":"2018-08-16T19:00:24","date_gmt":"2018-08-16T17:00:24","guid":{"rendered":"https:\/\/minesup.gov.cm\/?page_id=3350"},"modified":"2018-09-17T13:04:34","modified_gmt":"2018-09-17T11:04:34","slug":"institut-universitaire-des-sciences-petrolieres-et-de-management-iuspm","status":"publish","type":"page","link":"https:\/\/www.minesup.gov.cm\/index.php\/centre\/institut-universitaire-des-sciences-petrolieres-et-de-management-iuspm\/","title":{"rendered":"Institut Universitaire des Sciences P\u00e9troli\u00e8res et de Management (IUSPM)"},"content":{"rendered":"<p style=\"text-align: center;\"><strong>INFORMATIONS D\u2019IDENTIFICATION<\/strong><\/p>\n<p style=\"text-align: justify;\"><strong>Nom de l\u2019institution\u00a0<\/strong>:\u00a0Institut Universitaire des Sciences P\u00e9troli\u00e8res et de Management (IUSPM)<br \/>\n<strong>Nom du promoteur<\/strong>\u00a0:\u00a0Pr Jean Marie BODO<br \/>\n<strong>R\u00e9gion\u00a0<\/strong>: Centre<br \/>\n<strong>D\u00e9partement\u00a0<\/strong>: Mfoundi<br \/>\n<strong>Arrondissement\u00a0<\/strong>:<br \/>\n<strong>Site de localisation\u00a0<\/strong>: Campus de Mbankolo\u00a0Yaound\u00e9<br \/>\n<strong>Adresse postale<\/strong>\u00a0:\u00a0BP: 11\u00a0426 Yaound\u00e9 &#8211; Cameroun<br \/>\n<strong>T\u00e9l\u00e9phone\u00a0<\/strong>:\u00a0(+237) 242006470 \/ 677829058 \/ 674557275 \/ 677767190<br \/>\n<strong>Email<\/strong>\u00a0:\u00a0<strong><a href=\"mailto:eisgip@yahoo.fr\">eisgip@yahoo.fr\u00a0<\/a>\/\u00a0<a href=\"mailto:info@univ-spm.com\">info@univ-spm.com<\/a><\/strong><br \/>\n<strong>Site web<\/strong>\u00a0:\u00a0<strong><a href=\"http:\/\/www.univ-spm.com\" target=\"_blank\" rel=\"noopener\">www.univ-spm.com<\/a><\/strong><br \/>\n<strong>Adresse dans les r\u00e9seaux sociaux\u00a0<\/strong>:<\/p>\n<p style=\"text-align: center;\"><strong>INFORMATIONS SUR LE STATUT D&rsquo;<\/strong><b>ACCR\u00c9DITATION<\/b><\/p>\n<p style=\"text-align: justify;\"><strong><span style=\"text-decoration: underline;\">Arr\u00eat\u00e9s portant cr\u00e9ation<\/span> <\/strong>: N\u00b0 14\/0391\/MINESUP\/SG\/DDES du 10 septembre 2013<br \/>\n<strong><span style=\"text-decoration: underline;\">Arr\u00eat\u00e9s portant ouverture:<\/span><\/strong>\u00a0N\u00b014\/0391\/MINESUP\/SG\/DDES du 04 juillet 2014<br \/>\n<strong>Arr\u00eat\u00e9(s) portant changement de statut de fonctionnement \u00a0(agr\u00e9ment\/homologation) <\/strong>:<\/p>\n","protected":false},"excerpt":{"rendered":"<p>&#46;&#46;&#46;<\/p>\n","protected":false},"author":2,"featured_media":1672,"parent":1728,"menu_order":0,"comment_status":"closed","ping_status":"closed","template":"","meta":[],"_links":{"self":[{"href":"https:\/\/www.minesup.gov.cm\/index.php\/wp-json\/wp\/v2\/pages\/3350"}],"collection":[{"href":"https:\/\/www.minesup.gov.cm\/index.php\/wp-json\/wp\/v2\/pages"}],"about":[{"href":"https:\/\/www.minesup.gov.cm\/index.php\/wp-json\/wp\/v2\/types\/page"}],"author":[{"embeddable":true,"href":"https:\/\/www.minesup.gov.cm\/index.php\/wp-json\/wp\/v2\/users\/2"}],"replies":[{"embeddable":true,"href":"https:\/\/www.minesup.gov.cm\/index.php\/wp-json\/wp\/v2\/comments?post=3350"}],"version-history":[{"count":0,"href":"https:\/\/www.minesup.gov.cm\/index.php\/wp-json\/wp\/v2\/pages\/3350\/revisions"}],"up":[{"embeddable":true,"href":"https:\/\/www.minesup.gov.cm\/index.php\/wp-json\/wp\/v2\/pages\/1728"}],"wp:featuredmedia":[{"embeddable":true,"href":"https:\/\/www.minesup.gov.cm\/index.php\/wp-json\/wp\/v2\/media\/1672"}],"wp:attachment":[{"href":"https:\/\/www.minesup.gov.cm\/index.php\/wp-json\/wp\/v2\/media?parent=3350"}],"curies":[{"name":"wp","href":"https:\/\/api.w.org\/{rel}","templated":true}]}}