{"id":3606,"date":"2018-09-13T14:04:08","date_gmt":"2018-09-13T12:04:08","guid":{"rendered":"https:\/\/minesup.gov.cm\/?page_id=3606"},"modified":"2018-10-24T12:06:06","modified_gmt":"2018-10-24T10:06:06","slug":"higher-institute-of-technology-and-management-citec-hitm","status":"publish","type":"page","link":"https:\/\/www.minesup.gov.cm\/index.php\/centre\/higher-institute-of-technology-and-management-citec-hitm\/","title":{"rendered":"Higher Institute of Technology and Management (CITEC HITM)"},"content":{"rendered":"<p style=\"text-align: center;\"><strong>INFORMATIONS D\u2019IDENTIFICATION<\/strong><\/p>\n<p><strong>Nom de l\u2019institution\u00a0<\/strong>: Higher Institute of Technology and Management (CITEC HITM)<br \/>\n<strong>Nom du promoteur<\/strong>\u00a0: ATABONGAFAC Marvin<br \/>\n<strong>R\u00e9gion\u00a0<\/strong>: Centre<br \/>\n<strong>D\u00e9partement\u00a0<\/strong>: Mfoundi<br \/>\n<strong>Arrondissement\u00a0<\/strong>:<br \/>\n<strong>Site de localisation\u00a0<\/strong>:<br \/>\n<strong>Adresse postale<\/strong>\u00a0:<br \/>\n<strong>T\u00e9l\u00e9phone\u00a0<\/strong>:\u00a0+237 654 57 17 24<br \/>\n<strong>Email<\/strong>\u00a0:<br \/>\n<strong>Site web<\/strong>\u00a0:<br \/>\n<strong>Adresse dans les r\u00e9seaux sociaux\u00a0<\/strong>:<\/p>\n<p style=\"text-align: center;\"><strong>INFORMATIONS SUR LE STATUT D&rsquo;<\/strong><b>ACCR\u00c9DITATION<\/b><\/p>\n<p style=\"text-align: justify;\"><strong>Demande d&rsquo;extension des fili\u00e8res \u00e0 CITEC HITM:<\/strong> <a href=\"\/IPES\/CITEC HITM.pdf\">n\u00b0 18-06488\/L\/MINESUP\/SG\/DDES\/ESUP\/SSIPES\/GA du 03 aout 2018.<\/a><br \/>\n<strong>Arr\u00eat\u00e9s portant ouverture:<\/strong><br \/>\n<strong>Arr\u00eat\u00e9(s) portant changement de statut de fonctionnement (agr\u00e9ment\/homologation) <\/strong>:<\/p>\n","protected":false},"excerpt":{"rendered":"<p>&#46;&#46;&#46;<\/p>\n","protected":false},"author":2,"featured_media":0,"parent":1728,"menu_order":0,"comment_status":"closed","ping_status":"closed","template":"","meta":[],"_links":{"self":[{"href":"https:\/\/www.minesup.gov.cm\/index.php\/wp-json\/wp\/v2\/pages\/3606"}],"collection":[{"href":"https:\/\/www.minesup.gov.cm\/index.php\/wp-json\/wp\/v2\/pages"}],"about":[{"href":"https:\/\/www.minesup.gov.cm\/index.php\/wp-json\/wp\/v2\/types\/page"}],"author":[{"embeddable":true,"href":"https:\/\/www.minesup.gov.cm\/index.php\/wp-json\/wp\/v2\/users\/2"}],"replies":[{"embeddable":true,"href":"https:\/\/www.minesup.gov.cm\/index.php\/wp-json\/wp\/v2\/comments?post=3606"}],"version-history":[{"count":0,"href":"https:\/\/www.minesup.gov.cm\/index.php\/wp-json\/wp\/v2\/pages\/3606\/revisions"}],"up":[{"embeddable":true,"href":"https:\/\/www.minesup.gov.cm\/index.php\/wp-json\/wp\/v2\/pages\/1728"}],"wp:attachment":[{"href":"https:\/\/www.minesup.gov.cm\/index.php\/wp-json\/wp\/v2\/media?parent=3606"}],"curies":[{"name":"wp","href":"https:\/\/api.w.org\/{rel}","templated":true}]}}